
{"id":33,"date":"2023-04-19T18:20:59","date_gmt":"2023-04-19T21:20:59","guid":{"rendered":"https:\/\/www.saopaulo.sp.leg.br\/zoneamento2023\/?page_id=33"},"modified":"2023-11-22T12:46:15","modified_gmt":"2023-11-22T15:46:15","slug":"participe","status":"publish","type":"page","link":"https:\/\/www.saopaulo.sp.leg.br\/zoneamento2023\/participe\/","title":{"rendered":"Participe!"},"content":{"rendered":"<h2 style=\"text-align: center\">Obrigado por contribuir para a Revis\u00e3o do Zoneamento 2023.<\/h2>\n<p style=\"text-align: center\">Ap\u00f3s uma s\u00e9rie de Audi\u00eancias P\u00fablicas e a disponibiliza\u00e7\u00e3o deste espa\u00e7o para o recebimento de propostas,<br \/>\nencerramos a fase de consultas. Contribua nas Audi\u00eancias P\u00fablicas. <a href=\"https:\/\/www.saopaulo.sp.leg.br\/audienciaspublicas\/inscricoes\/\" target=\"_blank\" rel=\"noopener\">Clique aqui<\/a>.<\/p>\n<h4 style=\"text-align: center\">A cidade de S\u00e3o Paulo agradece sua participa\u00e7\u00e3o!<\/h4>\n","protected":false},"excerpt":{"rendered":"<p>Obrigado por contribuir para a Revis\u00e3o do Zoneamento 2023. Ap\u00f3s uma s\u00e9rie de Audi\u00eancias P\u00fablicas e a disponibiliza\u00e7\u00e3o deste espa\u00e7o para o recebimento de propostas, encerramos a fase de consultas. Contribua nas Audi\u00eancias P\u00fablicas. Clique aqui. A cidade de S\u00e3o Paulo agradece sua participa\u00e7\u00e3o!<\/p>\n","protected":false},"author":733,"featured_media":0,"parent":0,"menu_order":0,"comment_status":"closed","ping_status":"closed","template":"","meta":{"_acf_changed":false,"footnotes":""},"class_list":["post-33","page","type-page","status-publish","hentry"],"acf":[],"_links":{"self":[{"href":"https:\/\/www.saopaulo.sp.leg.br\/zoneamento2023\/wp-json\/wp\/v2\/pages\/33","targetHints":{"allow":["GET"]}}],"collection":[{"href":"https:\/\/www.saopaulo.sp.leg.br\/zoneamento2023\/wp-json\/wp\/v2\/pages"}],"about":[{"href":"https:\/\/www.saopaulo.sp.leg.br\/zoneamento2023\/wp-json\/wp\/v2\/types\/page"}],"author":[{"embeddable":true,"href":"https:\/\/www.saopaulo.sp.leg.br\/zoneamento2023\/wp-json\/wp\/v2\/users\/733"}],"replies":[{"embeddable":true,"href":"https:\/\/www.saopaulo.sp.leg.br\/zoneamento2023\/wp-json\/wp\/v2\/comments?post=33"}],"version-history":[{"count":0,"href":"https:\/\/www.saopaulo.sp.leg.br\/zoneamento2023\/wp-json\/wp\/v2\/pages\/33\/revisions"}],"wp:attachment":[{"href":"https:\/\/www.saopaulo.sp.leg.br\/zoneamento2023\/wp-json\/wp\/v2\/media?parent=33"}],"curies":[{"name":"wp","href":"https:\/\/api.w.org\/{rel}","templated":true}]}}