{"id":9,"date":"2015-06-12T17:35:00","date_gmt":"2015-06-12T20:35:00","guid":{"rendered":"http:\/\/www.saopaulo.sp.leg.br\/zoneamento\/?page_id=9"},"modified":"2016-10-17T17:34:14","modified_gmt":"2016-10-17T19:34:14","slug":"participe","status":"publish","type":"page","link":"https:\/\/www.saopaulo.sp.leg.br\/zoneamento\/participe\/","title":{"rendered":"Participe"},"content":{"rendered":"<h3><strong>PL 272\/2015<\/strong><\/h3>\n<p>SUBSTITUTIVO AO PROJETO DE LEI N\u00ba 272\/15 (2\u00aa VOTA\u00c7\u00c3O) \u2013 LEI DE ZONEAMENTO<\/p>\n<p><em><strong>Texto da Lei:<\/strong><\/em><br \/>\n<a href=\"http:\/\/www.saopaulo.sp.leg.br\/wp-content\/uploads\/dce\/zoneamento\/sub2\/PL272_2o_Substitutivo_versao_atualizada.pdf\" target=\"_blank\">Substitutivo ao PL 272\/2015<\/a><strong> (2\u00aa VOTA\u00c7\u00c3O)<\/strong><\/p>\n<p><strong>Mapas: <\/strong><br \/>\n<a href=\"http:\/\/www.saopaulo.sp.leg.br\/wp-content\/uploads\/dce\/zoneamento\/sub2\/Mapa_01_24_02_2016.pdf\" target=\"_blank\">Mapa 01_24_02 (Atualizado)<br \/>\n<\/a><a href=\"http:\/\/www.saopaulo.sp.leg.br\/wp-content\/uploads\/dce\/zoneamento\/sub2\/Mapa_02_ZEPEC_19_02.pdf\" target=\"_blank\">Mapa 02 ZEPEC 24 02<br \/>\n<\/a><a href=\"http:\/\/www.saopaulo.sp.leg.br\/wp-content\/uploads\/dce\/zoneamento\/sub2\/Mapa_03_Qualificacao_Ambiental_19_02.pdf\" target=\"_blank\">Mapa 03_Qualifica\u00e7\u00e3o Ambiental 24_02<br \/>\n<\/a><a href=\"http:\/\/www.saopaulo.sp.leg.br\/wp-content\/uploads\/dce\/zoneamento\/sub2\/Mapa_04_Incentivo_Garagem_22_02.pdf\" target=\"_blank\">Mapa 04-Garagem 24_02 (Atualizado)<\/a><\/p>\n<p><strong><em>Quadros:<\/em><\/strong><br \/>\n<a href=\"http:\/\/www.saopaulo.sp.leg.br\/wp-content\/uploads\/dce\/zoneamento\/sub2\/QUADRO_1_2o_SUBSTITUTIVO.pdf\" target=\"_blank\">Quadro 1<br \/>\n<\/a><a href=\"http:\/\/www.saopaulo.sp.leg.br\/wp-content\/uploads\/dce\/zoneamento\/sub2\/QUADRO_2_2o_SUBSTITUTIVO.pdf\" target=\"_blank\">Quadro 2<br \/>\n<\/a><a href=\"http:\/\/www.saopaulo.sp.leg.br\/wp-content\/uploads\/dce\/zoneamento\/sub2\/QUADRO_2A_2o_SUBSTITUTIVO.pdf\" target=\"_blank\">Quadro  2A<br \/>\n<\/a><a href=\"http:\/\/www.saopaulo.sp.leg.br\/wp-content\/uploads\/dce\/zoneamento\/sub2\/QUADRO_2B_2o_SUBSTITUTIVO.pdf\" target=\"_blank\">Quadro 2B<br \/>\n<\/a><a href=\"http:\/\/www.saopaulo.sp.leg.br\/wp-content\/uploads\/dce\/zoneamento\/sub2\/QUADRO_3_2o_SUBSTITUTIVO.pdf\" target=\"_blank\">Quadro 3<br \/>\n<\/a><a href=\"http:\/\/www.saopaulo.sp.leg.br\/wp-content\/uploads\/dce\/zoneamento\/sub2\/QUADRO_3A_2o_SUBSTITUTIVO.pdf\" target=\"_blank\">Quadro 3A<br \/>\n<\/a><a href=\"http:\/\/www.saopaulo.sp.leg.br\/wp-content\/uploads\/dce\/zoneamento\/sub2\/QUADRO_3B_2o_SUBSTITUTIVO.pdf\" target=\"_blank\">Quadro 3B<br \/>\n<\/a><a href=\"http:\/\/www.saopaulo.sp.leg.br\/wp-content\/uploads\/dce\/zoneamento\/sub2\/QUADRO_3C_2o_SUBSTITUTIVO.pdf\" target=\"_blank\">Quadro 3C<br \/>\n<\/a><a href=\"http:\/\/www.saopaulo.sp.leg.br\/wp-content\/uploads\/dce\/zoneamento\/sub2\/QUADRO_4_2o_SUBSTITUTIVO.pdf\" target=\"_blank\">Quadro 4<br \/>\n<\/a><a href=\"http:\/\/www.saopaulo.sp.leg.br\/wp-content\/uploads\/dce\/zoneamento\/sub2\/QUADRO_4A_2o_SUBSTITUTIVO.pdf\" target=\"_blank\">Quadro 4A<br \/>\n<\/a><a href=\"http:\/\/www.saopaulo.sp.leg.br\/wp-content\/uploads\/dce\/zoneamento\/sub2\/QUADRO_4B_2o_SUBSTITUTIVO.pdf\" target=\"_blank\">Quadro 4B<br \/>\n<\/a><a href=\"http:\/\/www.saopaulo.sp.leg.br\/wp-content\/uploads\/dce\/zoneamento\/sub2\/QUADRO_5_2o_SUBSTITUTIVO.pdf\" target=\"_blank\">Quadro 5<\/a><\/p>\n<p><strong>PROPOSTAS AO ZONEAMENTO<\/strong><\/p>\n<p>Veja as contribui\u00e7\u00f5es apresentadas durante as Audi\u00eancias P\u00fablicas realizadas pela Comiss\u00e3o de Pol\u00edtica Urbana, Metropolitana e de Meio Ambiente da C\u00e2mara Municipal de S\u00e3o Paulo.<br \/>\nClique em <a href=\"http:\/\/www.saopaulo.sp.leg.br\/wp-content\/uploads\/dce\/leizoneamento\/zoneamento.pdf\" target=\"_blank\">Arquivo PDF<\/a><\/p>\n<p>Ou baixe <a href=\"http:\/\/www.saopaulo.sp.leg.br\/wp-content\/uploads\/dce\/leizoneamento\/zoneamento.csv\" target=\"_blank\">Arquivo CSV<\/a><br \/>\n<a href=\"http:\/\/www.saopaulo.sp.leg.br\/wp-content\/uploads\/dce\/leizoneamento\/zoneamento.xlsx\" target=\"_blank\">Arquivo XLSX<\/a><br \/>\n(Clique com o bot\u00e3o direito e em salvar como.)<\/p>\n<h3><strong>47 AUDI\u00caNCIAS REALIZADAS<\/strong><\/h3>\n<p>A popula\u00e7\u00e3o est\u00e1 participando intensamente da Revis\u00e3o da Lei de Parcelamento, Uso e Ocupa\u00e7\u00e3o do Solo, conhecida como Lei de Zoneamento. Foram cerca de 3 mil propostas para melhorar a lei apresentadas presencialmente, durante as audi\u00eancias, e atrav\u00e9s deste hotsite. As contribui\u00e7\u00f5es est\u00e3o sendo analisadas pela Comiss\u00e3o de Pol\u00edtica Urbana.<\/p>\n<p>Conhe\u00e7a a \u00edntegra do Projeto que est\u00e1 sendo discutido acessando o Menu \u201cARQUIVOS\u201d ou clicando <a href=\"http:\/\/www.saopaulo.sp.leg.br\/zoneamento\/pl-2722015\/\">aqui<\/a>. Veja tamb\u00e9m os <a href=\"http:\/\/www.saopaulo.sp.leg.br\/zoneamento\/pl-2722015\/\">Mapas<\/a> e <a href=\"http:\/\/www.saopaulo.sp.leg.br\/zoneamento\/pl-2722015\/\">Quadros<\/a> que comp\u00f5em o Projeto.<\/p>\n<h3><strong>Participe!<\/strong> Opine sobre sua rua, o seu quarteir\u00e3o e o seu bairro. Voc\u00ea ainda poder\u00e1 sugerir onde ficar\u00e3o as \u00e1reas verdes, de com\u00e9rcio, moradia e emprego.<\/h3>\n","protected":false},"excerpt":{"rendered":"<p>PL 272\/2015 SUBSTITUTIVO AO PROJETO DE LEI N\u00ba 272\/15 (2\u00aa VOTA\u00c7\u00c3O) \u2013 LEI DE ZONEAMENTO Texto da Lei: Substitutivo ao PL 272\/2015 (2\u00aa VOTA\u00c7\u00c3O) Mapas: Mapa 01_24_02 (Atualizado) Mapa 02 ZEPEC 24 02 Mapa 03_Qualifica\u00e7\u00e3o Ambiental 24_02 Mapa 04-Garagem 24_02 (Atualizado) Quadros: Quadro 1 Quadro 2 Quadro 2A Quadro 2B Quadro 3 Quadro 3A Quadro&#8230;  <a class=\"excerpt-read-more\" href=\"https:\/\/www.saopaulo.sp.leg.br\/zoneamento\/participe\/\" title=\"Read Participe\">Ler mais &raquo;<\/a><\/p>\n","protected":false},"author":74,"featured_media":0,"parent":0,"menu_order":0,"comment_status":"open","ping_status":"open","template":"page-participe-form.php","meta":{"footnotes":""},"class_list":["post-9","page","type-page","status-publish","hentry"],"_links":{"self":[{"href":"https:\/\/www.saopaulo.sp.leg.br\/zoneamento\/wp-json\/wp\/v2\/pages\/9","targetHints":{"allow":["GET"]}}],"collection":[{"href":"https:\/\/www.saopaulo.sp.leg.br\/zoneamento\/wp-json\/wp\/v2\/pages"}],"about":[{"href":"https:\/\/www.saopaulo.sp.leg.br\/zoneamento\/wp-json\/wp\/v2\/types\/page"}],"author":[{"embeddable":true,"href":"https:\/\/www.saopaulo.sp.leg.br\/zoneamento\/wp-json\/wp\/v2\/users\/74"}],"replies":[{"embeddable":true,"href":"https:\/\/www.saopaulo.sp.leg.br\/zoneamento\/wp-json\/wp\/v2\/comments?post=9"}],"version-history":[{"count":0,"href":"https:\/\/www.saopaulo.sp.leg.br\/zoneamento\/wp-json\/wp\/v2\/pages\/9\/revisions"}],"wp:attachment":[{"href":"https:\/\/www.saopaulo.sp.leg.br\/zoneamento\/wp-json\/wp\/v2\/media?parent=9"}],"curies":[{"name":"wp","href":"https:\/\/api.w.org\/{rel}","templated":true}]}}