{"id":202,"date":"2023-03-08T11:54:46","date_gmt":"2023-03-08T14:54:46","guid":{"rendered":"https:\/\/www.saopaulo.sp.leg.br\/pde_dev\/?page_id=202"},"modified":"2023-06-27T14:46:53","modified_gmt":"2023-06-27T17:46:53","slug":"comissao","status":"publish","type":"page","link":"https:\/\/www.saopaulo.sp.leg.br\/revisaopde\/comissao\/","title":{"rendered":"Comiss\u00e3o"},"content":{"rendered":"<h2>Comiss\u00e3o de Pol\u00edtica Urbana em 26\/06\/2023<\/h2>\n<p>Composta por sete vereadores, a <a href=\"https:\/\/www.saopaulo.sp.leg.br\/comissao\/comissoes-do-processo-legislativo\/comissao-de-politica-urbana-metropolitana-e-meio-ambiente\/\" target=\"_blank\" rel=\"noopener\">Comiss\u00e3o de Pol\u00edtica Urbana, Metropolitana e Meio Ambiente<\/a> \u00e9 a comiss\u00e3o respons\u00e1vel por estudar e opinar sobre mat\u00e9rias com temas urban\u00edsticos. O colegiado analisa, por exemplo, todas as mat\u00e9rias relativas ao <strong>PDE (Plano Diretor Estrat\u00e9gico)<\/strong>, al\u00e9m de zoneamento e uso e ocupa\u00e7\u00e3o do solo, obras e servi\u00e7os p\u00fablicos.<\/p>\n<p>Em 2023, a Comiss\u00e3o \u00e9 presidida pelo <a href=\"https:\/\/www.saopaulo.sp.leg.br\/vereador\/rubinho-nunes\/\" target=\"_blank\" rel=\"noopener\">vereador Rubinho Nunes (UNI\u00c3O)<\/a> , tem como vice-presidente o <a href=\"https:\/\/www.saopaulo.sp.leg.br\/vereador\/marlon-luz\/\" target=\"_blank\" rel=\"noopener\">vereador Marlon Luz (MDB)<\/a> , e como membros os vereadores <a href=\"https:\/\/www.saopaulo.sp.leg.br\/vereador\/arselino-tatto\/\" target=\"_blank\" rel=\"noopener\">Arselino Tatto (PT)<\/a> , <a href=\"https:\/\/www.saopaulo.sp.leg.br\/vereador\/fabio-riva\/\" target=\"_blank\" rel=\"noopener\">Fabio Riva (PSDB)<\/a> , <a href=\"https:\/\/www.saopaulo.sp.leg.br\/vereador\/rodrigo-goulart\/\" target=\"_blank\" rel=\"noopener\">Rodrigo Goulart (PSD)<\/a> , <a href=\"https:\/\/www.saopaulo.sp.leg.br\/vereador\/sansao-pereira\/\" target=\"_blank\" rel=\"noopener\">Sans\u00e3o Pereira (REPUBLICANOS)<\/a> e <a href=\"https:\/\/www.saopaulo.sp.leg.br\/vereador\/silvia-da-bancada-feminista\/\" target=\"_blank\" rel=\"noopener\">Silvia da Bancada Feminista (PSOL)<\/a>.<\/p>\n<p><strong>Contato:<\/strong> <a href=\"mailto:urb@saopaulo.sp.leg.br\">urb@saopaulo.sp.leg.br<\/a><\/p>\n<h3>Composi\u00e7\u00e3o da Comiss\u00e3o de Pol\u00edtica Urbana<\/h3>\n<div class=\"aup_comissao\">\n<div class=\"foto\"><span class=\"partido\"><img decoding=\"async\" class=\"alignnone\" title=\"MDB\" src=\"https:\/\/www.saopaulo.sp.leg.br\/wp-content\/uploads\/2017\/02\/dem.png\" width=\"40\" \/><\/span><a href=\"https:\/\/www.saopaulo.sp.leg.br\/vereador\/rubinho-nunes\/\" target=\"_blank\" rel=\"noopener\"><img decoding=\"async\" class=\"aligncenter wp-image-607 size-full\" title=\"Rubinho Nunes\" src=\"https:\/\/www.saopaulo.sp.leg.br\/wp-content\/uploads\/2021\/01\/Rubinho.jpg\" alt=\"\" width=\"193\" height=\"155\" \/><\/a><\/div>\n<div class=\"verea\"><span class=\"nome\">Rubinho Nunes<\/span><span class=\"cargo\">Presidente<\/span><\/div>\n<\/div>\n<div class=\"aup_comissao\">\n<div class=\"foto\"><span class=\"partido\"><img decoding=\"async\" class=\"alignnone\" title=\"MDB\" src=\"https:\/\/www.saopaulo.sp.leg.br\/wp-content\/uploads\/2017\/02\/mdb_p.jpg\" width=\"40\" \/><\/span><a href=\"https:\/\/www.saopaulo.sp.leg.br\/vereador\/marlon-luz\/\" target=\"_blank\" rel=\"noopener\"><img decoding=\"async\" class=\"aligncenter wp-image-607 size-full\" title=\"Marlon Luz\" src=\"https:\/\/www.saopaulo.sp.leg.br\/wp-content\/uploads\/2020\/12\/marlon-1.jpg\" alt=\"\" width=\"193\" height=\"155\" \/><\/a><\/div>\n<div class=\"verea\"><span class=\"nome\">Marlon Luz<\/span><span class=\"cargo\">Vice-Presidente<\/span><\/div>\n<\/div>\n<div class=\"aup_comissao\">\n<div class=\"foto\"><span class=\"partido\"><img decoding=\"async\" class=\"alignnone\" title=\"Solidariedade\" src=\"https:\/\/www.saopaulo.sp.leg.br\/wp-content\/uploads\/2017\/02\/psd.png\" width=\"40\" \/><\/span><a href=\"https:\/\/www.saopaulo.sp.leg.br\/vereador\/rodrigo-goulart\/\" target=\"_blank\" rel=\"noopener\"><img decoding=\"async\" class=\"aligncenter wp-image-607 size-full\" title=\"Rodrigo Goulart\" src=\"https:\/\/www.saopaulo.sp.leg.br\/wp-content\/uploads\/2017\/01\/Rodrigo_Goulart_2019.jpg\" alt=\"\" width=\"193\" height=\"155\" \/><\/a><\/div>\n<div class=\"verea\"><span class=\"nome\">Rodrigo Goulart<\/span><span class=\"cargo\">Membro<\/span><\/div>\n<\/div>\n<div class=\"aup_comissao\">\n<div class=\"foto\"><span class=\"partido\"><img decoding=\"async\" class=\"alignnone\" title=\"Republicanos\" src=\"https:\/\/www.saopaulo.sp.leg.br\/wp-content\/uploads\/2017\/02\/pt.png\" width=\"40\" \/><\/span><a href=\"https:\/\/www.saopaulo.sp.leg.br\/vereador\/arselino-tatto\/\" target=\"_blank\" rel=\"noopener\"><img loading=\"lazy\" decoding=\"async\" class=\"aligncenter wp-image-607 size-full\" title=\"Arselino Tatto\" src=\"https:\/\/www.saopaulo.sp.leg.br\/wp-content\/uploads\/2014\/10\/arselino.jpg\" alt=\"\" width=\"193\" height=\"155\" \/><\/a><\/div>\n<div class=\"verea\"><span class=\"nome\">Arselino Tatto<\/span><span class=\"cargo\">Membro<\/span><\/div>\n<\/div>\n<div class=\"aup_comissao\">\n<div class=\"foto\"><span class=\"partido\"><img decoding=\"async\" class=\"alignnone\" title=\"MDB\" src=\"https:\/\/www.saopaulo.sp.leg.br\/wp-content\/uploads\/2017\/02\/psdb.png\" width=\"40\" \/><\/span><a href=\"https:\/\/www.saopaulo.sp.leg.br\/vereador\/fabio-riva\/\" target=\"_blank\" rel=\"noopener\"><img loading=\"lazy\" decoding=\"async\" class=\"aligncenter wp-image-607 size-full\" title=\"Fabio Riva\" src=\"https:\/\/www.saopaulo.sp.leg.br\/wp-content\/uploads\/2017\/01\/fabio_riva_2019_OK.jpg\" alt=\"\" width=\"193\" height=\"155\" \/><\/a><\/div>\n<div class=\"verea\"><span class=\"nome\">Fabio Riva <\/span><span class=\"cargo\">Membro<\/span><\/div>\n<\/div>\n<div class=\"aup_comissao\">\n<div class=\"foto\"><span class=\"partido\"><img decoding=\"async\" class=\"alignnone\" title=\"Psol\" src=\"https:\/\/www.saopaulo.sp.leg.br\/wp-content\/uploads\/2017\/02\/Republicanos.png\" width=\"40\" \/><\/span><a href=\"https:\/\/www.saopaulo.sp.leg.br\/vereador\/sansao-pereira\/\" target=\"_blank\" rel=\"noopener\"><img loading=\"lazy\" decoding=\"async\" class=\"aligncenter wp-image-607 size-full\" title=\"Sans\u00e3o Pereira\" src=\"https:\/\/www.saopaulo.sp.leg.br\/wp-content\/uploads\/2020\/12\/WhatsApp-Image-2020-12-09-at-19.05.jpg\" alt=\"\" width=\"193\" height=\"155\" \/><\/a><\/div>\n<div class=\"verea\"><span class=\"nome\">Sans\u00e3o Pereira<\/span><span class=\"cargo\">Membro<\/span><\/div>\n<\/div>\n<div class=\"aup_comissao\">\n<div class=\"foto\"><span class=\"partido\"><img decoding=\"async\" class=\"alignnone\" title=\"Novo\" src=\"https:\/\/www.saopaulo.sp.leg.br\/wp-content\/uploads\/2017\/02\/psol.png\" width=\"40\" \/><\/span><a href=\"https:\/\/www.saopaulo.sp.leg.br\/vereador\/silvia-da-bancada-feminista\/\" target=\"_blank\" rel=\"noopener\"><img loading=\"lazy\" decoding=\"async\" class=\"aligncenter wp-image-607 size-full\" title=\"Silvia da Bancada Feminista\" src=\"https:\/\/www.saopaulo.sp.leg.br\/wp-content\/uploads\/2020\/12\/silvia-BF-02.jpg\" alt=\"\" width=\"193\" height=\"155\" \/><\/a><\/div>\n<div class=\"verea\"><span class=\"nome\">Silvia da Bancada Feminista<\/span><span class=\"cargo\">Membra<\/span><\/div>\n<\/div>\n<h3>Subrelatores do PDE<\/h3>\n<div class=\"aup_comissao\">\n<div class=\"foto\"><span class=\"partido\"><img decoding=\"async\" class=\"alignnone\" title=\"Novo\" src=\"https:\/\/www.saopaulo.sp.leg.br\/wp-content\/uploads\/2017\/02\/dem.png\" width=\"40\" \/><\/span><a href=\"https:\/\/www.saopaulo.sp.leg.br\/vereador\/eli-correa\/\" target=\"_blank\" rel=\"noopener\"><img loading=\"lazy\" decoding=\"async\" class=\"aligncenter wp-image-607 size-full\" title=\"Eli Corr\u00eaa\" src=\"https:\/\/www.saopaulo.sp.leg.br\/wp-content\/uploads\/2020\/12\/WhatsApp-Image-2020-12-10-at-14.21.jpg\" alt=\"\" width=\"193\" height=\"155\" \/><\/a><\/div>\n<div class=\"verea\"><span class=\"nome\">Eli Corr\u00eaa<\/span><span class=\"cargo\">Administra\u00e7\u00e3o P\u00fablica<\/span><\/div>\n<\/div>\n<div class=\"aup_comissao\">\n<div class=\"foto\"><span class=\"partido\"><img decoding=\"async\" class=\"alignnone\" title=\"Novo\" src=\"https:\/\/www.saopaulo.sp.leg.br\/wp-content\/uploads\/2017\/02\/psdb.png\" width=\"40\" \/><\/span><a href=\"https:\/\/www.saopaulo.sp.leg.br\/vereador\/joao-jorge\/\" target=\"_blank\" rel=\"noopener\"><img loading=\"lazy\" decoding=\"async\" class=\"aligncenter wp-image-607 size-full\" title=\"Jo\u00e3o Jorge\" src=\"https:\/\/www.saopaulo.sp.leg.br\/wp-content\/uploads\/2017\/01\/JOAOJORGE-1.jpg\" alt=\"\" width=\"193\" height=\"155\" \/><\/a><\/div>\n<div class=\"verea\"><span class=\"nome\">Jo\u00e3o Jorge<\/span><span class=\"cargo\">Tr\u00e2nsito, Transp. e Ativid. Econ\u00f4mica<\/span><\/div>\n<\/div>\n<div class=\"aup_comissao\">\n<div class=\"foto\"><span class=\"partido\"><img decoding=\"async\" class=\"alignnone\" title=\"Novo\" src=\"https:\/\/www.saopaulo.sp.leg.br\/wp-content\/uploads\/2017\/02\/psd.png\" width=\"40\" \/><\/span><a href=\"https:\/\/www.saopaulo.sp.leg.br\/vereador\/coronel-salles\/\" target=\"_blank\" rel=\"noopener\"><img loading=\"lazy\" decoding=\"async\" class=\"aligncenter wp-image-607 size-full\" title=\"Coronel Salles\" src=\"https:\/\/www.saopaulo.sp.leg.br\/wp-content\/uploads\/2023\/02\/salles.jpg\" alt=\"\" width=\"193\" height=\"155\" \/><\/a><\/div>\n<div class=\"verea\"><span class=\"nome\">Coronel Salles<\/span><span class=\"cargo\">Educa\u00e7\u00e3o, Cultura e Esportes<\/span><\/div>\n<\/div>\n<div class=\"aup_comissao\">\n<div class=\"foto\"><span class=\"partido\"><img decoding=\"async\" class=\"alignnone\" title=\"Novo\" src=\"https:\/\/www.saopaulo.sp.leg.br\/wp-content\/uploads\/2017\/02\/mdb_p.jpg\" width=\"40\" \/><\/span><a href=\"https:\/\/www.saopaulo.sp.leg.br\/vereador\/george-hato\/\" target=\"_blank\" rel=\"noopener\"><img loading=\"lazy\" decoding=\"async\" class=\"aligncenter wp-image-607 size-full\" title=\"George Hato\" src=\"https:\/\/www.saopaulo.sp.leg.br\/wp-content\/uploads\/2014\/10\/WhatsApp-Image-2020-12-16-at-17.46-1.jpg\" alt=\"\" width=\"193\" height=\"155\" \/><\/a><\/div>\n<div class=\"verea\"><span class=\"nome\">George Hato<\/span><span class=\"cargo\"> Sa\u00fade, Social, Trabalho e Mulher<\/span><\/div>\n<\/div>\n<div class=\"aup_comissao\">\n<div class=\"foto\"><span class=\"partido\"><img decoding=\"async\" class=\"alignnone\" title=\"Novo\" src=\"https:\/\/www.saopaulo.sp.leg.br\/wp-content\/uploads\/2017\/02\/novo.png\" width=\"40\" \/><\/span><a href=\"https:\/\/www.saopaulo.sp.leg.br\/vereador\/cris-monteiro\/\" target=\"_blank\" rel=\"noopener\"><img loading=\"lazy\" decoding=\"async\" class=\"aligncenter wp-image-607 size-full\" title=\"Cris Monteiro\" src=\"https:\/\/www.saopaulo.sp.leg.br\/wp-content\/uploads\/2020\/12\/cris-nova-1.jpg\" alt=\"\" width=\"193\" height=\"155\" \/><\/a><\/div>\n<div class=\"verea\"><span class=\"nome\">Cris Monteiro<\/span><span class=\"cargo\">Finan\u00e7as e Or\u00e7amento<\/span><\/div>\n<\/div>\n<div class=\"aup_comissao\">\n<div class=\"foto\"><span class=\"partido\"><img decoding=\"async\" class=\"alignnone\" title=\"Novo\" src=\"https:\/\/www.saopaulo.sp.leg.br\/wp-content\/uploads\/2017\/02\/Republicanos.png\" width=\"40\" \/><\/span><a href=\"https:\/\/www.saopaulo.sp.leg.br\/vereador\/fernando-holiday\/\" target=\"_blank\" rel=\"noopener\"><img loading=\"lazy\" decoding=\"async\" class=\"aligncenter wp-image-607 size-full\" title=\"Fernando Holiday\" src=\"https:\/\/www.saopaulo.sp.leg.br\/wp-content\/uploads\/2017\/01\/holliday-nova.jpg\" alt=\"\" width=\"193\" height=\"155\" \/><\/a><\/div>\n<div class=\"verea\"><span class=\"nome\">Fernando Holiday<\/span><span class=\"cargo\">Const., Justi\u00e7a e Leg. Participativa<\/span><\/div>\n<\/div>\n","protected":false},"excerpt":{"rendered":"<p>Comiss\u00e3o de Pol\u00edtica Urbana em 26\/06\/2023 Composta por sete vereadores, a Comiss\u00e3o de Pol\u00edtica Urbana, Metropolitana e Meio Ambiente \u00e9 a comiss\u00e3o respons\u00e1vel por estudar e opinar sobre mat\u00e9rias com temas urban\u00edsticos. O colegiado analisa, por exemplo, todas as mat\u00e9rias relativas ao PDE (Plano Diretor Estrat\u00e9gico), al\u00e9m de zoneamento e uso e ocupa\u00e7\u00e3o do solo,&#8230;  <a class=\"excerpt-read-more\" href=\"https:\/\/www.saopaulo.sp.leg.br\/revisaopde\/comissao\/\" title=\"Read Comiss\u00e3o\">Ler mais &raquo;<\/a><\/p>\n","protected":false},"author":733,"featured_media":0,"parent":0,"menu_order":0,"comment_status":"closed","ping_status":"closed","template":"","meta":{"_acf_changed":false,"footnotes":""},"class_list":["post-202","page","type-page","status-publish","hentry"],"acf":[],"_links":{"self":[{"href":"https:\/\/www.saopaulo.sp.leg.br\/revisaopde\/wp-json\/wp\/v2\/pages\/202","targetHints":{"allow":["GET"]}}],"collection":[{"href":"https:\/\/www.saopaulo.sp.leg.br\/revisaopde\/wp-json\/wp\/v2\/pages"}],"about":[{"href":"https:\/\/www.saopaulo.sp.leg.br\/revisaopde\/wp-json\/wp\/v2\/types\/page"}],"author":[{"embeddable":true,"href":"https:\/\/www.saopaulo.sp.leg.br\/revisaopde\/wp-json\/wp\/v2\/users\/733"}],"replies":[{"embeddable":true,"href":"https:\/\/www.saopaulo.sp.leg.br\/revisaopde\/wp-json\/wp\/v2\/comments?post=202"}],"version-history":[{"count":0,"href":"https:\/\/www.saopaulo.sp.leg.br\/revisaopde\/wp-json\/wp\/v2\/pages\/202\/revisions"}],"wp:attachment":[{"href":"https:\/\/www.saopaulo.sp.leg.br\/revisaopde\/wp-json\/wp\/v2\/media?parent=202"}],"curies":[{"name":"wp","href":"https:\/\/api.w.org\/{rel}","templated":true}]}}