{"id":190,"date":"2023-03-08T11:48:49","date_gmt":"2023-03-08T14:48:49","guid":{"rendered":"https:\/\/www.saopaulo.sp.leg.br\/pde_dev\/?page_id=190"},"modified":"2023-04-19T14:11:04","modified_gmt":"2023-04-19T17:11:04","slug":"home-2","status":"publish","type":"page","link":"https:\/\/www.saopaulo.sp.leg.br\/revisaopde\/","title":{"rendered":"Home"},"content":{"rendered":"<div style=\"margin:-35px\">\n<h5 style=\"text-align: center\"><a href=\"https:\/\/www.saopaulo.sp.leg.br\/revisaopde\/acessibilidade\/\" rel=\"noopener noreferrer\">Orienta\u00e7\u00f5es para navega\u00e7\u00e3o com acessibilidade &#8211; Clique aqui<\/a><\/h5>\n<\/div>\n","protected":false},"excerpt":{"rendered":"<p>Orienta\u00e7\u00f5es para navega\u00e7\u00e3o com acessibilidade &#8211; Clique aqui<\/p>\n","protected":false},"author":733,"featured_media":0,"parent":0,"menu_order":0,"comment_status":"closed","ping_status":"closed","template":"page-home.php","meta":{"_acf_changed":false,"footnotes":""},"class_list":["post-190","page","type-page","status-publish","hentry"],"acf":[],"_links":{"self":[{"href":"https:\/\/www.saopaulo.sp.leg.br\/revisaopde\/wp-json\/wp\/v2\/pages\/190","targetHints":{"allow":["GET"]}}],"collection":[{"href":"https:\/\/www.saopaulo.sp.leg.br\/revisaopde\/wp-json\/wp\/v2\/pages"}],"about":[{"href":"https:\/\/www.saopaulo.sp.leg.br\/revisaopde\/wp-json\/wp\/v2\/types\/page"}],"author":[{"embeddable":true,"href":"https:\/\/www.saopaulo.sp.leg.br\/revisaopde\/wp-json\/wp\/v2\/users\/733"}],"replies":[{"embeddable":true,"href":"https:\/\/www.saopaulo.sp.leg.br\/revisaopde\/wp-json\/wp\/v2\/comments?post=190"}],"version-history":[{"count":0,"href":"https:\/\/www.saopaulo.sp.leg.br\/revisaopde\/wp-json\/wp\/v2\/pages\/190\/revisions"}],"wp:attachment":[{"href":"https:\/\/www.saopaulo.sp.leg.br\/revisaopde\/wp-json\/wp\/v2\/media?parent=190"}],"curies":[{"name":"wp","href":"https:\/\/api.w.org\/{rel}","templated":true}]}}