{"id":2008,"date":"2025-01-20T15:10:02","date_gmt":"2025-01-20T18:10:02","guid":{"rendered":"https:\/\/www.saopaulo.sp.leg.br\/redecamara\/?page_id=2008"},"modified":"2025-02-21T10:19:20","modified_gmt":"2025-02-21T13:19:20","slug":"noticias","status":"publish","type":"page","link":"https:\/\/www.saopaulo.sp.leg.br\/redecamara\/noticias\/","title":{"rendered":"Not\u00edcias"},"content":{"rendered":"\t\t<div data-elementor-type=\"wp-page\" data-elementor-id=\"2008\" class=\"elementor elementor-2008\">\n\t\t\t\t\t\t<section class=\"elementor-section elementor-top-section elementor-element elementor-element-3f017760 elementor-section-height-min-height elementor-section-items-bottom elementor-section-boxed elementor-section-height-default\" data-id=\"3f017760\" data-element_type=\"section\" data-e-type=\"section\" data-settings=\"{&quot;background_background&quot;:&quot;classic&quot;}\">\n\t\t\t\t\t\t\t<div class=\"elementor-background-overlay\"><\/div>\n\t\t\t\t\t\t\t<div class=\"elementor-container elementor-column-gap-no\">\n\t\t\t\t\t<div class=\"elementor-column elementor-col-100 elementor-top-column elementor-element elementor-element-5bdaf9d6\" data-id=\"5bdaf9d6\" data-element_type=\"column\" data-e-type=\"column\">\n\t\t\t<div class=\"elementor-widget-wrap elementor-element-populated\">\n\t\t\t\t\t\t<section class=\"elementor-section elementor-inner-section elementor-element elementor-element-6296cd4e elementor-section-full_width elementor-section-content-bottom elementor-section-height-default elementor-section-height-default\" data-id=\"6296cd4e\" data-element_type=\"section\" data-e-type=\"section\">\n\t\t\t\t\t\t<div class=\"elementor-container elementor-column-gap-no\">\n\t\t\t\t\t<div class=\"elementor-column elementor-col-50 elementor-inner-column elementor-element elementor-element-230da952\" data-id=\"230da952\" data-element_type=\"column\" data-e-type=\"column\">\n\t\t\t<div class=\"elementor-widget-wrap elementor-element-populated\">\n\t\t\t\t\t\t<div class=\"elementor-element elementor-element-48c76417 elementor-widget elementor-widget-heading\" data-id=\"48c76417\" data-element_type=\"widget\" data-e-type=\"widget\" data-widget_type=\"heading.default\">\n\t\t\t\t<div class=\"elementor-widget-container\">\n\t\t\t\t\t<h1 class=\"elementor-heading-title elementor-size-default\">\u00daltimas<br>Not\u00edcias<\/h1>\t\t\t\t<\/div>\n\t\t\t\t<\/div>\n\t\t\t\t<div class=\"elementor-element elementor-element-61578afb elementor-hidden-mobile elementor-widget elementor-widget-spacer\" data-id=\"61578afb\" data-element_type=\"widget\" data-e-type=\"widget\" data-widget_type=\"spacer.default\">\n\t\t\t\t<div class=\"elementor-widget-container\">\n\t\t\t\t\t\t\t<div class=\"elementor-spacer\">\n\t\t\t<div class=\"elementor-spacer-inner\"><\/div>\n\t\t<\/div>\n\t\t\t\t\t\t<\/div>\n\t\t\t\t<\/div>\n\t\t\t\t\t<\/div>\n\t\t<\/div>\n\t\t\t\t<div class=\"elementor-column elementor-col-50 elementor-inner-column elementor-element elementor-element-1ce61800\" data-id=\"1ce61800\" data-element_type=\"column\" data-e-type=\"column\">\n\t\t\t<div class=\"elementor-widget-wrap elementor-element-populated\">\n\t\t\t\t\t\t<div class=\"elementor-element elementor-element-1a2dfb19 elementor-widget elementor-widget-spacer\" data-id=\"1a2dfb19\" data-element_type=\"widget\" data-e-type=\"widget\" data-widget_type=\"spacer.default\">\n\t\t\t\t<div class=\"elementor-widget-container\">\n\t\t\t\t\t\t\t<div class=\"elementor-spacer\">\n\t\t\t<div class=\"elementor-spacer-inner\"><\/div>\n\t\t<\/div>\n\t\t\t\t\t\t<\/div>\n\t\t\t\t<\/div>\n\t\t\t\t\t<\/div>\n\t\t<\/div>\n\t\t\t\t\t<\/div>\n\t\t<\/section>\n\t\t\t\t\t<\/div>\n\t\t<\/div>\n\t\t\t\t\t<\/div>\n\t\t<\/section>\n\t\t\t\t<section class=\"elementor-section elementor-top-section elementor-element elementor-element-21a6ec6 elementor-section-full_width elementor-section-height-default elementor-section-height-default\" data-id=\"21a6ec6\" data-element_type=\"section\" data-e-type=\"section\" data-settings=\"{&quot;background_background&quot;:&quot;classic&quot;}\">\n\t\t\t\t\t\t<div class=\"elementor-container elementor-column-gap-default\">\n\t\t\t\t\t<div class=\"elementor-column elementor-col-100 elementor-top-column elementor-element elementor-element-1672db8\" data-id=\"1672db8\" data-element_type=\"column\" data-e-type=\"column\">\n\t\t\t<div class=\"elementor-widget-wrap elementor-element-populated\">\n\t\t\t\t\t\t<div class=\"elementor-element elementor-element-967c982 elementor-widget elementor-widget-spacer\" data-id=\"967c982\" data-element_type=\"widget\" data-e-type=\"widget\" data-widget_type=\"spacer.default\">\n\t\t\t\t<div class=\"elementor-widget-container\">\n\t\t\t\t\t\t\t<div class=\"elementor-spacer\">\n\t\t\t<div class=\"elementor-spacer-inner\"><\/div>\n\t\t<\/div>\n\t\t\t\t\t\t<\/div>\n\t\t\t\t<\/div>\n\t\t\t\t<div class=\"elementor-element elementor-element-b051744 elementor-widget elementor-widget-heading\" data-id=\"b051744\" data-element_type=\"widget\" data-e-type=\"widget\" data-widget_type=\"heading.default\">\n\t\t\t\t<div class=\"elementor-widget-container\">\n\t\t\t\t\t<h3 class=\"elementor-heading-title elementor-size-default\">Assista as \u00faltimas not\u00edcias<\/h3>\t\t\t\t<\/div>\n\t\t\t\t<\/div>\n\t\t\t\t<div class=\"elementor-element elementor-element-10e8c1d elementor-widget-divider--view-line elementor-widget elementor-widget-divider\" data-id=\"10e8c1d\" data-element_type=\"widget\" data-e-type=\"widget\" data-widget_type=\"divider.default\">\n\t\t\t\t<div class=\"elementor-widget-container\">\n\t\t\t\t\t\t\t<div class=\"elementor-divider\">\n\t\t\t<span class=\"elementor-divider-separator\">\n\t\t\t\t\t\t<\/span>\n\t\t<\/div>\n\t\t\t\t\t\t<\/div>\n\t\t\t\t<\/div>\n\t\t\t\t<div class=\"elementor-element elementor-element-dba50df elementor-widget elementor-widget-text-editor\" data-id=\"dba50df\" data-element_type=\"widget\" data-e-type=\"widget\" data-widget_type=\"text-editor.default\">\n\t\t\t\t<div class=\"elementor-widget-container\">\n\t\t\t\t\t\t\t\t\t<p>\t\t\t<div \n\t\t\tclass=\"yotu-playlist yotuwp yotu-limit-min   yotu-thumb-169  yotu-template-grid\" \n\t\t\tdata-page=\"1\"\n\t\t\tid=\"yotuwp-69edc82b8e707\"\n\t\t\tdata-yotu=\"modal\"\n\t\t\tdata-total=\"558\"\n\t\t\tdata-settings=\"eyJ0eXBlIjoicGxheWxpc3QiLCJpZCI6IlBMWXQzYTBmOXdqQ2tfWHdTMlJCT2lwSlZhTmE2bGlyaHEiLCJwYWdpbmF0aW9uIjoib2ZmIiwicGFnaXR5cGUiOiJwYWdlciIsImNvbHVtbiI6IjQiLCJwZXJfcGFnZSI6IjgiLCJ0ZW1wbGF0ZSI6ImdyaWQiLCJ0aXRsZSI6Im9uIiwiZGVzY3JpcHRpb24iOiJvZmYiLCJ0aHVtYnJhdGlvIjoiMTY5IiwibWV0YSI6Im9mZiIsIm1ldGFfZGF0YSI6Im9mZiIsIm1ldGFfcG9zaXRpb24iOiJvZmYiLCJkYXRlX2Zvcm1hdCI6Im9mZiIsIm1ldGFfYWxpZ24iOiJvZmYiLCJzdWJzY3JpYmUiOiJvZmYiLCJkdXJhdGlvbiI6Im9mZiIsIm1ldGFfaWNvbiI6Im9mZiIsIm5leHR0ZXh0IjoiIiwicHJldnRleHQiOiIiLCJsb2FkbW9yZXRleHQiOiIiLCJwbGF5ZXIiOnsibW9kZSI6InBvcHVwIiwid2lkdGgiOiI5MDAiLCJzY3JvbGxpbmciOiIxMDAiLCJhdXRvcGxheSI6MCwiY29udHJvbHMiOjEsIm1vZGVzdGJyYW5kaW5nIjoxLCJsb29wIjowLCJhdXRvbmV4dCI6MCwic2hvd2luZm8iOjEsInJlbCI6MSwicGxheWluZyI6MCwicGxheWluZ19kZXNjcmlwdGlvbiI6MCwidGh1bWJuYWlscyI6MSwiY2NfbG9hZF9wb2xpY3kiOiIxIiwiY2NfbGFuZ19wcmVmIjoiMSIsImhsIjoiUFQiLCJpdl9sb2FkX3BvbGljeSI6IjEiLCJhbXA7cmVsIjowfSwibGFzdF90YWIiOiJwcmVtaXVtIiwidXNlX2FzX21vZGFsIjoib2ZmIiwibW9kYWxfaWQiOiJvZmYiLCJsYXN0X3VwZGF0ZSI6IjE2NjYyMTMzNzQiLCJzdHlsaW5nIjp7InBhZ2VyX2xheW91dCI6ImRlZmF1bHQiLCJidXR0b24iOiIxIiwiYnV0dG9uX2NvbG9yIjoiIiwiYnV0dG9uX2JnX2NvbG9yIjoiIiwiYnV0dG9uX2NvbG9yX2hvdmVyIjoiIiwiYnV0dG9uX2JnX2NvbG9yX2hvdmVyIjoiIiwidmlkZW9fc3R5bGUiOiIiLCJwbGF5aWNvbl9jb2xvciI6IiIsImhvdmVyX2ljb24iOiIiLCJnYWxsZXJ5X2JnIjoiIn0sImVmZmVjdHMiOnsidmlkZW9fYm94IjoieXRlZi1ncm93IiwiZmxpcF9lZmZlY3QiOiIifSwiZ2FsbGVyeV9pZCI6IjY5ZWRjODJiOGU3MDciLCJuZXh0IjoiRUFBYUhsQlVPa05CWjJsRlJWbDRUVlZLUjAxVVNYZFJhbU40VFdwWk1WRnFSUSIsInByZXYiOiIifQ==\"\n\t\t\tdata-player=\"popup\"\n\t\t\tdata-showdesc=\"off\" >\n\t\t\t\t<div>\n\t\t\t\t\t<div class=\"yotu-videos yotu-mode-grid yotu-column-4 yotu-player-mode-popup\">\n\t<ul>\n\t\t\t\t\t<li class=\" yotu-first\">\n\t\t\t\t\t\t\t\t<a href=\"#f8Wh4tRYhfY\" class=\"yotu-video ytef-grow\" data-videoid=\"f8Wh4tRYhfY\" data-title=\"Fernanda Abreu recebe T\u00edtulo de Cidad\u00e3 Paulistana\" title=\"Fernanda Abreu recebe T\u00edtulo de Cidad\u00e3 Paulistana\">\n\t\t\t\t\t<div class=\"yotu-video-thumb-wrp\">\n\t\t\t\t\t\t<div>\n\t\t\t\t\t\t\t\t\t\t\t\t\t\t<img decoding=\"async\" class=\"yotu-video-thumb\" src=\"https:\/\/i.ytimg.com\/vi\/f8Wh4tRYhfY\/sddefault.jpg\" alt=\"Fernanda Abreu recebe T\u00edtulo de Cidad\u00e3 Paulistana\">\t\n\t\t\t\t\t\t\t\t\t\t\t\t\t<\/div>\n\t\t\t\t\t<\/div>\n\t\t\t\t\t\t\t\t\t\t\t<h3 class=\"yotu-video-title\">Fernanda Abreu recebe T\u00edtulo de Cidad\u00e3 Paulistana<\/h3>\n\t\t\t\t\t\t\t\t\t\t\t\t\t\t\t\t\t\t\t<\/a>\n\t\t\t\t\t\t\t<\/li>\n\t\t\t\t\n\t\t\t\t\t\t<li class=\"\">\n\t\t\t\t\t\t\t\t<a href=\"#zsEO6JX9958\" class=\"yotu-video ytef-grow\" data-videoid=\"zsEO6JX9958\" data-title=\"Zona leste recebe C\u00e2mara na Rua neste s\u00e1bado\" title=\"Zona leste recebe C\u00e2mara na Rua neste s\u00e1bado\">\n\t\t\t\t\t<div class=\"yotu-video-thumb-wrp\">\n\t\t\t\t\t\t<div>\n\t\t\t\t\t\t\t\t\t\t\t\t\t\t<img decoding=\"async\" class=\"yotu-video-thumb\" src=\"https:\/\/i.ytimg.com\/vi\/zsEO6JX9958\/sddefault.jpg\" alt=\"Zona leste recebe C\u00e2mara na Rua neste s\u00e1bado\">\t\n\t\t\t\t\t\t\t\t\t\t\t\t\t<\/div>\n\t\t\t\t\t<\/div>\n\t\t\t\t\t\t\t\t\t\t\t<h3 class=\"yotu-video-title\">Zona leste recebe C\u00e2mara na Rua neste s\u00e1bado<\/h3>\n\t\t\t\t\t\t\t\t\t\t\t\t\t\t\t\t\t\t\t<\/a>\n\t\t\t\t\t\t\t<\/li>\n\t\t\t\t\n\t\t\t\t\t\t<li class=\"\">\n\t\t\t\t\t\t\t\t<a href=\"#uDQ9OlksgoA\" class=\"yotu-video ytef-grow\" data-videoid=\"uDQ9OlksgoA\" data-title=\"C\u00e2mara homenageia profissionais da contabilidade\" title=\"C\u00e2mara homenageia profissionais da contabilidade\">\n\t\t\t\t\t<div class=\"yotu-video-thumb-wrp\">\n\t\t\t\t\t\t<div>\n\t\t\t\t\t\t\t\t\t\t\t\t\t\t<img decoding=\"async\" class=\"yotu-video-thumb\" src=\"https:\/\/i.ytimg.com\/vi\/uDQ9OlksgoA\/sddefault.jpg\" alt=\"C\u00e2mara homenageia profissionais da contabilidade\">\t\n\t\t\t\t\t\t\t\t\t\t\t\t\t<\/div>\n\t\t\t\t\t<\/div>\n\t\t\t\t\t\t\t\t\t\t\t<h3 class=\"yotu-video-title\">C\u00e2mara homenageia profissionais da contabilidade<\/h3>\n\t\t\t\t\t\t\t\t\t\t\t\t\t\t\t\t\t\t\t<\/a>\n\t\t\t\t\t\t\t<\/li>\n\t\t\t\t\n\t\t\t\t\t\t<li class=\"\">\n\t\t\t\t\t\t\t\t<a href=\"#u498aSFIB1U\" class=\"yotu-video ytef-grow\" data-videoid=\"u498aSFIB1U\" data-title=\"Inscri\u00e7\u00f5es abertas para Pr\u00eamio An\u00edsio Teixeira\" title=\"Inscri\u00e7\u00f5es abertas para Pr\u00eamio An\u00edsio Teixeira\">\n\t\t\t\t\t<div class=\"yotu-video-thumb-wrp\">\n\t\t\t\t\t\t<div>\n\t\t\t\t\t\t\t\t\t\t\t\t\t\t<img decoding=\"async\" class=\"yotu-video-thumb\" src=\"https:\/\/i.ytimg.com\/vi\/u498aSFIB1U\/sddefault.jpg\" alt=\"Inscri\u00e7\u00f5es abertas para Pr\u00eamio An\u00edsio Teixeira\">\t\n\t\t\t\t\t\t\t\t\t\t\t\t\t<\/div>\n\t\t\t\t\t<\/div>\n\t\t\t\t\t\t\t\t\t\t\t<h3 class=\"yotu-video-title\">Inscri\u00e7\u00f5es abertas para Pr\u00eamio An\u00edsio Teixeira<\/h3>\n\t\t\t\t\t\t\t\t\t\t\t\t\t\t\t\t\t\t\t<\/a>\n\t\t\t\t\t\t\t<\/li>\n\t\t\t\t\n\t\t\t\t\t\t<li class=\"\">\n\t\t\t\t\t\t\t\t<a href=\"#imxXKo2dC30\" class=\"yotu-video ytef-grow\" data-videoid=\"imxXKo2dC30\" data-title=\"Nova lei cria cadastro \u00fanico de viol\u00eancia dom\u00e9stica\" title=\"Nova lei cria cadastro \u00fanico de viol\u00eancia dom\u00e9stica\">\n\t\t\t\t\t<div class=\"yotu-video-thumb-wrp\">\n\t\t\t\t\t\t<div>\n\t\t\t\t\t\t\t\t\t\t\t\t\t\t<img decoding=\"async\" class=\"yotu-video-thumb\" src=\"https:\/\/i.ytimg.com\/vi\/imxXKo2dC30\/sddefault.jpg\" alt=\"Nova lei cria cadastro \u00fanico de viol\u00eancia dom\u00e9stica\">\t\n\t\t\t\t\t\t\t\t\t\t\t\t\t<\/div>\n\t\t\t\t\t<\/div>\n\t\t\t\t\t\t\t\t\t\t\t<h3 class=\"yotu-video-title\">Nova lei cria cadastro \u00fanico de viol\u00eancia dom\u00e9stica<\/h3>\n\t\t\t\t\t\t\t\t\t\t\t\t\t\t\t\t\t\t\t<\/a>\n\t\t\t\t\t\t\t<\/li>\n\t\t\t\t\n\t\t\t\t\t\t<li class=\"\">\n\t\t\t\t\t\t\t\t<a href=\"#WksP_zKp1zU\" class=\"yotu-video ytef-grow\" data-videoid=\"WksP_zKp1zU\" data-title=\"Educa\u00e7\u00e3o far\u00e1 audi\u00eancia de presta\u00e7\u00e3o de contas\" title=\"Educa\u00e7\u00e3o far\u00e1 audi\u00eancia de presta\u00e7\u00e3o de contas\">\n\t\t\t\t\t<div class=\"yotu-video-thumb-wrp\">\n\t\t\t\t\t\t<div>\n\t\t\t\t\t\t\t\t\t\t\t\t\t\t<img decoding=\"async\" class=\"yotu-video-thumb\" src=\"https:\/\/i.ytimg.com\/vi\/WksP_zKp1zU\/sddefault.jpg\" alt=\"Educa\u00e7\u00e3o far\u00e1 audi\u00eancia de presta\u00e7\u00e3o de contas\">\t\n\t\t\t\t\t\t\t\t\t\t\t\t\t<\/div>\n\t\t\t\t\t<\/div>\n\t\t\t\t\t\t\t\t\t\t\t<h3 class=\"yotu-video-title\">Educa\u00e7\u00e3o far\u00e1 audi\u00eancia de presta\u00e7\u00e3o de contas<\/h3>\n\t\t\t\t\t\t\t\t\t\t\t\t\t\t\t\t\t\t\t<\/a>\n\t\t\t\t\t\t\t<\/li>\n\t\t\t\t\n\t\t\t\t\t\t<li class=\"\">\n\t\t\t\t\t\t\t\t<a href=\"#wZ8TPYCtgbY\" class=\"yotu-video ytef-grow\" data-videoid=\"wZ8TPYCtgbY\" data-title=\"Subcomiss\u00e3o debate gest\u00e3o e financiamento de cal\u00e7adas\" title=\"Subcomiss\u00e3o debate gest\u00e3o e financiamento de cal\u00e7adas\">\n\t\t\t\t\t<div class=\"yotu-video-thumb-wrp\">\n\t\t\t\t\t\t<div>\n\t\t\t\t\t\t\t\t\t\t\t\t\t\t<img decoding=\"async\" class=\"yotu-video-thumb\" src=\"https:\/\/i.ytimg.com\/vi\/wZ8TPYCtgbY\/sddefault.jpg\" alt=\"Subcomiss\u00e3o debate gest\u00e3o e financiamento de cal\u00e7adas\">\t\n\t\t\t\t\t\t\t\t\t\t\t\t\t<\/div>\n\t\t\t\t\t<\/div>\n\t\t\t\t\t\t\t\t\t\t\t<h3 class=\"yotu-video-title\">Subcomiss\u00e3o debate gest\u00e3o e financiamento de cal\u00e7adas<\/h3>\n\t\t\t\t\t\t\t\t\t\t\t\t\t\t\t\t\t\t\t<\/a>\n\t\t\t\t\t\t\t<\/li>\n\t\t\t\t\n\t\t\t\t\t\t<li class=\" yotu-last\">\n\t\t\t\t\t\t\t\t<a href=\"#Hr3YoJZKZ00\" class=\"yotu-video ytef-grow\" data-videoid=\"Hr3YoJZKZ00\" data-title=\"S\u00e3o Paulo ganhar\u00e1 mural inspirado em Guernica\" title=\"S\u00e3o Paulo ganhar\u00e1 mural inspirado em Guernica\">\n\t\t\t\t\t<div class=\"yotu-video-thumb-wrp\">\n\t\t\t\t\t\t<div>\n\t\t\t\t\t\t\t\t\t\t\t\t\t\t<img decoding=\"async\" class=\"yotu-video-thumb\" src=\"https:\/\/i.ytimg.com\/vi\/Hr3YoJZKZ00\/sddefault.jpg\" alt=\"S\u00e3o Paulo ganhar\u00e1 mural inspirado em Guernica\">\t\n\t\t\t\t\t\t\t\t\t\t\t\t\t<\/div>\n\t\t\t\t\t<\/div>\n\t\t\t\t\t\t\t\t\t\t\t<h3 class=\"yotu-video-title\">S\u00e3o Paulo ganhar\u00e1 mural inspirado em Guernica<\/h3>\n\t\t\t\t\t\t\t\t\t\t\t\t\t\t\t\t\t\t\t<\/a>\n\t\t\t\t\t\t\t<\/li>\n\t\t\t\t\n\t\t\t\t<\/ul>\n<\/div>\t\t\t\t<\/div>\n\t\t\t<\/div>\n\t\t\t<\/p>\t\t\t\t\t\t\t\t<\/div>\n\t\t\t\t<\/div>\n\t\t\t\t\t<\/div>\n\t\t<\/div>\n\t\t\t\t\t<\/div>\n\t\t<\/section>\n\t\t\t\t<section class=\"elementor-section elementor-top-section elementor-element elementor-element-12252af elementor-section-full_width elementor-section-content-middle elementor-section-height-default elementor-section-height-default\" data-id=\"12252af\" data-element_type=\"section\" data-e-type=\"section\" data-settings=\"{&quot;background_background&quot;:&quot;classic&quot;}\">\n\t\t\t\t\t\t<div class=\"elementor-container elementor-column-gap-no\">\n\t\t\t\t\t<div class=\"elementor-column elementor-col-100 elementor-top-column elementor-element elementor-element-10089bd\" data-id=\"10089bd\" data-element_type=\"column\" data-e-type=\"column\">\n\t\t\t<div class=\"elementor-widget-wrap elementor-element-populated\">\n\t\t\t\t\t\t<div class=\"elementor-element elementor-element-02347a0 elementor-widget elementor-widget-spacer\" data-id=\"02347a0\" data-element_type=\"widget\" data-e-type=\"widget\" data-widget_type=\"spacer.default\">\n\t\t\t\t<div class=\"elementor-widget-container\">\n\t\t\t\t\t\t\t<div class=\"elementor-spacer\">\n\t\t\t<div class=\"elementor-spacer-inner\"><\/div>\n\t\t<\/div>\n\t\t\t\t\t\t<\/div>\n\t\t\t\t<\/div>\n\t\t\t\t\t<\/div>\n\t\t<\/div>\n\t\t\t\t\t<\/div>\n\t\t<\/section>\n\t\t\t\t<section class=\"elementor-section elementor-top-section elementor-element elementor-element-9d2a808 elementor-section-full_width elementor-section-height-default elementor-section-height-default\" data-id=\"9d2a808\" data-element_type=\"section\" data-e-type=\"section\">\n\t\t\t\t\t\t<div class=\"elementor-container elementor-column-gap-default\">\n\t\t\t\t\t<div class=\"elementor-column elementor-col-100 elementor-top-column elementor-element elementor-element-8a7938b\" data-id=\"8a7938b\" data-element_type=\"column\" data-e-type=\"column\">\n\t\t\t<div class=\"elementor-widget-wrap elementor-element-populated\">\n\t\t\t\t\t\t<div class=\"elementor-element elementor-element-38e1cbe elementor-widget elementor-widget-shortcode\" data-id=\"38e1cbe\" data-element_type=\"widget\" data-e-type=\"widget\" data-widget_type=\"shortcode.default\">\n\t\t\t\t<div class=\"elementor-widget-container\">\n\t\t\t\t\t\t\t<div class=\"elementor-shortcode\">    <style>\n        \/* CSS for the floating container *\/\n        .floating-container {\n            position: fixed;\n            top: 50%;\n            \/* right: 10px; *\/\n            transform: translateY(-50%);\n            display: flex;\n            flex-direction: column;\n            gap: 10px;\n            z-index: 1000;\n            background-color:#1d1d1d;\n            padding: 5px;\n            border-radius: 10px;\n        }\n\n        \/* Image styles *\/\n        .floating-container img {\n            width: 40px;\n            height: 40px;\n            display: block;\n            transition: opacity 0.3s ease;\n        }\n\n        \/* Hover effect for images *\/\n        .floating-container img:hover {\n            opacity: 0.7;\n        }\n\n        \/* Responsive adjustments *\/\n        @media (max-width: 768px) {\n            .floating-container {\n                \/* right: 5px; *\/ \n                gap: 10px;\n            }\n\n            .floating-container img {\n                width: 30px;\n                height: 30px;\n            }\n        }\n\n        @media (max-width: 480px) {\n            .floating-container {\n                \/* right: 2px; *\/\n                gap: 8px;\n            }\n\n            .floating-container img {\n                width: 30px;\n                height: 30px;\n            }\n        }\n    <\/style>\n\n    <!-- HTML for the floating container -->\n    <div class=\"floating-container\">\n        <a href=\"https:\/\/www.saopaulo.sp.leg.br\/\"><img decoding=\"async\" src=\"https:\/\/www.saopaulo.sp.leg.br\/redecamara\/wp-content\/uploads\/sites\/51\/2025\/01\/site-camara.png\" alt=\"Site C\u00e2mara de S\u00e3o Paulo\"><\/a>\n        <a href=\"https:\/\/www.instagram.com\/camarasaopaulo\"><img decoding=\"async\" src=\"https:\/\/www.saopaulo.sp.leg.br\/redecamara\/wp-content\/uploads\/sites\/51\/2025\/01\/instagram.png\" alt=\"Instagram\"><\/a>\n        <a href=\"https:\/\/www.facebook.com\/camarasaopaulo\"><img decoding=\"async\" src=\"https:\/\/www.saopaulo.sp.leg.br\/redecamara\/wp-content\/uploads\/sites\/51\/2025\/01\/facebook.png\" alt=\"Facebook\"><\/a>\n        <a href=\"https:\/\/x.com\/camarasaopaulo\/\"><img decoding=\"async\" src=\"https:\/\/www.saopaulo.sp.leg.br\/redecamara\/wp-content\/uploads\/sites\/51\/2025\/01\/x.png\" alt=\"X\"><\/a>\n        <a href=\"https:\/\/www.youtube.com\/@camarasaopaulo\"><img decoding=\"async\" src=\"https:\/\/www.saopaulo.sp.leg.br\/redecamara\/wp-content\/uploads\/sites\/51\/2025\/01\/youtube.png\" alt=\"C\u00e2mara Municipal de S\u00e3o Paulo\"><\/a>\n        <a href=\"https:\/\/www.flickr.com\/photos\/131078419@N07\/\"><img decoding=\"async\" src=\"https:\/\/www.saopaulo.sp.leg.br\/redecamara\/wp-content\/uploads\/sites\/51\/2025\/01\/flicker.png\" alt=\"Flickr\"><\/a>\n        <a href=\"https:\/\/soundcloud.com\/webradiocamarasaopaulo\"><img decoding=\"async\" src=\"https:\/\/www.saopaulo.sp.leg.br\/redecamara\/wp-content\/uploads\/sites\/51\/2025\/01\/soundcloud.png\" alt=\"Podcast Soundcloud\"><\/a>\n        <a href=\"https:\/\/www.linkedin.com\/company\/camarasaopaulooficial\/\"><img decoding=\"async\" src=\"https:\/\/www.saopaulo.sp.leg.br\/redecamara\/wp-content\/uploads\/sites\/51\/2025\/01\/linkedin.png\" alt=\"Linkedin\"><\/a>\n        <a href=\"https:\/\/www.saopaulo.sp.leg.br\/redecamara\/\"><img decoding=\"async\" src=\"https:\/\/www.saopaulo.sp.leg.br\/redecamara\/wp-content\/uploads\/sites\/51\/2025\/01\/tv-digital.png\" alt=\"TV Digital 8.3 Ao Vivo\"><\/a>\n        <a href=\"https:\/\/www.saopaulo.sp.leg.br\/comunicacao\/camaraemacao\/\"><img decoding=\"async\" src=\"https:\/\/www.saopaulo.sp.leg.br\/redecamara\/wp-content\/uploads\/sites\/51\/2025\/01\/newsletter.png\" alt=\"Boletim Semanal\"><\/a>\n    <\/div>\n    <\/div>\n\t\t\t\t\t\t<\/div>\n\t\t\t\t<\/div>\n\t\t\t\t\t<\/div>\n\t\t<\/div>\n\t\t\t\t\t<\/div>\n\t\t<\/section>\n\t\t\t\t<section class=\"elementor-section elementor-top-section elementor-element elementor-element-087df47 elementor-section-full_width elementor-section-height-default elementor-section-height-default\" data-id=\"087df47\" data-element_type=\"section\" data-e-type=\"section\" data-settings=\"{&quot;background_background&quot;:&quot;video&quot;}\">\n\t\t\t\t\t\t<div class=\"elementor-container elementor-column-gap-default\">\n\t\t\t\t\t<div class=\"elementor-column elementor-col-100 elementor-top-column elementor-element elementor-element-34f8bfb\" data-id=\"34f8bfb\" data-element_type=\"column\" data-e-type=\"column\">\n\t\t\t<div class=\"elementor-widget-wrap elementor-element-populated\">\n\t\t\t\t\t\t<div class=\"elementor-element elementor-element-c7e033f elementor-widget elementor-widget-spacer\" data-id=\"c7e033f\" data-element_type=\"widget\" data-e-type=\"widget\" data-widget_type=\"spacer.default\">\n\t\t\t\t<div class=\"elementor-widget-container\">\n\t\t\t\t\t\t\t<div class=\"elementor-spacer\">\n\t\t\t<div class=\"elementor-spacer-inner\"><\/div>\n\t\t<\/div>\n\t\t\t\t\t\t<\/div>\n\t\t\t\t<\/div>\n\t\t\t\t<div class=\"elementor-element elementor-element-6aa8ff3 elementor-widget elementor-widget-heading\" data-id=\"6aa8ff3\" data-element_type=\"widget\" data-e-type=\"widget\" data-widget_type=\"heading.default\">\n\t\t\t\t<div class=\"elementor-widget-container\">\n\t\t\t\t\t<h3 class=\"elementor-heading-title elementor-size-default\">Leia as \u00faltimas not\u00edcias<\/h3>\t\t\t\t<\/div>\n\t\t\t\t<\/div>\n\t\t\t\t<div class=\"elementor-element elementor-element-bca0d02 elementor-widget-divider--view-line elementor-widget elementor-widget-divider\" data-id=\"bca0d02\" data-element_type=\"widget\" data-e-type=\"widget\" data-widget_type=\"divider.default\">\n\t\t\t\t<div class=\"elementor-widget-container\">\n\t\t\t\t\t\t\t<div class=\"elementor-divider\">\n\t\t\t<span class=\"elementor-divider-separator\">\n\t\t\t\t\t\t<\/span>\n\t\t<\/div>\n\t\t\t\t\t\t<\/div>\n\t\t\t\t<\/div>\n\t\t\t\t\t<\/div>\n\t\t<\/div>\n\t\t\t\t\t<\/div>\n\t\t<\/section>\n\t\t\t\t<\/div>\n\t\t","protected":false},"excerpt":{"rendered":"<p>\u00daltimasNot\u00edcias Assista as \u00faltimas not\u00edcias Leia as \u00faltimas not\u00edcias<\/p>\n","protected":false},"author":916,"featured_media":0,"parent":0,"menu_order":0,"comment_status":"closed","ping_status":"closed","template":"page-noticias.php","meta":{"_acf_changed":false,"_mc_calendar":[],"footnotes":""},"class_list":["post-2008","page","type-page","status-publish","hentry"],"acf":[],"_links":{"self":[{"href":"https:\/\/www.saopaulo.sp.leg.br\/redecamara\/wp-json\/wp\/v2\/pages\/2008","targetHints":{"allow":["GET"]}}],"collection":[{"href":"https:\/\/www.saopaulo.sp.leg.br\/redecamara\/wp-json\/wp\/v2\/pages"}],"about":[{"href":"https:\/\/www.saopaulo.sp.leg.br\/redecamara\/wp-json\/wp\/v2\/types\/page"}],"author":[{"embeddable":true,"href":"https:\/\/www.saopaulo.sp.leg.br\/redecamara\/wp-json\/wp\/v2\/users\/916"}],"replies":[{"embeddable":true,"href":"https:\/\/www.saopaulo.sp.leg.br\/redecamara\/wp-json\/wp\/v2\/comments?post=2008"}],"version-history":[{"count":0,"href":"https:\/\/www.saopaulo.sp.leg.br\/redecamara\/wp-json\/wp\/v2\/pages\/2008\/revisions"}],"wp:attachment":[{"href":"https:\/\/www.saopaulo.sp.leg.br\/redecamara\/wp-json\/wp\/v2\/media?parent=2008"}],"curies":[{"name":"wp","href":"https:\/\/api.w.org\/{rel}","templated":true}]}}