{"id":356,"date":"2014-03-11T20:08:47","date_gmt":"2014-03-11T20:08:47","guid":{"rendered":"http:\/\/hcr0313.prodam\/planodiretor?page_id=356"},"modified":"2014-03-11T20:08:47","modified_gmt":"2014-03-11T20:08:47","slug":"fale-conosco","status":"publish","type":"page","link":"https:\/\/www.saopaulo.sp.leg.br\/planodiretor\/index.php\/fale-conosco\/","title":{"rendered":"Fale Conosco"},"content":{"rendered":"\n<div class=\"wpcf7 no-js\" id=\"wpcf7-f357-o1\" lang=\"pt-BR\" dir=\"ltr\" data-wpcf7-id=\"357\">\n<div class=\"screen-reader-response\"><p role=\"status\" aria-live=\"polite\" aria-atomic=\"true\"><\/p> <ul><\/ul><\/div>\n<form action=\"\/planodiretor\/index.php\/wp-json\/wp\/v2\/pages\/356#wpcf7-f357-o1\" method=\"post\" class=\"wpcf7-form init\" aria-label=\"Formul\u00e1rios de contato\" novalidate=\"novalidate\" data-status=\"init\">\n<fieldset class=\"hidden-fields-container\"><input type=\"hidden\" name=\"_wpcf7\" value=\"357\" \/><input type=\"hidden\" name=\"_wpcf7_version\" value=\"6.1.5\" \/><input type=\"hidden\" name=\"_wpcf7_locale\" value=\"pt_BR\" \/><input type=\"hidden\" name=\"_wpcf7_unit_tag\" value=\"wpcf7-f357-o1\" \/><input type=\"hidden\" name=\"_wpcf7_container_post\" value=\"0\" \/><input type=\"hidden\" name=\"_wpcf7_posted_data_hash\" value=\"\" \/>\n<\/fieldset>\n<div class=\"form-row\">\n\t<p><label for=\"your-name\">Seu nome (obrigat\u00f3rio)<\/label><br \/>\n<span class=\"wpcf7-form-control-wrap\" data-name=\"your-name\"><input size=\"40\" maxlength=\"400\" class=\"wpcf7-form-control wpcf7-text wpcf7-validates-as-required\" id=\"your-name\" aria-required=\"true\" aria-invalid=\"false\" value=\"\" type=\"text\" name=\"your-name\" \/><\/span>\n\t<\/p>\n<\/div>\n<div class=\"form-row\">\n\t<p><label for=\"your-email\">Seu e-mail (obrigat\u00f3rio)<\/label><br \/>\n<span class=\"wpcf7-form-control-wrap\" data-name=\"your-email\"><input size=\"40\" maxlength=\"400\" class=\"wpcf7-form-control wpcf7-email wpcf7-validates-as-required wpcf7-text wpcf7-validates-as-email\" id=\"your-email\" aria-required=\"true\" aria-invalid=\"false\" value=\"\" type=\"email\" name=\"your-email\" \/><\/span>\n\t<\/p>\n<\/div>\n<div class=\"form-row\">\n\t<p><label for=\"your-subject\">Assunto<\/label><br \/>\n<span class=\"wpcf7-form-control-wrap\" data-name=\"your-subject\"><input size=\"40\" maxlength=\"400\" class=\"wpcf7-form-control wpcf7-text\" id=\"your-subject\" aria-invalid=\"false\" value=\"\" type=\"text\" name=\"your-subject\" \/><\/span>\n\t<\/p>\n<\/div>\n<div class=\"form-row\">\n\t<p><label for=\"your-message\">Sua mensagem (obrigat\u00f3rio)<\/label><br \/>\n<span class=\"wpcf7-form-control-wrap\" data-name=\"your-message\"><textarea cols=\"40\" rows=\"10\" maxlength=\"2000\" class=\"wpcf7-form-control wpcf7-textarea wpcf7-validates-as-required\" id=\"your-message\" aria-required=\"true\" aria-invalid=\"false\" name=\"your-message\"><\/textarea><\/span>\n\t<\/p>\n<\/div>\n<p><label>Termo de Consentimento<\/label>\n<\/p>\n<p style=\"text-align:justify\">Nos termos da <b>Lei Geral de Prote\u00e7\u00e3o de Dados (lei 13.709, de 2018)<\/b> e da Pol\u00edtica de Privacidade deste s\u00edtio (<a href=\"https:\/\/www.saopaulo.sp.leg.br\/lgpd\/\" target=\"_blank\">link<\/a>), para registro de sua mensagem \u00e9 necess\u00e1rio que o titular consinta que a C\u00e2mara Municipal de S\u00e3o Paulo colha seu nome, e-mail, telefone e CPF\/CNPJ, com as seguintes finalidades:\n<\/p>\n<ul>\n\t<li>\n\t\t<p><b>Nome:<\/b> permitir a identifica\u00e7\u00e3o do usu\u00e1rio;\n\t\t<\/p>\n\t<\/li>\n\t<li>\n\t\t<p><b>E-mail:<\/b> permitir o envio de resposta \u00e0 mensagem;\n\t\t<\/p>\n\t<\/li>\n<\/ul>\n<p>Os dados ficar\u00e3o retidos, salvo pedido expresso em contr\u00e1rio.\n<\/p>\n<p><span class=\"wpcf7-form-control-wrap\" data-name=\"consentimento-lgpd\"><span class=\"wpcf7-form-control wpcf7-acceptance\"><span class=\"wpcf7-list-item\"><label><input type=\"checkbox\" name=\"consentimento-lgpd\" value=\"1\" aria-invalid=\"false\" \/><span class=\"wpcf7-list-item-label\"><span><b>Eu concordo.<\/b> <small>A concord\u00e2ncia \u00e9 indispens\u00e1vel \u00e0 continuidade do atendimento.<\/small><\/span><\/span><\/label><\/span><\/span><\/span>\n<\/p>\n<p><label>C\u00f3digo captcha<\/label><br \/>\n<input type=\"hidden\" name=\"_wpcf7_captcha_challenge_your-captcha\" value=\"539778740\" \/><img loading=\"lazy\" decoding=\"async\" class=\"wpcf7-form-control wpcf7-captchac wpcf7-captcha-your-captcha\" width=\"72\" height=\"24\" alt=\"captcha\" src=\"https:\/\/www.saopaulo.sp.leg.br\/planodiretor\/wp-content\/uploads\/sites\/14\/wpcf7_captcha\/539778740.png\" \/><br \/>\n<label>Digite o c\u00f3digo acima:<\/label><br \/>\n<span class=\"wpcf7-form-control-wrap\" data-name=\"your-captcha\"><input size=\"40\" class=\"wpcf7-form-control wpcf7-captchar\" autocomplete=\"off\" aria-invalid=\"false\" value=\"\" type=\"text\" name=\"your-captcha\" \/><\/span>\n<\/p>\n<p><input class=\"wpcf7-form-control wpcf7-submit has-spinner\" type=\"submit\" value=\"Enviar\" \/>\n<\/p><div class=\"wpcf7-response-output\" aria-hidden=\"true\"><\/div>\n<\/form>\n<\/div>\n\n","protected":false},"excerpt":{"rendered":"","protected":false},"author":1,"featured_media":340,"parent":0,"menu_order":0,"comment_status":"open","ping_status":"open","template":"","meta":{"footnotes":""},"class_list":["post-356","page","type-page","status-publish","has-post-thumbnail","hentry"],"_links":{"self":[{"href":"https:\/\/www.saopaulo.sp.leg.br\/planodiretor\/index.php\/wp-json\/wp\/v2\/pages\/356","targetHints":{"allow":["GET"]}}],"collection":[{"href":"https:\/\/www.saopaulo.sp.leg.br\/planodiretor\/index.php\/wp-json\/wp\/v2\/pages"}],"about":[{"href":"https:\/\/www.saopaulo.sp.leg.br\/planodiretor\/index.php\/wp-json\/wp\/v2\/types\/page"}],"author":[{"embeddable":true,"href":"https:\/\/www.saopaulo.sp.leg.br\/planodiretor\/index.php\/wp-json\/wp\/v2\/users\/1"}],"replies":[{"embeddable":true,"href":"https:\/\/www.saopaulo.sp.leg.br\/planodiretor\/index.php\/wp-json\/wp\/v2\/comments?post=356"}],"version-history":[{"count":0,"href":"https:\/\/www.saopaulo.sp.leg.br\/planodiretor\/index.php\/wp-json\/wp\/v2\/pages\/356\/revisions"}],"wp:featuredmedia":[{"embeddable":true,"href":"https:\/\/www.saopaulo.sp.leg.br\/planodiretor\/index.php\/wp-json\/wp\/v2\/media\/340"}],"wp:attachment":[{"href":"https:\/\/www.saopaulo.sp.leg.br\/planodiretor\/index.php\/wp-json\/wp\/v2\/media?parent=356"}],"curies":[{"name":"wp","href":"https:\/\/api.w.org\/{rel}","templated":true}]}}