{"id":9,"date":"2025-04-11T15:29:13","date_gmt":"2025-04-11T18:29:13","guid":{"rendered":"https:\/\/www.saopaulo.sp.leg.br\/orcamento2026\/?page_id=9"},"modified":"2025-10-20T15:14:24","modified_gmt":"2025-10-20T18:14:24","slug":"entenda","status":"publish","type":"page","link":"https:\/\/www.saopaulo.sp.leg.br\/orcamento2026\/entenda\/","title":{"rendered":"Entenda a LOA e o PPA"},"content":{"rendered":"<h2>O que \u00e9 a LOA?<\/h2>\n<p>A <strong>LOA (Lei Or\u00e7ament\u00e1ria Anual)<\/strong> \u00e9 uma ferramenta que estipula todas as receitas e consequentemente todas as despesas da cidade de S\u00e3o Paulo para o pr\u00f3ximo ano.<\/p>\n<p>Baseada na <strong>LDO (Lei de Diretrizes Or\u00e7ament\u00e1rias)<\/strong>, que deve ser debatida e aprovada no primeiro semestre de cada ano, a <strong>LOA<\/strong> \u00e9 enviada anualmente pelo Executivo no in\u00edcio do segundo semestre. Antes de ser aprovada, a <strong>LOA<\/strong> \u00e9 amplamente discutida pelos vereadores da capital paulista para garantir responsabilidade e total transpar\u00eancia.<\/p>\n<p>A <strong>Comiss\u00e3o de Finan\u00e7as e Or\u00e7amento da C\u00e2mara Municipal de S\u00e3o Paulo<\/strong> \u00e9 a respons\u00e1vel por garantir a adequa\u00e7\u00e3o da <strong>LOA<\/strong> com as demandas da popula\u00e7\u00e3o e para isso s\u00e3o realizadas Audi\u00eancias P\u00fablicas gerais e tem\u00e1ticas.<\/p>\n<p>As <strong>Audi\u00eancias P\u00fablicas<\/strong> funcionam como uma ponte entre os vereadores e os mun\u00edcipes, permitindo que todos os interessados possam participar das discuss\u00f5es. Para isso, \u00e9 fundamental a ades\u00e3o da popula\u00e7\u00e3o aos encontros, mas, mesmo quem n\u00e3o pode participar, tem acesso a toda mat\u00e9ria discutida por meio de registro p\u00fablico.<\/p>\n<p>Para permitir o amplo acesso e participa\u00e7\u00e3o de todos os interessados no futuro da cidade de S\u00e3o Paulo, ainda \u00e9 poss\u00edvel enviar propostas e sugest\u00f5es <strong>sobre a LOA<\/strong> por meio de formul\u00e1rio dispon\u00edvel neste hotsite.<\/p>\n<p><iframe loading=\"lazy\" title=\"Or\u00e7amento da Cidade | C\u00e2mara Explica #EP12\" width=\"680\" height=\"383\" src=\"https:\/\/www.youtube.com\/embed\/g5gBFTMLE7A?feature=oembed\" frameborder=\"0\" allow=\"accelerometer; autoplay; clipboard-write; encrypted-media; gyroscope; picture-in-picture; web-share\" referrerpolicy=\"strict-origin-when-cross-origin\" allowfullscreen><\/iframe><\/p>\n<hr \/>\n<p><iframe loading=\"lazy\" title=\"O que \u00e9 LOA e por que ela \u00e9 importante para cidade?\" width=\"680\" height=\"383\" src=\"https:\/\/www.youtube.com\/embed\/rWjYcn8byTY?feature=oembed\" frameborder=\"0\" allow=\"accelerometer; autoplay; clipboard-write; encrypted-media; gyroscope; picture-in-picture; web-share\" referrerpolicy=\"strict-origin-when-cross-origin\" allowfullscreen><\/iframe><\/p>\n<h2>O que \u00e9 o PPA?<\/h2>\n<p>A cada quatro anos, a <strong>C\u00e2mara Municipal de S\u00e3o Paulo<\/strong> recebe da Prefeitura da capital paulista um Projeto de Lei com o <strong>PPA (Plano Plurianual)<\/strong>. A proposta apresenta uma s\u00e9rie de planejamentos do governo, com os recursos, as metas e os indicadores para as diversas \u00e1reas da cidade.<\/p>\n<p>O instrumento passa a vigorar sempre no segundo ano do mandato, ou seja, o pr\u00f3ximo <strong>PPA<\/strong> ir\u00e1 orientar o desenvolvimento de S\u00e3o Paulo de 2026 a 2029. O Plano Plurianual prev\u00ea, por exemplo, a programa\u00e7\u00e3o das grandes obras e dos servi\u00e7os p\u00fablicos.<\/p>\n<p>Entre as a\u00e7\u00f5es inclu\u00eddas no documento est\u00e3o as constru\u00e7\u00f5es de hospitais, escolas e linhas de metr\u00f4, bem como medidas para aprimorar o ensino municipal, o policiamento e os atendimentos \u00e0 sa\u00fade.<\/p>\n<p>Um dos objetivos do <strong>PPA<\/strong> \u00e9 tornar a cidade mais sustent\u00e1vel e inovadora. A ferramenta tem a miss\u00e3o de integrar o plano com as pol\u00edticas p\u00fablicas, alinhar as diretrizes, garantir os recursos para executar os programas e priorizar as necessidades para combater as desigualdades sociais.<\/p>\n<p>Conforme determina a legisla\u00e7\u00e3o, o Plano Plurianual tem de ser protocolado na C\u00e2mara Municipal at\u00e9 30 de setembro do primeiro ano do mandato.<\/p>\n<p>Ap\u00f3s apresenta\u00e7\u00e3o do <strong>PPA<\/strong> no Legislativo paulistano, al\u00e9m de tramitar pelas comiss\u00f5es pertinentes, a proposta \u00e9 debatida em audi\u00eancias p\u00fablicas para ouvir as demandas da popula\u00e7\u00e3o. O projeto \u00e9 votado pelo Plen\u00e1rio at\u00e9 o fim do ano.<\/p>\n","protected":false},"excerpt":{"rendered":"<p>O que \u00e9 a LOA? A LOA (Lei Or\u00e7ament\u00e1ria Anual) \u00e9 uma ferramenta que estipula todas as receitas e consequentemente todas as despesas da cidade de S\u00e3o Paulo para o pr\u00f3ximo ano. Baseada na LDO (Lei de Diretrizes Or\u00e7ament\u00e1rias), que deve ser debatida e aprovada no primeiro semestre de cada ano, a LOA \u00e9 enviada&#8230;  <a class=\"excerpt-read-more\" href=\"https:\/\/www.saopaulo.sp.leg.br\/orcamento2026\/entenda\/\" title=\"Read Entenda a LOA e o PPA\">Ler mais &raquo;<\/a><\/p>\n","protected":false},"author":733,"featured_media":0,"parent":0,"menu_order":0,"comment_status":"closed","ping_status":"closed","template":"","meta":{"_acf_changed":false,"footnotes":""},"class_list":["post-9","page","type-page","status-publish","hentry"],"acf":[],"_links":{"self":[{"href":"https:\/\/www.saopaulo.sp.leg.br\/orcamento2026\/wp-json\/wp\/v2\/pages\/9","targetHints":{"allow":["GET"]}}],"collection":[{"href":"https:\/\/www.saopaulo.sp.leg.br\/orcamento2026\/wp-json\/wp\/v2\/pages"}],"about":[{"href":"https:\/\/www.saopaulo.sp.leg.br\/orcamento2026\/wp-json\/wp\/v2\/types\/page"}],"author":[{"embeddable":true,"href":"https:\/\/www.saopaulo.sp.leg.br\/orcamento2026\/wp-json\/wp\/v2\/users\/733"}],"replies":[{"embeddable":true,"href":"https:\/\/www.saopaulo.sp.leg.br\/orcamento2026\/wp-json\/wp\/v2\/comments?post=9"}],"version-history":[{"count":5,"href":"https:\/\/www.saopaulo.sp.leg.br\/orcamento2026\/wp-json\/wp\/v2\/pages\/9\/revisions"}],"predecessor-version":[{"id":278,"href":"https:\/\/www.saopaulo.sp.leg.br\/orcamento2026\/wp-json\/wp\/v2\/pages\/9\/revisions\/278"}],"wp:attachment":[{"href":"https:\/\/www.saopaulo.sp.leg.br\/orcamento2026\/wp-json\/wp\/v2\/media?parent=9"}],"curies":[{"name":"wp","href":"https:\/\/api.w.org\/{rel}","templated":true}]}}