{"id":7,"date":"2025-04-11T15:28:39","date_gmt":"2025-04-11T18:28:39","guid":{"rendered":"https:\/\/www.saopaulo.sp.leg.br\/orcamento2026\/?page_id=7"},"modified":"2026-01-13T11:33:11","modified_gmt":"2026-01-13T14:33:11","slug":"home","status":"publish","type":"page","link":"https:\/\/www.saopaulo.sp.leg.br\/orcamento2026\/","title":{"rendered":"Home"},"content":{"rendered":"<h1>A LOA (Lei Or\u00e7ament\u00e1ria Anual) \u00e9 aprovada pela C\u00e2mara Municipal de S\u00e3o Paulo todos os anos, ao final do 2\u00ba semestre.<\/h1>\n<p>Apresentada pela Prefeitura, a <strong>proposta de Or\u00e7amento<\/strong> \u00e9 debatida com a popula\u00e7\u00e3o em Audi\u00eancias P\u00fablicas tem\u00e1ticas e gerais, tornando a distribui\u00e7\u00e3o or\u00e7ament\u00e1ria da cidade mais adequada com as necessidades dos paulistanos.<\/p>\n<p>Importante lembrar que constru\u00e7\u00e3o do or\u00e7amento j\u00e1 come\u00e7a com a <strong>LDO (Lei de Diretrizes Or\u00e7ament\u00e1rias)<\/strong>, sempre discutida e aprovada no 1\u00ba semestre de cada ano. Em 2025, al\u00e9m da proposta or\u00e7ament\u00e1ria o Legislativo paulistano tamb\u00e9m discute o <strong>PPA (Plano Plurianual)<\/strong>, referente ao per\u00edodo entre <strong>2026 e 2029<\/strong>.<\/p>\n<p>Ap\u00f3s a tramita\u00e7\u00e3o, o <strong>or\u00e7amento de 2026<\/strong> foi aprovado e tornou-se a <a href=\"https:\/\/app-plpconsulta-prd.azurewebsites.net\/Forms\/MostrarArquivo?ID=24415&amp;TipArq=1\" target=\"_blank\" rel=\"noopener\">Lei n\u00ba 18.377, de 29 de dezembro de 2025<\/a>. J\u00e1 o <strong>PPA 2026-2029<\/strong> est\u00e1 definido por meio da <a href=\"https:\/\/app-plpconsulta-prd.azurewebsites.net\/Forms\/MostrarArquivo?ID=24414&amp;TipArq=1\" target=\"_blank\" rel=\"noopener\">Lei n\u00ba 18.376, de 29 de dezembro de 2025.<\/a><\/p>\n","protected":false},"excerpt":{"rendered":"<p>A LOA (Lei Or\u00e7ament\u00e1ria Anual) \u00e9 aprovada pela C\u00e2mara Municipal de S\u00e3o Paulo todos os anos, ao final do 2\u00ba semestre. Apresentada pela Prefeitura, a proposta de Or\u00e7amento \u00e9 debatida com a popula\u00e7\u00e3o em Audi\u00eancias P\u00fablicas tem\u00e1ticas e gerais, tornando a distribui\u00e7\u00e3o or\u00e7ament\u00e1ria da cidade mais adequada com as necessidades dos paulistanos. Importante lembrar que&#8230;  <a class=\"excerpt-read-more\" href=\"https:\/\/www.saopaulo.sp.leg.br\/orcamento2026\/\" title=\"Read Home\">Ler mais &raquo;<\/a><\/p>\n","protected":false},"author":733,"featured_media":0,"parent":0,"menu_order":0,"comment_status":"closed","ping_status":"closed","template":"page-home.php","meta":{"_acf_changed":false,"footnotes":""},"class_list":["post-7","page","type-page","status-publish","hentry"],"acf":[],"_links":{"self":[{"href":"https:\/\/www.saopaulo.sp.leg.br\/orcamento2026\/wp-json\/wp\/v2\/pages\/7","targetHints":{"allow":["GET"]}}],"collection":[{"href":"https:\/\/www.saopaulo.sp.leg.br\/orcamento2026\/wp-json\/wp\/v2\/pages"}],"about":[{"href":"https:\/\/www.saopaulo.sp.leg.br\/orcamento2026\/wp-json\/wp\/v2\/types\/page"}],"author":[{"embeddable":true,"href":"https:\/\/www.saopaulo.sp.leg.br\/orcamento2026\/wp-json\/wp\/v2\/users\/733"}],"replies":[{"embeddable":true,"href":"https:\/\/www.saopaulo.sp.leg.br\/orcamento2026\/wp-json\/wp\/v2\/comments?post=7"}],"version-history":[{"count":5,"href":"https:\/\/www.saopaulo.sp.leg.br\/orcamento2026\/wp-json\/wp\/v2\/pages\/7\/revisions"}],"predecessor-version":[{"id":606,"href":"https:\/\/www.saopaulo.sp.leg.br\/orcamento2026\/wp-json\/wp\/v2\/pages\/7\/revisions\/606"}],"wp:attachment":[{"href":"https:\/\/www.saopaulo.sp.leg.br\/orcamento2026\/wp-json\/wp\/v2\/media?parent=7"}],"curies":[{"name":"wp","href":"https:\/\/api.w.org\/{rel}","templated":true}]}}