{"id":25,"date":"2025-10-06T11:07:25","date_gmt":"2025-10-06T14:07:25","guid":{"rendered":"https:\/\/www.saopaulo.sp.leg.br\/orcamento2026\/?page_id=25"},"modified":"2025-12-04T19:11:48","modified_gmt":"2025-12-04T22:11:48","slug":"participe","status":"publish","type":"page","link":"https:\/\/www.saopaulo.sp.leg.br\/orcamento2026\/participe\/","title":{"rendered":"Participe!"},"content":{"rendered":"<div class=\"box-content-base\">\n<h2>Voc\u00ea faz parte das decis\u00f5es de S\u00e3o Paulo<\/h2>\n<p>As <strong>Audi\u00eancias P\u00fablicas do Or\u00e7amento 2026<\/strong> s\u00e3o o momento em que cada morador de S\u00e3o Paulo pode <strong>contribuir<\/strong> para definir os rumos da cidade. \u00c9 o espa\u00e7o para apresentar <strong>ideias, propor melhorias e acompanhar de perto como o dinheiro p\u00fablico ser\u00e1 aplicado<\/strong> nas \u00e1reas que <strong>impactam o dia a dia<\/strong> da popula\u00e7\u00e3o \u2014 como educa\u00e7\u00e3o, sa\u00fade, transporte, cultura e infraestrutura.<\/p>\n<p><strong>Fa\u00e7a parte desse di\u00e1logo<\/strong> e ajude a construir uma S\u00e3o Paulo mais justa e transparente! Lembrando que neste ano, a programa\u00e7\u00e3o de debates tamb\u00e9m inclui o <strong>PPA (Plano Plurianual)<\/strong>, referente ao per\u00edodo entre 2026 e 2029.<\/p>\n<p><strong>Sua voz move a cidade.<\/strong><br \/>\n<strong>S\u00e3o Paulo Decide.<\/strong><\/p>\n<\/div>\n<div class=\"box-content-base\">\n<h2>Participe das Audi\u00eancias P\u00fablicas do Or\u00e7amento 2026 e do PPA 2026-2029<\/h2>\n<p><strong>Sua opini\u00e3o ajuda a construir uma cidade melhor<\/strong>. Nas audi\u00eancias realizadas na C\u00e2mara, al\u00e9m da <strong>participa\u00e7\u00e3o presencial<\/strong>, \u00e9 poss\u00edvel contribuir por meio de um <strong>formul\u00e1rio digital<\/strong> ou por <strong>videoconfer\u00eancia<\/strong>.<\/p>\n<\/div>\n<div style=\"clear: both\"><strong><a class=\"sublink\" href=\"https:\/\/www.saopaulo.sp.leg.br\/orcamento2026\/audiencias-publicas\/\" target=\"_blank\" rel=\"noopener noreferrer\"><span class=\"bairro\">Participe<\/span> presencialmente<\/a><\/strong><a class=\"sublink\" href=\"https:\/\/www.saopaulo.sp.leg.br\/audienciaspublicas\/inscricoes\/\" target=\"_blank\" rel=\"noopener noreferrer\"><span class=\"bairro\">Inscreva-se para <\/span> participar por videoconfer\u00eancia<\/a><a class=\"sublink\" href=\"https:\/\/www.saopaulo.sp.leg.br\/orcamento2026\/envie-suas-sugestoes\/\" rel=\"noopener noreferrer\"><span class=\"bairro\">Envie suas sugest\u00f5es <\/span> pelo formul\u00e1rio digital<\/a><\/div>\n","protected":false},"excerpt":{"rendered":"<p>Voc\u00ea faz parte das decis\u00f5es de S\u00e3o Paulo As Audi\u00eancias P\u00fablicas do Or\u00e7amento 2026 s\u00e3o o momento em que cada morador de S\u00e3o Paulo pode contribuir para definir os rumos da cidade. \u00c9 o espa\u00e7o para apresentar ideias, propor melhorias e acompanhar de perto como o dinheiro p\u00fablico ser\u00e1 aplicado nas \u00e1reas que impactam o&#8230;  <a class=\"excerpt-read-more\" href=\"https:\/\/www.saopaulo.sp.leg.br\/orcamento2026\/participe\/\" title=\"Read Participe!\">Ler mais &raquo;<\/a><\/p>\n","protected":false},"author":733,"featured_media":0,"parent":0,"menu_order":0,"comment_status":"closed","ping_status":"closed","template":"page-participe.php","meta":{"_acf_changed":false,"footnotes":""},"class_list":["post-25","page","type-page","status-publish","hentry"],"acf":[],"_links":{"self":[{"href":"https:\/\/www.saopaulo.sp.leg.br\/orcamento2026\/wp-json\/wp\/v2\/pages\/25","targetHints":{"allow":["GET"]}}],"collection":[{"href":"https:\/\/www.saopaulo.sp.leg.br\/orcamento2026\/wp-json\/wp\/v2\/pages"}],"about":[{"href":"https:\/\/www.saopaulo.sp.leg.br\/orcamento2026\/wp-json\/wp\/v2\/types\/page"}],"author":[{"embeddable":true,"href":"https:\/\/www.saopaulo.sp.leg.br\/orcamento2026\/wp-json\/wp\/v2\/users\/733"}],"replies":[{"embeddable":true,"href":"https:\/\/www.saopaulo.sp.leg.br\/orcamento2026\/wp-json\/wp\/v2\/comments?post=25"}],"version-history":[{"count":6,"href":"https:\/\/www.saopaulo.sp.leg.br\/orcamento2026\/wp-json\/wp\/v2\/pages\/25\/revisions"}],"predecessor-version":[{"id":602,"href":"https:\/\/www.saopaulo.sp.leg.br\/orcamento2026\/wp-json\/wp\/v2\/pages\/25\/revisions\/602"}],"wp:attachment":[{"href":"https:\/\/www.saopaulo.sp.leg.br\/orcamento2026\/wp-json\/wp\/v2\/media?parent=25"}],"curies":[{"name":"wp","href":"https:\/\/api.w.org\/{rel}","templated":true}]}}