{"id":19,"date":"2025-04-11T15:34:05","date_gmt":"2025-04-11T18:34:05","guid":{"rendered":"https:\/\/www.saopaulo.sp.leg.br\/orcamento2026\/?page_id=19"},"modified":"2025-10-30T14:23:34","modified_gmt":"2025-10-30T17:23:34","slug":"comissao","status":"publish","type":"page","link":"https:\/\/www.saopaulo.sp.leg.br\/orcamento2026\/comissao\/","title":{"rendered":"Comiss\u00e3o"},"content":{"rendered":"<h2>O que \u00e9 a Comiss\u00e3o de Finan\u00e7as?<\/h2>\n<p>\u00c9 de responsabilidade da <strong>Comiss\u00e3o de Finan\u00e7as e Or\u00e7amento da C\u00e2mara Municipal de S\u00e3o Paulo<\/strong> garantir o amplo debate sobre a <strong>LDO (Lei de Diretrizes Or\u00e7ament\u00e1rias) e a LOA (Lei Or\u00e7ament\u00e1ria Anual)<\/strong>, al\u00e9m de outras mat\u00e9rias or\u00e7ament\u00e1rias, como o <strong>PPA (Plano Plurianual)<\/strong>.<\/p>\n<p>Atualmente, a Comiss\u00e3o tem em sua composi\u00e7\u00e3o o presidente <strong>Jair Tatto (PT)<\/strong>, a vice-presidente <strong>Ana Carolina Oliveira (PODE)<\/strong>, e os membros <strong>Andr\u00e9 Santos (REPUBLICANOS), Dheison Silva (PT), Dra. Sandra Tadeu (PL), Keit Lima (PSOL), Major Palumbo (PP), Marcelo Messias (MDB) e Silvinho Leite (UNI\u00c3O)<\/strong>. <\/p>\n<p>Para <strong>relatar a LDO<\/strong>, o colegiado designou o vereador <strong>Major Palumbo<\/strong>. Para a <strong>LOA<\/strong>, o <strong>relator<\/strong> escolhido foi o vereador <strong>Marcelo Messias<\/strong> e para o <strong>PPA<\/strong>, a Comiss\u00e3o indicou para a <strong>relatoria<\/strong> o vereador <strong>Silvinho Leite<\/strong>.<\/p>\n<p>Saiba mais sobre os vereadores que comp\u00f5em o colegiado clicando\u00a0<a href=\"http:\/\/www.saopaulo.sp.leg.br\/comissao\/comissoes-do-processo-legislativo\/comissao-de-financas-e-orcamento\/\" target=\"_blank\" rel=\"noopener noreferrer\" data-auth=\"NotApplicable\">aqui<\/a>.<\/p>\n","protected":false},"excerpt":{"rendered":"<p>O que \u00e9 a Comiss\u00e3o de Finan\u00e7as? \u00c9 de responsabilidade da Comiss\u00e3o de Finan\u00e7as e Or\u00e7amento da C\u00e2mara Municipal de S\u00e3o Paulo garantir o amplo debate sobre a LDO (Lei de Diretrizes Or\u00e7ament\u00e1rias) e a LOA (Lei Or\u00e7ament\u00e1ria Anual), al\u00e9m de outras mat\u00e9rias or\u00e7ament\u00e1rias, como o PPA (Plano Plurianual). Atualmente, a Comiss\u00e3o tem em sua&#8230;  <a class=\"excerpt-read-more\" href=\"https:\/\/www.saopaulo.sp.leg.br\/orcamento2026\/comissao\/\" title=\"Read Comiss\u00e3o\">Ler mais &raquo;<\/a><\/p>\n","protected":false},"author":733,"featured_media":0,"parent":0,"menu_order":0,"comment_status":"closed","ping_status":"closed","template":"","meta":{"_acf_changed":false,"footnotes":""},"class_list":["post-19","page","type-page","status-publish","hentry"],"acf":[],"_links":{"self":[{"href":"https:\/\/www.saopaulo.sp.leg.br\/orcamento2026\/wp-json\/wp\/v2\/pages\/19","targetHints":{"allow":["GET"]}}],"collection":[{"href":"https:\/\/www.saopaulo.sp.leg.br\/orcamento2026\/wp-json\/wp\/v2\/pages"}],"about":[{"href":"https:\/\/www.saopaulo.sp.leg.br\/orcamento2026\/wp-json\/wp\/v2\/types\/page"}],"author":[{"embeddable":true,"href":"https:\/\/www.saopaulo.sp.leg.br\/orcamento2026\/wp-json\/wp\/v2\/users\/733"}],"replies":[{"embeddable":true,"href":"https:\/\/www.saopaulo.sp.leg.br\/orcamento2026\/wp-json\/wp\/v2\/comments?post=19"}],"version-history":[{"count":5,"href":"https:\/\/www.saopaulo.sp.leg.br\/orcamento2026\/wp-json\/wp\/v2\/pages\/19\/revisions"}],"predecessor-version":[{"id":295,"href":"https:\/\/www.saopaulo.sp.leg.br\/orcamento2026\/wp-json\/wp\/v2\/pages\/19\/revisions\/295"}],"wp:attachment":[{"href":"https:\/\/www.saopaulo.sp.leg.br\/orcamento2026\/wp-json\/wp\/v2\/media?parent=19"}],"curies":[{"name":"wp","href":"https:\/\/api.w.org\/{rel}","templated":true}]}}