{"id":12,"date":"2025-04-11T15:30:14","date_gmt":"2025-04-11T18:30:14","guid":{"rendered":"https:\/\/www.saopaulo.sp.leg.br\/orcamento2026\/?page_id=12"},"modified":"2025-11-12T16:45:06","modified_gmt":"2025-11-12T19:45:06","slug":"arquivos","status":"publish","type":"page","link":"https:\/\/www.saopaulo.sp.leg.br\/orcamento2026\/arquivos\/","title":{"rendered":"Arquivos"},"content":{"rendered":"<p style=\"text-align: center\">Consulte aqui os arquivos relacionados \u00e0 constru\u00e7\u00e3o da <strong>Lei Or\u00e7ament\u00e1ria Anual<\/strong> e ao <strong>Plano Plurianual<\/strong><\/p>\n","protected":false},"excerpt":{"rendered":"<p>Consulte aqui os arquivos relacionados \u00e0 constru\u00e7\u00e3o da Lei Or\u00e7ament\u00e1ria Anual e ao Plano Plurianual<\/p>\n","protected":false},"author":733,"featured_media":0,"parent":0,"menu_order":0,"comment_status":"closed","ping_status":"closed","template":"page-downloads.php","meta":{"_acf_changed":false,"footnotes":""},"class_list":["post-12","page","type-page","status-publish","hentry"],"acf":[],"_links":{"self":[{"href":"https:\/\/www.saopaulo.sp.leg.br\/orcamento2026\/wp-json\/wp\/v2\/pages\/12","targetHints":{"allow":["GET"]}}],"collection":[{"href":"https:\/\/www.saopaulo.sp.leg.br\/orcamento2026\/wp-json\/wp\/v2\/pages"}],"about":[{"href":"https:\/\/www.saopaulo.sp.leg.br\/orcamento2026\/wp-json\/wp\/v2\/types\/page"}],"author":[{"embeddable":true,"href":"https:\/\/www.saopaulo.sp.leg.br\/orcamento2026\/wp-json\/wp\/v2\/users\/733"}],"replies":[{"embeddable":true,"href":"https:\/\/www.saopaulo.sp.leg.br\/orcamento2026\/wp-json\/wp\/v2\/comments?post=12"}],"version-history":[{"count":1,"href":"https:\/\/www.saopaulo.sp.leg.br\/orcamento2026\/wp-json\/wp\/v2\/pages\/12\/revisions"}],"predecessor-version":[{"id":253,"href":"https:\/\/www.saopaulo.sp.leg.br\/orcamento2026\/wp-json\/wp\/v2\/pages\/12\/revisions\/253"}],"wp:attachment":[{"href":"https:\/\/www.saopaulo.sp.leg.br\/orcamento2026\/wp-json\/wp\/v2\/media?parent=12"}],"curies":[{"name":"wp","href":"https:\/\/api.w.org\/{rel}","templated":true}]}}