{"id":17,"date":"2022-06-23T14:13:51","date_gmt":"2022-06-23T17:13:51","guid":{"rendered":"https:\/\/www.saopaulo.sp.leg.br\/orcamento2023\/?page_id=17"},"modified":"2023-06-02T17:43:03","modified_gmt":"2023-06-02T20:43:03","slug":"arquivos","status":"publish","type":"page","link":"https:\/\/www.saopaulo.sp.leg.br\/orcamento2023\/arquivos\/","title":{"rendered":"Arquivos"},"content":{"rendered":"<h3 style=\"text-align: center\">Consulte aqui todos os arquivos relacionados \u00e0 constru\u00e7\u00e3o da Lei Or\u00e7ament\u00e1ria Anual.<\/h3>\n<p><a class=\"linkDestaque\" href=\"https:\/\/plpconsulta.saopaulo.sp.leg.br\/Forms\/MostrarArquivo?ID=17156&amp;TipArq=1\" target=\"_blank\" rel=\"noopener noreferrer\">Lei n\u00ba 17.876\/2022 &#8211; Or\u00e7amento 2023<\/a><\/p>\n<p><a class=\"linkDestaque\" href=\"https:\/\/splegisconsulta.saopaulo.sp.leg.br\/Pesquisa\/DetailsDetalhado?COD_MTRA_LEGL=1&amp;ANO_PCSS_CMSP=2022&amp;COD_PCSS_CMSP=277\" target=\"_blank\" rel=\"noopener noreferrer\">Relat\u00f3rio Detalhado \u2013 PL 277\/2022 &#8211; Lei de Diretrizes Or\u00e7ament\u00e1rias<\/a><\/p>\n<p><a class=\"linkDestaque\" href=\"https:\/\/splegisconsulta.saopaulo.sp.leg.br\/Pesquisa\/DetailsDetalhado?COD_MTRA_LEGL=1&amp;COD_PCSS_CMSP=579&amp;ANO_PCSS_CMSP=2022\" target=\"_blank\" rel=\"noopener noreferrer\">Relat\u00f3rio Detalhado &#8211; PL 579\/2022 &#8211; Lei Or\u00e7ament\u00e1ria Anual<\/a><\/p>\n<p><a class=\"linkDestaque\" href=\"https:\/\/www.saopaulo.sp.leg.br\/orcamento2023\/wp-content\/uploads\/sites\/49\/2022\/10\/26-10-22-Apresentacao-SMF-1a-Geral.pdf\" target=\"_blank\" rel=\"noopener noreferrer\">Apresentac\u0327a\u0303o SMF &#8211; 1\u00aa Geral &#8211; 26-10-22 <\/a><\/p>\n<p><a class=\"linkDestaque\" href=\"https:\/\/www.saopaulo.sp.leg.br\/orcamento2023\/wp-content\/uploads\/sites\/49\/2022\/10\/27-10-22-Apresentac\u0327a\u0303o-Habitac\u0327a\u0303o-1a-Tema\u0301tica.pptx-compactado.pdf\" target=\"_blank\" rel=\"noopener noreferrer\">Apresentac\u0327a\u0303o Habitac\u0327a\u0303o &#8211; 1\u00aa Tema\u0301tica &#8211; 27-10-22 <\/a><\/p>\n<p><a class=\"linkDestaque\" href=\"https:\/\/www.saopaulo.sp.leg.br\/orcamento2023\/wp-content\/uploads\/sites\/49\/2022\/10\/27-10-22-Apresentacao-Inovacao-e-Tecnologia-1a-Tematica.pdf\" target=\"_blank\" rel=\"noopener noreferrer\">Apresenta\u00e7\u00e3o Inova\u00e7\u00e3o e Tecnologia &#8211; 1\u00aa Tem\u00e1tica &#8211; 27-10-22 <\/a><\/p>\n<p><a class=\"linkDestaque\" href=\"https:\/\/www.saopaulo.sp.leg.br\/orcamento2023\/wp-content\/uploads\/sites\/49\/2022\/10\/27-10-22-Apresentacao-Pessoa-com-Deficiencia-1a-Tematica.pdf\" target=\"_blank\" rel=\"noopener noreferrer\">Apresenta\u00e7\u00e3o Pessoa com Defici\u00eancia &#8211; 1\u00aa Tem\u00e1tica &#8211; 27-10-22 <\/a><\/p>\n<p><a class=\"linkDestaque\" href=\"https:\/\/www.saopaulo.sp.leg.br\/orcamento2023\/wp-content\/uploads\/sites\/49\/2022\/11\/08-11-22-Apresentac\u0327a\u0303o-SMC-2a-Tema\u0301tica.pdf\" target=\"_blank\" rel=\"noopener noreferrer\">Apresentac\u0327a\u0303o SMC &#8211; 2\u00aa Tema\u0301tica &#8211; 08-11-22 <\/a><\/p>\n<p><a class=\"linkDestaque\" href=\"https:\/\/www.saopaulo.sp.leg.br\/orcamento2023\/wp-content\/uploads\/sites\/49\/2022\/11\/08-11-22-Apresentac\u0327a\u0303o-SPCine-2a-Tema\u0301tica.pptx\" target=\"_blank\" rel=\"noopener noreferrer\">Apresenta\u00e7\u00e3o SPCine &#8211; 2\u00aa Tem\u00e1tica &#8211; 08-11-22 <\/a><\/p>\n<p><a class=\"linkDestaque\" href=\"https:\/\/www.saopaulo.sp.leg.br\/orcamento2023\/wp-content\/uploads\/sites\/49\/2022\/11\/08-11-22-Apresentac\u0327a\u0303o-Theatro-Municipal-2a-Tema\u0301tica.pptx\" target=\"_blank\" rel=\"noopener noreferrer\">Apresenta\u00e7\u00e3o Theatro Municipal &#8211; 2\u00aa Tem\u00e1tica &#8211; 08-11-22 <\/a><\/p>\n<p><a class=\"linkDestaque\" href=\"https:\/\/www.saopaulo.sp.leg.br\/orcamento2023\/wp-content\/uploads\/sites\/49\/2022\/11\/09-11-22-Apresentacao-Trabalho-3a-Tematica.pdf\" target=\"_blank\" rel=\"noopener noreferrer\">Apresenta\u00e7\u00e3o Trabalho &#8211; 3\u00aa Tem\u00e1tica &#8211; 09-11-22 <\/a><\/p>\n<p><a class=\"linkDestaque\" href=\"https:\/\/www.saopaulo.sp.leg.br\/orcamento2023\/wp-content\/uploads\/sites\/49\/2022\/11\/10-11-22-Apresentacao-Saude-4a-Tematica.pptx\" target=\"_blank\" rel=\"noopener noreferrer\">Apresenta\u00e7\u00e3o Sa\u00fade &#8211; 4\u00aa Tem\u00e1tica &#8211; 10-11-22 <\/a><\/p>\n<p><a class=\"linkDestaque\" href=\"https:\/\/www.saopaulo.sp.leg.br\/orcamento2023\/wp-content\/uploads\/sites\/49\/2022\/11\/16-11-22-Apresentacao-Secretaria-de-Transito-5a-Tematica.pdf\" target=\"_blank\" rel=\"noopener noreferrer\">Apresenta\u00e7\u00e3o Tr\u00e2nsito &#8211; 5\u00aa Tem\u00e1tica &#8211; 16-11-22 <\/a><\/p>\n<p><a class=\"linkDestaque\" href=\"https:\/\/www.saopaulo.sp.leg.br\/orcamento2023\/wp-content\/uploads\/sites\/49\/2022\/11\/16-11-22-Apresentacao-Seguranca-Urbana-5a-Tematica.pdf\" target=\"_blank\" rel=\"noopener noreferrer\">Apresentac\u0327a\u0303o Seguranc\u0327a Urbana &#8211; 5\u00aa Tema\u0301tica &#8211; 16-11-22 <\/a><\/p>\n<p><a class=\"linkDestaque\" href=\"https:\/\/www.saopaulo.sp.leg.br\/orcamento2023\/wp-content\/uploads\/sites\/49\/2022\/11\/17-11-22-Apresentacao-SMADS-6a-Tematica.pdf\" target=\"_blank\" rel=\"noopener noreferrer\">Apresenta\u00e7\u00e3o SMADS &#8211; 6\u00aa Tem\u00e1tica &#8211; 17-11-22 <\/a><\/p>\n<p><a class=\"linkDestaque\" href=\"https:\/\/www.saopaulo.sp.leg.br\/orcamento2023\/wp-content\/uploads\/sites\/49\/2022\/11\/17-11-22-Apresentacao-SMDireitos-Humanos-6a-Tematica.pptx\" target=\"_blank\" rel=\"noopener noreferrer\">Apresenta\u00e7\u00e3o SM Direitos Humanos &#8211; 6\u00aa Tem\u00e1tica &#8211; 17-11-22 <\/a><\/p>\n<p><a class=\"linkDestaque\" href=\"https:\/\/www.saopaulo.sp.leg.br\/orcamento2023\/wp-content\/uploads\/sites\/49\/2022\/11\/22-11-22-Apresentacao-SM-Educacao-7a-Tematica.pdf\" target=\"_blank\" rel=\"noopener noreferrer\">Apresenta\u00e7\u00e3o SM Educa\u00e7\u00e3o &#8211; 7\u00aa Tem\u00e1tica &#8211; 22-11-22 <\/a><\/p>\n<p><a class=\"linkDestaque\" href=\"https:\/\/www.saopaulo.sp.leg.br\/orcamento2023\/wp-content\/uploads\/sites\/49\/2022\/11\/23-11-22-Apresentacao-SIURB-8a-Tematica.pptx\" target=\"_blank\" rel=\"noopener noreferrer\">Apresenta\u00e7\u00e3o SIURB &#8211; 8\u00aa Tem\u00e1tica &#8211; 23-11-22 <\/a><\/p>\n","protected":false},"excerpt":{"rendered":"<p>Consulte aqui todos os arquivos relacionados \u00e0 constru\u00e7\u00e3o da Lei Or\u00e7ament\u00e1ria Anual. Lei n\u00ba 17.876\/2022 &#8211; Or\u00e7amento 2023 Relat\u00f3rio Detalhado \u2013 PL 277\/2022 &#8211; Lei de Diretrizes Or\u00e7ament\u00e1rias Relat\u00f3rio Detalhado &#8211; PL 579\/2022 &#8211; Lei Or\u00e7ament\u00e1ria Anual Apresentac\u0327a\u0303o SMF &#8211; 1\u00aa Geral &#8211; 26-10-22 Apresentac\u0327a\u0303o Habitac\u0327a\u0303o &#8211; 1\u00aa Tema\u0301tica &#8211; 27-10-22 Apresenta\u00e7\u00e3o Inova\u00e7\u00e3o e Tecnologia&#8230;  <a class=\"excerpt-read-more\" href=\"https:\/\/www.saopaulo.sp.leg.br\/orcamento2023\/arquivos\/\" title=\"Read Arquivos\">Ler mais &raquo;<\/a><\/p>\n","protected":false},"author":733,"featured_media":0,"parent":0,"menu_order":0,"comment_status":"closed","ping_status":"closed","template":"page-baixar-arquivos.php","meta":{"_acf_changed":false,"footnotes":""},"class_list":["post-17","page","type-page","status-publish","hentry"],"acf":[],"_links":{"self":[{"href":"https:\/\/www.saopaulo.sp.leg.br\/orcamento2023\/wp-json\/wp\/v2\/pages\/17","targetHints":{"allow":["GET"]}}],"collection":[{"href":"https:\/\/www.saopaulo.sp.leg.br\/orcamento2023\/wp-json\/wp\/v2\/pages"}],"about":[{"href":"https:\/\/www.saopaulo.sp.leg.br\/orcamento2023\/wp-json\/wp\/v2\/types\/page"}],"author":[{"embeddable":true,"href":"https:\/\/www.saopaulo.sp.leg.br\/orcamento2023\/wp-json\/wp\/v2\/users\/733"}],"replies":[{"embeddable":true,"href":"https:\/\/www.saopaulo.sp.leg.br\/orcamento2023\/wp-json\/wp\/v2\/comments?post=17"}],"version-history":[{"count":0,"href":"https:\/\/www.saopaulo.sp.leg.br\/orcamento2023\/wp-json\/wp\/v2\/pages\/17\/revisions"}],"wp:attachment":[{"href":"https:\/\/www.saopaulo.sp.leg.br\/orcamento2023\/wp-json\/wp\/v2\/media?parent=17"}],"curies":[{"name":"wp","href":"https:\/\/api.w.org\/{rel}","templated":true}]}}