{"id":27,"date":"2021-05-03T18:21:31","date_gmt":"2021-05-03T21:21:31","guid":{"rendered":"https:\/\/www.saopaulo.sp.leg.br\/orcamento2022\/?page_id=27"},"modified":"2024-05-28T10:45:26","modified_gmt":"2024-05-28T13:45:26","slug":"comissao","status":"publish","type":"page","link":"https:\/\/www.saopaulo.sp.leg.br\/orcamento2022\/comissao\/","title":{"rendered":"Comiss\u00e3o"},"content":{"rendered":"<h2><strong>O que \u00e9 a Comiss\u00e3o de Finan\u00e7as?<\/strong><\/h2>\n<p>\u00c9 de responsabilidade da <strong>Comiss\u00e3o de Finan\u00e7as e Or\u00e7amento (CFO)<\/strong> da C\u00e2mara Municipal de S\u00e3o Paulo garantir o amplo debate sobre a <strong>LOA (Lei Or\u00e7ament\u00e1ria Anual)<\/strong>.<\/p>\n<p>Atualmente, a Comiss\u00e3o tem em sua composi\u00e7\u00e3o o presidente <strong>Jair Tatto (PT)<\/strong>, o vice-presidente <strong>At\u00edlio Francisco (REPUBLICANOS)<\/strong>, e os membros <strong>Delegado Palumbo (MDB), Dr. Sidney Cruz (Solidariedade), Elaine do Quilombo Perif\u00e9rico (PSOL), Fernando Holiday (NOVO), Isac F\u00e9lix (PL), Jana\u00edna Lima (NOVO) e Marcelo Messias (MDB)<\/strong>. Para relatar a LOA, o colegiado designou o vereador <strong>At\u00edlio Francisco<\/strong>.<\/p>\n<p>Saiba mais sobre os vereadores que comp\u00f5em o colegiado clicando\u00a0<a href=\"http:\/\/www.saopaulo.sp.leg.br\/comissao\/comissoes-do-processo-legislativo\/comissao-de-financas-e-orcamento\/\" target=\"_blank\" rel=\"noopener noreferrer\" data-auth=\"NotApplicable\">aqui<\/a>.<\/p>\n<h2><strong>Composi\u00e7\u00e3o da Comiss\u00e3o de Finan\u00e7as<\/strong><\/h2>\n<div class=\"aup_comissao\">\n<div class=\"foto\"><span class=\"partido\"><img decoding=\"async\" class=\"alignnone\" title=\"PT\" src=\"https:\/\/saopaulo.sp.leg.br\/wp-content\/uploads\/2017\/02\/pt.png\" width=\"40\" \/><\/span><img decoding=\"async\" class=\"aligncenter wp-image-607 size-full\" src=\"https:\/\/www.saopaulo.sp.leg.br\/orcamento2022\/wp-content\/uploads\/sites\/42\/2021\/10\/jair.jpg\" alt=\"\" \/><\/div>\n<div class=\"verea\"><span class=\"nome\">Jair Tatto<\/span><span class=\"cargo\">Presidente<\/span><\/div>\n<\/div>\n<div class=\"aup_comissao\">\n<div class=\"foto\"><span class=\"partido\"><img decoding=\"async\" class=\"alignnone\" title=\"Republicanos\" src=\"https:\/\/www.saopaulo.sp.leg.br\/wp-content\/uploads\/2017\/02\/Republicanos.png\" width=\"40\" \/><\/span><img decoding=\"async\" class=\"aligncenter wp-image-607 size-full\" src=\"https:\/\/www.saopaulo.sp.leg.br\/orcamento2022\/wp-content\/uploads\/sites\/42\/2021\/10\/atilio.jpg\" alt=\"\" \/><\/div>\n<div class=\"verea\"><span class=\"nome\">Atilio Francisco<\/span><span class=\"cargo\">Vice-Presidente e Relator<\/span><\/div>\n<\/div>\n<div class=\"aup_comissao\">\n<div class=\"foto\"><span class=\"partido\"><img decoding=\"async\" class=\"alignnone\" title=\"MDB\" src=\"https:\/\/www.saopaulo.sp.leg.br\/wp-content\/uploads\/2017\/02\/mdb_p.jpg\" width=\"40\" \/><\/span><img decoding=\"async\" class=\"aligncenter wp-image-607 size-full\" src=\"https:\/\/www.saopaulo.sp.leg.br\/orcamento2022\/wp-content\/uploads\/sites\/42\/2021\/10\/delegado.jpg\" alt=\"\" \/><\/div>\n<div class=\"verea\"><span class=\"nome\">Delegado Palumbo<\/span><span class=\"cargo\">Membro<\/span><\/div>\n<\/div>\n<div class=\"aup_comissao\">\n<div class=\"foto\"><span class=\"partido\"><img decoding=\"async\" class=\"alignnone\" title=\"Solidariedade\" src=\"https:\/\/www.saopaulo.sp.leg.br\/wp-content\/uploads\/2021\/01\/solidariedade-pq.jpg\" width=\"40\" \/><\/span><img decoding=\"async\" class=\"aligncenter wp-image-607 size-full\" src=\"https:\/\/www.saopaulo.sp.leg.br\/orcamento2022\/wp-content\/uploads\/sites\/42\/2021\/10\/sidney.jpg\" alt=\"\" \/><\/div>\n<div class=\"verea\"><span class=\"nome\">Dr. Sidney Cruz<\/span><span class=\"cargo\">Membro<\/span><\/div>\n<\/div>\n<div class=\"aup_comissao\">\n<div class=\"foto\"><span class=\"partido\"><img decoding=\"async\" class=\"alignnone\" title=\"Psol\" src=\"https:\/\/www.saopaulo.sp.leg.br\/wp-content\/uploads\/2017\/02\/psol.png\" width=\"40\" \/><\/span><img decoding=\"async\" class=\"aligncenter wp-image-607 size-full\" src=\"https:\/\/www.saopaulo.sp.leg.br\/wp-content\/uploads\/2020\/12\/Copia-de-Copia-de-Sem-nome.png\" alt=\"\" \/><\/div>\n<div class=\"verea\"><span class=\"nome\">Elaine do Quilombo Perif\u00e9rico<\/span><span class=\"cargo\">Membro<\/span><\/div>\n<\/div>\n<div class=\"aup_comissao\">\n<div class=\"foto\"><span class=\"partido\"><img decoding=\"async\" class=\"alignnone\" title=\"Novo\" src=\"https:\/\/www.saopaulo.sp.leg.br\/wp-content\/uploads\/2017\/02\/novo.png\" width=\"40\" \/><\/span><img decoding=\"async\" class=\"aligncenter wp-image-607 size-full\" src=\"https:\/\/www.saopaulo.sp.leg.br\/orcamento2022\/wp-content\/uploads\/sites\/42\/2021\/10\/fernando.jpg\" alt=\"\" \/><\/div>\n<div class=\"verea\"><span class=\"nome\">Fernando Holiday<\/span><span class=\"cargo\">Membro<\/span><\/div>\n<\/div>\n<div class=\"aup_comissao\">\n<div class=\"foto\"><span class=\"partido\"><img decoding=\"async\" class=\"alignnone\" title=\"PL\" src=\"https:\/\/www.saopaulo.sp.leg.br\/orcamento2020\/wp-content\/uploads\/sites\/28\/2019\/10\/LOGO_PL.jpg\" width=\"40\" \/><\/span><img decoding=\"async\" class=\"aligncenter wp-image-607 size-full\" src=\"https:\/\/www.saopaulo.sp.leg.br\/orcamento2022\/wp-content\/uploads\/sites\/42\/2021\/10\/isac.jpg\" alt=\"\" \/><\/div>\n<div class=\"verea\"><span class=\"nome\">Isac F\u00e9lix<\/span><span class=\"cargo\">Membro<\/span><\/div>\n<\/div>\n<div class=\"aup_comissao\">\n<div class=\"foto\"><span class=\"partido\"><img decoding=\"async\" class=\"alignnone\" title=\"NOVO\" src=\"https:\/\/www.saopaulo.sp.leg.br\/wp-content\/uploads\/2017\/02\/novo.png\" width=\"40\" \/><\/span><img decoding=\"async\" class=\"aligncenter wp-image-607 size-full\" src=\"https:\/\/www.saopaulo.sp.leg.br\/orcamento2022\/wp-content\/uploads\/sites\/42\/2021\/10\/janaina.jpg\" alt=\"\" \/><\/div>\n<div class=\"verea\"><span class=\"nome\">Jana\u00edna Lima<\/span><span class=\"cargo\">Membro<\/span><\/div>\n<\/div>\n<div class=\"aup_comissao\">\n<div class=\"foto\"><span class=\"partido\"><img decoding=\"async\" class=\"alignnone\" title=\"MDB\" src=\"https:\/\/www.saopaulo.sp.leg.br\/wp-content\/uploads\/2017\/02\/mdb_p.jpg\" width=\"40\" \/><\/span><img decoding=\"async\" class=\"aligncenter wp-image-607 size-full\" src=\"https:\/\/www.saopaulo.sp.leg.br\/orcamento2022\/wp-content\/uploads\/sites\/42\/2021\/10\/marcelo.jpg\" alt=\"\" \/><\/div>\n<div class=\"verea\"><span class=\"nome\">Marcelo Messias<\/span><span class=\"cargo\">Membro<\/span><\/div>\n<\/div>\n","protected":false},"excerpt":{"rendered":"<p>O que \u00e9 a Comiss\u00e3o de Finan\u00e7as? \u00c9 de responsabilidade da Comiss\u00e3o de Finan\u00e7as e Or\u00e7amento (CFO) da C\u00e2mara Municipal de S\u00e3o Paulo garantir o amplo debate sobre a LOA (Lei Or\u00e7ament\u00e1ria Anual). Atualmente, a Comiss\u00e3o tem em sua composi\u00e7\u00e3o o presidente Jair Tatto (PT), o vice-presidente At\u00edlio Francisco (REPUBLICANOS), e os membros Delegado Palumbo&#8230;  <a class=\"excerpt-read-more\" href=\"https:\/\/www.saopaulo.sp.leg.br\/orcamento2022\/comissao\/\" title=\"Read Comiss\u00e3o\">Ler mais &raquo;<\/a><\/p>\n","protected":false},"author":733,"featured_media":0,"parent":0,"menu_order":0,"comment_status":"closed","ping_status":"closed","template":"","meta":{"_acf_changed":false,"footnotes":""},"class_list":["post-27","page","type-page","status-publish","hentry"],"acf":[],"_links":{"self":[{"href":"https:\/\/www.saopaulo.sp.leg.br\/orcamento2022\/wp-json\/wp\/v2\/pages\/27","targetHints":{"allow":["GET"]}}],"collection":[{"href":"https:\/\/www.saopaulo.sp.leg.br\/orcamento2022\/wp-json\/wp\/v2\/pages"}],"about":[{"href":"https:\/\/www.saopaulo.sp.leg.br\/orcamento2022\/wp-json\/wp\/v2\/types\/page"}],"author":[{"embeddable":true,"href":"https:\/\/www.saopaulo.sp.leg.br\/orcamento2022\/wp-json\/wp\/v2\/users\/733"}],"replies":[{"embeddable":true,"href":"https:\/\/www.saopaulo.sp.leg.br\/orcamento2022\/wp-json\/wp\/v2\/comments?post=27"}],"version-history":[{"count":0,"href":"https:\/\/www.saopaulo.sp.leg.br\/orcamento2022\/wp-json\/wp\/v2\/pages\/27\/revisions"}],"wp:attachment":[{"href":"https:\/\/www.saopaulo.sp.leg.br\/orcamento2022\/wp-json\/wp\/v2\/media?parent=27"}],"curies":[{"name":"wp","href":"https:\/\/api.w.org\/{rel}","templated":true}]}}