{"id":23,"date":"2021-05-03T18:20:30","date_gmt":"2021-05-03T21:20:30","guid":{"rendered":"https:\/\/www.saopaulo.sp.leg.br\/orcamento2022\/?page_id=23"},"modified":"2022-01-20T12:06:29","modified_gmt":"2022-01-20T15:06:29","slug":"audiencias-publicas","status":"publish","type":"page","link":"https:\/\/www.saopaulo.sp.leg.br\/orcamento2022\/audiencias-publicas\/","title":{"rendered":"Audi\u00eancias P\u00fablicas"},"content":{"rendered":"<h2><strong>O que \u00e9 uma Audi\u00eancia P\u00fablica e como participar?<\/strong><\/h2>\n<p>As <strong>Audi\u00eancias P\u00fablicas<\/strong> s\u00e3o mecanismos democr\u00e1ticos convocados, isoladamente ou em conjunto, pelas Comiss\u00f5es Permanentes da C\u00e2mara Municipal de S\u00e3o Paulo.<\/p>\n<p>O <strong>Regimento Interno da Casa<\/strong> estabelece que as comiss\u00f5es poder\u00e3o solicitar a realiza\u00e7\u00e3o de audi\u00eancias sobre Projetos de Lei, nos casos previstos no artigo 41 da Lei Org\u00e2nica do Munic\u00edpio, ou sempre que requeridas por 0,1% (um d\u00e9cimo por cento) de eleitores do munic\u00edpio, ou sobre assunto de interesse p\u00fablico principalmente para dar voz a representantes de entidades legalmente constitu\u00eddas ou de, no m\u00ednimo, 1.500 (um mil e quinhentos) mun\u00edcipes, sempre que essas entidades ou eleitores o requererem.<\/p>\n<p>As comiss\u00f5es podem ainda convocar Audi\u00eancias P\u00fablicas para instruir mat\u00e9ria legislativa em tr\u00e2mite e para tratar de assuntos de interesse p\u00fablico, mediante proposta de qualquer de seus membros ou a pedido de entidades interessadas.<\/p>\n<p>Visando a democratiza\u00e7\u00e3o do acesso \u00e0s Audi\u00eancias P\u00fablicas, a C\u00e2mara Municipal de S\u00e3o Paulo transmite todas as reuni\u00f5es pelos canais oficiais da Casa e os interessados podem participar tanto por videoconfer\u00eancia, mediante inscri\u00e7\u00e3o e exig\u00eancias do Regimento Interno, ou pelo envio de propostas, preenchendo o formul\u00e1rio correspondente e registrando sua manifesta\u00e7\u00e3o por escrito \u00e0 comiss\u00e3o.<\/p>\n<p>Confira as audi\u00eancias realizadas &#8211; <a href=\"https:\/\/www.saopaulo.sp.leg.br\/orcamento2022\/audiencias-realizadas\/\" target=\"_blank\" rel=\"noopener noreferrer\">clique aqui.<\/a><\/p>\n<h2><strong>Agenda de Audi\u00eancias P\u00fablicas do Or\u00e7amento 2022<\/strong><\/h2>\n<div class=\"aup_calendario_home\">\n<div class=\"semana\"><span class=\"data\">20\/10\/2021<\/span><span class=\"hora\">Quarta-feira &#8211; 10h<\/span><\/div>\n<div class=\"info\"><strong>Tema\/Pauta:<\/strong> <a href=\"https:\/\/splegisconsulta.saopaulo.sp.leg.br\/Pesquisa\/DetailsDetalhado?COD_MTRA_LEGL=1&amp;COD_PCSS_CMSP=669&amp;ANO_PCSS_CMSP=2021\" target=\"_blank\" rel=\"noopener\"> PL 669\/2021<\/a> &#8220;Estima a receita e fixa a despesa do Munic\u00edpio de S\u00e3o Paulo para o exerc\u00edcio de 2022.&#8221;<br \/>\n<span class=\"saiba\"><a href=\"https:\/\/www.saopaulo.sp.leg.br\/orcamento2022\/audiencia\/pl-669-2021\/\" target=\"_blank\" rel=\"noopener\">Saiba mais<\/a><\/span><\/div>\n<\/div>\n<div class=\"aup_calendario_home\">\n<div class=\"semana\"><span class=\"data\">21\/10\/2021<\/span><span class=\"hora\">Quinta-feira &#8211; 10h<\/span><\/div>\n<div class=\"info\"><strong>Tema\/Pauta:<\/strong> <a href=\"https:\/\/splegisconsulta.saopaulo.sp.leg.br\/Pesquisa\/DetailsDetalhado?COD_MTRA_LEGL=1&amp;COD_PCSS_CMSP=676&amp;ANO_PCSS_CMSP=2021\" target=\"_blank\" rel=\"noopener\"> PL 676\/2021<\/a> &#8220;Disp\u00f5e sobre o Plano Plurianual para o quadri\u00eanio 2022-2025.&#8221;<br \/>\n<span class=\"saiba\"><a href=\"https:\/\/www.saopaulo.sp.leg.br\/orcamento2022\/audiencia\/pl-676-2021\/\" target=\"_blank\" rel=\"noopener\">Saiba mais<\/a><\/span><\/div>\n<\/div>\n<div class=\"aup_calendario_home\">\n<div class=\"semana\"><span class=\"data\">26\/10\/2021<\/span><span class=\"hora\">Ter\u00e7a-feira &#8211; 10h<\/span><\/div>\n<div class=\"info\"><strong>Tema\/Pauta:<br \/>\n<\/strong> 1\u00aa Audi\u00eancia P\u00fablica Tem\u00e1tica PL <a href=\"https:\/\/splegisconsulta.saopaulo.sp.leg.br\/Pesquisa\/DetailsDetalhado?COD_MTRA_LEGL=1&amp;COD_PCSS_CMSP=669&amp;ANO_PCSS_CMSP=2021\" target=\"_blank\" rel=\"noopener\">669\/2021<\/a> e<a href=\"https:\/\/splegisconsulta.saopaulo.sp.leg.br\/Pesquisa\/DetailsDetalhado?COD_MTRA_LEGL=1&amp;COD_PCSS_CMSP=676&amp;ANO_PCSS_CMSP=2021\" target=\"_blank\" rel=\"noopener\"> 676\/2021<\/a> &#8211; <strong>Cultura e Turismo<\/strong><br \/>\n<span class=\"saiba\"><a href=\"https:\/\/www.saopaulo.sp.leg.br\/orcamento2022\/audiencia\/1a-audiencia-publica-tematica\/\" target=\"_blank\" rel=\"noopener\">Saiba mais<\/a><\/span><\/div>\n<\/div>\n<div class=\"aup_calendario_home\">\n<div class=\"semana\"><span class=\"data\">27\/10\/2021<\/span><span class=\"hora\">Quarta-feira &#8211; 10h<\/span><\/div>\n<div class=\"info\"><strong>Tema\/Pauta:<br \/>\n<\/strong> 2\u00aa Audi\u00eancia P\u00fablica Tem\u00e1tica PL <a href=\"https:\/\/splegisconsulta.saopaulo.sp.leg.br\/Pesquisa\/DetailsDetalhado?COD_MTRA_LEGL=1&amp;COD_PCSS_CMSP=669&amp;ANO_PCSS_CMSP=2021\" target=\"_blank\" rel=\"noopener\">669\/2021<\/a> e<a href=\"https:\/\/splegisconsulta.saopaulo.sp.leg.br\/Pesquisa\/DetailsDetalhado?COD_MTRA_LEGL=1&amp;COD_PCSS_CMSP=676&amp;ANO_PCSS_CMSP=2021\" target=\"_blank\" rel=\"noopener\"> 676\/2021<\/a> &#8211; <strong>Educa\u00e7\u00e3o e Esportes<\/strong><br \/>\n<span class=\"saiba\"><a href=\"https:\/\/www.saopaulo.sp.leg.br\/orcamento2022\/audiencia\/2a-audiencia-publica-tematica\/\" target=\"_blank\" rel=\"noopener\">Saiba mais<\/a><\/span><\/div>\n<\/div>\n<div class=\"aup_calendario_home\">\n<div class=\"semana\"><span class=\"data\">03\/11\/2021<\/span><span class=\"hora\">Quarta-feira &#8211; 10h<\/span><\/div>\n<div class=\"info\"><strong>Tema\/Pauta:<br \/>\n<\/strong> 3\u00aa Audi\u00eancia P\u00fablica Tem\u00e1tica PL <a href=\"https:\/\/splegisconsulta.saopaulo.sp.leg.br\/Pesquisa\/DetailsDetalhado?COD_MTRA_LEGL=1&amp;COD_PCSS_CMSP=669&amp;ANO_PCSS_CMSP=2021\" target=\"_blank\" rel=\"noopener\">669\/2021<\/a> e<a href=\"https:\/\/splegisconsulta.saopaulo.sp.leg.br\/Pesquisa\/DetailsDetalhado?COD_MTRA_LEGL=1&amp;COD_PCSS_CMSP=676&amp;ANO_PCSS_CMSP=2021\" target=\"_blank\" rel=\"noopener\"> 676\/2021<\/a> &#8211; <strong>Meio ambiente e Trabalho<\/strong><br \/>\n<span class=\"saiba\"><a href=\"https:\/\/www.saopaulo.sp.leg.br\/orcamento2022\/audiencia\/3a-audiencia-publica-tematica\/\" target=\"_blank\" rel=\"noopener\">Saiba mais<\/a><\/span><\/div>\n<\/div>\n<div class=\"aup_calendario_home\">\n<div class=\"semana\"><span class=\"data\">04\/11\/2021<\/span><span class=\"hora\">Quinta-feira &#8211; 10h<\/span><\/div>\n<div class=\"info\"><strong>Tema\/Pauta:<br \/>\n<\/strong> 4\u00aa Audi\u00eancia P\u00fablica Tem\u00e1tica PL <a href=\"https:\/\/splegisconsulta.saopaulo.sp.leg.br\/Pesquisa\/DetailsDetalhado?COD_MTRA_LEGL=1&amp;COD_PCSS_CMSP=669&amp;ANO_PCSS_CMSP=2021\" target=\"_blank\" rel=\"noopener\">669\/2021<\/a> e<a href=\"https:\/\/splegisconsulta.saopaulo.sp.leg.br\/Pesquisa\/DetailsDetalhado?COD_MTRA_LEGL=1&amp;COD_PCSS_CMSP=676&amp;ANO_PCSS_CMSP=2021\" target=\"_blank\" rel=\"noopener\"> 676\/2021<\/a> &#8211; <strong>Sa\u00fade<\/strong><br \/>\n<span class=\"saiba\"><a href=\"https:\/\/www.saopaulo.sp.leg.br\/orcamento2022\/audiencia\/4a-audiencia-publica-tematica\/\" target=\"_blank\" rel=\"noopener\">Saiba mais<\/a><\/span><\/div>\n<\/div>\n<div class=\"aup_calendario_home\">\n<div class=\"semana\"><span class=\"data\">10\/11\/2021<\/span><span class=\"hora\">Quarta-feira &#8211; 10h<\/span><\/div>\n<div class=\"info\"><strong>Tema\/Pauta:<\/strong><br \/>\n5\u00aa Audi\u00eancia P\u00fablica Tem\u00e1tica PL <a href=\"https:\/\/splegisconsulta.saopaulo.sp.leg.br\/Pesquisa\/DetailsDetalhado?COD_MTRA_LEGL=1&amp;COD_PCSS_CMSP=669&amp;ANO_PCSS_CMSP=2021\" target=\"_blank\" rel=\"noopener\">669\/2021<\/a> e<a href=\"https:\/\/splegisconsulta.saopaulo.sp.leg.br\/Pesquisa\/DetailsDetalhado?COD_MTRA_LEGL=1&amp;COD_PCSS_CMSP=676&amp;ANO_PCSS_CMSP=2021\" target=\"_blank\" rel=\"noopener\"> 676\/2021<\/a> &#8211; <strong>Subprefeituras e Obras<\/strong><br \/>\n<span class=\"saiba\"><a href=\"https:\/\/www.saopaulo.sp.leg.br\/orcamento2022\/audiencia\/5a-audiencia-publica-tematica\/\" target=\"_blank\" rel=\"noopener\">Saiba mais<\/a><\/span><\/div>\n<\/div>\n<div class=\"aup_calendario_home\">\n<div class=\"semana\"><span class=\"data\">11\/11\/2021<\/span><span class=\"hora\">Quinta-feira &#8211; 10h<\/span><\/div>\n<div class=\"info\"><strong>Tema\/Pauta:<\/strong><br \/>\n6\u00aa Audi\u00eancia P\u00fablica Tem\u00e1tica PL <a href=\"https:\/\/splegisconsulta.saopaulo.sp.leg.br\/Pesquisa\/DetailsDetalhado?COD_MTRA_LEGL=1&amp;COD_PCSS_CMSP=669&amp;ANO_PCSS_CMSP=2021\" target=\"_blank\" rel=\"noopener\">669\/2021<\/a> e<a href=\"https:\/\/splegisconsulta.saopaulo.sp.leg.br\/Pesquisa\/DetailsDetalhado?COD_MTRA_LEGL=1&amp;COD_PCSS_CMSP=676&amp;ANO_PCSS_CMSP=2021\" target=\"_blank\" rel=\"noopener\"> 676\/2021<\/a> &#8211;<strong> Habita\u00e7\u00e3o, Pessoa com Defici\u00eancia e Inova\u00e7\u00e3o<\/strong><br \/>\n<span class=\"saiba\"><a href=\"https:\/\/www.saopaulo.sp.leg.br\/orcamento2022\/audiencia\/6a-audiencia-publica-tematica\/\" target=\"_blank\" rel=\"noopener\">Saiba mais<\/a><\/span><\/div>\n<\/div>\n<div class=\"aup_calendario_home\">\n<div class=\"semana\"><span class=\"data\">17\/11\/2021<\/span><span class=\"hora\">Quarta-feira &#8211; 10h<\/span><\/div>\n<div class=\"info\"><strong>Tema\/Pauta:<\/strong><br \/>\n7\u00aa Audi\u00eancia P\u00fablica Tem\u00e1tica PL <a href=\"https:\/\/splegisconsulta.saopaulo.sp.leg.br\/Pesquisa\/DetailsDetalhado?COD_MTRA_LEGL=1&amp;COD_PCSS_CMSP=669&amp;ANO_PCSS_CMSP=2021\" target=\"_blank\" rel=\"noopener\">669\/2021<\/a> e<a href=\"https:\/\/splegisconsulta.saopaulo.sp.leg.br\/Pesquisa\/DetailsDetalhado?COD_MTRA_LEGL=1&amp;COD_PCSS_CMSP=676&amp;ANO_PCSS_CMSP=2021\" target=\"_blank\" rel=\"noopener\"> 676\/2021<\/a> &#8211; <strong>Transporte e Seguran\u00e7a<\/strong><br \/>\n<span class=\"saiba\"><a href=\"https:\/\/www.saopaulo.sp.leg.br\/orcamento2022\/audiencia\/7a-audiencia-publica-tematica\/\" target=\"_blank\" rel=\"noopener\">Saiba mais<\/a><\/span><\/div>\n<\/div>\n<div class=\"aup_calendario_home\">\n<div class=\"semana\"><span class=\"data\">18\/11\/2021<\/span><span class=\"hora\">Quinta-feira &#8211; 10h<\/span><\/div>\n<div class=\"info\"><strong>Tema\/Pauta:<\/strong><br \/>\n8\u00aa Audi\u00eancia P\u00fablica Tem\u00e1tica PL <a href=\"https:\/\/splegisconsulta.saopaulo.sp.leg.br\/Pesquisa\/DetailsDetalhado?COD_MTRA_LEGL=1&amp;COD_PCSS_CMSP=669&amp;ANO_PCSS_CMSP=2021\" target=\"_blank\" rel=\"noopener\">669\/2021<\/a> e<a href=\"https:\/\/splegisconsulta.saopaulo.sp.leg.br\/Pesquisa\/DetailsDetalhado?COD_MTRA_LEGL=1&amp;COD_PCSS_CMSP=676&amp;ANO_PCSS_CMSP=2021\" target=\"_blank\" rel=\"noopener\"> 676\/2021<\/a> &#8211; <strong>Cultura<\/strong><br \/>\n<span class=\"saiba\"><a href=\"https:\/\/www.saopaulo.sp.leg.br\/orcamento2022\/audiencia\/8a-audiencia-publica-tematica\/\" target=\"_blank\" rel=\"noopener\">Saiba mais<\/a><\/span><\/div>\n<\/div>\n<div class=\"aup_calendario_home\">\n<div class=\"semana\"><span class=\"data\">23\/11\/2021<\/span><span class=\"hora\">Ter\u00e7a-feira &#8211; 10h<\/span><\/div>\n<div class=\"info\"><strong>Tema\/Pauta:<\/strong><br \/>\n9\u00aa Audi\u00eancia P\u00fablica Tem\u00e1tica PL <a href=\"https:\/\/splegisconsulta.saopaulo.sp.leg.br\/Pesquisa\/DetailsDetalhado?COD_MTRA_LEGL=1&amp;COD_PCSS_CMSP=669&amp;ANO_PCSS_CMSP=2021\" target=\"_blank\" rel=\"noopener\">669\/2021<\/a> e<a href=\"https:\/\/splegisconsulta.saopaulo.sp.leg.br\/Pesquisa\/DetailsDetalhado?COD_MTRA_LEGL=1&amp;COD_PCSS_CMSP=676&amp;ANO_PCSS_CMSP=2021\" target=\"_blank\" rel=\"noopener\"> 676\/2021<\/a> &#8211; <strong>Assist\u00eancia Social e Direitos Humanos<\/strong><br \/>\n<span class=\"saiba\"><a href=\"https:\/\/www.saopaulo.sp.leg.br\/orcamento2022\/audiencia\/9a-audiencia-publica-tematica\/\" rel=\"noopener\">Saiba mais<\/a><\/span><\/div>\n<\/div>\n<div class=\"aup_calendario_home\">\n<div class=\"semana\"><span class=\"data\">24\/11\/2021<\/span><span class=\"hora\">Quarta-feira &#8211; 10h<\/span><\/div>\n<div class=\"info\"><strong>Tema\/Pauta:<\/strong><br \/>\n2\u00ba Audi\u00eancia Geral PL <a href=\"https:\/\/splegisconsulta.saopaulo.sp.leg.br\/Pesquisa\/DetailsDetalhado?COD_MTRA_LEGL=1&amp;COD_PCSS_CMSP=669&amp;ANO_PCSS_CMSP=2021\" target=\"_blank\" rel=\"noopener\">669\/2021 Or\u00e7amento 2022<\/a> e <a href=\"https:\/\/splegisconsulta.saopaulo.sp.leg.br\/Pesquisa\/DetailsDetalhado?COD_MTRA_LEGL=1&amp;COD_PCSS_CMSP=676&amp;ANO_PCSS_CMSP=2021\" target=\"_blank\" rel=\"noopener\">676\/2021 &#8211; PPA 2022-2025<\/a><br \/>\n<span class=\"saiba\"><a href=\"https:\/\/www.saopaulo.sp.leg.br\/orcamento2022\/audiencia\/2o-audiencia-geral\/\" rel=\"noopener\">Saiba mais<\/a><\/span><\/div>\n<\/div>\n","protected":false},"excerpt":{"rendered":"<p>O que \u00e9 uma Audi\u00eancia P\u00fablica e como participar? As Audi\u00eancias P\u00fablicas s\u00e3o mecanismos democr\u00e1ticos convocados, isoladamente ou em conjunto, pelas Comiss\u00f5es Permanentes da C\u00e2mara Municipal de S\u00e3o Paulo. O Regimento Interno da Casa estabelece que as comiss\u00f5es poder\u00e3o solicitar a realiza\u00e7\u00e3o de audi\u00eancias sobre Projetos de Lei, nos casos previstos no artigo 41 da&#8230;  <a class=\"excerpt-read-more\" href=\"https:\/\/www.saopaulo.sp.leg.br\/orcamento2022\/audiencias-publicas\/\" title=\"Read Audi\u00eancias P\u00fablicas\">Ler mais &raquo;<\/a><\/p>\n","protected":false},"author":733,"featured_media":0,"parent":0,"menu_order":0,"comment_status":"closed","ping_status":"closed","template":"","meta":{"_acf_changed":false,"footnotes":""},"class_list":["post-23","page","type-page","status-publish","hentry"],"acf":[],"_links":{"self":[{"href":"https:\/\/www.saopaulo.sp.leg.br\/orcamento2022\/wp-json\/wp\/v2\/pages\/23","targetHints":{"allow":["GET"]}}],"collection":[{"href":"https:\/\/www.saopaulo.sp.leg.br\/orcamento2022\/wp-json\/wp\/v2\/pages"}],"about":[{"href":"https:\/\/www.saopaulo.sp.leg.br\/orcamento2022\/wp-json\/wp\/v2\/types\/page"}],"author":[{"embeddable":true,"href":"https:\/\/www.saopaulo.sp.leg.br\/orcamento2022\/wp-json\/wp\/v2\/users\/733"}],"replies":[{"embeddable":true,"href":"https:\/\/www.saopaulo.sp.leg.br\/orcamento2022\/wp-json\/wp\/v2\/comments?post=23"}],"version-history":[{"count":0,"href":"https:\/\/www.saopaulo.sp.leg.br\/orcamento2022\/wp-json\/wp\/v2\/pages\/23\/revisions"}],"wp:attachment":[{"href":"https:\/\/www.saopaulo.sp.leg.br\/orcamento2022\/wp-json\/wp\/v2\/media?parent=23"}],"curies":[{"name":"wp","href":"https:\/\/api.w.org\/{rel}","templated":true}]}}