{"id":12,"date":"2021-05-03T18:07:34","date_gmt":"2021-05-03T21:07:34","guid":{"rendered":"https:\/\/www.saopaulo.sp.leg.br\/orcamento2022\/?page_id=12"},"modified":"2021-10-18T18:45:58","modified_gmt":"2021-10-18T21:45:58","slug":"home","status":"publish","type":"page","link":"https:\/\/www.saopaulo.sp.leg.br\/orcamento2022\/","title":{"rendered":"Home"},"content":{"rendered":"<p>A <strong>LOA (Lei Or\u00e7ament\u00e1ria Anual)<\/strong> \u00e9 aprovada pela <strong>C\u00e2mara Municipal de S\u00e3o Paulo<\/strong> todos os anos.<\/p>\n<p>A proposta de <strong>Or\u00e7amento para 2022<\/strong>, apresentada pela Prefeitura, ser\u00e1<br \/>\ndebatida com a popula\u00e7\u00e3o em Audi\u00eancias P\u00fablicas tem\u00e1ticas e gerais, tornando a distribui\u00e7\u00e3o do or\u00e7amento da cidade mais adequada com as necessidades dos paulistanos.<\/p>\n<p style=\"font-size: 18px\"><strong>Saiba tudo sobre a tramita\u00e7\u00e3o do or\u00e7amento e participe!<\/strong><\/p>\n","protected":false},"excerpt":{"rendered":"<p>A LOA (Lei Or\u00e7ament\u00e1ria Anual) \u00e9 aprovada pela C\u00e2mara Municipal de S\u00e3o Paulo todos os anos. A proposta de Or\u00e7amento para 2022, apresentada pela Prefeitura, ser\u00e1 debatida com a popula\u00e7\u00e3o em Audi\u00eancias P\u00fablicas tem\u00e1ticas e gerais, tornando a distribui\u00e7\u00e3o do or\u00e7amento da cidade mais adequada com as necessidades dos paulistanos. Saiba tudo sobre a tramita\u00e7\u00e3o&#8230;  <a class=\"excerpt-read-more\" href=\"https:\/\/www.saopaulo.sp.leg.br\/orcamento2022\/\" title=\"Read Home\">Ler mais &raquo;<\/a><\/p>\n","protected":false},"author":733,"featured_media":0,"parent":0,"menu_order":0,"comment_status":"closed","ping_status":"closed","template":"page-home.php","meta":{"_acf_changed":false,"footnotes":""},"class_list":["post-12","page","type-page","status-publish","hentry"],"acf":[],"_links":{"self":[{"href":"https:\/\/www.saopaulo.sp.leg.br\/orcamento2022\/wp-json\/wp\/v2\/pages\/12","targetHints":{"allow":["GET"]}}],"collection":[{"href":"https:\/\/www.saopaulo.sp.leg.br\/orcamento2022\/wp-json\/wp\/v2\/pages"}],"about":[{"href":"https:\/\/www.saopaulo.sp.leg.br\/orcamento2022\/wp-json\/wp\/v2\/types\/page"}],"author":[{"embeddable":true,"href":"https:\/\/www.saopaulo.sp.leg.br\/orcamento2022\/wp-json\/wp\/v2\/users\/733"}],"replies":[{"embeddable":true,"href":"https:\/\/www.saopaulo.sp.leg.br\/orcamento2022\/wp-json\/wp\/v2\/comments?post=12"}],"version-history":[{"count":0,"href":"https:\/\/www.saopaulo.sp.leg.br\/orcamento2022\/wp-json\/wp\/v2\/pages\/12\/revisions"}],"wp:attachment":[{"href":"https:\/\/www.saopaulo.sp.leg.br\/orcamento2022\/wp-json\/wp\/v2\/media?parent=12"}],"curies":[{"name":"wp","href":"https:\/\/api.w.org\/{rel}","templated":true}]}}