{"id":90,"date":"2019-05-15T16:29:44","date_gmt":"2019-05-15T19:29:44","guid":{"rendered":"http:\/\/191.233.26.21\/orcamento2020\/?page_id=90"},"modified":"2020-12-02T15:36:29","modified_gmt":"2020-12-02T18:36:29","slug":"entenda","status":"publish","type":"page","link":"https:\/\/www.saopaulo.sp.leg.br\/orcamento2021\/entenda\/","title":{"rendered":"Entenda"},"content":{"rendered":"<p><iframe loading=\"lazy\" title=\"O que \u00e9 LOA ? #Or\u00e7amentoSP\" width=\"680\" height=\"383\" src=\"https:\/\/www.youtube.com\/embed\/bO7puR8erUc?feature=oembed\" frameborder=\"0\" allow=\"accelerometer; autoplay; clipboard-write; encrypted-media; gyroscope; picture-in-picture\" allowfullscreen><\/iframe><\/p>\n<h2><strong>O que \u00e9 a LOA?<\/strong><\/h2>\n<p>A <strong>LOA, Lei Or\u00e7ament\u00e1ria Anual<\/strong>, \u00e9 uma ferramenta que estipula todas as receitas e consequentemente todas as despesas da cidade de S\u00e3o Paulo para o pr\u00f3ximo ano. Antes de ser aprovada, a LOA \u00e9 amplamente debatida pelos vereadores da capital paulista para garantir responsabilidade e total transpar\u00eancia.<\/p>\n<p>A <strong>Comiss\u00e3o de Finan\u00e7as e Or\u00e7amento da C\u00e2mara Municipal de S\u00e3o Paulo<\/strong> \u00e9 a respons\u00e1vel por garantir a adequa\u00e7\u00e3o da LOA com as demandas da popula\u00e7\u00e3o e para isso s\u00e3o realizadas Audi\u00eancias P\u00fablicas gerais e tem\u00e1ticas.<\/p>\n<p>As <strong>Audi\u00eancias P\u00fablicas<\/strong> funcionam como uma ponte entre os vereadores e os mun\u00edcipes, permitindo que todos os interessados possam participar das discuss\u00f5es. Para isso, \u00e9 fundamental a ades\u00e3o da popula\u00e7\u00e3o aos encontros, mas, mesmo quem n\u00e3o pode participar, tem acesso a toda mat\u00e9ria discutida por meio de registro p\u00fablico.<\/p>\n<p>Para permitir o amplo acesso e participa\u00e7\u00e3o de todos os interessados no futuro da cidade de S\u00e3o Paulo, ainda \u00e9 poss\u00edvel enviar propostas e sugest\u00f5es por meio de <a href=\"https:\/\/www.saopaulo.sp.leg.br\/orcamento2021\/de-sua-sugestao\/\" target=\"_blank\" rel=\"noopener noreferrer\">formul\u00e1rio<\/a> dispon\u00edvel neste hotsite.<\/p>\n<hr \/>\n<h2><strong>O que \u00e9 o Plano Plurianual?<\/strong><\/h2>\n<p>O <strong>Plano Plurianual<\/strong> \u00e9 o planejamento referente aos quatro anos de governo do prefeito paulistano e contempla a estrat\u00e9gia que ser\u00e1 adotada ao longo do mandato no cumprimento das metas.<\/p>\n<p>O principal objetivo do <strong>PPA<\/strong> \u00e9 garantir total transpar\u00eancia em rela\u00e7\u00e3o a como se planeja aplicar os recursos da Prefeitura e quais os resultados que se esperam obter com as iniciativas.<\/p>\n<p>Para isso, o <strong>PPA<\/strong> \u00e9 apresentado aos vereadores da <strong>C\u00e2mara Municipal de S\u00e3o Paulo<\/strong> no primeiro ano de mandato do prefeito e tem validade at\u00e9 o ano seguinte ao final de sua gest\u00e3o.<\/p>\n<p>\u00c9 estabelecido para os munic\u00edpios que o projeto deva ser entregue at\u00e9 o dia 30 de setembro do primeiro ano de mandato do prefeito e que aconte\u00e7a duas Audi\u00eancias P\u00fablicas antes de sua aprova\u00e7\u00e3o.<\/p>\n<p>\u00c9 imprescind\u00edvel essa tramita\u00e7\u00e3o, tendo em vista que os trabalhos legislativos anuais n\u00e3o podem ser encerrados enquanto o PPA n\u00e3o for aprovado.<\/p>\n<hr \/>\n<h2><strong>O que \u00e9 a Tramita\u00e7\u00e3o do Or\u00e7amento?<\/strong><\/h2>\n<p>A <strong>Tramita\u00e7\u00e3o do Projeto de Lei Or\u00e7ament\u00e1ria Anual<\/strong> trata sobre o caminho que a <strong>LOA<\/strong> deve seguir antes de ser aprovada e executada pela Prefeitura.<\/p>\n<p>Em primeiro lugar, o <strong>Projeto de Lei<\/strong> \u00e9 devidamente produzido pela <strong>Executivo<\/strong> e encaminhado para a <strong>C\u00e2mara Municipal<\/strong> com as estimativas de receita e a fixa\u00e7\u00e3o das despesas para o exerc\u00edcio do pr\u00f3ximo ano.<\/p>\n<p>Na C\u00e2mara, o projeto \u00e9 encaminhado para a <strong>Comiss\u00e3o de Finan\u00e7as e Or\u00e7amento<\/strong>, cujo presidente designar\u00e1 um relator que deve elaborar um parecer sobre a proposta.<\/p>\n<p>Antes da elabora\u00e7\u00e3o de um parecer definitivo da Comiss\u00e3o, o <strong>Regimento Interno da C\u00e2mara Municipal<\/strong> prev\u00ea pelo menos duas <strong>Audi\u00eancias P\u00fablicas<\/strong> para a discuss\u00e3o do PL, inclusive, com a possibilidade de participa\u00e7\u00e3o da popula\u00e7\u00e3o por meio de opini\u00f5es e sugest\u00f5es, que tamb\u00e9m podem ser enviadas pela internet.<\/p>\n<p>Ap\u00f3s as discuss\u00f5es na <strong>Comiss\u00e3o e nas Audi\u00eancias P\u00fablicas<\/strong>, o projeto recebe sugest\u00f5es que podem ser ou n\u00e3o incorporadas pelo relator em seu parecer final e aprovadas pela equipe.<\/p>\n<p>Uma vez aprovado na <strong>Comiss\u00e3o de Finan\u00e7as e Or\u00e7amento, a LOA<\/strong> est\u00e1 habilitada para ir ao Plen\u00e1rio da C\u00e2mara para ser discutida, eventualmente receber emendas e ser aprovada em primeira vota\u00e7\u00e3o.<\/p>\n<p>Ap\u00f3s a primeira aprova\u00e7\u00e3o, o projeto segue novamente para a <strong>Comiss\u00e3o de Finan\u00e7as e Or\u00e7amento<\/strong> para nova avalia\u00e7\u00e3o que, uma vez realizada, fornece novo parecer que retorna ao Plen\u00e1rio da C\u00e2mara.<\/p>\n<p>Mesmo com o parecer aprovado, os vereadores podem pedir destaque de emendas n\u00e3o incorporadas, que s\u00e3o reavaliadas pelo Plen\u00e1rio e, uma vez que n\u00e3o existam mais pontos divergentes, o projeto segue para segunda e definitiva vota\u00e7\u00e3o.<\/p>\n<p>Depois da aprova\u00e7\u00e3o dos vereadores da C\u00e2mara Municipal de S\u00e3o Paulo, a <strong>Lei Or\u00e7ament\u00e1ria Anual<\/strong> segue para san\u00e7\u00e3o do prefeito.<\/p>\n<p>Vale destacar que o prazo final para a aprova\u00e7\u00e3o da LOA \u00e9 31 de dezembro, de acordo com o artigo 140 da Lei Org\u00e2nica do Munic\u00edpio. Caso n\u00e3o seja cumprido, a lei estabelece a vig\u00eancia do projeto do ano anterior, devidamente reajustado pelo \u00edndice de infla\u00e7\u00e3o.<\/p>\n<img loading=\"lazy\" decoding=\"async\" class=\"aligncenter wp-image-523\" src=\"https:\/\/www.saopaulo.sp.leg.br\/orcamento2021\/wp-content\/uploads\/sites\/40\/2020\/12\/infografico_01.png\" alt=\"\" width=\"700\" height=\"1750\" \/>\n<img loading=\"lazy\" decoding=\"async\" class=\"aligncenter wp-image-524\" src=\"https:\/\/www.saopaulo.sp.leg.br\/orcamento2021\/wp-content\/uploads\/sites\/40\/2020\/10\/infografico_02.png\" alt=\"\" width=\"700\" height=\"1748\" srcset=\"https:\/\/www.saopaulo.sp.leg.br\/orcamento2021\/wp-content\/uploads\/sites\/40\/2020\/10\/infografico_02.png 1000w, https:\/\/www.saopaulo.sp.leg.br\/orcamento2021\/wp-content\/uploads\/sites\/40\/2020\/10\/infografico_02-120x300.png 120w, https:\/\/www.saopaulo.sp.leg.br\/orcamento2021\/wp-content\/uploads\/sites\/40\/2020\/10\/infografico_02-410x1024.png 410w, https:\/\/www.saopaulo.sp.leg.br\/orcamento2021\/wp-content\/uploads\/sites\/40\/2020\/10\/infografico_02-768x1918.png 768w, https:\/\/www.saopaulo.sp.leg.br\/orcamento2021\/wp-content\/uploads\/sites\/40\/2020\/10\/infografico_02-615x1536.png 615w, https:\/\/www.saopaulo.sp.leg.br\/orcamento2021\/wp-content\/uploads\/sites\/40\/2020\/10\/infografico_02-820x2048.png 820w\" sizes=\"auto, (max-width: 700px) 100vw, 700px\" \/>\n<img loading=\"lazy\" decoding=\"async\" class=\"aligncenter wp-image-525\" src=\"https:\/\/www.saopaulo.sp.leg.br\/orcamento2021\/wp-content\/uploads\/sites\/40\/2020\/10\/infografico_03.png\" alt=\"\" width=\"700\" height=\"756\" srcset=\"https:\/\/www.saopaulo.sp.leg.br\/orcamento2021\/wp-content\/uploads\/sites\/40\/2020\/10\/infografico_03.png 1000w, https:\/\/www.saopaulo.sp.leg.br\/orcamento2021\/wp-content\/uploads\/sites\/40\/2020\/10\/infografico_03-278x300.png 278w, https:\/\/www.saopaulo.sp.leg.br\/orcamento2021\/wp-content\/uploads\/sites\/40\/2020\/10\/infografico_03-948x1024.png 948w, https:\/\/www.saopaulo.sp.leg.br\/orcamento2021\/wp-content\/uploads\/sites\/40\/2020\/10\/infografico_03-768x829.png 768w\" sizes=\"auto, (max-width: 700px) 100vw, 700px\" \/>\n","protected":false},"excerpt":{"rendered":"<p>O que \u00e9 a LOA? A LOA, Lei Or\u00e7ament\u00e1ria Anual, \u00e9 uma ferramenta que estipula todas as receitas e consequentemente todas as despesas da cidade de S\u00e3o Paulo para o pr\u00f3ximo ano. Antes de ser aprovada, a LOA \u00e9 amplamente debatida pelos vereadores da capital paulista para garantir responsabilidade e total transpar\u00eancia. A Comiss\u00e3o de&#8230;  <a class=\"excerpt-read-more\" href=\"https:\/\/www.saopaulo.sp.leg.br\/orcamento2021\/entenda\/\" title=\"Read Entenda\">Ler mais &raquo;<\/a><\/p>\n","protected":false},"author":169,"featured_media":0,"parent":0,"menu_order":0,"comment_status":"closed","ping_status":"closed","template":"","meta":{"_acf_changed":false,"footnotes":""},"class_list":["post-90","page","type-page","status-publish","hentry"],"acf":[],"_links":{"self":[{"href":"https:\/\/www.saopaulo.sp.leg.br\/orcamento2021\/wp-json\/wp\/v2\/pages\/90","targetHints":{"allow":["GET"]}}],"collection":[{"href":"https:\/\/www.saopaulo.sp.leg.br\/orcamento2021\/wp-json\/wp\/v2\/pages"}],"about":[{"href":"https:\/\/www.saopaulo.sp.leg.br\/orcamento2021\/wp-json\/wp\/v2\/types\/page"}],"author":[{"embeddable":true,"href":"https:\/\/www.saopaulo.sp.leg.br\/orcamento2021\/wp-json\/wp\/v2\/users\/169"}],"replies":[{"embeddable":true,"href":"https:\/\/www.saopaulo.sp.leg.br\/orcamento2021\/wp-json\/wp\/v2\/comments?post=90"}],"version-history":[{"count":0,"href":"https:\/\/www.saopaulo.sp.leg.br\/orcamento2021\/wp-json\/wp\/v2\/pages\/90\/revisions"}],"wp:attachment":[{"href":"https:\/\/www.saopaulo.sp.leg.br\/orcamento2021\/wp-json\/wp\/v2\/media?parent=90"}],"curies":[{"name":"wp","href":"https:\/\/api.w.org\/{rel}","templated":true}]}}