{"id":88,"date":"2019-05-15T16:28:10","date_gmt":"2019-05-15T19:28:10","guid":{"rendered":"http:\/\/191.233.26.21\/orcamento2020\/?page_id=88"},"modified":"2020-12-23T16:46:23","modified_gmt":"2020-12-23T19:46:23","slug":"participe","status":"publish","type":"page","link":"https:\/\/www.saopaulo.sp.leg.br\/orcamento2021\/participe\/","title":{"rendered":"Participe"},"content":{"rendered":"<h3 style=\"text-align: center\"><strong>Obrigado por sua contribui\u00e7\u00e3o ao Or\u00e7amento 2021<\/strong><\/h3>\n<p style=\"text-align: center\">Ap\u00f3s uma s\u00e9rie de Audi\u00eancias P\u00fablicas e a disponibiliza\u00e7\u00e3o deste espa\u00e7o para o recebimento de propostas, encerramos a fase de consultas.<\/p>\n<h3 style=\"text-align: center\"><strong>A cidade de S\u00e3o Paulo agradece sua participa\u00e7\u00e3o!<\/strong><\/h3>\n","protected":false},"excerpt":{"rendered":"<p>Obrigado por sua contribui\u00e7\u00e3o ao Or\u00e7amento 2021 Ap\u00f3s uma s\u00e9rie de Audi\u00eancias P\u00fablicas e a disponibiliza\u00e7\u00e3o deste espa\u00e7o para o recebimento de propostas, encerramos a fase de consultas. A cidade de S\u00e3o Paulo agradece sua participa\u00e7\u00e3o!<\/p>\n","protected":false},"author":169,"featured_media":0,"parent":0,"menu_order":0,"comment_status":"closed","ping_status":"closed","template":"page-de-sua-sugestao.php","meta":{"_acf_changed":false,"footnotes":""},"class_list":["post-88","page","type-page","status-publish","hentry"],"acf":[],"_links":{"self":[{"href":"https:\/\/www.saopaulo.sp.leg.br\/orcamento2021\/wp-json\/wp\/v2\/pages\/88","targetHints":{"allow":["GET"]}}],"collection":[{"href":"https:\/\/www.saopaulo.sp.leg.br\/orcamento2021\/wp-json\/wp\/v2\/pages"}],"about":[{"href":"https:\/\/www.saopaulo.sp.leg.br\/orcamento2021\/wp-json\/wp\/v2\/types\/page"}],"author":[{"embeddable":true,"href":"https:\/\/www.saopaulo.sp.leg.br\/orcamento2021\/wp-json\/wp\/v2\/users\/169"}],"replies":[{"embeddable":true,"href":"https:\/\/www.saopaulo.sp.leg.br\/orcamento2021\/wp-json\/wp\/v2\/comments?post=88"}],"version-history":[{"count":0,"href":"https:\/\/www.saopaulo.sp.leg.br\/orcamento2021\/wp-json\/wp\/v2\/pages\/88\/revisions"}],"wp:attachment":[{"href":"https:\/\/www.saopaulo.sp.leg.br\/orcamento2021\/wp-json\/wp\/v2\/media?parent=88"}],"curies":[{"name":"wp","href":"https:\/\/api.w.org\/{rel}","templated":true}]}}