{"id":80,"date":"2019-05-15T16:26:05","date_gmt":"2019-05-15T19:26:05","guid":{"rendered":"http:\/\/191.233.26.21\/orcamento2020\/?page_id=80"},"modified":"2024-05-28T10:43:42","modified_gmt":"2024-05-28T13:43:42","slug":"comissao","status":"publish","type":"page","link":"https:\/\/www.saopaulo.sp.leg.br\/orcamento2021\/comissao\/","title":{"rendered":"Comiss\u00e3o"},"content":{"rendered":"<h2><strong>O que \u00e9 a Comiss\u00e3o de Finan\u00e7as?<\/strong><\/h2>\n<p>\u00c9 de responsabilidade da <strong>Comiss\u00e3o de Finan\u00e7as e Or\u00e7amento (CFO)<\/strong> da C\u00e2mara Municipal de S\u00e3o Paulo garantir o amplo debate sobre a <strong>LOA (Lei Or\u00e7ament\u00e1ria Anual)<\/strong>.<\/p>\n<p>Atualmente, a Comiss\u00e3o tem em sua composi\u00e7\u00e3o o presidente <strong>Antonio Donato (PT)<\/strong>, a vice-presidente <strong>Soninha Francine (CIDADANIA)<\/strong>, e os membros <strong>Adriana Ramalho (PSDB), Atilio Francisco (REPUBLICANOS), Isac F\u00e9lix (PL), Ota (PSB), Ricardo Nunes (MDB) e Ricardo Teixeira (DEM)<\/strong>.<\/p>\n<p>Saiba mais sobre os vereadores que comp\u00f5em o colegiado clicando\u00a0<a href=\"http:\/\/www.saopaulo.sp.leg.br\/comissao\/comissoes-do-processo-legislativo\/comissao-de-financas-e-orcamento\/\" target=\"_blank\" rel=\"noopener noreferrer\" data-auth=\"NotApplicable\">aqui<\/a>.<\/p>\n<h2><strong>Composi\u00e7\u00e3o da Comiss\u00e3o de Finan\u00e7as<\/strong><\/h2>\n<table>\n<tbody>\n<tr>\n<td style=\"text-align: center\"><img loading=\"lazy\" decoding=\"async\" width=\"193\" height=\"155\" class=\"aligncenter wp-image-607 size-full\" src=\"https:\/\/www.saopaulo.sp.leg.br\/orcamento2021\/wp-content\/uploads\/sites\/40\/2020\/10\/donato.jpg\" alt=\"\" \/><\/td>\n<td style=\"text-align: center\"><img loading=\"lazy\" decoding=\"async\" width=\"193\" height=\"155\" class=\"alignnone size-full wp-image-606\" src=\"https:\/\/www.saopaulo.sp.leg.br\/orcamento2021\/wp-content\/uploads\/sites\/40\/2020\/10\/Soninha.jpg\" alt=\"\" \/><\/td>\n<\/tr>\n<tr>\n<td>\n<table>\n<tbody>\n<tr>\n<td><img decoding=\"async\" class=\"alignnone\" style=\"margin: 0;float: left\" title=\"PT\" src=\"https:\/\/saopaulo.sp.leg.br\/wp-content\/uploads\/2017\/02\/pt.png\" width=\"40\" \/><\/td>\n<td>Antonio Donato<br \/>\n<strong style=\"font-family: inherit;font-size: inherit\">Presidente<\/strong><\/td>\n<\/tr>\n<\/tbody>\n<\/table>\n<\/td>\n<td>\n<table>\n<tbody>\n<tr>\n<td><img loading=\"lazy\" decoding=\"async\" class=\"alignnone\" style=\"margin: 0;float: left\" title=\"Cidadania 23\" src=\"http:\/\/www.saopaulo.sp.leg.br\/wp-content\/uploads\/2017\/02\/logo-cidadania40x40.png\" alt=\"\" width=\"40\" height=\"40\" \/><\/td>\n<td>Soninha Francine<br \/>\n<strong style=\"font-family: inherit;font-size: inherit\">Vice-Presidente<\/strong><\/td>\n<\/tr>\n<\/tbody>\n<\/table>\n<\/td>\n<\/tr>\n<\/tbody>\n<\/table>\n<table>\n<tbody>\n<tr>\n<td><img loading=\"lazy\" decoding=\"async\" class=\"size-full wp-image-612 aligncenter\" src=\"https:\/\/www.saopaulo.sp.leg.br\/orcamento2021\/wp-content\/uploads\/sites\/40\/2020\/10\/Adriana-Ramalho.jpg\" alt=\"\" width=\"193\" height=\"155\" \/><\/td>\n<td><img loading=\"lazy\" decoding=\"async\" class=\"size-full wp-image-611 aligncenter\" src=\"https:\/\/www.saopaulo.sp.leg.br\/orcamento2021\/wp-content\/uploads\/sites\/40\/2020\/10\/atilio-francisco.jpg\" alt=\"\" width=\"193\" height=\"155\" \/><\/td>\n<td><a href=\"\/vereador\/isac-felix\/\"><img loading=\"lazy\" decoding=\"async\" class=\"size-full wp-image-610 aligncenter\" src=\"https:\/\/www.saopaulo.sp.leg.br\/orcamento2021\/wp-content\/uploads\/sites\/40\/2020\/10\/isac_felix.jpg\" alt=\"\" width=\"193\" height=\"155\" \/><\/a><\/td>\n<td><img loading=\"lazy\" decoding=\"async\" class=\"size-full wp-image-604 aligncenter\" src=\"https:\/\/www.saopaulo.sp.leg.br\/orcamento2021\/wp-content\/uploads\/sites\/40\/2020\/10\/Rodrigo_Goulart.jpg\" alt=\"\" width=\"193\" height=\"155\" \/><\/td>\n<\/tr>\n<tr>\n<td>\n<table>\n<tbody>\n<tr>\n<td><img decoding=\"async\" class=\"aligncenter\" style=\"margin: 0;float: left\" title=\"PSDB\" src=\"https:\/\/www.saopaulo.sp.leg.br\/wp-content\/uploads\/2017\/02\/psdb.png\" alt=\"\" \/><\/td>\n<td>Adriana Ramalho<br \/>\n<b style=\"font-family: inherit;font-size: inherit\">Membro<\/b><\/td>\n<\/tr>\n<\/tbody>\n<\/table>\n<\/td>\n<td>\n<table>\n<tbody>\n<tr>\n<td><img decoding=\"async\" class=\"aligncenter\" style=\"margin: 0;float: left\" title=\"PRB\" src=\"http:\/\/www.saopaulo.sp.leg.br\/wp-content\/uploads\/2017\/02\/Republicanos.png\" \/><\/td>\n<td>Atilio Francisco<br \/>\n<strong>Membro<\/strong><\/td>\n<\/tr>\n<\/tbody>\n<\/table>\n<\/td>\n<td>\n<table>\n<tbody>\n<tr>\n<td><img decoding=\"async\" class=\"aligncenter\" style=\"margin: 0;float: left\" title=\"PL\" src=\"https:\/\/www.saopaulo.sp.leg.br\/orcamento2020\/wp-content\/uploads\/sites\/28\/2019\/10\/LOGO_PL.jpg\" \/><\/td>\n<td>Isac F\u00e9lix<br \/>\n<strong>Membro<\/strong><\/td>\n<\/tr>\n<\/tbody>\n<\/table>\n<\/td>\n<td>\n<table>\n<tbody>\n<tr>\n<td><img decoding=\"async\" class=\"aligncenter\" style=\"margin: 0;float: left\" title=\"PSD\" src=\"https:\/\/www.saopaulo.sp.leg.br\/wp-content\/uploads\/2017\/02\/psd.png\" alt=\"\" \/><\/td>\n<td>Rodrigo Goulart<br \/>\n<b>Membro<\/b><\/td>\n<\/tr>\n<\/tbody>\n<\/table>\n<\/td>\n<\/tr>\n<\/tbody>\n<\/table>\n<table>\n<tbody>\n<tr>\n<td><img loading=\"lazy\" decoding=\"async\" class=\"size-full wp-image-609 aligncenter\" src=\"https:\/\/www.saopaulo.sp.leg.br\/orcamento2021\/wp-content\/uploads\/sites\/40\/2020\/10\/ricardo-nunes.jpg\" alt=\"\" width=\"193\" height=\"155\" \/><\/td>\n<td><img loading=\"lazy\" decoding=\"async\" class=\"size-full wp-image-605 aligncenter\" src=\"https:\/\/www.saopaulo.sp.leg.br\/orcamento2021\/wp-content\/uploads\/sites\/40\/2020\/10\/ricardoteixeira.png\" alt=\"\" width=\"193\" height=\"155\" \/><\/td>\n<td><img loading=\"lazy\" decoding=\"async\" class=\"size-full wp-image-608 aligncenter\" src=\"https:\/\/www.saopaulo.sp.leg.br\/orcamento2021\/wp-content\/uploads\/sites\/40\/2020\/10\/ota.jpg\" alt=\"\" width=\"193\" height=\"155\" \/><\/td>\n<\/tr>\n<tr>\n<td>\n<table>\n<tbody>\n<tr>\n<td><img loading=\"lazy\" decoding=\"async\" class=\"aligncenter\" style=\"margin: 0;float: left\" title=\"PTB\" src=\"http:\/\/www.saopaulo.sp.leg.br\/wp-content\/uploads\/2017\/02\/mdb_p.jpg\" alt=\"\" width=\"40\" height=\"40\" \/><\/td>\n<td>Ricardo Nunes<br \/>\n<strong>Membro<\/strong><\/td>\n<\/tr>\n<\/tbody>\n<\/table>\n<\/td>\n<td>\n<table>\n<tbody>\n<tr>\n<td><img loading=\"lazy\" decoding=\"async\" class=\"aligncenter\" style=\"margin: 0;float: left\" title=\"DEM\" src=\"http:\/\/www.saopaulo.sp.leg.br\/wp-content\/uploads\/2017\/02\/dem.png\" alt=\"\" width=\"40\" height=\"40\" \/><\/td>\n<td>Ricardo Teixeira<br \/>\n<strong>Membro<\/strong><\/td>\n<\/tr>\n<\/tbody>\n<\/table>\n<\/td>\n<td>\n<table>\n<tbody>\n<tr>\n<td><img loading=\"lazy\" decoding=\"async\" class=\"aligncenter\" style=\"margin: 0;float: left\" title=\"PSB\" src=\"http:\/\/www.saopaulo.sp.leg.br\/wp-content\/uploads\/2017\/02\/psb.png\" alt=\"\" width=\"40\" height=\"40\" \/><\/td>\n<td>Ota<br \/>\n<strong>Membro<\/strong><\/td>\n<\/tr>\n<\/tbody>\n<\/table>\n<\/td>\n<\/tr>\n<\/tbody>\n<\/table>\n","protected":false},"excerpt":{"rendered":"<p>O que \u00e9 a Comiss\u00e3o de Finan\u00e7as? \u00c9 de responsabilidade da Comiss\u00e3o de Finan\u00e7as e Or\u00e7amento (CFO) da C\u00e2mara Municipal de S\u00e3o Paulo garantir o amplo debate sobre a LOA (Lei Or\u00e7ament\u00e1ria Anual). Atualmente, a Comiss\u00e3o tem em sua composi\u00e7\u00e3o o presidente Antonio Donato (PT), a vice-presidente Soninha Francine (CIDADANIA), e os membros Adriana Ramalho&#8230;  <a class=\"excerpt-read-more\" href=\"https:\/\/www.saopaulo.sp.leg.br\/orcamento2021\/comissao\/\" title=\"Read Comiss\u00e3o\">Ler mais &raquo;<\/a><\/p>\n","protected":false},"author":169,"featured_media":0,"parent":0,"menu_order":0,"comment_status":"closed","ping_status":"closed","template":"","meta":{"_acf_changed":false,"footnotes":""},"class_list":["post-80","page","type-page","status-publish","hentry"],"acf":[],"_links":{"self":[{"href":"https:\/\/www.saopaulo.sp.leg.br\/orcamento2021\/wp-json\/wp\/v2\/pages\/80","targetHints":{"allow":["GET"]}}],"collection":[{"href":"https:\/\/www.saopaulo.sp.leg.br\/orcamento2021\/wp-json\/wp\/v2\/pages"}],"about":[{"href":"https:\/\/www.saopaulo.sp.leg.br\/orcamento2021\/wp-json\/wp\/v2\/types\/page"}],"author":[{"embeddable":true,"href":"https:\/\/www.saopaulo.sp.leg.br\/orcamento2021\/wp-json\/wp\/v2\/users\/169"}],"replies":[{"embeddable":true,"href":"https:\/\/www.saopaulo.sp.leg.br\/orcamento2021\/wp-json\/wp\/v2\/comments?post=80"}],"version-history":[{"count":0,"href":"https:\/\/www.saopaulo.sp.leg.br\/orcamento2021\/wp-json\/wp\/v2\/pages\/80\/revisions"}],"wp:attachment":[{"href":"https:\/\/www.saopaulo.sp.leg.br\/orcamento2021\/wp-json\/wp\/v2\/media?parent=80"}],"curies":[{"name":"wp","href":"https:\/\/api.w.org\/{rel}","templated":true}]}}