{"id":63,"date":"2019-05-15T16:17:11","date_gmt":"2019-05-15T19:17:11","guid":{"rendered":"http:\/\/191.233.26.21\/orcamento2020\/?page_id=60"},"modified":"2021-09-03T15:43:43","modified_gmt":"2021-09-03T18:43:43","slug":"audiencias-publicas","status":"publish","type":"page","link":"https:\/\/www.saopaulo.sp.leg.br\/orcamento2021\/audiencias-publicas\/","title":{"rendered":"Audi\u00eancias P\u00fablicas"},"content":{"rendered":"<h2><strong>O que \u00e9 uma Audi\u00eancia P\u00fablica e como participar?<\/strong><\/h2>\n<p>As <strong>Audi\u00eancias P\u00fablicas<\/strong> s\u00e3o mecanismos democr\u00e1ticos convocados, isoladamente ou em conjunto, pelas Comiss\u00f5es Permanentes da C\u00e2mara Municipal de S\u00e3o Paulo.<\/p>\n<p>O <strong>Regimento Interno da Casa<\/strong> estabelece que as comiss\u00f5es poder\u00e3o solicitar a realiza\u00e7\u00e3o de audi\u00eancias sobre Projetos de Lei, nos casos previstos no artigo 41 da Lei Org\u00e2nica do Munic\u00edpio, ou sempre que requeridas por 0,1% (um d\u00e9cimo por cento) de eleitores do munic\u00edpio, ou sobre assunto de interesse p\u00fablico principalmente para dar voz a representantes de entidades legalmente constitu\u00eddas ou de, no m\u00ednimo, 1.500 (um mil e quinhentos) mun\u00edcipes, sempre que essas entidades ou eleitores o requererem.<\/p>\n<p>As comiss\u00f5es podem ainda convocar Audi\u00eancias P\u00fablicas para instruir mat\u00e9ria legislativa em tr\u00e2mite e para tratar de assuntos de interesse p\u00fablico, mediante proposta de qualquer de seus membros ou a pedido de entidades interessadas.<\/p>\n<p>Visando a democratiza\u00e7\u00e3o do acesso \u00e0s Audi\u00eancias P\u00fablicas, a C\u00e2mara Municipal de S\u00e3o Paulo transmite todas as reuni\u00f5es pelos canais oficiais da Casa e os interessados podem participar tanto por videoconfer\u00eancia, mediante inscri\u00e7\u00e3o e exig\u00eancias do Regimento Interno, ou pelo envio de propostas, preenchendo o formul\u00e1rio correspondente e registrando sua manifesta\u00e7\u00e3o por escrito \u00e0 comiss\u00e3o.<\/p>\n<p>Confira as audi\u00eancias realizadas &#8211; <a href=\"https:\/\/www.saopaulo.sp.leg.br\/orcamento2021\/audiencias-realizadas\/\" target=\"_blank\" rel=\"noopener noreferrer\">clique aqui.<\/a><\/p>\n","protected":false},"excerpt":{"rendered":"<p>O que \u00e9 uma Audi\u00eancia P\u00fablica e como participar? As Audi\u00eancias P\u00fablicas s\u00e3o mecanismos democr\u00e1ticos convocados, isoladamente ou em conjunto, pelas Comiss\u00f5es Permanentes da C\u00e2mara Municipal de S\u00e3o Paulo. O Regimento Interno da Casa estabelece que as comiss\u00f5es poder\u00e3o solicitar a realiza\u00e7\u00e3o de audi\u00eancias sobre Projetos de Lei, nos casos previstos no artigo 41 da&#8230;  <a class=\"excerpt-read-more\" href=\"https:\/\/www.saopaulo.sp.leg.br\/orcamento2021\/audiencias-publicas\/\" title=\"Read Audi\u00eancias P\u00fablicas\">Ler mais &raquo;<\/a><\/p>\n","protected":false},"author":169,"featured_media":0,"parent":0,"menu_order":0,"comment_status":"closed","ping_status":"closed","template":"","meta":{"_acf_changed":false,"footnotes":""},"class_list":["post-63","page","type-page","status-publish","hentry"],"acf":[],"_links":{"self":[{"href":"https:\/\/www.saopaulo.sp.leg.br\/orcamento2021\/wp-json\/wp\/v2\/pages\/63","targetHints":{"allow":["GET"]}}],"collection":[{"href":"https:\/\/www.saopaulo.sp.leg.br\/orcamento2021\/wp-json\/wp\/v2\/pages"}],"about":[{"href":"https:\/\/www.saopaulo.sp.leg.br\/orcamento2021\/wp-json\/wp\/v2\/types\/page"}],"author":[{"embeddable":true,"href":"https:\/\/www.saopaulo.sp.leg.br\/orcamento2021\/wp-json\/wp\/v2\/users\/169"}],"replies":[{"embeddable":true,"href":"https:\/\/www.saopaulo.sp.leg.br\/orcamento2021\/wp-json\/wp\/v2\/comments?post=63"}],"version-history":[{"count":0,"href":"https:\/\/www.saopaulo.sp.leg.br\/orcamento2021\/wp-json\/wp\/v2\/pages\/63\/revisions"}],"wp:attachment":[{"href":"https:\/\/www.saopaulo.sp.leg.br\/orcamento2021\/wp-json\/wp\/v2\/media?parent=63"}],"curies":[{"name":"wp","href":"https:\/\/api.w.org\/{rel}","templated":true}]}}