{"id":561,"date":"2020-10-13T11:49:24","date_gmt":"2020-10-13T14:49:24","guid":{"rendered":"http:\/\/www.saopaulo.sp.leg.br\/orcamento2021\/?page_id=561"},"modified":"2020-12-23T16:38:06","modified_gmt":"2020-12-23T19:38:06","slug":"arquivos","status":"publish","type":"page","link":"https:\/\/www.saopaulo.sp.leg.br\/orcamento2021\/arquivos\/","title":{"rendered":"Arquivos"},"content":{"rendered":"<h2 style=\"text-align: center\">Consulte aqui todos os arquivos relacionados \u00e0 constru\u00e7\u00e3o da Lei Or\u00e7ament\u00e1ria Anual.<\/h2>\n<p><a class=\"linkDestaque\" href=\"https:\/\/splegisconsulta.\/Pesquisa\/DetailsDetalhado?COD_MTRA_LEGL=1&amp;COD_PCSS_CMSP=252&amp;ANO_PCSS_CMSP=2020\" target=\"_blank\" rel=\"noopener noreferrer\">LDO \u2013 Lei de Diretrizes Or\u00e7ament\u00e1rias<\/a><\/p>\n<p><a class=\"linkDestaque\" href=\"https:\/\/splegisconsulta.\/Pesquisa\/DetailsResumido?COD_MTRA_LEGL=1&amp;COD_PCSS_CMSP=643&amp;ANO_PCSS_CMSP=2020\" target=\"_blank\" rel=\"noopener noreferrer\">Aprovado &#8211; Projeto de Lei 643\/2020 &#8211; LOA &#8211; Lei Or\u00e7ament\u00e1ria Anual<\/a><\/p>\n<p><a class=\"linkDestaque\" href=\"https:\/\/www.saopaulo.sp.leg.br\/orcamento2021\/wp-content\/uploads\/sites\/40\/2020\/11\/receita_1geral_OUT.pdf\" target=\"_blank\" rel=\"noopener noreferrer\">Munic\u00edpio de S\u00e3o Paulo: Comparativo da Receita<\/a><\/p>\n<p><a class=\"linkDestaque\" href=\"https:\/\/www.saopaulo.sp.leg.br\/orcamento2021\/wp-content\/uploads\/sites\/40\/2020\/11\/despesa_1geral_OUT.pdf\" target=\"_blank\" rel=\"noopener noreferrer\">Execu\u00e7\u00e3o Or\u00e7amento 2020 e Proposta Or\u00e7ament\u00e1ria 2021, por grupo de natureza da despesa<\/a><\/p>\n<hr \/>\n<h2 style=\"text-align: center;margin-top: 40px\">Tabelas &#8211; Segunda Audi\u00eancia Geral.<\/h2>\n<p><a class=\"linkDestaque\" href=\"https:\/\/www.saopaulo.sp.leg.br\/orcamento2021\/wp-content\/uploads\/sites\/40\/2020\/12\/receita_2geral_OUT.pdf\" target=\"_blank\" rel=\"noopener noreferrer\">Munic\u00edpio de S\u00e3o Paulo: Comparativo da Receita<\/a><\/p>\n<p><a class=\"linkDestaque\" href=\"https:\/\/www.saopaulo.sp.leg.br\/orcamento2021\/wp-content\/uploads\/sites\/40\/2020\/12\/despesa_2geral_OUT.pdf\" target=\"_blank\" rel=\"noopener noreferrer\">Execu\u00e7\u00e3o Or\u00e7amento 2020 e Proposta Or\u00e7ament\u00e1ria 2021, por grupo de natureza da despesa<\/a><\/p>\n<hr \/>\n<h2 style=\"text-align: center;margin-top: 40px\">Tabelas &#8211; Audi\u00eancia Assist\u00eancia e Habita\u00e7\u00e3o<\/h2>\n<p><a class=\"linkDestaque\" href=\"https:\/\/www.saopaulo.sp.leg.br\/orcamento2021\/wp-content\/uploads\/sites\/40\/2020\/12\/orgao14.pdf\" target=\"_blank\" rel=\"noopener noreferrer\">Secretaria Municipal de Habita\u00e7\u00e3o 2019-2021<\/a><\/p>\n<p><a class=\"linkDestaque\" href=\"https:\/\/www.saopaulo.sp.leg.br\/orcamento2021\/wp-content\/uploads\/sites\/40\/2020\/12\/orgao24.pdf\" target=\"_blank\" rel=\"noopener noreferrer\">Secretaria Municipal de Assist\u00eancia e Desenvolvimento Social 2019-2021<\/a><\/p>\n<p><a class=\"linkDestaque\" href=\"https:\/\/www.saopaulo.sp.leg.br\/orcamento2021\/wp-content\/uploads\/sites\/40\/2020\/12\/orgao83.pdf\" target=\"_blank\" rel=\"noopener noreferrer\">Companhia Metropolitana de Habita\u00e7\u00e3o de S\u00e3o Paulo 2019-2021<\/a><\/p>\n<p><a class=\"linkDestaque\" href=\"https:\/\/www.saopaulo.sp.leg.br\/orcamento2021\/wp-content\/uploads\/sites\/40\/2020\/12\/orgao91.pdf\" target=\"_blank\" rel=\"noopener noreferrer\">Fundo Municipal de Habita\u00e7\u00e3o 2019-2021<\/a><\/p>\n<p><a class=\"linkDestaque\" href=\"https:\/\/www.saopaulo.sp.leg.br\/orcamento2021\/wp-content\/uploads\/sites\/40\/2020\/12\/orgao93.pdf\" target=\"_blank\" rel=\"noopener noreferrer\">Fundo Municipal de Assist\u00eancia Social 2019-2021<\/a><\/p>\n<p><a class=\"linkDestaque\" href=\"https:\/\/www.saopaulo.sp.leg.br\/orcamento2021\/wp-content\/uploads\/sites\/40\/2020\/12\/unidade28_14.pdf\" target=\"_blank\" rel=\"noopener noreferrer\">Recursos Superv. pela Secretaria Municipal de Habita\u00e7\u00e3o 2019-2021<\/a><\/p>\n<p><a class=\"linkDestaque\" href=\"https:\/\/www.saopaulo.sp.leg.br\/orcamento2021\/wp-content\/uploads\/sites\/40\/2020\/12\/unidade86_14.pdf\" target=\"_blank\" rel=\"noopener noreferrer\">FMSAI &#8211; Secretaria Municipal da Habita\u00e7\u00e3o 2019-2021<\/a><\/p>\n<p><a class=\"linkDestaque\" href=\"https:\/\/www.saopaulo.sp.leg.br\/orcamento2021\/wp-content\/uploads\/sites\/40\/2020\/12\/unidade98_14.pdf\" target=\"_blank\" rel=\"noopener noreferrer\">FUNDURB &#8211; Secretaria Municipal de Habita\u00e7\u00e3o 2019-2021<\/a><\/p>\n<hr \/>\n<h2 style=\"text-align: center;margin-top: 40px\">Tabelas &#8211; Audi\u00eancia da Cultura<\/h2>\n<p><a class=\"linkDestaque\" href=\"https:\/\/www.saopaulo.sp.leg.br\/orcamento2021\/wp-content\/uploads\/sites\/40\/2020\/12\/orgao25.pdf\" target=\"_blank\" rel=\"noopener noreferrer\">Secretaria Municipal de Cultura 2019-2021<\/a><\/p>\n<p><a class=\"linkDestaque\" href=\"https:\/\/www.saopaulo.sp.leg.br\/orcamento2021\/wp-content\/uploads\/sites\/40\/2020\/12\/orgao97.pdf\" target=\"_blank\" rel=\"noopener noreferrer\">Fundo de Prote\u00e7\u00e3o do Patrim\u00f4nio Cultural e Ambiental Paulistano 2019-2021<\/a><\/p>\n<p><a class=\"linkDestaque\" href=\"https:\/\/www.saopaulo.sp.leg.br\/orcamento2021\/wp-content\/uploads\/sites\/40\/2020\/12\/orgao85.pdf\" target=\"_blank\" rel=\"noopener noreferrer\">Funda\u00e7\u00e3o Theatro Municipal de S\u00e3o Paulo 2019-2021<\/a><\/p>\n<p><a class=\"linkDestaque\" href=\"https:\/\/www.saopaulo.sp.leg.br\/orcamento2021\/wp-content\/uploads\/sites\/40\/2020\/12\/orgao95.pdf\" target=\"_blank\" rel=\"noopener noreferrer\">Fundo Especial de Promo\u00e7\u00e3o de Atividades Culturais 2019-2021<\/a><\/p>\n<p><a class=\"linkDestaque\" href=\"https:\/\/www.saopaulo.sp.leg.br\/orcamento2021\/wp-content\/uploads\/sites\/40\/2020\/12\/orgao88.pdf\" target=\"_blank\" rel=\"noopener noreferrer\">Fundo de Preserva\u00e7\u00e3o do Patrim\u00f4nio Hist\u00f3rico e Cultural 2019-2021<\/a><\/p>\n<hr \/>\n<h2 style=\"text-align: center;margin-top: 40px\">Tabelas &#8211; Audi\u00eancia Sa\u00fade e Educa\u00e7\u00e3o<\/h2>\n<p><a class=\"linkDestaque\" href=\"https:\/\/www.saopaulo.sp.leg.br\/orcamento2021\/wp-content\/uploads\/sites\/40\/2020\/12\/orgao02.pdf\" target=\"_blank\" rel=\"noopener noreferrer\">Hospital do Servidor P\u00fablico Municipal 2019-2021<\/a><\/p>\n<p><a class=\"linkDestaque\" href=\"https:\/\/www.saopaulo.sp.leg.br\/orcamento2021\/wp-content\/uploads\/sites\/40\/2020\/12\/orgao10.pdf\" target=\"_blank\" rel=\"noopener noreferrer\">Tribunal de Contas do Munic\u00edpio de S\u00e3o Paulo 2019-2021<\/a><\/p>\n<p><a class=\"linkDestaque\" href=\"https:\/\/www.saopaulo.sp.leg.br\/orcamento2021\/wp-content\/uploads\/sites\/40\/2020\/12\/orgao16.pdf\" target=\"_blank\" rel=\"noopener noreferrer\">Secretaria Municipal de Educa\u00e7\u00e3o 2019-2021<\/a><\/p>\n<p><a class=\"linkDestaque\" href=\"https:\/\/www.saopaulo.sp.leg.br\/orcamento2021\/wp-content\/uploads\/sites\/40\/2020\/12\/orgao17.pdf\" target=\"_blank\" rel=\"noopener noreferrer\">Secretaria Municipal da Fazenda 2019-2021<\/a><\/p>\n<p><a class=\"linkDestaque\" href=\"https:\/\/www.saopaulo.sp.leg.br\/orcamento2021\/wp-content\/uploads\/sites\/40\/2020\/12\/orgao77.pdf\" target=\"_blank\" rel=\"noopener noreferrer\">Fundo Especial de Despesas do Tribunal de Contas 2019-2021<\/a><\/p>\n<p><a class=\"linkDestaque\" href=\"https:\/\/www.saopaulo.sp.leg.br\/orcamento2021\/wp-content\/uploads\/sites\/40\/2020\/12\/orgao84_cautarq.pdf\" target=\"_blank\" rel=\"noopener noreferrer\">Fundo Municipal de Sa\u00fade 2019-2021 &#8211; Inclui Autarquia Hospitalar Municipal<\/a><\/p>\n<p><a class=\"linkDestaque\" href=\"https:\/\/www.saopaulo.sp.leg.br\/orcamento2021\/wp-content\/uploads\/sites\/40\/2020\/12\/orgao84.pdf\" target=\"_blank\" rel=\"noopener noreferrer\">Fundo Municipal de Sa\u00fade 2019-2021<\/a><\/p>\n","protected":false},"excerpt":{"rendered":"<p>Consulte aqui todos os arquivos relacionados \u00e0 constru\u00e7\u00e3o da Lei Or\u00e7ament\u00e1ria Anual. LDO \u2013 Lei de Diretrizes Or\u00e7ament\u00e1rias Aprovado &#8211; Projeto de Lei 643\/2020 &#8211; LOA &#8211; Lei Or\u00e7ament\u00e1ria Anual Munic\u00edpio de S\u00e3o Paulo: Comparativo da Receita Execu\u00e7\u00e3o Or\u00e7amento 2020 e Proposta Or\u00e7ament\u00e1ria 2021, por grupo de natureza da despesa Tabelas &#8211; Segunda Audi\u00eancia Geral&#8230;.  <a class=\"excerpt-read-more\" href=\"https:\/\/www.saopaulo.sp.leg.br\/orcamento2021\/arquivos\/\" title=\"Read Arquivos\">Ler mais &raquo;<\/a><\/p>\n","protected":false},"author":733,"featured_media":0,"parent":0,"menu_order":0,"comment_status":"closed","ping_status":"closed","template":"page-baixar-arquivos.php","meta":{"_acf_changed":false,"footnotes":""},"class_list":["post-561","page","type-page","status-publish","hentry"],"acf":[],"_links":{"self":[{"href":"https:\/\/www.saopaulo.sp.leg.br\/orcamento2021\/wp-json\/wp\/v2\/pages\/561","targetHints":{"allow":["GET"]}}],"collection":[{"href":"https:\/\/www.saopaulo.sp.leg.br\/orcamento2021\/wp-json\/wp\/v2\/pages"}],"about":[{"href":"https:\/\/www.saopaulo.sp.leg.br\/orcamento2021\/wp-json\/wp\/v2\/types\/page"}],"author":[{"embeddable":true,"href":"https:\/\/www.saopaulo.sp.leg.br\/orcamento2021\/wp-json\/wp\/v2\/users\/733"}],"replies":[{"embeddable":true,"href":"https:\/\/www.saopaulo.sp.leg.br\/orcamento2021\/wp-json\/wp\/v2\/comments?post=561"}],"version-history":[{"count":0,"href":"https:\/\/www.saopaulo.sp.leg.br\/orcamento2021\/wp-json\/wp\/v2\/pages\/561\/revisions"}],"wp:attachment":[{"href":"https:\/\/www.saopaulo.sp.leg.br\/orcamento2021\/wp-json\/wp\/v2\/media?parent=561"}],"curies":[{"name":"wp","href":"https:\/\/api.w.org\/{rel}","templated":true}]}}