{"id":90,"date":"2019-05-15T16:29:44","date_gmt":"2019-05-15T19:29:44","guid":{"rendered":"http:\/\/191.233.26.21\/orcamento2020\/?page_id=90"},"modified":"2019-10-18T20:48:55","modified_gmt":"2019-10-18T23:48:55","slug":"entenda","status":"publish","type":"page","link":"https:\/\/www.saopaulo.sp.leg.br\/orcamento2020\/entenda\/","title":{"rendered":"Entenda"},"content":{"rendered":"<p><iframe loading=\"lazy\" title=\"O que \u00e9 LOA ? #Or\u00e7amento2020\" width=\"680\" height=\"383\" src=\"https:\/\/www.youtube.com\/embed\/bO7puR8erUc?feature=oembed\" frameborder=\"0\" allow=\"accelerometer; autoplay; encrypted-media; gyroscope; picture-in-picture\" allowfullscreen><\/iframe><\/p>\n<p>&nbsp;<\/p>\n<p>A <a href=\"http:\/\/www.saopaulo.sp.leg.br\/iah\/fulltext\/projeto\/PL0647-2019.pdf\" target=\"_blank\" rel=\"noopener noreferrer\">Proposta de Lei Or\u00e7ament\u00e1ria Anual 2020 (PL 647\/2019)<\/a>, que estima as receitas e fixa as despesas da capital paulista para o pr\u00f3ximo ano, est\u00e1 em tramita\u00e7\u00e3o na C\u00e2mara Municipal de S\u00e3o Paulo.<\/p>\n<p>O projeto, encaminhado ao Legislativo paulistano no dia 30 de setembro, prev\u00ea or\u00e7amento de R$ 68,9 bilh\u00f5es para 2020, o que representa aumento de 13,8% se comparado ao deste ano.<\/p>\n<p>Para garantir que a proposta aprovada atenda \u00e0 maioria das demandas da popula\u00e7\u00e3o, a Comiss\u00e3o de Finan\u00e7as e Or\u00e7amento est\u00e1 realizando Audi\u00eancias P\u00fablicas gerais e tem\u00e1ticas.<\/p>\n<p>Veja <a href=\"https:\/\/www.saopaulo.sp.leg.br\/orcamento2020\/agenda\/\" target=\"_blank\" rel=\"noopener noreferrer\">aqui<\/a> o calend\u00e1rio completo de todas as Audi\u00eancias P\u00fablicas.<\/p>\n<p>Se voc\u00ea n\u00e3o puder comparecer em alguma delas, o registro pode ser encontrado na nossa \u00e1rea de <a href=\"https:\/\/www.saopaulo.sp.leg.br\/orcamento2020\/audiencias-realizadas\/\" target=\"_blank\" rel=\"noopener noreferrer\">Audi\u00eancias Realizadas<\/a>.<\/p>\n<p>Al\u00e9m dos debates presenciais, tamb\u00e9m \u00e9 poss\u00edvel enviar propostas por meio deste hotsite. Clique <a href=\"https:\/\/www.saopaulo.sp.leg.br\/orcamento2020\/de-sua-sugestao\/\" target=\"_blank\" rel=\"noopener noreferrer\">aqui<\/a> e encaminhe a sua sugest\u00e3o pelo formul\u00e1rio.<\/p>\n<p><strong>Comiss\u00e3o de Finan\u00e7as e Or\u00e7amento<\/strong><\/p>\n<p>A LOA (Lei Or\u00e7ament\u00e1ria Anual) tramita na Comiss\u00e3o de Finan\u00e7as e Or\u00e7amento da C\u00e2mara Municipal de S\u00e3o Paulo. Presidida pelo vereador Alessandro Guedes (PT), tem como vice-presidente a vereadora Soninha Francine (CIDADANIA23). O grupo \u00e9 integrado tamb\u00e9m pelos vereadores Adriana Ramalho (PSDB), At\u00edlio Francisco (REPUBLICANOS), Fernando Holiday (DEM), Isac F\u00e9lix (PL), Ota (PSB), Paulo Frange (PTB) e Rodrigo Goulart (PSD).<\/p>\n<p>Saiba mais sobre os vereadores que comp\u00f5em o colegiado clicando\u00a0<a href=\"http:\/\/www.saopaulo.sp.leg.br\/comissao\/comissoes-do-processo-legislativo\/comissao-de-financas-e-orcamento\/\" target=\"_blank\" rel=\"noopener noreferrer\" data-auth=\"NotApplicable\">aqui<\/a>.<\/p>\n<img loading=\"lazy\" decoding=\"async\" class=\"alignnone wp-image-221 size-full\" src=\"https:\/\/www.saopaulo.sp.leg.br\/orcamento2020\/wp-content\/uploads\/sites\/28\/2019\/10\/Infografico1.png\" alt=\"\" width=\"800\" height=\"2000\" srcset=\"https:\/\/www.saopaulo.sp.leg.br\/orcamento2020\/wp-content\/uploads\/sites\/28\/2019\/10\/Infografico1.png 800w, https:\/\/www.saopaulo.sp.leg.br\/orcamento2020\/wp-content\/uploads\/sites\/28\/2019\/10\/Infografico1-120x300.png 120w, https:\/\/www.saopaulo.sp.leg.br\/orcamento2020\/wp-content\/uploads\/sites\/28\/2019\/10\/Infografico1-768x1920.png 768w, https:\/\/www.saopaulo.sp.leg.br\/orcamento2020\/wp-content\/uploads\/sites\/28\/2019\/10\/Infografico1-410x1024.png 410w\" sizes=\"auto, (max-width: 800px) 100vw, 800px\" \/> <img loading=\"lazy\" decoding=\"async\" class=\"alignnone wp-image-222 size-full\" src=\"https:\/\/www.saopaulo.sp.leg.br\/orcamento2020\/wp-content\/uploads\/sites\/28\/2019\/10\/Infografico2.png\" alt=\"\" width=\"800\" height=\"2000\" srcset=\"https:\/\/www.saopaulo.sp.leg.br\/orcamento2020\/wp-content\/uploads\/sites\/28\/2019\/10\/Infografico2.png 800w, https:\/\/www.saopaulo.sp.leg.br\/orcamento2020\/wp-content\/uploads\/sites\/28\/2019\/10\/Infografico2-120x300.png 120w, https:\/\/www.saopaulo.sp.leg.br\/orcamento2020\/wp-content\/uploads\/sites\/28\/2019\/10\/Infografico2-768x1920.png 768w, https:\/\/www.saopaulo.sp.leg.br\/orcamento2020\/wp-content\/uploads\/sites\/28\/2019\/10\/Infografico2-410x1024.png 410w\" sizes=\"auto, (max-width: 800px) 100vw, 800px\" \/><img loading=\"lazy\" decoding=\"async\" class=\"alignnone wp-image-220 size-full\" src=\"https:\/\/www.saopaulo.sp.leg.br\/orcamento2020\/wp-content\/uploads\/sites\/28\/2019\/10\/Infografico3.png\" alt=\"\" width=\"800\" height=\"864\" srcset=\"https:\/\/www.saopaulo.sp.leg.br\/orcamento2020\/wp-content\/uploads\/sites\/28\/2019\/10\/Infografico3.png 800w, https:\/\/www.saopaulo.sp.leg.br\/orcamento2020\/wp-content\/uploads\/sites\/28\/2019\/10\/Infografico3-278x300.png 278w, https:\/\/www.saopaulo.sp.leg.br\/orcamento2020\/wp-content\/uploads\/sites\/28\/2019\/10\/Infografico3-768x829.png 768w\" sizes=\"auto, (max-width: 800px) 100vw, 800px\" \/>\n","protected":false},"excerpt":{"rendered":"<p>&nbsp; A Proposta de Lei Or\u00e7ament\u00e1ria Anual 2020 (PL 647\/2019), que estima as receitas e fixa as despesas da capital paulista para o pr\u00f3ximo ano, est\u00e1 em tramita\u00e7\u00e3o na C\u00e2mara Municipal de S\u00e3o Paulo. O projeto, encaminhado ao Legislativo paulistano no dia 30 de setembro, prev\u00ea or\u00e7amento de R$ 68,9 bilh\u00f5es para 2020, o que&#8230;  <a class=\"excerpt-read-more\" href=\"https:\/\/www.saopaulo.sp.leg.br\/orcamento2020\/entenda\/\" title=\"Read Entenda\">Ler mais &raquo;<\/a><\/p>\n","protected":false},"author":169,"featured_media":0,"parent":0,"menu_order":0,"comment_status":"closed","ping_status":"closed","template":"","meta":{"_acf_changed":false,"footnotes":""},"class_list":["post-90","page","type-page","status-publish","hentry"],"acf":[],"_links":{"self":[{"href":"https:\/\/www.saopaulo.sp.leg.br\/orcamento2020\/wp-json\/wp\/v2\/pages\/90","targetHints":{"allow":["GET"]}}],"collection":[{"href":"https:\/\/www.saopaulo.sp.leg.br\/orcamento2020\/wp-json\/wp\/v2\/pages"}],"about":[{"href":"https:\/\/www.saopaulo.sp.leg.br\/orcamento2020\/wp-json\/wp\/v2\/types\/page"}],"author":[{"embeddable":true,"href":"https:\/\/www.saopaulo.sp.leg.br\/orcamento2020\/wp-json\/wp\/v2\/users\/169"}],"replies":[{"embeddable":true,"href":"https:\/\/www.saopaulo.sp.leg.br\/orcamento2020\/wp-json\/wp\/v2\/comments?post=90"}],"version-history":[{"count":0,"href":"https:\/\/www.saopaulo.sp.leg.br\/orcamento2020\/wp-json\/wp\/v2\/pages\/90\/revisions"}],"wp:attachment":[{"href":"https:\/\/www.saopaulo.sp.leg.br\/orcamento2020\/wp-json\/wp\/v2\/media?parent=90"}],"curies":[{"name":"wp","href":"https:\/\/api.w.org\/{rel}","templated":true}]}}