{"id":7,"date":"2014-11-04T14:58:03","date_gmt":"2014-11-04T17:58:03","guid":{"rendered":"http:\/\/www.saopaulo.sp.leg.br\/transparencia\/orcamentos-da-camara\/?page_id=7"},"modified":"2014-11-04T14:58:03","modified_gmt":"2014-11-04T17:58:03","slug":"entenda","status":"publish","type":"page","link":"https:\/\/www.saopaulo.sp.leg.br\/orcamento2015\/entenda\/","title":{"rendered":"Entenda"},"content":{"rendered":"<p class=\"textbold\">O or\u00e7amento \u00e9 um projeto de lei enviado anualmente pelo Executivo para aprecia\u00e7\u00e3o e vota\u00e7\u00e3o na C\u00e2mara Municipal de S\u00e3o Paulo. Nesse projeto, est\u00e3o as previs\u00f5es de receitas e despesas da prefeitura para o ano subsequente. No parlamento, os vereadores t\u00eam a obriga\u00e7\u00e3o de avaliar, propor emendas e aprovar a pe\u00e7a at\u00e9 o fim do ano. Tamb\u00e9m \u00e9 obrigat\u00f3ria a realiza\u00e7\u00e3o de pelo menos duas audi\u00eancias p\u00fablicas para ouvir as demandas da popula\u00e7\u00e3o &#8211; em 2015, a Comiss\u00e3o de Finan\u00e7as e Or\u00e7amento convocou 11 audi\u00eancias \u00a0(9 tem\u00e1ticas e 2 gerais) para discutir o PL 467\/2014.<\/p>\n<p class=\"textbold\">Confira no infogr\u00e1fico abaixo como \u00e9 realizada a tramita\u00e7\u00e3o do or\u00e7amento na C\u00e2mara:<\/p>\n<p class=\"textbold\"><a href=\"http:\/\/www.saopaulo.sp.leg.br\/orcamento2015\/wp-content\/uploads\/sites\/11\/2014\/11\/info.png\"><img loading=\"lazy\" decoding=\"async\" class=\"wp-image-228 size-full aligncenter\" src=\"http:\/\/www.saopaulo.sp.leg.br\/orcamento2015\/wp-content\/uploads\/sites\/11\/2014\/11\/info.png\" alt=\"info\" width=\"700\" height=\"3000\" srcset=\"https:\/\/www.saopaulo.sp.leg.br\/orcamento2015\/wp-content\/uploads\/sites\/11\/2014\/11\/info.png 700w, https:\/\/www.saopaulo.sp.leg.br\/orcamento2015\/wp-content\/uploads\/sites\/11\/2014\/11\/info-70x300.png 70w\" sizes=\"auto, (max-width: 700px) 100vw, 700px\" \/><\/a><\/p>\n<p class=\"textbold\">\n","protected":false},"excerpt":{"rendered":"<p>O or\u00e7amento \u00e9 um projeto de lei enviado anualmente pelo Executivo para aprecia\u00e7\u00e3o e vota\u00e7\u00e3o na C\u00e2mara Municipal de S\u00e3o Paulo. Nesse projeto, est\u00e3o as previs\u00f5es de receitas e despesas da prefeitura para o ano subsequente. No parlamento, os vereadores t\u00eam a obriga\u00e7\u00e3o de avaliar, propor emendas e aprovar a pe\u00e7a at\u00e9 o fim do [&hellip;]<\/p>\n","protected":false},"author":61,"featured_media":0,"parent":0,"menu_order":0,"comment_status":"open","ping_status":"open","template":"","meta":{"footnotes":""},"class_list":["post-7","page","type-page","status-publish","hentry"],"_links":{"self":[{"href":"https:\/\/www.saopaulo.sp.leg.br\/orcamento2015\/wp-json\/wp\/v2\/pages\/7","targetHints":{"allow":["GET"]}}],"collection":[{"href":"https:\/\/www.saopaulo.sp.leg.br\/orcamento2015\/wp-json\/wp\/v2\/pages"}],"about":[{"href":"https:\/\/www.saopaulo.sp.leg.br\/orcamento2015\/wp-json\/wp\/v2\/types\/page"}],"author":[{"embeddable":true,"href":"https:\/\/www.saopaulo.sp.leg.br\/orcamento2015\/wp-json\/wp\/v2\/users\/61"}],"replies":[{"embeddable":true,"href":"https:\/\/www.saopaulo.sp.leg.br\/orcamento2015\/wp-json\/wp\/v2\/comments?post=7"}],"version-history":[{"count":0,"href":"https:\/\/www.saopaulo.sp.leg.br\/orcamento2015\/wp-json\/wp\/v2\/pages\/7\/revisions"}],"wp:attachment":[{"href":"https:\/\/www.saopaulo.sp.leg.br\/orcamento2015\/wp-json\/wp\/v2\/media?parent=7"}],"curies":[{"name":"wp","href":"https:\/\/api.w.org\/{rel}","templated":true}]}}