{"id":15,"date":"2014-11-04T15:00:41","date_gmt":"2014-11-04T18:00:41","guid":{"rendered":"http:\/\/www.saopaulo.sp.leg.br\/transparencia\/orcamentos-da-camara\/?page_id=15"},"modified":"2024-02-09T13:45:36","modified_gmt":"2024-02-09T13:45:36","slug":"biblioteca","status":"publish","type":"page","link":"https:\/\/www.saopaulo.sp.leg.br\/orcamento2015\/biblioteca\/","title":{"rendered":"Biblioteca"},"content":{"rendered":"<p>Acesse todos os documentos relacionados ao or\u00e7amento produzidos pela C\u00e2mara e pela prefeitura: os projetos, emendas, pareceres, planilhas e estudos. Conforme a tramita\u00e7\u00e3o do projeto, que deve ser aprovado pelos vereadores at\u00e9 o fim do ano, essa sess\u00e3o ser\u00e1 abastecida com novos arquivos.<\/p>\n<p><i class=\"fa fa-file-pdf-o fa-2x\"><\/i> <strong><a href=\"..\/..\/iah\/fulltext\/projeto\/PL0467-2014.pdf\" target=\"_blank\" rel=\"noopener\">Projeto de Lei 467\/2014<\/a><\/strong><\/p>\n<p><i class=\"fa fa-file-pdf-o fa-2x\"><\/i> <strong><a href=\"..\/..\/iah\/fulltext\/justificativa\/JPL0467-2014.pdf\" target=\"_blank\" rel=\"noopener\">Justificativa<\/a><\/strong><\/p>\n<p><i class=\"fa fa-file-pdf-o fa-2x\"><\/i> <strong><a href=\"http:\/\/sempla.prefeitura.sp.gov.br\/orcamento\/uploads\/2015\/PLOA467Volume1DemonstrativosGerais.pdf\" target=\"_blank\" rel=\"noopener\">Volume 1 &#8211; Demonstrativos Gerais<\/a>\u00a0<\/strong><\/p>\n<p><i class=\"fa fa-file-pdf-o fa-2x\"><\/i> <strong><a href=\"http:\/\/sempla.prefeitura.sp.gov.br\/orcamento\/uploads\/2015\/PLOA467Volume2LegislacaoAtribuicao.pdf\" target=\"_blank\" rel=\"noopener\">Volume 2 &#8211; Legisla\u00e7\u00e3o e Atribui\u00e7\u00e3o<\/a>\u00a0<\/strong><\/p>\n<p><i class=\"fa fa-file-pdf-o fa-2x\"><\/i> <strong><a href=\"http:\/\/sempla.prefeitura.sp.gov.br\/orcamento\/uploads\/2015\/PLOA467Volume3DemonstrativosOrgaos.pdf\" target=\"_blank\" rel=\"noopener\">Volume 3 &#8211; Demonstrativos dos \u00d3rg\u00e3os<\/a><\/strong><\/p>\n<p><i class=\"fa fa-file-pdf-o fa-2x\"><\/i> <strong><a href=\"http:\/\/sempla.prefeitura.sp.gov.br\/orcamento\/uploads\/2015\/PLOA467Volume4DemonstrativosSubprefeituras.pdff\" target=\"_blank\" rel=\"noopener\">Volume 4 &#8211; Demonstrativos das Subprefeituras<\/a>\u00a0<\/strong><\/p>\n<p><i class=\"fa fa-file-pdf-o fa-2x\"><\/i> <strong><a href=\"http:\/\/sempla.prefeitura.sp.gov.br\/orcamento\/uploads\/2015\/PLOA467Volume5DemonstrativosFundos.pdf\" target=\"_blank\" rel=\"noopener\">Volume 5 &#8211; Demonstrativos dos Fundos Especiais<\/a>\u00a0<\/strong><\/p>\n<p><i class=\"fa fa-file-pdf-o fa-2x\"><\/i> <strong><a href=\"http:\/\/sempla.prefeitura.sp.gov.br\/orcamento\/uploads\/2015\/PLOA467Volume6DemosntrativosAutarquiasFundacoesEmpresas.pdf\" target=\"_blank\" rel=\"noopener\">Volume 6 &#8211; Demosntrativos das Autarquias, Funda\u00e7\u00f5es e Empresas<\/a><\/strong><\/p>\n<p><i class=\"fa fa-file-pdf-o fa-2x\"><\/i> <strong><a href=\"http:\/\/sempla.prefeitura.sp.gov.br\/orcamento\/uploads\/2015\/PLOA467Volume7RegionalizacaoDetalhamentoAcoes.pdf\" target=\"_blank\" rel=\"noopener\">Volume 7 &#8211; Regionaliza\u00e7\u00e3o e Detalhamento das A\u00e7\u00f5es<\/a><\/strong><\/p>\n<p><i class=\"fa fa-file-excel-o fa-2x\"><\/i> <strong><a href=\"http:\/\/sempla.prefeitura.sp.gov.br\/orcamento\/uploads\/2015\/PLOA467BaseDados.xls\" target=\"_blank\" rel=\"noopener\">Base de Dados \u2013 Projeto de Lei 467\/2014<\/a>\u00a0<\/strong><\/p>\n<p><i class=\"fa fa-file-excel-o fa-2x\"><\/i> <strong><a href=\"http:\/\/sempla.prefeitura.sp.gov.br\/orcamento\/uploads\/2015\/PLOA467BaseDadosQuadroDetalhadoDaAcao.xls\" target=\"_blank\" rel=\"noopener\">Base de Dados \u2013 Quadro Detalhado de A\u00e7\u00f5es<\/a>\u00a0<\/strong><\/p>\n<p><i class=\"fa fa-file-pdf-o fa-2x\"><\/i> <strong><a href=\"..\/..\/iah\/fulltext\/parecer\/FINS1575-2014.pdf\" target=\"_blank\" rel=\"noopener\">Parecer da Comiss\u00e3o de Finan\u00e7as<\/a><\/strong><\/p>\n<p><i class=\"fa fa-file-pdf-o fa-2x\"><\/i> <strong><a href=\"..\/..\/iah\/fulltext\/emenda\/EPL0467-2014-1A5754.pdf\" target=\"_blank\" rel=\"noopener\">Emendas apresentadas<\/a><\/strong><\/p>\n<p><i class=\"fa fa-file-pdf-o fa-2x\"><\/i> <strong><a href=\"..\/..\/iah\/fulltext\/parecer\/FINE1741-2014.pdf\" target=\"_blank\" rel=\"noopener\">Parecer da Comiss\u00e3o de Finan\u00e7as sobre as emendas<\/a><\/strong><\/p>\n<p><i class=\"fa fa-file-pdf-o fa-2x\"><\/i> <strong><a href=\"..\/..\/iah\/fulltext\/leis\/L16099.pdf\" target=\"_blank\" rel=\"noopener\">Projeto aprovado<\/a><\/strong><\/p>\n<p><i class=\"fa fa-file-pdf-o fa-2x\"><\/i> <strong><a href=\"..\/..\/orcamento2015\/wp-content\/uploads\/2015\/01\/Emendas-acolhidas.zip\" target=\"_blank\" rel=\"noopener\">Emendas acolhidas<\/a><\/strong><\/p>\n<p><i class=\"fa fa-table fa-2x\"><\/i> <strong><a href=\"..\/..\/wp-content\/uploads\/dce\/Orcamento_Aprovado_2015.xml\" target=\"_blank\" rel=\"noopener\">Or\u00e7amento aprovado (XML)<\/a><\/strong><\/p>\n<p><i class=\"fa fa-table fa-2x\"><\/i> <strong><a href=\"..\/..\/wp-content\/uploads\/dce\/Emendas_Apresentadas_2015.xml\" target=\"_blank\" rel=\"noopener\">Todas as emendas &#8211; descri\u00e7\u00e3o detalhada (XML)<\/a><\/strong><\/p>\n<p><i class=\"fa fa-table fa-2x\"><\/i> <strong><a href=\"..\/..\/wp-content\/uploads\/dce\/Autores_Valores_2015.xml\" target=\"_blank\" rel=\"noopener\">Todas as emendas &#8211; com indica\u00e7\u00e3o das aprovadas (XML)<\/a><\/strong><\/p>\n","protected":false},"excerpt":{"rendered":"<p>Acesse todos os documentos relacionados ao or\u00e7amento produzidos pela C\u00e2mara e pela prefeitura: os projetos, emendas, pareceres, planilhas e estudos. Conforme a tramita\u00e7\u00e3o do projeto, que deve ser aprovado pelos vereadores at\u00e9 o fim do ano, essa sess\u00e3o ser\u00e1 abastecida com novos arquivos. Projeto de Lei 467\/2014 Justificativa Volume 1 &#8211; Demonstrativos Gerais\u00a0 Volume 2 [&hellip;]<\/p>\n","protected":false},"author":61,"featured_media":0,"parent":0,"menu_order":0,"comment_status":"open","ping_status":"open","template":"","meta":{"footnotes":""},"class_list":["post-15","page","type-page","status-publish","hentry"],"_links":{"self":[{"href":"https:\/\/www.saopaulo.sp.leg.br\/orcamento2015\/wp-json\/wp\/v2\/pages\/15","targetHints":{"allow":["GET"]}}],"collection":[{"href":"https:\/\/www.saopaulo.sp.leg.br\/orcamento2015\/wp-json\/wp\/v2\/pages"}],"about":[{"href":"https:\/\/www.saopaulo.sp.leg.br\/orcamento2015\/wp-json\/wp\/v2\/types\/page"}],"author":[{"embeddable":true,"href":"https:\/\/www.saopaulo.sp.leg.br\/orcamento2015\/wp-json\/wp\/v2\/users\/61"}],"replies":[{"embeddable":true,"href":"https:\/\/www.saopaulo.sp.leg.br\/orcamento2015\/wp-json\/wp\/v2\/comments?post=15"}],"version-history":[{"count":0,"href":"https:\/\/www.saopaulo.sp.leg.br\/orcamento2015\/wp-json\/wp\/v2\/pages\/15\/revisions"}],"wp:attachment":[{"href":"https:\/\/www.saopaulo.sp.leg.br\/orcamento2015\/wp-json\/wp\/v2\/media?parent=15"}],"curies":[{"name":"wp","href":"https:\/\/api.w.org\/{rel}","templated":true}]}}