{"id":2658,"date":"2025-02-04T15:40:27","date_gmt":"2025-02-04T18:40:27","guid":{"rendered":"https:\/\/www.saopaulo.sp.leg.br\/mulheres\/?page_id=2658"},"modified":"2025-02-04T15:40:27","modified_gmt":"2025-02-04T18:40:27","slug":"programa-nao-se-cale","status":"publish","type":"page","link":"https:\/\/www.saopaulo.sp.leg.br\/mulheres\/legislacao\/programa-nao-se-cale\/","title":{"rendered":"Programa N\u00e3o Se Cale"},"content":{"rendered":"<p>Criado por meio de uma iniciativa da C\u00e2mara Municipal de S\u00e3o Paulo, o <strong>Programa \u201cN\u00e3o Se Cale\u201d<\/strong> est\u00e1 previsto na <a href=\"https:\/\/plpconsulta.saopaulo.sp.leg.br\/Forms\/MostrarArquivo.aspx?ID=18483&amp;TipArq=1\">Lei n\u00ba 17.951\/2023<\/a>. O objetivo do programa \u00e9 combater ao ass\u00e9dio e viol\u00eancia sexual em bares, restaurante, casas noturnas e outros locais de lazer na cidade.<\/p>\n<p>Inspirado em uma experi\u00eancia na Espanha, o programa foi proposto por meio do <a href=\"https:\/\/splegisconsulta.saopaulo.sp.leg.br\/Pesquisa\/DetailsDetalhado?COD_MTRA_LEGL=1&amp;COD_PCSS_CMSP=18&amp;ANO_PCSS_CMSP=2023\">PL (Projeto de Lei) 18\/2023<\/a>, autoria da vereadora <strong>Cris Monteiro (NOVO)<\/strong>, em conjunto com outros 13 parlamentares.<\/p>\n<p>A Lei municipal foi regulamentada pelo <a href=\"https:\/\/plpconsulta.saopaulo.sp.leg.br\/Forms\/MostrarArquivo?ID=20165&amp;TipArq=1\">Decreto n\u00ba 62.981, de 28 de novembro de 2023<\/a>, que atribui \u00e0 Secretaria Municipal de Direitos Humanos e Cidadania a responsabilidade de promover a forma\u00e7\u00e3o dos trabalhadores dos estabelecimentos, produzir uma cartilha de instru\u00e7\u00f5es e demais materiais necess\u00e1rios ao programa.<\/p>\n<p>Vale ressaltar que a ades\u00e3o de estabelecimentos e empresas de eventos ao protocolo N\u00e3o Se Cale \u00e9 volunt\u00e1ria. Os com\u00e9rcios que adotarem os protocolos adicionais de assist\u00eancia \u00e0 v\u00edtima de viol\u00eancia ou abuso sexual podem ganhar o selo \u201cN\u00e3o Se Cale\u201d. Para isso, a empresa interessada dever\u00e1 apresentar \u00e0 SMDHC a proposta de ades\u00e3o ao programa com o plano de a\u00e7\u00e3o em caso de ocorr\u00eancias.<\/p>\n","protected":false},"excerpt":{"rendered":"<p>Criado por meio de uma iniciativa da C\u00e2mara Municipal de S\u00e3o Paulo, o Programa \u201cN\u00e3o Se Cale\u201d est\u00e1 previsto na Lei n\u00ba 17.951\/2023. O objetivo do programa \u00e9 combater ao ass\u00e9dio e viol\u00eancia sexual em bares, restaurante, casas noturnas e outros locais de lazer na cidade. Inspirado em uma experi\u00eancia na Espanha, o programa foi&#8230;  <a class=\"excerpt-read-more\" href=\"https:\/\/www.saopaulo.sp.leg.br\/mulheres\/legislacao\/programa-nao-se-cale\/\" title=\"Leia Programa N\u00e3o Se Cale\">Leia Mais &raquo;<\/a><\/p>\n","protected":false},"author":733,"featured_media":0,"parent":1266,"menu_order":0,"comment_status":"closed","ping_status":"closed","template":"page-lei.php","meta":{"_acf_changed":false,"footnotes":""},"class_list":["post-2658","page","type-page","status-publish","hentry"],"acf":[],"yoast_head":"<!-- This site is optimized with the Yoast SEO plugin v27.5 - https:\/\/yoast.com\/product\/yoast-seo-wordpress\/ -->\n<title>Programa N\u00e3o Se Cale - Mulheres<\/title>\n<meta name=\"robots\" content=\"index, follow, max-snippet:-1, max-image-preview:large, max-video-preview:-1\" \/>\n<link rel=\"canonical\" href=\"https:\/\/www.saopaulo.sp.leg.br\/mulheres\/legislacao\/programa-nao-se-cale\/\" \/>\n<meta property=\"og:locale\" content=\"pt_BR\" \/>\n<meta property=\"og:type\" content=\"article\" \/>\n<meta property=\"og:title\" content=\"Programa N\u00e3o Se Cale - Mulheres\" \/>\n<meta property=\"og:description\" content=\"Criado por meio de uma iniciativa da C\u00e2mara Municipal de S\u00e3o Paulo, o Programa \u201cN\u00e3o Se Cale\u201d est\u00e1 previsto na Lei n\u00ba 17.951\/2023. O objetivo do programa \u00e9 combater ao ass\u00e9dio e viol\u00eancia sexual em bares, restaurante, casas noturnas e outros locais de lazer na cidade. Inspirado em uma experi\u00eancia na Espanha, o programa foi... Leia Mais &raquo;\" \/>\n<meta property=\"og:url\" content=\"https:\/\/www.saopaulo.sp.leg.br\/mulheres\/legislacao\/programa-nao-se-cale\/\" \/>\n<meta property=\"og:site_name\" content=\"Mulheres\" \/>\n<meta name=\"twitter:card\" content=\"summary_large_image\" \/>\n<meta name=\"twitter:label1\" content=\"Est. tempo de leitura\" \/>\n\t<meta name=\"twitter:data1\" content=\"2 minutos\" \/>\n<script type=\"application\/ld+json\" class=\"yoast-schema-graph\">{\"@context\":\"https:\\\/\\\/schema.org\",\"@graph\":[{\"@type\":\"WebPage\",\"@id\":\"https:\\\/\\\/www.saopaulo.sp.leg.br\\\/mulheres\\\/legislacao\\\/programa-nao-se-cale\\\/\",\"url\":\"https:\\\/\\\/www.saopaulo.sp.leg.br\\\/mulheres\\\/legislacao\\\/programa-nao-se-cale\\\/\",\"name\":\"Programa N\u00e3o Se Cale - Mulheres\",\"isPartOf\":{\"@id\":\"https:\\\/\\\/www.saopaulo.sp.leg.br\\\/mulheres\\\/#website\"},\"datePublished\":\"2025-02-04T18:40:27+00:00\",\"breadcrumb\":{\"@id\":\"https:\\\/\\\/www.saopaulo.sp.leg.br\\\/mulheres\\\/legislacao\\\/programa-nao-se-cale\\\/#breadcrumb\"},\"inLanguage\":\"pt-BR\",\"potentialAction\":[{\"@type\":\"ReadAction\",\"target\":[\"https:\\\/\\\/www.saopaulo.sp.leg.br\\\/mulheres\\\/legislacao\\\/programa-nao-se-cale\\\/\"]}]},{\"@type\":\"BreadcrumbList\",\"@id\":\"https:\\\/\\\/www.saopaulo.sp.leg.br\\\/mulheres\\\/legislacao\\\/programa-nao-se-cale\\\/#breadcrumb\",\"itemListElement\":[{\"@type\":\"ListItem\",\"position\":1,\"name\":\"In\u00edcio\",\"item\":\"https:\\\/\\\/www.saopaulo.sp.leg.br\\\/mulheres\\\/\"},{\"@type\":\"ListItem\",\"position\":2,\"name\":\"Legisla\u00e7\u00e3o\",\"item\":\"https:\\\/\\\/www.saopaulo.sp.leg.br\\\/mulheres\\\/legislacao\\\/\"},{\"@type\":\"ListItem\",\"position\":3,\"name\":\"Programa N\u00e3o Se Cale\"}]},{\"@type\":\"WebSite\",\"@id\":\"https:\\\/\\\/www.saopaulo.sp.leg.br\\\/mulheres\\\/#website\",\"url\":\"https:\\\/\\\/www.saopaulo.sp.leg.br\\\/mulheres\\\/\",\"name\":\"Mulheres\",\"description\":\"Mulheres\",\"potentialAction\":[{\"@type\":\"SearchAction\",\"target\":{\"@type\":\"EntryPoint\",\"urlTemplate\":\"https:\\\/\\\/www.saopaulo.sp.leg.br\\\/mulheres\\\/?s={search_term_string}\"},\"query-input\":{\"@type\":\"PropertyValueSpecification\",\"valueRequired\":true,\"valueName\":\"search_term_string\"}}],\"inLanguage\":\"pt-BR\"}]}<\/script>\n<!-- \/ Yoast SEO plugin. -->","yoast_head_json":{"title":"Programa N\u00e3o Se Cale - Mulheres","robots":{"index":"index","follow":"follow","max-snippet":"max-snippet:-1","max-image-preview":"max-image-preview:large","max-video-preview":"max-video-preview:-1"},"canonical":"https:\/\/www.saopaulo.sp.leg.br\/mulheres\/legislacao\/programa-nao-se-cale\/","og_locale":"pt_BR","og_type":"article","og_title":"Programa N\u00e3o Se Cale - Mulheres","og_description":"Criado por meio de uma iniciativa da C\u00e2mara Municipal de S\u00e3o Paulo, o Programa \u201cN\u00e3o Se Cale\u201d est\u00e1 previsto na Lei n\u00ba 17.951\/2023. O objetivo do programa \u00e9 combater ao ass\u00e9dio e viol\u00eancia sexual em bares, restaurante, casas noturnas e outros locais de lazer na cidade. Inspirado em uma experi\u00eancia na Espanha, o programa foi... Leia Mais &raquo;","og_url":"https:\/\/www.saopaulo.sp.leg.br\/mulheres\/legislacao\/programa-nao-se-cale\/","og_site_name":"Mulheres","twitter_card":"summary_large_image","twitter_misc":{"Est. tempo de leitura":"2 minutos"},"schema":{"@context":"https:\/\/schema.org","@graph":[{"@type":"WebPage","@id":"https:\/\/www.saopaulo.sp.leg.br\/mulheres\/legislacao\/programa-nao-se-cale\/","url":"https:\/\/www.saopaulo.sp.leg.br\/mulheres\/legislacao\/programa-nao-se-cale\/","name":"Programa N\u00e3o Se Cale - Mulheres","isPartOf":{"@id":"https:\/\/www.saopaulo.sp.leg.br\/mulheres\/#website"},"datePublished":"2025-02-04T18:40:27+00:00","breadcrumb":{"@id":"https:\/\/www.saopaulo.sp.leg.br\/mulheres\/legislacao\/programa-nao-se-cale\/#breadcrumb"},"inLanguage":"pt-BR","potentialAction":[{"@type":"ReadAction","target":["https:\/\/www.saopaulo.sp.leg.br\/mulheres\/legislacao\/programa-nao-se-cale\/"]}]},{"@type":"BreadcrumbList","@id":"https:\/\/www.saopaulo.sp.leg.br\/mulheres\/legislacao\/programa-nao-se-cale\/#breadcrumb","itemListElement":[{"@type":"ListItem","position":1,"name":"In\u00edcio","item":"https:\/\/www.saopaulo.sp.leg.br\/mulheres\/"},{"@type":"ListItem","position":2,"name":"Legisla\u00e7\u00e3o","item":"https:\/\/www.saopaulo.sp.leg.br\/mulheres\/legislacao\/"},{"@type":"ListItem","position":3,"name":"Programa N\u00e3o Se Cale"}]},{"@type":"WebSite","@id":"https:\/\/www.saopaulo.sp.leg.br\/mulheres\/#website","url":"https:\/\/www.saopaulo.sp.leg.br\/mulheres\/","name":"Mulheres","description":"Mulheres","potentialAction":[{"@type":"SearchAction","target":{"@type":"EntryPoint","urlTemplate":"https:\/\/www.saopaulo.sp.leg.br\/mulheres\/?s={search_term_string}"},"query-input":{"@type":"PropertyValueSpecification","valueRequired":true,"valueName":"search_term_string"}}],"inLanguage":"pt-BR"}]}},"_links":{"self":[{"href":"https:\/\/www.saopaulo.sp.leg.br\/mulheres\/wp-json\/wp\/v2\/pages\/2658","targetHints":{"allow":["GET"]}}],"collection":[{"href":"https:\/\/www.saopaulo.sp.leg.br\/mulheres\/wp-json\/wp\/v2\/pages"}],"about":[{"href":"https:\/\/www.saopaulo.sp.leg.br\/mulheres\/wp-json\/wp\/v2\/types\/page"}],"author":[{"embeddable":true,"href":"https:\/\/www.saopaulo.sp.leg.br\/mulheres\/wp-json\/wp\/v2\/users\/733"}],"replies":[{"embeddable":true,"href":"https:\/\/www.saopaulo.sp.leg.br\/mulheres\/wp-json\/wp\/v2\/comments?post=2658"}],"version-history":[{"count":0,"href":"https:\/\/www.saopaulo.sp.leg.br\/mulheres\/wp-json\/wp\/v2\/pages\/2658\/revisions"}],"up":[{"embeddable":true,"href":"https:\/\/www.saopaulo.sp.leg.br\/mulheres\/wp-json\/wp\/v2\/pages\/1266"}],"wp:attachment":[{"href":"https:\/\/www.saopaulo.sp.leg.br\/mulheres\/wp-json\/wp\/v2\/media?parent=2658"}],"curies":[{"name":"wp","href":"https:\/\/api.w.org\/{rel}","templated":true}]}}