{"id":2206,"date":"2021-08-05T17:26:38","date_gmt":"2021-08-05T20:26:38","guid":{"rendered":"https:\/\/www.saopaulo.sp.leg.br\/mulheres\/?page_id=2206"},"modified":"2023-03-07T14:11:30","modified_gmt":"2023-03-07T17:11:30","slug":"check-up-geral-das-mulheres","status":"publish","type":"page","link":"https:\/\/www.saopaulo.sp.leg.br\/mulheres\/legislacao\/check-up-geral-das-mulheres\/","title":{"rendered":"Check-Up Geral das Mulheres"},"content":{"rendered":"<p>Proposta pela C\u00e2mara Municipal por meio do <a href=\"https:\/\/splegisconsulta.saopaulo.sp.leg.br\/Pesquisa\/DetailsDetalhado?COD_MTRA_LEGL=1&amp;COD_PCSS_CMSP=546&amp;ANO_PCSS_CMSP=2020\">PL (Projeto de Lei) 546\/2020<\/a>, a <a href=\"https:\/\/plpconsulta.saopaulo.sp.leg.br\/Forms\/MostrarArquivo.aspx?ID=9166&amp;TipArq=1\" target=\"_blank\" rel=\"noopener\">Lei n\u00ba 17.585, de 26 de julho de 2021<\/a> institui a campanha Check-Up Geral das Mulheres, para alerta e preven\u00e7\u00e3o de doen\u00e7as como o c\u00e2ncer de mama e problemas cardiovasculares.<\/p>\n<p>M\u00e9dicos das unidades b\u00e1sicas de sa\u00fade, hospitais e demais equipamentos p\u00fablicos e privados ao atenderem a paciente dever\u00e3o solicitar, obrigatoriamente, exames de an\u00e1lises cl\u00ednicas e de imagem, tais como, mamografia, ultrassonografia, raio X, entre outros dispon\u00edveis.<\/p>\n<p>O texto estabelece ainda que, na falta dos exames na rede p\u00fablica dever\u00e3o ser celebrados conv\u00eanios entre o Poder P\u00fablico e a iniciativa privada para a realiza\u00e7\u00e3o de tais exames.<\/p>\n<p>Palestras sobre a import\u00e2ncia da atividade f\u00edsica, medi\u00e7\u00e3o da press\u00e3o arterial com regularidade e orienta\u00e7\u00e3o nutricional tamb\u00e9m fazem parte da campanha.<\/p>\n<p class=\"western\">Em julho de 2022, o <a href=\"https:\/\/splegisconsulta.saopaulo.sp.leg.br\/Pesquisa\/DetailsDetalhado?COD_MTRA_LEGL=1&amp;COD_PCSS_CMSP=6&amp;ANO_PCSS_CMSP=2022\">PL (Projeto de Lei) 6\/2022<\/a>, modificou esta norma, para incluir no rol o exame PCR para pesquisa de DNA do colo do \u00fatero para HPV.<\/p>\n","protected":false},"excerpt":{"rendered":"<p>Proposta pela C\u00e2mara Municipal por meio do PL (Projeto de Lei) 546\/2020, a Lei n\u00ba 17.585, de 26 de julho de 2021 institui a campanha Check-Up Geral das Mulheres, para alerta e preven\u00e7\u00e3o de doen\u00e7as como o c\u00e2ncer de mama e problemas cardiovasculares. M\u00e9dicos das unidades b\u00e1sicas de sa\u00fade, hospitais e demais equipamentos p\u00fablicos e&#8230;  <a class=\"excerpt-read-more\" href=\"https:\/\/www.saopaulo.sp.leg.br\/mulheres\/legislacao\/check-up-geral-das-mulheres\/\" title=\"Leia Check-Up Geral das Mulheres\">Leia Mais &raquo;<\/a><\/p>\n","protected":false},"author":733,"featured_media":0,"parent":1266,"menu_order":0,"comment_status":"closed","ping_status":"closed","template":"page-lei.php","meta":{"_acf_changed":false,"footnotes":""},"class_list":["post-2206","page","type-page","status-publish","hentry"],"acf":[],"yoast_head":"<!-- This site is optimized with the Yoast SEO plugin v27.3 - https:\/\/yoast.com\/product\/yoast-seo-wordpress\/ -->\n<title>Check-Up Geral das Mulheres - Mulheres<\/title>\n<meta name=\"robots\" content=\"index, follow, max-snippet:-1, max-image-preview:large, max-video-preview:-1\" \/>\n<link rel=\"canonical\" href=\"https:\/\/www.saopaulo.sp.leg.br\/mulheres\/legislacao\/check-up-geral-das-mulheres\/\" \/>\n<meta property=\"og:locale\" content=\"pt_BR\" \/>\n<meta property=\"og:type\" content=\"article\" \/>\n<meta property=\"og:title\" content=\"Check-Up Geral das Mulheres - Mulheres\" \/>\n<meta property=\"og:description\" content=\"Proposta pela C\u00e2mara Municipal por meio do PL (Projeto de Lei) 546\/2020, a Lei n\u00ba 17.585, de 26 de julho de 2021 institui a campanha Check-Up Geral das Mulheres, para alerta e preven\u00e7\u00e3o de doen\u00e7as como o c\u00e2ncer de mama e problemas cardiovasculares. M\u00e9dicos das unidades b\u00e1sicas de sa\u00fade, hospitais e demais equipamentos p\u00fablicos e... Leia Mais &raquo;\" \/>\n<meta property=\"og:url\" content=\"https:\/\/www.saopaulo.sp.leg.br\/mulheres\/legislacao\/check-up-geral-das-mulheres\/\" \/>\n<meta property=\"og:site_name\" content=\"Mulheres\" \/>\n<meta property=\"article:modified_time\" content=\"2023-03-07T17:11:30+00:00\" \/>\n<meta name=\"twitter:card\" content=\"summary_large_image\" \/>\n<meta name=\"twitter:label1\" content=\"Est. tempo de leitura\" \/>\n\t<meta name=\"twitter:data1\" content=\"1 minuto\" \/>\n<script type=\"application\/ld+json\" class=\"yoast-schema-graph\">{\"@context\":\"https:\\\/\\\/schema.org\",\"@graph\":[{\"@type\":\"WebPage\",\"@id\":\"https:\\\/\\\/www.saopaulo.sp.leg.br\\\/mulheres\\\/legislacao\\\/check-up-geral-das-mulheres\\\/\",\"url\":\"https:\\\/\\\/www.saopaulo.sp.leg.br\\\/mulheres\\\/legislacao\\\/check-up-geral-das-mulheres\\\/\",\"name\":\"Check-Up Geral das Mulheres - Mulheres\",\"isPartOf\":{\"@id\":\"https:\\\/\\\/www.saopaulo.sp.leg.br\\\/mulheres\\\/#website\"},\"datePublished\":\"2021-08-05T20:26:38+00:00\",\"dateModified\":\"2023-03-07T17:11:30+00:00\",\"breadcrumb\":{\"@id\":\"https:\\\/\\\/www.saopaulo.sp.leg.br\\\/mulheres\\\/legislacao\\\/check-up-geral-das-mulheres\\\/#breadcrumb\"},\"inLanguage\":\"pt-BR\",\"potentialAction\":[{\"@type\":\"ReadAction\",\"target\":[\"https:\\\/\\\/www.saopaulo.sp.leg.br\\\/mulheres\\\/legislacao\\\/check-up-geral-das-mulheres\\\/\"]}]},{\"@type\":\"BreadcrumbList\",\"@id\":\"https:\\\/\\\/www.saopaulo.sp.leg.br\\\/mulheres\\\/legislacao\\\/check-up-geral-das-mulheres\\\/#breadcrumb\",\"itemListElement\":[{\"@type\":\"ListItem\",\"position\":1,\"name\":\"In\u00edcio\",\"item\":\"https:\\\/\\\/www.saopaulo.sp.leg.br\\\/mulheres\\\/\"},{\"@type\":\"ListItem\",\"position\":2,\"name\":\"Legisla\u00e7\u00e3o\",\"item\":\"https:\\\/\\\/www.saopaulo.sp.leg.br\\\/mulheres\\\/legislacao\\\/\"},{\"@type\":\"ListItem\",\"position\":3,\"name\":\"Check-Up Geral das Mulheres\"}]},{\"@type\":\"WebSite\",\"@id\":\"https:\\\/\\\/www.saopaulo.sp.leg.br\\\/mulheres\\\/#website\",\"url\":\"https:\\\/\\\/www.saopaulo.sp.leg.br\\\/mulheres\\\/\",\"name\":\"Mulheres\",\"description\":\"Mulheres\",\"potentialAction\":[{\"@type\":\"SearchAction\",\"target\":{\"@type\":\"EntryPoint\",\"urlTemplate\":\"https:\\\/\\\/www.saopaulo.sp.leg.br\\\/mulheres\\\/?s={search_term_string}\"},\"query-input\":{\"@type\":\"PropertyValueSpecification\",\"valueRequired\":true,\"valueName\":\"search_term_string\"}}],\"inLanguage\":\"pt-BR\"}]}<\/script>\n<!-- \/ Yoast SEO plugin. -->","yoast_head_json":{"title":"Check-Up Geral das Mulheres - Mulheres","robots":{"index":"index","follow":"follow","max-snippet":"max-snippet:-1","max-image-preview":"max-image-preview:large","max-video-preview":"max-video-preview:-1"},"canonical":"https:\/\/www.saopaulo.sp.leg.br\/mulheres\/legislacao\/check-up-geral-das-mulheres\/","og_locale":"pt_BR","og_type":"article","og_title":"Check-Up Geral das Mulheres - Mulheres","og_description":"Proposta pela C\u00e2mara Municipal por meio do PL (Projeto de Lei) 546\/2020, a Lei n\u00ba 17.585, de 26 de julho de 2021 institui a campanha Check-Up Geral das Mulheres, para alerta e preven\u00e7\u00e3o de doen\u00e7as como o c\u00e2ncer de mama e problemas cardiovasculares. M\u00e9dicos das unidades b\u00e1sicas de sa\u00fade, hospitais e demais equipamentos p\u00fablicos e... Leia Mais &raquo;","og_url":"https:\/\/www.saopaulo.sp.leg.br\/mulheres\/legislacao\/check-up-geral-das-mulheres\/","og_site_name":"Mulheres","article_modified_time":"2023-03-07T17:11:30+00:00","twitter_card":"summary_large_image","twitter_misc":{"Est. tempo de leitura":"1 minuto"},"schema":{"@context":"https:\/\/schema.org","@graph":[{"@type":"WebPage","@id":"https:\/\/www.saopaulo.sp.leg.br\/mulheres\/legislacao\/check-up-geral-das-mulheres\/","url":"https:\/\/www.saopaulo.sp.leg.br\/mulheres\/legislacao\/check-up-geral-das-mulheres\/","name":"Check-Up Geral das Mulheres - Mulheres","isPartOf":{"@id":"https:\/\/www.saopaulo.sp.leg.br\/mulheres\/#website"},"datePublished":"2021-08-05T20:26:38+00:00","dateModified":"2023-03-07T17:11:30+00:00","breadcrumb":{"@id":"https:\/\/www.saopaulo.sp.leg.br\/mulheres\/legislacao\/check-up-geral-das-mulheres\/#breadcrumb"},"inLanguage":"pt-BR","potentialAction":[{"@type":"ReadAction","target":["https:\/\/www.saopaulo.sp.leg.br\/mulheres\/legislacao\/check-up-geral-das-mulheres\/"]}]},{"@type":"BreadcrumbList","@id":"https:\/\/www.saopaulo.sp.leg.br\/mulheres\/legislacao\/check-up-geral-das-mulheres\/#breadcrumb","itemListElement":[{"@type":"ListItem","position":1,"name":"In\u00edcio","item":"https:\/\/www.saopaulo.sp.leg.br\/mulheres\/"},{"@type":"ListItem","position":2,"name":"Legisla\u00e7\u00e3o","item":"https:\/\/www.saopaulo.sp.leg.br\/mulheres\/legislacao\/"},{"@type":"ListItem","position":3,"name":"Check-Up Geral das Mulheres"}]},{"@type":"WebSite","@id":"https:\/\/www.saopaulo.sp.leg.br\/mulheres\/#website","url":"https:\/\/www.saopaulo.sp.leg.br\/mulheres\/","name":"Mulheres","description":"Mulheres","potentialAction":[{"@type":"SearchAction","target":{"@type":"EntryPoint","urlTemplate":"https:\/\/www.saopaulo.sp.leg.br\/mulheres\/?s={search_term_string}"},"query-input":{"@type":"PropertyValueSpecification","valueRequired":true,"valueName":"search_term_string"}}],"inLanguage":"pt-BR"}]}},"_links":{"self":[{"href":"https:\/\/www.saopaulo.sp.leg.br\/mulheres\/wp-json\/wp\/v2\/pages\/2206","targetHints":{"allow":["GET"]}}],"collection":[{"href":"https:\/\/www.saopaulo.sp.leg.br\/mulheres\/wp-json\/wp\/v2\/pages"}],"about":[{"href":"https:\/\/www.saopaulo.sp.leg.br\/mulheres\/wp-json\/wp\/v2\/types\/page"}],"author":[{"embeddable":true,"href":"https:\/\/www.saopaulo.sp.leg.br\/mulheres\/wp-json\/wp\/v2\/users\/733"}],"replies":[{"embeddable":true,"href":"https:\/\/www.saopaulo.sp.leg.br\/mulheres\/wp-json\/wp\/v2\/comments?post=2206"}],"version-history":[{"count":0,"href":"https:\/\/www.saopaulo.sp.leg.br\/mulheres\/wp-json\/wp\/v2\/pages\/2206\/revisions"}],"up":[{"embeddable":true,"href":"https:\/\/www.saopaulo.sp.leg.br\/mulheres\/wp-json\/wp\/v2\/pages\/1266"}],"wp:attachment":[{"href":"https:\/\/www.saopaulo.sp.leg.br\/mulheres\/wp-json\/wp\/v2\/media?parent=2206"}],"curies":[{"name":"wp","href":"https:\/\/api.w.org\/{rel}","templated":true}]}}