{"id":2130,"date":"2021-07-27T18:14:39","date_gmt":"2021-07-27T21:14:39","guid":{"rendered":"https:\/\/www.saopaulo.sp.leg.br\/mulheres\/?page_id=2130"},"modified":"2024-03-05T15:08:12","modified_gmt":"2024-03-05T18:08:12","slug":"guia-auxilia-vitimas-de-violencia-domestica","status":"publish","type":"page","link":"https:\/\/www.saopaulo.sp.leg.br\/mulheres\/multimidia\/guia-auxilia-vitimas-de-violencia-domestica\/","title":{"rendered":"E-books"},"content":{"rendered":"<h3>Guia auxilia v\u00edtimas de viol\u00eancia dom\u00e9stica<\/h3>\n<p>Criado com base no trabalho realizado pela <a href=\"https:\/\/www.saopaulo.sp.leg.br\/comissao\/comissoes-parlamentares-de-inquerito-cpis\/cpi-da-violencia-contra-a-mulher\/\">CPI (Comiss\u00e3o Parlamentar de Inqu\u00e9rito) da Viol\u00eancia Contra a Mulher<\/a>, este \u00e9 um guia com informa\u00e7\u00f5es essenciais para a mulher v\u00edtima de viol\u00eancias f\u00edsicas, psicol\u00f3gicas e\/ou sociais identificar um relacionamento abusivo e se libertar desta condi\u00e7\u00e3o.<\/p>\n<img loading=\"lazy\" decoding=\"async\" class=\"aligncenter wp-image-1783 size-full\" src=\"https:\/\/www.saopaulo.sp.leg.br\/mulheres\/wp-content\/uploads\/sites\/35\/2021\/05\/banner01.jpg\" alt=\"\" width=\"980\" height=\"413\" srcset=\"https:\/\/www.saopaulo.sp.leg.br\/mulheres\/wp-content\/uploads\/sites\/35\/2021\/05\/banner01.jpg 980w, https:\/\/www.saopaulo.sp.leg.br\/mulheres\/wp-content\/uploads\/sites\/35\/2021\/05\/banner01-300x126.jpg 300w, https:\/\/www.saopaulo.sp.leg.br\/mulheres\/wp-content\/uploads\/sites\/35\/2021\/05\/banner01-768x324.jpg 768w\" sizes=\"auto, (max-width: 980px) 100vw, 980px\" \/>\n<p><strong>\u201cUm Guia Passo a Passo Para Se Libertar\u201d<\/strong>\u00a0traz informa\u00e7\u00f5es sobre locais onde buscar ajuda e serve tamb\u00e9m como fonte de informa\u00e7\u00e3o para grupos de acolhimento e pessoas interessadas em oferecer ajuda em um momento delicado em que as v\u00edtimas de viol\u00eancia se encontram ainda mais vulner\u00e1veis dentro de suas pr\u00f3prias casas.<\/p>\n<table class=\"topo\" width=\"100%\">\n<tbody>\n<tr>\n<td>\n<h2><span class=\"titulo\"><strong>Fa\u00e7a o download dos materiais da CPI da Mulher<\/strong><\/span><\/h2>\n<\/td>\n<\/tr>\n<\/tbody>\n<\/table>\n<table class=\"perfil\" width=\"100%\" align=\"center\">\n<tbody>\n<tr valign=\"top\">\n<td>\n<div id=\"attachment_40752\" style=\"width: 210px\" class=\"wp-caption alignnone\"><img loading=\"lazy\" decoding=\"async\" aria-describedby=\"caption-attachment-40752\" class=\"size-full wp-image-1876\" src=\"https:\/\/www.saopaulo.sp.leg.br\/mulheres\/wp-content\/uploads\/sites\/35\/2021\/05\/material.png\" alt=\"\" width=\"200\" height=\"200\" srcset=\"https:\/\/www.saopaulo.sp.leg.br\/mulheres\/wp-content\/uploads\/sites\/35\/2021\/05\/material.png 300w, https:\/\/www.saopaulo.sp.leg.br\/mulheres\/wp-content\/uploads\/sites\/35\/2021\/05\/material-150x150.png 150w, https:\/\/www.saopaulo.sp.leg.br\/mulheres\/wp-content\/uploads\/sites\/35\/2021\/05\/material-125x125.png 125w\" sizes=\"auto, (max-width: 200px) 100vw, 200px\" \/><p id=\"caption-attachment-40752\" class=\"wp-caption-text\">Viralize Informa\u00e7\u00e3o<\/p><\/div>\n<p><a href=\"https:\/\/drive.google.com\/drive\/folders\/1-edk6Y17eAMYNWCxiLG0Ue7UmNuiVJEn?usp=sharing\" target=\"_blank\" rel=\"noopener\"><strong><span class=\"titulo-perfil\">Abrir no Google Drive<\/span><br \/>\n<span class=\"texto-perfil\">Fa\u00e7a a informa\u00e7\u00e3o circular e compartilhe os materiais da CPI da Mulher.<br \/>\n<\/span><\/strong><\/a><\/p>\n<p>&nbsp;<\/td>\n<td class=\"color2\">\n<div id=\"attachment_40749\" style=\"width: 210px\" class=\"wp-caption aligncenter\"><img loading=\"lazy\" decoding=\"async\" aria-describedby=\"caption-attachment-40749\" class=\"size-full wp-image-1876\" src=\"https:\/\/www.saopaulo.sp.leg.br\/mulheres\/wp-content\/uploads\/sites\/35\/2021\/05\/audio.png\" alt=\"\" width=\"200\" height=\"200\" \/><p id=\"caption-attachment-40749\" class=\"wp-caption-text\">Ou\u00e7a o audiobook<\/p><\/div>\n<p><a href=\"https:\/\/soundcloud.com\/webradiocamarasaopaulo\/audiobook-da-cpi-mulher-um-guia-passo-a-passo-para-se-libertar\" target=\"_blank\" rel=\"noopener\"><strong><span class=\"titulo-perfil\">Visitar CMSP no Soundcloud<\/span><br \/>\n<span class=\"texto-perfil\">Ou\u00e7a na vers\u00e3o audiobook &#8211; Um guia passo a passo para se libertar.<\/span><\/strong><\/a><\/td>\n<td>\n<div id=\"attachment_40761\" style=\"width: 210px\" class=\"wp-caption aligncenter\"><img loading=\"lazy\" decoding=\"async\" aria-describedby=\"caption-attachment-40761\" class=\"size-full wp-image-1876\" src=\"https:\/\/www.saopaulo.sp.leg.br\/mulheres\/wp-content\/uploads\/sites\/35\/2021\/05\/ebook.png\" alt=\"\" width=\"200\" height=\"200\" \/><p id=\"caption-attachment-40761\" class=\"wp-caption-text\">Leia o guia<\/p><\/div>\n<p><a href=\"https:\/\/www.saopaulo.sp.leg.br\/wp-content\/uploads\/2020\/03\/Ebook_Guia_CPI-da-Violencia-Contra-a-Mulher.pdf\" target=\"_blank\" rel=\"noopener\"><strong><span class=\"titulo-perfil\">Um guia passo a passo para se libertar <\/span><br \/>\n<span class=\"texto-perfil\">Baixe o e-book &#8211; Um guia passo a passo para se libertar.<\/span><\/strong><\/a><\/td>\n<\/tr>\n<\/tbody>\n<\/table>\n","protected":false},"excerpt":{"rendered":"<p>Guia auxilia v\u00edtimas de viol\u00eancia dom\u00e9stica Criado com base no trabalho realizado pela CPI (Comiss\u00e3o Parlamentar de Inqu\u00e9rito) da Viol\u00eancia Contra a Mulher, este \u00e9 um guia com informa\u00e7\u00f5es essenciais para a mulher v\u00edtima de viol\u00eancias f\u00edsicas, psicol\u00f3gicas e\/ou sociais identificar um relacionamento abusivo e se libertar desta condi\u00e7\u00e3o. \u201cUm Guia Passo a Passo Para&#8230;  <a class=\"excerpt-read-more\" href=\"https:\/\/www.saopaulo.sp.leg.br\/mulheres\/multimidia\/guia-auxilia-vitimas-de-violencia-domestica\/\" title=\"Leia E-books\">Leia Mais &raquo;<\/a><\/p>\n","protected":false},"author":733,"featured_media":0,"parent":1182,"menu_order":0,"comment_status":"closed","ping_status":"closed","template":"","meta":{"_acf_changed":false,"footnotes":""},"class_list":["post-2130","page","type-page","status-publish","hentry"],"acf":[],"yoast_head":"<!-- This site is optimized with the Yoast SEO plugin v27.5 - https:\/\/yoast.com\/product\/yoast-seo-wordpress\/ -->\n<title>E-books - Mulheres<\/title>\n<meta name=\"robots\" content=\"index, follow, max-snippet:-1, max-image-preview:large, max-video-preview:-1\" \/>\n<link rel=\"canonical\" href=\"https:\/\/www.saopaulo.sp.leg.br\/mulheres\/multimidia\/guia-auxilia-vitimas-de-violencia-domestica\/\" \/>\n<meta property=\"og:locale\" content=\"pt_BR\" \/>\n<meta property=\"og:type\" content=\"article\" \/>\n<meta property=\"og:title\" content=\"E-books - Mulheres\" \/>\n<meta property=\"og:description\" content=\"Guia auxilia v\u00edtimas de viol\u00eancia dom\u00e9stica Criado com base no trabalho realizado pela CPI (Comiss\u00e3o Parlamentar de Inqu\u00e9rito) da Viol\u00eancia Contra a Mulher, este \u00e9 um guia com informa\u00e7\u00f5es essenciais para a mulher v\u00edtima de viol\u00eancias f\u00edsicas, psicol\u00f3gicas e\/ou sociais identificar um relacionamento abusivo e se libertar desta condi\u00e7\u00e3o. \u201cUm Guia Passo a Passo Para... Leia Mais &raquo;\" \/>\n<meta property=\"og:url\" content=\"https:\/\/www.saopaulo.sp.leg.br\/mulheres\/multimidia\/guia-auxilia-vitimas-de-violencia-domestica\/\" \/>\n<meta property=\"og:site_name\" content=\"Mulheres\" \/>\n<meta property=\"article:modified_time\" content=\"2024-03-05T18:08:12+00:00\" \/>\n<meta property=\"og:image\" content=\"https:\/\/www.saopaulo.sp.leg.br\/mulheres\/wp-content\/uploads\/sites\/35\/2021\/05\/banner01.jpg\" \/>\n<meta name=\"twitter:card\" content=\"summary_large_image\" \/>\n<meta name=\"twitter:label1\" content=\"Est. tempo de leitura\" \/>\n\t<meta name=\"twitter:data1\" content=\"2 minutos\" \/>\n<script type=\"application\/ld+json\" class=\"yoast-schema-graph\">{\"@context\":\"https:\\\/\\\/schema.org\",\"@graph\":[{\"@type\":\"WebPage\",\"@id\":\"https:\\\/\\\/www.saopaulo.sp.leg.br\\\/mulheres\\\/multimidia\\\/guia-auxilia-vitimas-de-violencia-domestica\\\/\",\"url\":\"https:\\\/\\\/www.saopaulo.sp.leg.br\\\/mulheres\\\/multimidia\\\/guia-auxilia-vitimas-de-violencia-domestica\\\/\",\"name\":\"E-books - Mulheres\",\"isPartOf\":{\"@id\":\"https:\\\/\\\/www.saopaulo.sp.leg.br\\\/mulheres\\\/#website\"},\"primaryImageOfPage\":{\"@id\":\"https:\\\/\\\/www.saopaulo.sp.leg.br\\\/mulheres\\\/multimidia\\\/guia-auxilia-vitimas-de-violencia-domestica\\\/#primaryimage\"},\"image\":{\"@id\":\"https:\\\/\\\/www.saopaulo.sp.leg.br\\\/mulheres\\\/multimidia\\\/guia-auxilia-vitimas-de-violencia-domestica\\\/#primaryimage\"},\"thumbnailUrl\":\"https:\\\/\\\/www.saopaulo.sp.leg.br\\\/mulheres\\\/wp-content\\\/uploads\\\/sites\\\/35\\\/2021\\\/05\\\/banner01.jpg\",\"datePublished\":\"2021-07-27T21:14:39+00:00\",\"dateModified\":\"2024-03-05T18:08:12+00:00\",\"breadcrumb\":{\"@id\":\"https:\\\/\\\/www.saopaulo.sp.leg.br\\\/mulheres\\\/multimidia\\\/guia-auxilia-vitimas-de-violencia-domestica\\\/#breadcrumb\"},\"inLanguage\":\"pt-BR\",\"potentialAction\":[{\"@type\":\"ReadAction\",\"target\":[\"https:\\\/\\\/www.saopaulo.sp.leg.br\\\/mulheres\\\/multimidia\\\/guia-auxilia-vitimas-de-violencia-domestica\\\/\"]}]},{\"@type\":\"ImageObject\",\"inLanguage\":\"pt-BR\",\"@id\":\"https:\\\/\\\/www.saopaulo.sp.leg.br\\\/mulheres\\\/multimidia\\\/guia-auxilia-vitimas-de-violencia-domestica\\\/#primaryimage\",\"url\":\"https:\\\/\\\/www.saopaulo.sp.leg.br\\\/mulheres\\\/wp-content\\\/uploads\\\/sites\\\/35\\\/2021\\\/05\\\/banner01.jpg\",\"contentUrl\":\"https:\\\/\\\/www.saopaulo.sp.leg.br\\\/mulheres\\\/wp-content\\\/uploads\\\/sites\\\/35\\\/2021\\\/05\\\/banner01.jpg\",\"width\":980,\"height\":413},{\"@type\":\"BreadcrumbList\",\"@id\":\"https:\\\/\\\/www.saopaulo.sp.leg.br\\\/mulheres\\\/multimidia\\\/guia-auxilia-vitimas-de-violencia-domestica\\\/#breadcrumb\",\"itemListElement\":[{\"@type\":\"ListItem\",\"position\":1,\"name\":\"In\u00edcio\",\"item\":\"https:\\\/\\\/www.saopaulo.sp.leg.br\\\/mulheres\\\/\"},{\"@type\":\"ListItem\",\"position\":2,\"name\":\"Multim\u00eddia\",\"item\":\"https:\\\/\\\/www.saopaulo.sp.leg.br\\\/mulheres\\\/multimidia\\\/\"},{\"@type\":\"ListItem\",\"position\":3,\"name\":\"E-books\"}]},{\"@type\":\"WebSite\",\"@id\":\"https:\\\/\\\/www.saopaulo.sp.leg.br\\\/mulheres\\\/#website\",\"url\":\"https:\\\/\\\/www.saopaulo.sp.leg.br\\\/mulheres\\\/\",\"name\":\"Mulheres\",\"description\":\"Mulheres\",\"potentialAction\":[{\"@type\":\"SearchAction\",\"target\":{\"@type\":\"EntryPoint\",\"urlTemplate\":\"https:\\\/\\\/www.saopaulo.sp.leg.br\\\/mulheres\\\/?s={search_term_string}\"},\"query-input\":{\"@type\":\"PropertyValueSpecification\",\"valueRequired\":true,\"valueName\":\"search_term_string\"}}],\"inLanguage\":\"pt-BR\"}]}<\/script>\n<!-- \/ Yoast SEO plugin. -->","yoast_head_json":{"title":"E-books - Mulheres","robots":{"index":"index","follow":"follow","max-snippet":"max-snippet:-1","max-image-preview":"max-image-preview:large","max-video-preview":"max-video-preview:-1"},"canonical":"https:\/\/www.saopaulo.sp.leg.br\/mulheres\/multimidia\/guia-auxilia-vitimas-de-violencia-domestica\/","og_locale":"pt_BR","og_type":"article","og_title":"E-books - Mulheres","og_description":"Guia auxilia v\u00edtimas de viol\u00eancia dom\u00e9stica Criado com base no trabalho realizado pela CPI (Comiss\u00e3o Parlamentar de Inqu\u00e9rito) da Viol\u00eancia Contra a Mulher, este \u00e9 um guia com informa\u00e7\u00f5es essenciais para a mulher v\u00edtima de viol\u00eancias f\u00edsicas, psicol\u00f3gicas e\/ou sociais identificar um relacionamento abusivo e se libertar desta condi\u00e7\u00e3o. \u201cUm Guia Passo a Passo Para... Leia Mais &raquo;","og_url":"https:\/\/www.saopaulo.sp.leg.br\/mulheres\/multimidia\/guia-auxilia-vitimas-de-violencia-domestica\/","og_site_name":"Mulheres","article_modified_time":"2024-03-05T18:08:12+00:00","og_image":[{"url":"https:\/\/www.saopaulo.sp.leg.br\/mulheres\/wp-content\/uploads\/sites\/35\/2021\/05\/banner01.jpg","type":"","width":"","height":""}],"twitter_card":"summary_large_image","twitter_misc":{"Est. tempo de leitura":"2 minutos"},"schema":{"@context":"https:\/\/schema.org","@graph":[{"@type":"WebPage","@id":"https:\/\/www.saopaulo.sp.leg.br\/mulheres\/multimidia\/guia-auxilia-vitimas-de-violencia-domestica\/","url":"https:\/\/www.saopaulo.sp.leg.br\/mulheres\/multimidia\/guia-auxilia-vitimas-de-violencia-domestica\/","name":"E-books - Mulheres","isPartOf":{"@id":"https:\/\/www.saopaulo.sp.leg.br\/mulheres\/#website"},"primaryImageOfPage":{"@id":"https:\/\/www.saopaulo.sp.leg.br\/mulheres\/multimidia\/guia-auxilia-vitimas-de-violencia-domestica\/#primaryimage"},"image":{"@id":"https:\/\/www.saopaulo.sp.leg.br\/mulheres\/multimidia\/guia-auxilia-vitimas-de-violencia-domestica\/#primaryimage"},"thumbnailUrl":"https:\/\/www.saopaulo.sp.leg.br\/mulheres\/wp-content\/uploads\/sites\/35\/2021\/05\/banner01.jpg","datePublished":"2021-07-27T21:14:39+00:00","dateModified":"2024-03-05T18:08:12+00:00","breadcrumb":{"@id":"https:\/\/www.saopaulo.sp.leg.br\/mulheres\/multimidia\/guia-auxilia-vitimas-de-violencia-domestica\/#breadcrumb"},"inLanguage":"pt-BR","potentialAction":[{"@type":"ReadAction","target":["https:\/\/www.saopaulo.sp.leg.br\/mulheres\/multimidia\/guia-auxilia-vitimas-de-violencia-domestica\/"]}]},{"@type":"ImageObject","inLanguage":"pt-BR","@id":"https:\/\/www.saopaulo.sp.leg.br\/mulheres\/multimidia\/guia-auxilia-vitimas-de-violencia-domestica\/#primaryimage","url":"https:\/\/www.saopaulo.sp.leg.br\/mulheres\/wp-content\/uploads\/sites\/35\/2021\/05\/banner01.jpg","contentUrl":"https:\/\/www.saopaulo.sp.leg.br\/mulheres\/wp-content\/uploads\/sites\/35\/2021\/05\/banner01.jpg","width":980,"height":413},{"@type":"BreadcrumbList","@id":"https:\/\/www.saopaulo.sp.leg.br\/mulheres\/multimidia\/guia-auxilia-vitimas-de-violencia-domestica\/#breadcrumb","itemListElement":[{"@type":"ListItem","position":1,"name":"In\u00edcio","item":"https:\/\/www.saopaulo.sp.leg.br\/mulheres\/"},{"@type":"ListItem","position":2,"name":"Multim\u00eddia","item":"https:\/\/www.saopaulo.sp.leg.br\/mulheres\/multimidia\/"},{"@type":"ListItem","position":3,"name":"E-books"}]},{"@type":"WebSite","@id":"https:\/\/www.saopaulo.sp.leg.br\/mulheres\/#website","url":"https:\/\/www.saopaulo.sp.leg.br\/mulheres\/","name":"Mulheres","description":"Mulheres","potentialAction":[{"@type":"SearchAction","target":{"@type":"EntryPoint","urlTemplate":"https:\/\/www.saopaulo.sp.leg.br\/mulheres\/?s={search_term_string}"},"query-input":{"@type":"PropertyValueSpecification","valueRequired":true,"valueName":"search_term_string"}}],"inLanguage":"pt-BR"}]}},"_links":{"self":[{"href":"https:\/\/www.saopaulo.sp.leg.br\/mulheres\/wp-json\/wp\/v2\/pages\/2130","targetHints":{"allow":["GET"]}}],"collection":[{"href":"https:\/\/www.saopaulo.sp.leg.br\/mulheres\/wp-json\/wp\/v2\/pages"}],"about":[{"href":"https:\/\/www.saopaulo.sp.leg.br\/mulheres\/wp-json\/wp\/v2\/types\/page"}],"author":[{"embeddable":true,"href":"https:\/\/www.saopaulo.sp.leg.br\/mulheres\/wp-json\/wp\/v2\/users\/733"}],"replies":[{"embeddable":true,"href":"https:\/\/www.saopaulo.sp.leg.br\/mulheres\/wp-json\/wp\/v2\/comments?post=2130"}],"version-history":[{"count":0,"href":"https:\/\/www.saopaulo.sp.leg.br\/mulheres\/wp-json\/wp\/v2\/pages\/2130\/revisions"}],"up":[{"embeddable":true,"href":"https:\/\/www.saopaulo.sp.leg.br\/mulheres\/wp-json\/wp\/v2\/pages\/1182"}],"wp:attachment":[{"href":"https:\/\/www.saopaulo.sp.leg.br\/mulheres\/wp-json\/wp\/v2\/media?parent=2130"}],"curies":[{"name":"wp","href":"https:\/\/api.w.org\/{rel}","templated":true}]}}