{"id":2092,"date":"2021-06-22T11:22:15","date_gmt":"2021-06-22T14:22:15","guid":{"rendered":"https:\/\/www.saopaulo.sp.leg.br\/mulheres\/?page_id=2092"},"modified":"2023-02-27T15:48:43","modified_gmt":"2023-02-27T18:48:43","slug":"disque-denuncia","status":"publish","type":"page","link":"https:\/\/www.saopaulo.sp.leg.br\/mulheres\/legislacao\/disque-denuncia\/","title":{"rendered":"Disque Den\u00fancia"},"content":{"rendered":"<p>A <a href=\"https:\/\/plpconsulta.saopaulo.sp.leg.br\/Forms\/MostrarArquivo?ID=1962&amp;TipArq=1\" target=\"_blank\" rel=\"noopener\">Lei n\u00ba 16.684, de 10 de julho de 2018<\/a>, proposta pela C\u00e2mara Municipal por meio do<a href=\"https:\/\/splegisconsulta.saopaulo.sp.leg.br\/Pesquisa\/DetailsDetalhado?COD_MTRA_LEGL=1&amp;COD_PCSS_CMSP=54&amp;ANO_PCSS_CMSP=2017\" target=\"_blank\" rel=\"noopener\"> PL (Projeto de Lei) 54\/2017<\/a>, obriga estabelecimentos comerciais da cidade de S\u00e3o Paulo a afixar avisos com o <strong>Disque Den\u00fancia da Viol\u00eancia Contra a Mulher: 180<\/strong>.<\/p>\n<p>O descumprimento da medida resulta em multa e os valores arrecadados s\u00e3o aplicados em programas de preven\u00e7\u00e3o \u00e0 viol\u00eancia contra a mulher.<\/p>\n<p>O <a href=\"https:\/\/plpconsulta.saopaulo.sp.leg.br\/Forms\/MostrarArquivo?TIPO=DEC&amp;NUMERO=59234&amp;ANO=2020&amp;DOCUMENTO=Atualizado\" target=\"_blank\" rel=\"noopener\"><span class=\"s2\">Decreto n\u00ba 59.234, de 21 de fevereiro de 2020<\/span><\/a>, torna obrigat\u00f3ria a divulga\u00e7\u00e3o do servi\u00e7o Disque Den\u00fancia da Viol\u00eancia Contra a Mulher nos seguintes estabelecimentos:<\/p>\n<ul>\n<li>hot\u00e9is, pens\u00f5es, mot\u00e9is, pousadas, bares, restaurantes, lanchonetes e similares, casas noturnas de qualquer natureza, clubes sociais e associa\u00e7\u00f5es recreativas ou desportivas,<\/li>\n<li>ag\u00eancias de viagens e locais de transportes de massa, sal\u00f5es de beleza, academias de dan\u00e7a, gin\u00e1stica e atividades correlatas;<\/li>\n<li>postos de servi\u00e7o de autoatendimento, abastecimento de ve\u00edculos e demais locais com acesso p\u00fablico;<\/li>\n<li>pr\u00e9dios comerciais e ocupados por \u00f3rg\u00e3os e servi\u00e7os p\u00fablicos.<\/li>\n<\/ul>\n<p>A obrigatoriedade tamb\u00e9m se estende a toda frota de ve\u00edculos do servi\u00e7o p\u00fablico de transporte coletivo de passageiros com itiner\u00e1rio fixo municipal, compreendidos os ve\u00edculos realizam transporte remunerado de passageiros, de forma coletiva ou individual, inclu\u00eddos t\u00e1xis e ve\u00edculos cadastrados pelas <strong>OTTCs (Operadoras de Tecnologia de Transporte Credenciadas)<\/strong>.<\/p>\n","protected":false},"excerpt":{"rendered":"<p>A Lei n\u00ba 16.684, de 10 de julho de 2018, proposta pela C\u00e2mara Municipal por meio do PL (Projeto de Lei) 54\/2017, obriga estabelecimentos comerciais da cidade de S\u00e3o Paulo a afixar avisos com o Disque Den\u00fancia da Viol\u00eancia Contra a Mulher: 180. O descumprimento da medida resulta em multa e os valores arrecadados s\u00e3o&#8230;  <a class=\"excerpt-read-more\" href=\"https:\/\/www.saopaulo.sp.leg.br\/mulheres\/legislacao\/disque-denuncia\/\" title=\"Leia Disque Den\u00fancia\">Leia Mais &raquo;<\/a><\/p>\n","protected":false},"author":733,"featured_media":0,"parent":1266,"menu_order":0,"comment_status":"closed","ping_status":"closed","template":"page-lei.php","meta":{"_acf_changed":false,"footnotes":""},"class_list":["post-2092","page","type-page","status-publish","hentry"],"acf":[],"yoast_head":"<!-- This site is optimized with the Yoast SEO plugin v27.4 - https:\/\/yoast.com\/product\/yoast-seo-wordpress\/ -->\n<title>Disque Den\u00fancia - Mulheres<\/title>\n<meta name=\"robots\" content=\"index, follow, max-snippet:-1, max-image-preview:large, max-video-preview:-1\" \/>\n<link rel=\"canonical\" href=\"https:\/\/www.saopaulo.sp.leg.br\/mulheres\/legislacao\/disque-denuncia\/\" \/>\n<meta property=\"og:locale\" content=\"pt_BR\" \/>\n<meta property=\"og:type\" content=\"article\" \/>\n<meta property=\"og:title\" content=\"Disque Den\u00fancia - Mulheres\" \/>\n<meta property=\"og:description\" content=\"A Lei n\u00ba 16.684, de 10 de julho de 2018, proposta pela C\u00e2mara Municipal por meio do PL (Projeto de Lei) 54\/2017, obriga estabelecimentos comerciais da cidade de S\u00e3o Paulo a afixar avisos com o Disque Den\u00fancia da Viol\u00eancia Contra a Mulher: 180. O descumprimento da medida resulta em multa e os valores arrecadados s\u00e3o... Leia Mais &raquo;\" \/>\n<meta property=\"og:url\" content=\"https:\/\/www.saopaulo.sp.leg.br\/mulheres\/legislacao\/disque-denuncia\/\" \/>\n<meta property=\"og:site_name\" content=\"Mulheres\" \/>\n<meta property=\"article:modified_time\" content=\"2023-02-27T18:48:43+00:00\" \/>\n<meta name=\"twitter:card\" content=\"summary_large_image\" \/>\n<meta name=\"twitter:label1\" content=\"Est. tempo de leitura\" \/>\n\t<meta name=\"twitter:data1\" content=\"2 minutos\" \/>\n<script type=\"application\/ld+json\" class=\"yoast-schema-graph\">{\"@context\":\"https:\\\/\\\/schema.org\",\"@graph\":[{\"@type\":\"WebPage\",\"@id\":\"https:\\\/\\\/www.saopaulo.sp.leg.br\\\/mulheres\\\/legislacao\\\/disque-denuncia\\\/\",\"url\":\"https:\\\/\\\/www.saopaulo.sp.leg.br\\\/mulheres\\\/legislacao\\\/disque-denuncia\\\/\",\"name\":\"Disque Den\u00fancia - Mulheres\",\"isPartOf\":{\"@id\":\"https:\\\/\\\/www.saopaulo.sp.leg.br\\\/mulheres\\\/#website\"},\"datePublished\":\"2021-06-22T14:22:15+00:00\",\"dateModified\":\"2023-02-27T18:48:43+00:00\",\"breadcrumb\":{\"@id\":\"https:\\\/\\\/www.saopaulo.sp.leg.br\\\/mulheres\\\/legislacao\\\/disque-denuncia\\\/#breadcrumb\"},\"inLanguage\":\"pt-BR\",\"potentialAction\":[{\"@type\":\"ReadAction\",\"target\":[\"https:\\\/\\\/www.saopaulo.sp.leg.br\\\/mulheres\\\/legislacao\\\/disque-denuncia\\\/\"]}]},{\"@type\":\"BreadcrumbList\",\"@id\":\"https:\\\/\\\/www.saopaulo.sp.leg.br\\\/mulheres\\\/legislacao\\\/disque-denuncia\\\/#breadcrumb\",\"itemListElement\":[{\"@type\":\"ListItem\",\"position\":1,\"name\":\"In\u00edcio\",\"item\":\"https:\\\/\\\/www.saopaulo.sp.leg.br\\\/mulheres\\\/\"},{\"@type\":\"ListItem\",\"position\":2,\"name\":\"Legisla\u00e7\u00e3o\",\"item\":\"https:\\\/\\\/www.saopaulo.sp.leg.br\\\/mulheres\\\/legislacao\\\/\"},{\"@type\":\"ListItem\",\"position\":3,\"name\":\"Disque Den\u00fancia\"}]},{\"@type\":\"WebSite\",\"@id\":\"https:\\\/\\\/www.saopaulo.sp.leg.br\\\/mulheres\\\/#website\",\"url\":\"https:\\\/\\\/www.saopaulo.sp.leg.br\\\/mulheres\\\/\",\"name\":\"Mulheres\",\"description\":\"Mulheres\",\"potentialAction\":[{\"@type\":\"SearchAction\",\"target\":{\"@type\":\"EntryPoint\",\"urlTemplate\":\"https:\\\/\\\/www.saopaulo.sp.leg.br\\\/mulheres\\\/?s={search_term_string}\"},\"query-input\":{\"@type\":\"PropertyValueSpecification\",\"valueRequired\":true,\"valueName\":\"search_term_string\"}}],\"inLanguage\":\"pt-BR\"}]}<\/script>\n<!-- \/ Yoast SEO plugin. -->","yoast_head_json":{"title":"Disque Den\u00fancia - Mulheres","robots":{"index":"index","follow":"follow","max-snippet":"max-snippet:-1","max-image-preview":"max-image-preview:large","max-video-preview":"max-video-preview:-1"},"canonical":"https:\/\/www.saopaulo.sp.leg.br\/mulheres\/legislacao\/disque-denuncia\/","og_locale":"pt_BR","og_type":"article","og_title":"Disque Den\u00fancia - Mulheres","og_description":"A Lei n\u00ba 16.684, de 10 de julho de 2018, proposta pela C\u00e2mara Municipal por meio do PL (Projeto de Lei) 54\/2017, obriga estabelecimentos comerciais da cidade de S\u00e3o Paulo a afixar avisos com o Disque Den\u00fancia da Viol\u00eancia Contra a Mulher: 180. O descumprimento da medida resulta em multa e os valores arrecadados s\u00e3o... Leia Mais &raquo;","og_url":"https:\/\/www.saopaulo.sp.leg.br\/mulheres\/legislacao\/disque-denuncia\/","og_site_name":"Mulheres","article_modified_time":"2023-02-27T18:48:43+00:00","twitter_card":"summary_large_image","twitter_misc":{"Est. tempo de leitura":"2 minutos"},"schema":{"@context":"https:\/\/schema.org","@graph":[{"@type":"WebPage","@id":"https:\/\/www.saopaulo.sp.leg.br\/mulheres\/legislacao\/disque-denuncia\/","url":"https:\/\/www.saopaulo.sp.leg.br\/mulheres\/legislacao\/disque-denuncia\/","name":"Disque Den\u00fancia - Mulheres","isPartOf":{"@id":"https:\/\/www.saopaulo.sp.leg.br\/mulheres\/#website"},"datePublished":"2021-06-22T14:22:15+00:00","dateModified":"2023-02-27T18:48:43+00:00","breadcrumb":{"@id":"https:\/\/www.saopaulo.sp.leg.br\/mulheres\/legislacao\/disque-denuncia\/#breadcrumb"},"inLanguage":"pt-BR","potentialAction":[{"@type":"ReadAction","target":["https:\/\/www.saopaulo.sp.leg.br\/mulheres\/legislacao\/disque-denuncia\/"]}]},{"@type":"BreadcrumbList","@id":"https:\/\/www.saopaulo.sp.leg.br\/mulheres\/legislacao\/disque-denuncia\/#breadcrumb","itemListElement":[{"@type":"ListItem","position":1,"name":"In\u00edcio","item":"https:\/\/www.saopaulo.sp.leg.br\/mulheres\/"},{"@type":"ListItem","position":2,"name":"Legisla\u00e7\u00e3o","item":"https:\/\/www.saopaulo.sp.leg.br\/mulheres\/legislacao\/"},{"@type":"ListItem","position":3,"name":"Disque Den\u00fancia"}]},{"@type":"WebSite","@id":"https:\/\/www.saopaulo.sp.leg.br\/mulheres\/#website","url":"https:\/\/www.saopaulo.sp.leg.br\/mulheres\/","name":"Mulheres","description":"Mulheres","potentialAction":[{"@type":"SearchAction","target":{"@type":"EntryPoint","urlTemplate":"https:\/\/www.saopaulo.sp.leg.br\/mulheres\/?s={search_term_string}"},"query-input":{"@type":"PropertyValueSpecification","valueRequired":true,"valueName":"search_term_string"}}],"inLanguage":"pt-BR"}]}},"_links":{"self":[{"href":"https:\/\/www.saopaulo.sp.leg.br\/mulheres\/wp-json\/wp\/v2\/pages\/2092","targetHints":{"allow":["GET"]}}],"collection":[{"href":"https:\/\/www.saopaulo.sp.leg.br\/mulheres\/wp-json\/wp\/v2\/pages"}],"about":[{"href":"https:\/\/www.saopaulo.sp.leg.br\/mulheres\/wp-json\/wp\/v2\/types\/page"}],"author":[{"embeddable":true,"href":"https:\/\/www.saopaulo.sp.leg.br\/mulheres\/wp-json\/wp\/v2\/users\/733"}],"replies":[{"embeddable":true,"href":"https:\/\/www.saopaulo.sp.leg.br\/mulheres\/wp-json\/wp\/v2\/comments?post=2092"}],"version-history":[{"count":0,"href":"https:\/\/www.saopaulo.sp.leg.br\/mulheres\/wp-json\/wp\/v2\/pages\/2092\/revisions"}],"up":[{"embeddable":true,"href":"https:\/\/www.saopaulo.sp.leg.br\/mulheres\/wp-json\/wp\/v2\/pages\/1266"}],"wp:attachment":[{"href":"https:\/\/www.saopaulo.sp.leg.br\/mulheres\/wp-json\/wp\/v2\/media?parent=2092"}],"curies":[{"name":"wp","href":"https:\/\/api.w.org\/{rel}","templated":true}]}}