{"id":2085,"date":"2021-06-22T11:16:10","date_gmt":"2021-06-22T14:16:10","guid":{"rendered":"https:\/\/www.saopaulo.sp.leg.br\/mulheres\/?page_id=2085"},"modified":"2023-02-27T16:13:23","modified_gmt":"2023-02-27T19:13:23","slug":"contraceptivo-de-longa-duracao-na-rede-publica","status":"publish","type":"page","link":"https:\/\/www.saopaulo.sp.leg.br\/mulheres\/legislacao\/contraceptivo-de-longa-duracao-na-rede-publica\/","title":{"rendered":"Contraceptivo de longa dura\u00e7\u00e3o na rede p\u00fablica"},"content":{"rendered":"<p>Proposta pela C\u00e2mara Municipal por meio do <a href=\"http:\/\/splegisconsulta.\/Pesquisa\/DetailsDetalhado?COD_MTRA_LEGL=1&amp;ANO_PCSS_CMSP=2015&amp;COD_PCSS_CMSP=467\" target=\"_blank\" rel=\"noopener\">PL (Projeto de Lei) 467\/2015<\/a>, a <a href=\"https:\/\/plpconsulta.saopaulo.sp.leg.br\/Forms\/MostrarArquivo?ID=1862&amp;TipArq=1\" target=\"_blank\" rel=\"noopener\">Lei n\u00ba 16.806, de 19 de janeiro de 2018<\/a>, prev\u00ea a oferta de contraceptivo revers\u00edvel de longa dura\u00e7\u00e3o para mulheres em situa\u00e7\u00e3o de vulnerabilidade.<\/p>\n<p>O medicamento, \u00e0 base de etonogestrel, \u00e9 disponibilizado na rede municipal de sa\u00fade em toda a cidade.<\/p>\n<p>O objetivo da Lei, regulamentada no <a href=\"https:\/\/plpconsulta.saopaulo.sp.leg.br\/Forms\/MostrarArquivo.aspx?ID=1863&amp;TipArq=1\" target=\"_blank\" rel=\"noopener\">Decreto n\u00ba 58.693, de 2 de abril de 2019<\/a>, \u00e9 reduzir tanto o n\u00famero de gesta\u00e7\u00f5es n\u00e3o planejadas como tamb\u00e9m as taxas de mortalidade infantil e materna.<\/p>\n<p>Dependentes qu\u00edmicas, moradoras de rua e adolescentes t\u00eam prioridade na distribui\u00e7\u00e3o gratuita na rede p\u00fablica convencional e por meio de institui\u00e7\u00f5es conveniadas.\u00a0Ainda de acordo com a Lei, o profissional de sa\u00fade em atendimento fica respons\u00e1vel por informar a mulher sobre o tratamento necess\u00e1rio e os riscos envolvidos.<\/p>\n<p>Segundo a <strong>OMS (Organiza\u00e7\u00e3o Mundial de Sa\u00fade)<\/strong>, o <strong>etonogestrel<\/strong> \u00e9 um dos m\u00e9todos contraceptivos mais eficazes. Atualmente, de cada 10 mil mulheres, apenas cinco podem sofrer com alguma falha eventual do medicamento.<\/p>\n<p>O horm\u00f4nio sint\u00e9tico chamado de <strong>etonogestrel<\/strong> j\u00e1 \u00e9 comum na composi\u00e7\u00e3o de p\u00edlulas anticoncepcionais.No caso de seu uso como contraceptivo de longa dura\u00e7\u00e3o, o princ\u00edpio ativo fica em um bastonete de 4 cent\u00edmetros de comprimento, produzido por um material pl\u00e1stico flex\u00edvel e est\u00e9ril conhecido como EVA (etileno vinil acetato). Por ser revers\u00edvel, o implante pode ser retirado pelos m\u00e9dicos quando a mulher quiser engravidar de forma planejada.<\/p>\n","protected":false},"excerpt":{"rendered":"<p>Proposta pela C\u00e2mara Municipal por meio do PL (Projeto de Lei) 467\/2015, a Lei n\u00ba 16.806, de 19 de janeiro de 2018, prev\u00ea a oferta de contraceptivo revers\u00edvel de longa dura\u00e7\u00e3o para mulheres em situa\u00e7\u00e3o de vulnerabilidade. O medicamento, \u00e0 base de etonogestrel, \u00e9 disponibilizado na rede municipal de sa\u00fade em toda a cidade. O&#8230;  <a class=\"excerpt-read-more\" href=\"https:\/\/www.saopaulo.sp.leg.br\/mulheres\/legislacao\/contraceptivo-de-longa-duracao-na-rede-publica\/\" title=\"Leia Contraceptivo de longa dura\u00e7\u00e3o na rede p\u00fablica\">Leia Mais &raquo;<\/a><\/p>\n","protected":false},"author":733,"featured_media":0,"parent":1266,"menu_order":0,"comment_status":"closed","ping_status":"closed","template":"page-lei.php","meta":{"_acf_changed":false,"footnotes":""},"class_list":["post-2085","page","type-page","status-publish","hentry"],"acf":[],"yoast_head":"<!-- This site is optimized with the Yoast SEO plugin v27.5 - https:\/\/yoast.com\/product\/yoast-seo-wordpress\/ -->\n<title>Contraceptivo de longa dura\u00e7\u00e3o na rede p\u00fablica - Mulheres<\/title>\n<meta name=\"robots\" content=\"index, follow, max-snippet:-1, max-image-preview:large, max-video-preview:-1\" \/>\n<link rel=\"canonical\" href=\"https:\/\/www.saopaulo.sp.leg.br\/mulheres\/legislacao\/contraceptivo-de-longa-duracao-na-rede-publica\/\" \/>\n<meta property=\"og:locale\" content=\"pt_BR\" \/>\n<meta property=\"og:type\" content=\"article\" \/>\n<meta property=\"og:title\" content=\"Contraceptivo de longa dura\u00e7\u00e3o na rede p\u00fablica - Mulheres\" \/>\n<meta property=\"og:description\" content=\"Proposta pela C\u00e2mara Municipal por meio do PL (Projeto de Lei) 467\/2015, a Lei n\u00ba 16.806, de 19 de janeiro de 2018, prev\u00ea a oferta de contraceptivo revers\u00edvel de longa dura\u00e7\u00e3o para mulheres em situa\u00e7\u00e3o de vulnerabilidade. O medicamento, \u00e0 base de etonogestrel, \u00e9 disponibilizado na rede municipal de sa\u00fade em toda a cidade. O... Leia Mais &raquo;\" \/>\n<meta property=\"og:url\" content=\"https:\/\/www.saopaulo.sp.leg.br\/mulheres\/legislacao\/contraceptivo-de-longa-duracao-na-rede-publica\/\" \/>\n<meta property=\"og:site_name\" content=\"Mulheres\" \/>\n<meta property=\"article:modified_time\" content=\"2023-02-27T19:13:23+00:00\" \/>\n<meta name=\"twitter:card\" content=\"summary_large_image\" \/>\n<meta name=\"twitter:label1\" content=\"Est. tempo de leitura\" \/>\n\t<meta name=\"twitter:data1\" content=\"2 minutos\" \/>\n<script type=\"application\/ld+json\" class=\"yoast-schema-graph\">{\"@context\":\"https:\\\/\\\/schema.org\",\"@graph\":[{\"@type\":\"WebPage\",\"@id\":\"https:\\\/\\\/www.saopaulo.sp.leg.br\\\/mulheres\\\/legislacao\\\/contraceptivo-de-longa-duracao-na-rede-publica\\\/\",\"url\":\"https:\\\/\\\/www.saopaulo.sp.leg.br\\\/mulheres\\\/legislacao\\\/contraceptivo-de-longa-duracao-na-rede-publica\\\/\",\"name\":\"Contraceptivo de longa dura\u00e7\u00e3o na rede p\u00fablica - Mulheres\",\"isPartOf\":{\"@id\":\"https:\\\/\\\/www.saopaulo.sp.leg.br\\\/mulheres\\\/#website\"},\"datePublished\":\"2021-06-22T14:16:10+00:00\",\"dateModified\":\"2023-02-27T19:13:23+00:00\",\"breadcrumb\":{\"@id\":\"https:\\\/\\\/www.saopaulo.sp.leg.br\\\/mulheres\\\/legislacao\\\/contraceptivo-de-longa-duracao-na-rede-publica\\\/#breadcrumb\"},\"inLanguage\":\"pt-BR\",\"potentialAction\":[{\"@type\":\"ReadAction\",\"target\":[\"https:\\\/\\\/www.saopaulo.sp.leg.br\\\/mulheres\\\/legislacao\\\/contraceptivo-de-longa-duracao-na-rede-publica\\\/\"]}]},{\"@type\":\"BreadcrumbList\",\"@id\":\"https:\\\/\\\/www.saopaulo.sp.leg.br\\\/mulheres\\\/legislacao\\\/contraceptivo-de-longa-duracao-na-rede-publica\\\/#breadcrumb\",\"itemListElement\":[{\"@type\":\"ListItem\",\"position\":1,\"name\":\"In\u00edcio\",\"item\":\"https:\\\/\\\/www.saopaulo.sp.leg.br\\\/mulheres\\\/\"},{\"@type\":\"ListItem\",\"position\":2,\"name\":\"Legisla\u00e7\u00e3o\",\"item\":\"https:\\\/\\\/www.saopaulo.sp.leg.br\\\/mulheres\\\/legislacao\\\/\"},{\"@type\":\"ListItem\",\"position\":3,\"name\":\"Contraceptivo de longa dura\u00e7\u00e3o na rede p\u00fablica\"}]},{\"@type\":\"WebSite\",\"@id\":\"https:\\\/\\\/www.saopaulo.sp.leg.br\\\/mulheres\\\/#website\",\"url\":\"https:\\\/\\\/www.saopaulo.sp.leg.br\\\/mulheres\\\/\",\"name\":\"Mulheres\",\"description\":\"Mulheres\",\"potentialAction\":[{\"@type\":\"SearchAction\",\"target\":{\"@type\":\"EntryPoint\",\"urlTemplate\":\"https:\\\/\\\/www.saopaulo.sp.leg.br\\\/mulheres\\\/?s={search_term_string}\"},\"query-input\":{\"@type\":\"PropertyValueSpecification\",\"valueRequired\":true,\"valueName\":\"search_term_string\"}}],\"inLanguage\":\"pt-BR\"}]}<\/script>\n<!-- \/ Yoast SEO plugin. -->","yoast_head_json":{"title":"Contraceptivo de longa dura\u00e7\u00e3o na rede p\u00fablica - Mulheres","robots":{"index":"index","follow":"follow","max-snippet":"max-snippet:-1","max-image-preview":"max-image-preview:large","max-video-preview":"max-video-preview:-1"},"canonical":"https:\/\/www.saopaulo.sp.leg.br\/mulheres\/legislacao\/contraceptivo-de-longa-duracao-na-rede-publica\/","og_locale":"pt_BR","og_type":"article","og_title":"Contraceptivo de longa dura\u00e7\u00e3o na rede p\u00fablica - Mulheres","og_description":"Proposta pela C\u00e2mara Municipal por meio do PL (Projeto de Lei) 467\/2015, a Lei n\u00ba 16.806, de 19 de janeiro de 2018, prev\u00ea a oferta de contraceptivo revers\u00edvel de longa dura\u00e7\u00e3o para mulheres em situa\u00e7\u00e3o de vulnerabilidade. O medicamento, \u00e0 base de etonogestrel, \u00e9 disponibilizado na rede municipal de sa\u00fade em toda a cidade. O... Leia Mais &raquo;","og_url":"https:\/\/www.saopaulo.sp.leg.br\/mulheres\/legislacao\/contraceptivo-de-longa-duracao-na-rede-publica\/","og_site_name":"Mulheres","article_modified_time":"2023-02-27T19:13:23+00:00","twitter_card":"summary_large_image","twitter_misc":{"Est. tempo de leitura":"2 minutos"},"schema":{"@context":"https:\/\/schema.org","@graph":[{"@type":"WebPage","@id":"https:\/\/www.saopaulo.sp.leg.br\/mulheres\/legislacao\/contraceptivo-de-longa-duracao-na-rede-publica\/","url":"https:\/\/www.saopaulo.sp.leg.br\/mulheres\/legislacao\/contraceptivo-de-longa-duracao-na-rede-publica\/","name":"Contraceptivo de longa dura\u00e7\u00e3o na rede p\u00fablica - Mulheres","isPartOf":{"@id":"https:\/\/www.saopaulo.sp.leg.br\/mulheres\/#website"},"datePublished":"2021-06-22T14:16:10+00:00","dateModified":"2023-02-27T19:13:23+00:00","breadcrumb":{"@id":"https:\/\/www.saopaulo.sp.leg.br\/mulheres\/legislacao\/contraceptivo-de-longa-duracao-na-rede-publica\/#breadcrumb"},"inLanguage":"pt-BR","potentialAction":[{"@type":"ReadAction","target":["https:\/\/www.saopaulo.sp.leg.br\/mulheres\/legislacao\/contraceptivo-de-longa-duracao-na-rede-publica\/"]}]},{"@type":"BreadcrumbList","@id":"https:\/\/www.saopaulo.sp.leg.br\/mulheres\/legislacao\/contraceptivo-de-longa-duracao-na-rede-publica\/#breadcrumb","itemListElement":[{"@type":"ListItem","position":1,"name":"In\u00edcio","item":"https:\/\/www.saopaulo.sp.leg.br\/mulheres\/"},{"@type":"ListItem","position":2,"name":"Legisla\u00e7\u00e3o","item":"https:\/\/www.saopaulo.sp.leg.br\/mulheres\/legislacao\/"},{"@type":"ListItem","position":3,"name":"Contraceptivo de longa dura\u00e7\u00e3o na rede p\u00fablica"}]},{"@type":"WebSite","@id":"https:\/\/www.saopaulo.sp.leg.br\/mulheres\/#website","url":"https:\/\/www.saopaulo.sp.leg.br\/mulheres\/","name":"Mulheres","description":"Mulheres","potentialAction":[{"@type":"SearchAction","target":{"@type":"EntryPoint","urlTemplate":"https:\/\/www.saopaulo.sp.leg.br\/mulheres\/?s={search_term_string}"},"query-input":{"@type":"PropertyValueSpecification","valueRequired":true,"valueName":"search_term_string"}}],"inLanguage":"pt-BR"}]}},"_links":{"self":[{"href":"https:\/\/www.saopaulo.sp.leg.br\/mulheres\/wp-json\/wp\/v2\/pages\/2085","targetHints":{"allow":["GET"]}}],"collection":[{"href":"https:\/\/www.saopaulo.sp.leg.br\/mulheres\/wp-json\/wp\/v2\/pages"}],"about":[{"href":"https:\/\/www.saopaulo.sp.leg.br\/mulheres\/wp-json\/wp\/v2\/types\/page"}],"author":[{"embeddable":true,"href":"https:\/\/www.saopaulo.sp.leg.br\/mulheres\/wp-json\/wp\/v2\/users\/733"}],"replies":[{"embeddable":true,"href":"https:\/\/www.saopaulo.sp.leg.br\/mulheres\/wp-json\/wp\/v2\/comments?post=2085"}],"version-history":[{"count":0,"href":"https:\/\/www.saopaulo.sp.leg.br\/mulheres\/wp-json\/wp\/v2\/pages\/2085\/revisions"}],"up":[{"embeddable":true,"href":"https:\/\/www.saopaulo.sp.leg.br\/mulheres\/wp-json\/wp\/v2\/pages\/1266"}],"wp:attachment":[{"href":"https:\/\/www.saopaulo.sp.leg.br\/mulheres\/wp-json\/wp\/v2\/media?parent=2085"}],"curies":[{"name":"wp","href":"https:\/\/api.w.org\/{rel}","templated":true}]}}