{"id":2075,"date":"2021-06-22T11:10:32","date_gmt":"2021-06-22T14:10:32","guid":{"rendered":"https:\/\/www.saopaulo.sp.leg.br\/mulheres\/?page_id=2075"},"modified":"2023-02-27T16:12:33","modified_gmt":"2023-02-27T19:12:33","slug":"prevencao-da-violencia-domestica-na-estrategia-saude-da-familia","status":"publish","type":"page","link":"https:\/\/www.saopaulo.sp.leg.br\/mulheres\/legislacao\/prevencao-da-violencia-domestica-na-estrategia-saude-da-familia\/","title":{"rendered":"Preven\u00e7\u00e3o da Viol\u00eancia Dom\u00e9stica"},"content":{"rendered":"<p>A <a href=\"https:\/\/plpconsulta.saopaulo.sp.leg.br\/Forms\/MostrarArquivo?ID=1927&amp;TipArq=1\">Lei n\u00ba 16.823, de 06 de fevereiro de 2018<\/a>, proposta pela C\u00e2mara Municipal por meio do <a href=\"https:\/\/splegisconsulta.\/Pesquisa\/DetailsDetalhado?COD_MTRA_LEGL=1&amp;COD_PCSS_CMSP=553&amp;ANO_PCSS_CMSP=2016\">PL (Projeto de Lei) 553\/2016<\/a>, instituiu o Projeto de Preven\u00e7\u00e3o da Viol\u00eancia Dom\u00e9stica com a Estrat\u00e9gia de Sa\u00fade da Fam\u00edlia.<\/p>\n<p>Regulamentado por meio do <a href=\"https:\/\/plpconsulta.saopaulo.sp.leg.br\/Forms\/MostrarArquivo.aspx?ID=3688&amp;TipArq=1\">Decreto n\u00ba 59.500, de 08 de junho de 2020<\/a>, o projeto \u00e9 voltado \u00e0 prote\u00e7\u00e3o de mulheres em situa\u00e7\u00e3o de viol\u00eancia por meio da atua\u00e7\u00e3o preventiva dos agentes comunit\u00e1rios de sa\u00fade.<\/p>\n<p>Os profissionais capacitados realizam visitas domiciliares peri\u00f3dicas, com o objetivo de difundir informa\u00e7\u00f5es sobre a Lei Maria da Penha e os direitos por ela assegurados. Al\u00e9m de promover o acolhimento humanizado e orienta\u00e7\u00e3o, tamb\u00e9m s\u00e3o respons\u00e1veis pelo encaminhamento aos servi\u00e7os de atendimento especializado da rede de atendimento \u00e0 mulher v\u00edtima de viol\u00eancia dom\u00e9stica no munic\u00edpio de S\u00e3o Paulo.<\/p>\n","protected":false},"excerpt":{"rendered":"<p>A Lei n\u00ba 16.823, de 06 de fevereiro de 2018, proposta pela C\u00e2mara Municipal por meio do PL (Projeto de Lei) 553\/2016, instituiu o Projeto de Preven\u00e7\u00e3o da Viol\u00eancia Dom\u00e9stica com a Estrat\u00e9gia de Sa\u00fade da Fam\u00edlia. Regulamentado por meio do Decreto n\u00ba 59.500, de 08 de junho de 2020, o projeto \u00e9 voltado \u00e0&#8230;  <a class=\"excerpt-read-more\" href=\"https:\/\/www.saopaulo.sp.leg.br\/mulheres\/legislacao\/prevencao-da-violencia-domestica-na-estrategia-saude-da-familia\/\" title=\"Leia Preven\u00e7\u00e3o da Viol\u00eancia Dom\u00e9stica\">Leia Mais &raquo;<\/a><\/p>\n","protected":false},"author":733,"featured_media":0,"parent":1266,"menu_order":0,"comment_status":"closed","ping_status":"closed","template":"page-lei.php","meta":{"_acf_changed":false,"footnotes":""},"class_list":["post-2075","page","type-page","status-publish","hentry"],"acf":[],"yoast_head":"<!-- This site is optimized with the Yoast SEO plugin v27.4 - https:\/\/yoast.com\/product\/yoast-seo-wordpress\/ -->\n<title>Preven\u00e7\u00e3o da Viol\u00eancia Dom\u00e9stica - Mulheres<\/title>\n<meta name=\"robots\" content=\"index, follow, max-snippet:-1, max-image-preview:large, max-video-preview:-1\" \/>\n<link rel=\"canonical\" href=\"https:\/\/www.saopaulo.sp.leg.br\/mulheres\/legislacao\/prevencao-da-violencia-domestica-na-estrategia-saude-da-familia\/\" \/>\n<meta property=\"og:locale\" content=\"pt_BR\" \/>\n<meta property=\"og:type\" content=\"article\" \/>\n<meta property=\"og:title\" content=\"Preven\u00e7\u00e3o da Viol\u00eancia Dom\u00e9stica - Mulheres\" \/>\n<meta property=\"og:description\" content=\"A Lei n\u00ba 16.823, de 06 de fevereiro de 2018, proposta pela C\u00e2mara Municipal por meio do PL (Projeto de Lei) 553\/2016, instituiu o Projeto de Preven\u00e7\u00e3o da Viol\u00eancia Dom\u00e9stica com a Estrat\u00e9gia de Sa\u00fade da Fam\u00edlia. Regulamentado por meio do Decreto n\u00ba 59.500, de 08 de junho de 2020, o projeto \u00e9 voltado \u00e0... Leia Mais &raquo;\" \/>\n<meta property=\"og:url\" content=\"https:\/\/www.saopaulo.sp.leg.br\/mulheres\/legislacao\/prevencao-da-violencia-domestica-na-estrategia-saude-da-familia\/\" \/>\n<meta property=\"og:site_name\" content=\"Mulheres\" \/>\n<meta property=\"article:modified_time\" content=\"2023-02-27T19:12:33+00:00\" \/>\n<meta name=\"twitter:card\" content=\"summary_large_image\" \/>\n<meta name=\"twitter:label1\" content=\"Est. tempo de leitura\" \/>\n\t<meta name=\"twitter:data1\" content=\"1 minuto\" \/>\n<script type=\"application\/ld+json\" class=\"yoast-schema-graph\">{\"@context\":\"https:\\\/\\\/schema.org\",\"@graph\":[{\"@type\":\"WebPage\",\"@id\":\"https:\\\/\\\/www.saopaulo.sp.leg.br\\\/mulheres\\\/legislacao\\\/prevencao-da-violencia-domestica-na-estrategia-saude-da-familia\\\/\",\"url\":\"https:\\\/\\\/www.saopaulo.sp.leg.br\\\/mulheres\\\/legislacao\\\/prevencao-da-violencia-domestica-na-estrategia-saude-da-familia\\\/\",\"name\":\"Preven\u00e7\u00e3o da Viol\u00eancia Dom\u00e9stica - Mulheres\",\"isPartOf\":{\"@id\":\"https:\\\/\\\/www.saopaulo.sp.leg.br\\\/mulheres\\\/#website\"},\"datePublished\":\"2021-06-22T14:10:32+00:00\",\"dateModified\":\"2023-02-27T19:12:33+00:00\",\"breadcrumb\":{\"@id\":\"https:\\\/\\\/www.saopaulo.sp.leg.br\\\/mulheres\\\/legislacao\\\/prevencao-da-violencia-domestica-na-estrategia-saude-da-familia\\\/#breadcrumb\"},\"inLanguage\":\"pt-BR\",\"potentialAction\":[{\"@type\":\"ReadAction\",\"target\":[\"https:\\\/\\\/www.saopaulo.sp.leg.br\\\/mulheres\\\/legislacao\\\/prevencao-da-violencia-domestica-na-estrategia-saude-da-familia\\\/\"]}]},{\"@type\":\"BreadcrumbList\",\"@id\":\"https:\\\/\\\/www.saopaulo.sp.leg.br\\\/mulheres\\\/legislacao\\\/prevencao-da-violencia-domestica-na-estrategia-saude-da-familia\\\/#breadcrumb\",\"itemListElement\":[{\"@type\":\"ListItem\",\"position\":1,\"name\":\"In\u00edcio\",\"item\":\"https:\\\/\\\/www.saopaulo.sp.leg.br\\\/mulheres\\\/\"},{\"@type\":\"ListItem\",\"position\":2,\"name\":\"Legisla\u00e7\u00e3o\",\"item\":\"https:\\\/\\\/www.saopaulo.sp.leg.br\\\/mulheres\\\/legislacao\\\/\"},{\"@type\":\"ListItem\",\"position\":3,\"name\":\"Preven\u00e7\u00e3o da Viol\u00eancia Dom\u00e9stica\"}]},{\"@type\":\"WebSite\",\"@id\":\"https:\\\/\\\/www.saopaulo.sp.leg.br\\\/mulheres\\\/#website\",\"url\":\"https:\\\/\\\/www.saopaulo.sp.leg.br\\\/mulheres\\\/\",\"name\":\"Mulheres\",\"description\":\"Mulheres\",\"potentialAction\":[{\"@type\":\"SearchAction\",\"target\":{\"@type\":\"EntryPoint\",\"urlTemplate\":\"https:\\\/\\\/www.saopaulo.sp.leg.br\\\/mulheres\\\/?s={search_term_string}\"},\"query-input\":{\"@type\":\"PropertyValueSpecification\",\"valueRequired\":true,\"valueName\":\"search_term_string\"}}],\"inLanguage\":\"pt-BR\"}]}<\/script>\n<!-- \/ Yoast SEO plugin. -->","yoast_head_json":{"title":"Preven\u00e7\u00e3o da Viol\u00eancia Dom\u00e9stica - Mulheres","robots":{"index":"index","follow":"follow","max-snippet":"max-snippet:-1","max-image-preview":"max-image-preview:large","max-video-preview":"max-video-preview:-1"},"canonical":"https:\/\/www.saopaulo.sp.leg.br\/mulheres\/legislacao\/prevencao-da-violencia-domestica-na-estrategia-saude-da-familia\/","og_locale":"pt_BR","og_type":"article","og_title":"Preven\u00e7\u00e3o da Viol\u00eancia Dom\u00e9stica - Mulheres","og_description":"A Lei n\u00ba 16.823, de 06 de fevereiro de 2018, proposta pela C\u00e2mara Municipal por meio do PL (Projeto de Lei) 553\/2016, instituiu o Projeto de Preven\u00e7\u00e3o da Viol\u00eancia Dom\u00e9stica com a Estrat\u00e9gia de Sa\u00fade da Fam\u00edlia. Regulamentado por meio do Decreto n\u00ba 59.500, de 08 de junho de 2020, o projeto \u00e9 voltado \u00e0... Leia Mais &raquo;","og_url":"https:\/\/www.saopaulo.sp.leg.br\/mulheres\/legislacao\/prevencao-da-violencia-domestica-na-estrategia-saude-da-familia\/","og_site_name":"Mulheres","article_modified_time":"2023-02-27T19:12:33+00:00","twitter_card":"summary_large_image","twitter_misc":{"Est. tempo de leitura":"1 minuto"},"schema":{"@context":"https:\/\/schema.org","@graph":[{"@type":"WebPage","@id":"https:\/\/www.saopaulo.sp.leg.br\/mulheres\/legislacao\/prevencao-da-violencia-domestica-na-estrategia-saude-da-familia\/","url":"https:\/\/www.saopaulo.sp.leg.br\/mulheres\/legislacao\/prevencao-da-violencia-domestica-na-estrategia-saude-da-familia\/","name":"Preven\u00e7\u00e3o da Viol\u00eancia Dom\u00e9stica - Mulheres","isPartOf":{"@id":"https:\/\/www.saopaulo.sp.leg.br\/mulheres\/#website"},"datePublished":"2021-06-22T14:10:32+00:00","dateModified":"2023-02-27T19:12:33+00:00","breadcrumb":{"@id":"https:\/\/www.saopaulo.sp.leg.br\/mulheres\/legislacao\/prevencao-da-violencia-domestica-na-estrategia-saude-da-familia\/#breadcrumb"},"inLanguage":"pt-BR","potentialAction":[{"@type":"ReadAction","target":["https:\/\/www.saopaulo.sp.leg.br\/mulheres\/legislacao\/prevencao-da-violencia-domestica-na-estrategia-saude-da-familia\/"]}]},{"@type":"BreadcrumbList","@id":"https:\/\/www.saopaulo.sp.leg.br\/mulheres\/legislacao\/prevencao-da-violencia-domestica-na-estrategia-saude-da-familia\/#breadcrumb","itemListElement":[{"@type":"ListItem","position":1,"name":"In\u00edcio","item":"https:\/\/www.saopaulo.sp.leg.br\/mulheres\/"},{"@type":"ListItem","position":2,"name":"Legisla\u00e7\u00e3o","item":"https:\/\/www.saopaulo.sp.leg.br\/mulheres\/legislacao\/"},{"@type":"ListItem","position":3,"name":"Preven\u00e7\u00e3o da Viol\u00eancia Dom\u00e9stica"}]},{"@type":"WebSite","@id":"https:\/\/www.saopaulo.sp.leg.br\/mulheres\/#website","url":"https:\/\/www.saopaulo.sp.leg.br\/mulheres\/","name":"Mulheres","description":"Mulheres","potentialAction":[{"@type":"SearchAction","target":{"@type":"EntryPoint","urlTemplate":"https:\/\/www.saopaulo.sp.leg.br\/mulheres\/?s={search_term_string}"},"query-input":{"@type":"PropertyValueSpecification","valueRequired":true,"valueName":"search_term_string"}}],"inLanguage":"pt-BR"}]}},"_links":{"self":[{"href":"https:\/\/www.saopaulo.sp.leg.br\/mulheres\/wp-json\/wp\/v2\/pages\/2075","targetHints":{"allow":["GET"]}}],"collection":[{"href":"https:\/\/www.saopaulo.sp.leg.br\/mulheres\/wp-json\/wp\/v2\/pages"}],"about":[{"href":"https:\/\/www.saopaulo.sp.leg.br\/mulheres\/wp-json\/wp\/v2\/types\/page"}],"author":[{"embeddable":true,"href":"https:\/\/www.saopaulo.sp.leg.br\/mulheres\/wp-json\/wp\/v2\/users\/733"}],"replies":[{"embeddable":true,"href":"https:\/\/www.saopaulo.sp.leg.br\/mulheres\/wp-json\/wp\/v2\/comments?post=2075"}],"version-history":[{"count":0,"href":"https:\/\/www.saopaulo.sp.leg.br\/mulheres\/wp-json\/wp\/v2\/pages\/2075\/revisions"}],"up":[{"embeddable":true,"href":"https:\/\/www.saopaulo.sp.leg.br\/mulheres\/wp-json\/wp\/v2\/pages\/1266"}],"wp:attachment":[{"href":"https:\/\/www.saopaulo.sp.leg.br\/mulheres\/wp-json\/wp\/v2\/media?parent=2075"}],"curies":[{"name":"wp","href":"https:\/\/api.w.org\/{rel}","templated":true}]}}