{"id":1796,"date":"2021-05-11T11:03:41","date_gmt":"2021-05-11T14:03:41","guid":{"rendered":"https:\/\/www.saopaulo.sp.leg.br\/mulheres\/?page_id=1796"},"modified":"2021-08-04T14:45:26","modified_gmt":"2021-08-04T17:45:26","slug":"cpi-da-condicao-de-vulnerabilidade-das-mulheres","status":"publish","type":"page","link":"https:\/\/www.saopaulo.sp.leg.br\/mulheres\/cpis\/cpi-da-condicao-de-vulnerabilidade-das-mulheres\/","title":{"rendered":"CPI da Condi\u00e7\u00e3o de Vulnerabilidade das Mulheres"},"content":{"rendered":"<p class=\"p1\"><span class=\"s1\">Criada em <a href=\"https:\/\/www.saopaulo.sp.leg.br\/blog\/camara-realiza-cpi-para-discutir-politicas-publicas-para-mulheres\/\" target=\"_blank\" rel=\"noopener\"><span class=\"s2\">5 de setembro de 2017<\/span><\/a> para\u00a0 investigar a condi\u00e7\u00e3o de vulnerabilidade das mulheres na cidade de S\u00e3o Paulo, a CPI (Comiss\u00e3o Parlamentar de Inqu\u00e9rito) da Condi\u00e7\u00e3o de Vulnerabilidade das Mulheres criou 3 sub-relatorias:\u00a0<\/span><\/p>\n<ul>\n<li class=\"p1\"><span class=\"s1\"><b>Sub-relatoria &#8211; viol\u00eancia contra a mulher<\/b>: aprofundou dados estat\u00edsticos com foco na subnotifica\u00e7\u00e3o dos casos;\u00a0<\/span><\/li>\n<li class=\"p1\"><span class=\"s1\"><b>Sub-relatoria &#8211; empoderamento econ\u00f4mico<\/b>: abordou temas como desigualdade no mercado de trabalho e a necessidade de equil\u00edbrio \u00e9tnico nas contrata\u00e7\u00f5es;<\/span><\/li>\n<li class=\"p1\"><span class=\"s1\"><b>Sub-relatoria &#8211; sa\u00fade da mulher<\/b>: apontou a necessidade de unificar o protocolo de atendimento nas redes municipal e estadual.\u00a0<\/span><\/li>\n<\/ul>\n<p class=\"p1\"><span class=\"s1\">A <a href=\"https:\/\/www.saopaulo.sp.leg.br\/blog\/camara-realiza-cpi-para-discutir-politicas-publicas-para-mulheres\/\" target=\"_blank\" rel=\"noopener\"><span class=\"s2\">CPI da Condi\u00e7\u00e3o de Vulnerabilidade das Mulheres<\/span><\/a> foi encerrada no dia 29 de novembro de 2017, e teve seu relat\u00f3rio final apresentado no dia 14 de dezembro de 2017. Voc\u00ea pode conferir a \u00edntegra do relat\u00f3rio neste <a href=\"https:\/\/www.saopaulo.sp.leg.br\/wp-content\/uploads\/2017\/04\/Relat%C3%B3rio-Final-CPI-da-Mulher.pdf\" target=\"_blank\" rel=\"noopener\"><span class=\"s2\">link<\/span><\/a>.<\/span><\/p>\n<h2>Composi\u00e7\u00e3o<\/h2>\n<table class=\"perfil\" width=\"100%\" align=\"center\">\n<tbody>\n<tr valign=\"top\">\n<td>\n<div id=\"attachment_40749\" style=\"width: 210px\" class=\"wp-caption alignnone\"><img loading=\"lazy\" decoding=\"async\" aria-describedby=\"caption-attachment-40749\" class=\"size-full wp-image-1876\" src=\"https:\/\/www.saopaulo.sp.leg.br\/mulheres\/wp-content\/uploads\/sites\/35\/2021\/05\/edir.png\" alt=\"\" width=\"200\" height=\"200\" \/><p id=\"caption-attachment-40749\" class=\"wp-caption-text\">Presidente<\/p><\/div>\n<p><a href=\"http:\/\/www.saopaulo.sp.leg.br\/vereador\/edir-sales\/\" target=\"_blank\" rel=\"noopener\"><strong><span class=\"titulo-perfil\">Edir Sales<\/span><br \/>\n<\/strong><\/a><\/td>\n<td class=\"color2\">\n<div id=\"attachment_40761\" style=\"width: 210px\" class=\"wp-caption alignnone\"><img loading=\"lazy\" decoding=\"async\" aria-describedby=\"caption-attachment-40761\" class=\"size-full wp-image-1876\" src=\"https:\/\/www.saopaulo.sp.leg.br\/mulheres\/wp-content\/uploads\/sites\/35\/2021\/05\/soninha.png\" alt=\"\" width=\"200\" height=\"200\" \/><p id=\"caption-attachment-40761\" class=\"wp-caption-text\">Vice-Presidente e Relatora<\/p><\/div>\n<p><a href=\"http:\/\/www.saopaulo.sp.leg.br\/vereador\/soninha\/\" target=\"_blank\" rel=\"noopener\"><strong><span class=\"titulo-perfil\">Soninha Francine<\/span><br \/>\n<\/strong><\/a><\/td>\n<td><div id=\"attachment_40749\" style=\"width: 210px\" class=\"wp-caption alignnone\"><img loading=\"lazy\" decoding=\"async\" aria-describedby=\"caption-attachment-40749\" class=\"size-full wp-image-1876 aligncenter\" src=\"https:\/\/www.saopaulo.sp.leg.br\/mulheres\/wp-content\/uploads\/sites\/35\/2021\/05\/patricia.png\" alt=\"\" width=\"200\" height=\"200\" \/><p id=\"caption-attachment-40749\" class=\"wp-caption-text\"><br \/><\/p><\/div><a href=\"http:\/\/www.saopaulo.sp.leg.br\/vereador\/patricia-bezerra\/\" target=\"_blank\" rel=\"noopener\"><strong><span style=\"margin-top: 7px\" class=\"titulo-perfil\">Patr\u00edcia Bezerra<\/span><br \/>\n<\/strong><\/a><\/td>\n<\/tr>\n<\/tbody>\n<tbody>\n<tr valign=\"top\">\n<td class=\"color2\"><img loading=\"lazy\" decoding=\"async\" class=\"size-full wp-image-1876 aligncenter\" src=\"https:\/\/www.saopaulo.sp.leg.br\/mulheres\/wp-content\/uploads\/sites\/35\/2021\/05\/juliana.png\" alt=\"\" width=\"200\" height=\"200\" \/><a href=\"http:\/\/www.saopaulo.sp.leg.br\/vereador\/juliana-cardoso\/\" target=\"_blank\" rel=\"noopener\"><strong><span class=\"titulo-perfil\">Juliana Cardoso<\/span><br \/>\n<\/strong><\/a><\/td>\n<td><img loading=\"lazy\" decoding=\"async\" class=\"size-full wp-image-1876 aligncenter\" src=\"https:\/\/www.saopaulo.sp.leg.br\/mulheres\/wp-content\/uploads\/sites\/35\/2021\/05\/noemi.png\" alt=\"\" width=\"200\" height=\"200\" \/><a href=\"http:\/\/www.saopaulo.sp.leg.br\/vereador\/noemi-nonato\/\" target=\"_blank\" rel=\"noopener\"><strong><span class=\"titulo-perfil\">Noemi Nonato<\/span><br \/>\n<\/strong><\/a><\/td>\n<td class=\"color2\"><img loading=\"lazy\" decoding=\"async\" class=\"size-full wp-image-1876 aligncenter\" src=\"https:\/\/www.saopaulo.sp.leg.br\/mulheres\/wp-content\/uploads\/sites\/35\/2021\/05\/rute.png\" alt=\"\" width=\"200\" height=\"200\" \/><a href=\"http:\/\/www.saopaulo.sp.leg.br\/vereador\/rute-costa\/\" target=\"_blank\" rel=\"noopener\"><strong><span class=\"titulo-perfil\">Rute Costa<\/span><br \/>\n<\/strong><\/a><\/td>\n<\/tr>\n<\/tbody>\n<tbody>\n<tr valign=\"top\">\n<td><img loading=\"lazy\" decoding=\"async\" class=\"size-full wp-image-1876 aligncenter\" src=\"https:\/\/www.saopaulo.sp.leg.br\/mulheres\/wp-content\/uploads\/sites\/35\/2021\/05\/samia.png\" alt=\"\" width=\"200\" height=\"200\" \/><a href=\"http:\/\/www.saopaulo.sp.leg.br\/vereador\/edir-sales\/\" target=\"_blank\" rel=\"noopener\"><strong><span class=\"titulo-perfil\">S\u00e2mia Bomfim<\/span><br \/>\n<\/strong><\/a><\/td>\n<td class=\"color2\"><img loading=\"lazy\" decoding=\"async\" class=\"size-full wp-image-1876 aligncenter\" src=\"https:\/\/www.saopaulo.sp.leg.br\/mulheres\/wp-content\/uploads\/sites\/35\/2021\/05\/sandra_tadeu.png\" alt=\"\" width=\"200\" height=\"200\" \/><a href=\"https:\/\/www.saopaulo.sp.leg.br\/vereadores\/\" target=\"_blank\" rel=\"noopener\"><strong><span class=\"titulo-perfil\">Sandra Tadeu<\/span><br \/>\n<\/strong><\/a><\/td>\n<td><\/td>\n<\/tr>\n<\/tbody>\n<\/table>\n","protected":false},"excerpt":{"rendered":"<p>Criada em 5 de setembro de 2017 para\u00a0 investigar a condi\u00e7\u00e3o de vulnerabilidade das mulheres na cidade de S\u00e3o Paulo, a CPI (Comiss\u00e3o Parlamentar de Inqu\u00e9rito) da Condi\u00e7\u00e3o de Vulnerabilidade das Mulheres criou 3 sub-relatorias:\u00a0 Sub-relatoria &#8211; viol\u00eancia contra a mulher: aprofundou dados estat\u00edsticos com foco na subnotifica\u00e7\u00e3o dos casos;\u00a0 Sub-relatoria &#8211; empoderamento econ\u00f4mico: abordou&#8230;  <a class=\"excerpt-read-more\" href=\"https:\/\/www.saopaulo.sp.leg.br\/mulheres\/cpis\/cpi-da-condicao-de-vulnerabilidade-das-mulheres\/\" title=\"Leia CPI da Condi\u00e7\u00e3o de Vulnerabilidade das Mulheres\">Leia Mais &raquo;<\/a><\/p>\n","protected":false},"author":733,"featured_media":0,"parent":1080,"menu_order":0,"comment_status":"closed","ping_status":"closed","template":"","meta":{"_acf_changed":false,"footnotes":""},"class_list":["post-1796","page","type-page","status-publish","hentry"],"acf":[],"yoast_head":"<!-- This site is optimized with the Yoast SEO plugin v27.3 - https:\/\/yoast.com\/product\/yoast-seo-wordpress\/ -->\n<title>CPI da Condi\u00e7\u00e3o de Vulnerabilidade das Mulheres - Mulheres<\/title>\n<meta name=\"robots\" content=\"index, follow, max-snippet:-1, max-image-preview:large, max-video-preview:-1\" \/>\n<link rel=\"canonical\" href=\"https:\/\/www.saopaulo.sp.leg.br\/mulheres\/cpis\/cpi-da-condicao-de-vulnerabilidade-das-mulheres\/\" \/>\n<meta property=\"og:locale\" content=\"pt_BR\" \/>\n<meta property=\"og:type\" content=\"article\" \/>\n<meta property=\"og:title\" content=\"CPI da Condi\u00e7\u00e3o de Vulnerabilidade das Mulheres - Mulheres\" \/>\n<meta property=\"og:description\" content=\"Criada em 5 de setembro de 2017 para\u00a0 investigar a condi\u00e7\u00e3o de vulnerabilidade das mulheres na cidade de S\u00e3o Paulo, a CPI (Comiss\u00e3o Parlamentar de Inqu\u00e9rito) da Condi\u00e7\u00e3o de Vulnerabilidade das Mulheres criou 3 sub-relatorias:\u00a0 Sub-relatoria &#8211; viol\u00eancia contra a mulher: aprofundou dados estat\u00edsticos com foco na subnotifica\u00e7\u00e3o dos casos;\u00a0 Sub-relatoria &#8211; empoderamento econ\u00f4mico: abordou... Leia Mais &raquo;\" \/>\n<meta property=\"og:url\" content=\"https:\/\/www.saopaulo.sp.leg.br\/mulheres\/cpis\/cpi-da-condicao-de-vulnerabilidade-das-mulheres\/\" \/>\n<meta property=\"og:site_name\" content=\"Mulheres\" \/>\n<meta property=\"article:modified_time\" content=\"2021-08-04T17:45:26+00:00\" \/>\n<meta property=\"og:image\" content=\"https:\/\/www.saopaulo.sp.leg.br\/mulheres\/wp-content\/uploads\/sites\/35\/2021\/05\/edir.png\" \/>\n<meta name=\"twitter:card\" content=\"summary_large_image\" \/>\n<meta name=\"twitter:label1\" content=\"Est. tempo de leitura\" \/>\n\t<meta name=\"twitter:data1\" content=\"3 minutos\" \/>\n<script type=\"application\/ld+json\" class=\"yoast-schema-graph\">{\"@context\":\"https:\\\/\\\/schema.org\",\"@graph\":[{\"@type\":\"WebPage\",\"@id\":\"https:\\\/\\\/www.saopaulo.sp.leg.br\\\/mulheres\\\/cpis\\\/cpi-da-condicao-de-vulnerabilidade-das-mulheres\\\/\",\"url\":\"https:\\\/\\\/www.saopaulo.sp.leg.br\\\/mulheres\\\/cpis\\\/cpi-da-condicao-de-vulnerabilidade-das-mulheres\\\/\",\"name\":\"CPI da Condi\u00e7\u00e3o de Vulnerabilidade das Mulheres - Mulheres\",\"isPartOf\":{\"@id\":\"https:\\\/\\\/www.saopaulo.sp.leg.br\\\/mulheres\\\/#website\"},\"primaryImageOfPage\":{\"@id\":\"https:\\\/\\\/www.saopaulo.sp.leg.br\\\/mulheres\\\/cpis\\\/cpi-da-condicao-de-vulnerabilidade-das-mulheres\\\/#primaryimage\"},\"image\":{\"@id\":\"https:\\\/\\\/www.saopaulo.sp.leg.br\\\/mulheres\\\/cpis\\\/cpi-da-condicao-de-vulnerabilidade-das-mulheres\\\/#primaryimage\"},\"thumbnailUrl\":\"https:\\\/\\\/www.saopaulo.sp.leg.br\\\/mulheres\\\/wp-content\\\/uploads\\\/sites\\\/35\\\/2021\\\/05\\\/edir.png\",\"datePublished\":\"2021-05-11T14:03:41+00:00\",\"dateModified\":\"2021-08-04T17:45:26+00:00\",\"breadcrumb\":{\"@id\":\"https:\\\/\\\/www.saopaulo.sp.leg.br\\\/mulheres\\\/cpis\\\/cpi-da-condicao-de-vulnerabilidade-das-mulheres\\\/#breadcrumb\"},\"inLanguage\":\"pt-BR\",\"potentialAction\":[{\"@type\":\"ReadAction\",\"target\":[\"https:\\\/\\\/www.saopaulo.sp.leg.br\\\/mulheres\\\/cpis\\\/cpi-da-condicao-de-vulnerabilidade-das-mulheres\\\/\"]}]},{\"@type\":\"ImageObject\",\"inLanguage\":\"pt-BR\",\"@id\":\"https:\\\/\\\/www.saopaulo.sp.leg.br\\\/mulheres\\\/cpis\\\/cpi-da-condicao-de-vulnerabilidade-das-mulheres\\\/#primaryimage\",\"url\":\"https:\\\/\\\/www.saopaulo.sp.leg.br\\\/mulheres\\\/wp-content\\\/uploads\\\/sites\\\/35\\\/2021\\\/05\\\/edir.png\",\"contentUrl\":\"https:\\\/\\\/www.saopaulo.sp.leg.br\\\/mulheres\\\/wp-content\\\/uploads\\\/sites\\\/35\\\/2021\\\/05\\\/edir.png\",\"width\":200,\"height\":200},{\"@type\":\"BreadcrumbList\",\"@id\":\"https:\\\/\\\/www.saopaulo.sp.leg.br\\\/mulheres\\\/cpis\\\/cpi-da-condicao-de-vulnerabilidade-das-mulheres\\\/#breadcrumb\",\"itemListElement\":[{\"@type\":\"ListItem\",\"position\":1,\"name\":\"In\u00edcio\",\"item\":\"https:\\\/\\\/www.saopaulo.sp.leg.br\\\/mulheres\\\/\"},{\"@type\":\"ListItem\",\"position\":2,\"name\":\"CPIs\",\"item\":\"https:\\\/\\\/www.saopaulo.sp.leg.br\\\/mulheres\\\/cpis\\\/\"},{\"@type\":\"ListItem\",\"position\":3,\"name\":\"CPI da Condi\u00e7\u00e3o de Vulnerabilidade das Mulheres\"}]},{\"@type\":\"WebSite\",\"@id\":\"https:\\\/\\\/www.saopaulo.sp.leg.br\\\/mulheres\\\/#website\",\"url\":\"https:\\\/\\\/www.saopaulo.sp.leg.br\\\/mulheres\\\/\",\"name\":\"Mulheres\",\"description\":\"Mulheres\",\"potentialAction\":[{\"@type\":\"SearchAction\",\"target\":{\"@type\":\"EntryPoint\",\"urlTemplate\":\"https:\\\/\\\/www.saopaulo.sp.leg.br\\\/mulheres\\\/?s={search_term_string}\"},\"query-input\":{\"@type\":\"PropertyValueSpecification\",\"valueRequired\":true,\"valueName\":\"search_term_string\"}}],\"inLanguage\":\"pt-BR\"}]}<\/script>\n<!-- \/ Yoast SEO plugin. -->","yoast_head_json":{"title":"CPI da Condi\u00e7\u00e3o de Vulnerabilidade das Mulheres - Mulheres","robots":{"index":"index","follow":"follow","max-snippet":"max-snippet:-1","max-image-preview":"max-image-preview:large","max-video-preview":"max-video-preview:-1"},"canonical":"https:\/\/www.saopaulo.sp.leg.br\/mulheres\/cpis\/cpi-da-condicao-de-vulnerabilidade-das-mulheres\/","og_locale":"pt_BR","og_type":"article","og_title":"CPI da Condi\u00e7\u00e3o de Vulnerabilidade das Mulheres - Mulheres","og_description":"Criada em 5 de setembro de 2017 para\u00a0 investigar a condi\u00e7\u00e3o de vulnerabilidade das mulheres na cidade de S\u00e3o Paulo, a CPI (Comiss\u00e3o Parlamentar de Inqu\u00e9rito) da Condi\u00e7\u00e3o de Vulnerabilidade das Mulheres criou 3 sub-relatorias:\u00a0 Sub-relatoria &#8211; viol\u00eancia contra a mulher: aprofundou dados estat\u00edsticos com foco na subnotifica\u00e7\u00e3o dos casos;\u00a0 Sub-relatoria &#8211; empoderamento econ\u00f4mico: abordou... Leia Mais &raquo;","og_url":"https:\/\/www.saopaulo.sp.leg.br\/mulheres\/cpis\/cpi-da-condicao-de-vulnerabilidade-das-mulheres\/","og_site_name":"Mulheres","article_modified_time":"2021-08-04T17:45:26+00:00","og_image":[{"url":"https:\/\/www.saopaulo.sp.leg.br\/mulheres\/wp-content\/uploads\/sites\/35\/2021\/05\/edir.png","type":"","width":"","height":""}],"twitter_card":"summary_large_image","twitter_misc":{"Est. tempo de leitura":"3 minutos"},"schema":{"@context":"https:\/\/schema.org","@graph":[{"@type":"WebPage","@id":"https:\/\/www.saopaulo.sp.leg.br\/mulheres\/cpis\/cpi-da-condicao-de-vulnerabilidade-das-mulheres\/","url":"https:\/\/www.saopaulo.sp.leg.br\/mulheres\/cpis\/cpi-da-condicao-de-vulnerabilidade-das-mulheres\/","name":"CPI da Condi\u00e7\u00e3o de Vulnerabilidade das Mulheres - Mulheres","isPartOf":{"@id":"https:\/\/www.saopaulo.sp.leg.br\/mulheres\/#website"},"primaryImageOfPage":{"@id":"https:\/\/www.saopaulo.sp.leg.br\/mulheres\/cpis\/cpi-da-condicao-de-vulnerabilidade-das-mulheres\/#primaryimage"},"image":{"@id":"https:\/\/www.saopaulo.sp.leg.br\/mulheres\/cpis\/cpi-da-condicao-de-vulnerabilidade-das-mulheres\/#primaryimage"},"thumbnailUrl":"https:\/\/www.saopaulo.sp.leg.br\/mulheres\/wp-content\/uploads\/sites\/35\/2021\/05\/edir.png","datePublished":"2021-05-11T14:03:41+00:00","dateModified":"2021-08-04T17:45:26+00:00","breadcrumb":{"@id":"https:\/\/www.saopaulo.sp.leg.br\/mulheres\/cpis\/cpi-da-condicao-de-vulnerabilidade-das-mulheres\/#breadcrumb"},"inLanguage":"pt-BR","potentialAction":[{"@type":"ReadAction","target":["https:\/\/www.saopaulo.sp.leg.br\/mulheres\/cpis\/cpi-da-condicao-de-vulnerabilidade-das-mulheres\/"]}]},{"@type":"ImageObject","inLanguage":"pt-BR","@id":"https:\/\/www.saopaulo.sp.leg.br\/mulheres\/cpis\/cpi-da-condicao-de-vulnerabilidade-das-mulheres\/#primaryimage","url":"https:\/\/www.saopaulo.sp.leg.br\/mulheres\/wp-content\/uploads\/sites\/35\/2021\/05\/edir.png","contentUrl":"https:\/\/www.saopaulo.sp.leg.br\/mulheres\/wp-content\/uploads\/sites\/35\/2021\/05\/edir.png","width":200,"height":200},{"@type":"BreadcrumbList","@id":"https:\/\/www.saopaulo.sp.leg.br\/mulheres\/cpis\/cpi-da-condicao-de-vulnerabilidade-das-mulheres\/#breadcrumb","itemListElement":[{"@type":"ListItem","position":1,"name":"In\u00edcio","item":"https:\/\/www.saopaulo.sp.leg.br\/mulheres\/"},{"@type":"ListItem","position":2,"name":"CPIs","item":"https:\/\/www.saopaulo.sp.leg.br\/mulheres\/cpis\/"},{"@type":"ListItem","position":3,"name":"CPI da Condi\u00e7\u00e3o de Vulnerabilidade das Mulheres"}]},{"@type":"WebSite","@id":"https:\/\/www.saopaulo.sp.leg.br\/mulheres\/#website","url":"https:\/\/www.saopaulo.sp.leg.br\/mulheres\/","name":"Mulheres","description":"Mulheres","potentialAction":[{"@type":"SearchAction","target":{"@type":"EntryPoint","urlTemplate":"https:\/\/www.saopaulo.sp.leg.br\/mulheres\/?s={search_term_string}"},"query-input":{"@type":"PropertyValueSpecification","valueRequired":true,"valueName":"search_term_string"}}],"inLanguage":"pt-BR"}]}},"_links":{"self":[{"href":"https:\/\/www.saopaulo.sp.leg.br\/mulheres\/wp-json\/wp\/v2\/pages\/1796","targetHints":{"allow":["GET"]}}],"collection":[{"href":"https:\/\/www.saopaulo.sp.leg.br\/mulheres\/wp-json\/wp\/v2\/pages"}],"about":[{"href":"https:\/\/www.saopaulo.sp.leg.br\/mulheres\/wp-json\/wp\/v2\/types\/page"}],"author":[{"embeddable":true,"href":"https:\/\/www.saopaulo.sp.leg.br\/mulheres\/wp-json\/wp\/v2\/users\/733"}],"replies":[{"embeddable":true,"href":"https:\/\/www.saopaulo.sp.leg.br\/mulheres\/wp-json\/wp\/v2\/comments?post=1796"}],"version-history":[{"count":0,"href":"https:\/\/www.saopaulo.sp.leg.br\/mulheres\/wp-json\/wp\/v2\/pages\/1796\/revisions"}],"up":[{"embeddable":true,"href":"https:\/\/www.saopaulo.sp.leg.br\/mulheres\/wp-json\/wp\/v2\/pages\/1080"}],"wp:attachment":[{"href":"https:\/\/www.saopaulo.sp.leg.br\/mulheres\/wp-json\/wp\/v2\/media?parent=1796"}],"curies":[{"name":"wp","href":"https:\/\/api.w.org\/{rel}","templated":true}]}}