{"id":1669,"date":"2021-05-06T10:43:52","date_gmt":"2021-05-06T13:43:52","guid":{"rendered":"https:\/\/www.saopaulo.sp.leg.br\/mulheres\/?page_id=1669"},"modified":"2025-05-06T16:58:37","modified_gmt":"2025-05-06T19:58:37","slug":"vereadoras","status":"publish","type":"page","link":"https:\/\/www.saopaulo.sp.leg.br\/mulheres\/vereadoras\/","title":{"rendered":"Vereadoras"},"content":{"rendered":"<p style=\"text-align: center;margin-bottom: 50px\"><strong>Conhe\u00e7a as vereadoras da C\u00e2mara Municipal de S\u00e3o Paulo:<\/strong><\/p>\n<table class=\"perfil\" width=\"100%\" align=\"center\">\n<tbody>\n<tr valign=\"top\">\n<td class=\"color2\">\n<div id=\"attachment_40752\" style=\"width: 210px\" class=\"wp-caption alignnone\"><img loading=\"lazy\" decoding=\"async\" aria-describedby=\"caption-attachment-40752\" class=\"size-full wp-image-1876\" src=\"https:\/\/www.saopaulo.sp.leg.br\/wp-content\/uploads\/2024\/11\/amanda_paschoal_2025.jpg\" alt=\"\" width=\"200\" height=\"200\" \/><p id=\"caption-attachment-40752\" class=\"wp-caption-text\">PSOL<\/p><\/div>\n<p><a href=\"https:\/\/www.saopaulo.sp.leg.br\/vereador\/amanda-paschoal\/\" target=\"_blank\" rel=\"noopener\"><strong><span class=\"titulo-perfil\">Amanda Paschoal<\/span><br \/>\n<\/strong><\/a><\/td>\n<td>\n<div id=\"attachment_40752\" style=\"width: 210px\" class=\"wp-caption alignnone\"><img loading=\"lazy\" decoding=\"async\" aria-describedby=\"caption-attachment-40752\" class=\"size-full wp-image-1876\" src=\"https:\/\/www.saopaulo.sp.leg.br\/wp-content\/uploads\/2024\/11\/amanda_vetorazzo_2025-1.jpg\" alt=\"\" width=\"200\" height=\"200\" \/><p id=\"caption-attachment-40752\" class=\"wp-caption-text\">UNI\u00c3O<\/p><\/div>\n<p><a href=\"https:\/\/www.saopaulo.sp.leg.br\/vereador\/amanda-vettorazzo\/\" target=\"_blank\" rel=\"noopener\"><strong><span class=\"titulo-perfil\">Amanda Vettorazzo <\/span><br \/>\n<\/strong><\/a><\/td>\n<td class=\"color2\">\n<div id=\"attachment_40761\" style=\"width: 210px\" class=\"wp-caption alignnone\"><img loading=\"lazy\" decoding=\"async\" aria-describedby=\"caption-attachment-40761\" class=\"size-full wp-image-1876\" src=\"https:\/\/www.saopaulo.sp.leg.br\/wp-content\/uploads\/2024\/11\/ana_carolina_2025-1.jpg\" alt=\"\" width=\"200\" height=\"200\" \/><p id=\"caption-attachment-40761\" class=\"wp-caption-text\">PODE<\/p><\/div>\n<p><a href=\"https:\/\/www.saopaulo.sp.leg.br\/vereador\/ana-carolina-oliveira\/\" target=\"_blank\" rel=\"noopener\"><strong><span class=\"titulo-perfil\">Ana Carolina Oliveira <\/span><br \/>\n<\/strong><\/a><\/td>\n<td>\n<div id=\"attachment_40752\" style=\"width: 210px\" class=\"wp-caption alignnone\"><img loading=\"lazy\" decoding=\"async\" aria-describedby=\"caption-attachment-40752\" class=\"size-full wp-image-1876\" src=\"https:\/\/www.saopaulo.sp.leg.br\/wp-content\/uploads\/2025\/02\/cris_monteiro_2025.jpg\" alt=\"\" width=\"200\" height=\"200\" \/><p id=\"caption-attachment-40752\" class=\"wp-caption-text\">NOVO<\/p><\/div>\n<p><a href=\"http:\/\/www.saopaulo.sp.leg.br\/vereador\/cris-monteiro\/\" target=\"_blank\" rel=\"noopener\"><strong><span class=\"titulo-perfil\">Cris Monteiro<\/span><br \/>\n<\/strong><\/a><\/td>\n<\/tr>\n<\/tbody>\n<tbody>\n<tr valign=\"top\">\n<td>\n<div id=\"attachment_40761\" style=\"width: 210px\" class=\"wp-caption alignnone\"><img loading=\"lazy\" decoding=\"async\" aria-describedby=\"caption-attachment-40761\" class=\"size-full wp-image-1876\" src=\"https:\/\/www.saopaulo.sp.leg.br\/wp-content\/uploads\/2014\/10\/dra_sandra_2025.jpg\" alt=\"\" width=\"200\" height=\"200\" \/><p id=\"caption-attachment-40761\" class=\"wp-caption-text\">PL<\/p><\/div>\n<p><a href=\"https:\/\/www.saopaulo.sp.leg.br\/vereador\/sandra-tadeu\" target=\"_blank\" rel=\"noopener\"><strong><span class=\"titulo-perfil\">Dra. Sandra Tadeu<\/span><br \/>\n<\/strong><\/a><\/td>\n<td class=\"color2\">\n<div id=\"attachment_40749\" style=\"width: 210px\" class=\"wp-caption alignnone\"><img loading=\"lazy\" decoding=\"async\" aria-describedby=\"caption-attachment-40749\" class=\"size-full wp-image-1876\" src=\"https:\/\/www.saopaulo.sp.leg.br\/wp-content\/uploads\/2025\/02\/edir_salles_2025.jpg\" alt=\"\" width=\"200\" height=\"200\" \/><p id=\"caption-attachment-40749\" class=\"wp-caption-text\">PSD<\/p><\/div>\n<p><a href=\"http:\/\/www.saopaulo.sp.leg.br\/vereador\/edir-sales\/\" target=\"_blank\" rel=\"noopener\"><strong><span class=\"titulo-perfil\">Edir Sales<\/span><br \/>\n<\/strong><\/a><\/td>\n<td>\n<div id=\"attachment_40752\" style=\"width: 210px\" class=\"wp-caption alignnone\"><img loading=\"lazy\" decoding=\"async\" aria-describedby=\"caption-attachment-40752\" class=\"size-full wp-image-1876\" src=\"https:\/\/www.saopaulo.sp.leg.br\/wp-content\/uploads\/2021\/01\/teruel_2024.jpg\" alt=\"\" width=\"200\" height=\"200\" \/><p id=\"caption-attachment-40752\" class=\"wp-caption-text\">MDB<\/p><\/div>\n<p><a href=\"http:\/\/www.saopaulo.sp.leg.br\/vereador\/ely-teruel\/\" target=\"_blank\" rel=\"noopener\"><strong><span class=\"titulo-perfil\">Ely Teruel<\/span><br \/>\n<\/strong><\/a><\/td>\n<td class=\"color2\">\n<div id=\"attachment_40749\" style=\"width: 210px\" class=\"wp-caption alignnone\"><img loading=\"lazy\" decoding=\"async\" aria-describedby=\"caption-attachment-40749\" class=\"size-full wp-image-1876\" src=\"https:\/\/www.saopaulo.sp.leg.br\/wp-content\/uploads\/2025\/02\/janaina_paschoal_2025.jpg\" alt=\"\" width=\"200\" height=\"200\" \/><p id=\"caption-attachment-40749\" class=\"wp-caption-text\">PP<\/p><\/div>\n<p><a href=\"https:\/\/www.saopaulo.sp.leg.br\/vereador\/janaina-paschoal\/\" target=\"_blank\" rel=\"noopener\"><strong><span class=\"titulo-perfil\">Janaina Paschoal<\/span><br \/>\n<\/strong><\/a><\/td>\n<\/tr>\n<\/tbody>\n<tbody>\n<tr valign=\"top\">\n<td class=\"color2\">\n<div id=\"attachment_40752\" style=\"width: 210px\" class=\"wp-caption alignnone\"><img loading=\"lazy\" decoding=\"async\" aria-describedby=\"caption-attachment-40752\" class=\"size-full wp-image-1876\" src=\"https:\/\/www.saopaulo.sp.leg.br\/wp-content\/uploads\/2024\/11\/keit_lima.jpg\" alt=\"\" width=\"200\" height=\"200\" \/><p id=\"caption-attachment-40752\" class=\"wp-caption-text\">PSOL<\/p><\/div>\n<p><a href=\"https:\/\/www.saopaulo.sp.leg.br\/vereador\/keit-lima\/\" target=\"_blank\" rel=\"noopener\"><strong><span class=\"titulo-perfil\">Keit Lima<\/span><br \/>\n<\/strong><\/a><\/td>\n<td>\n<div id=\"attachment_40749\" style=\"width: 210px\" class=\"wp-caption alignnone\"><img loading=\"lazy\" decoding=\"async\" aria-describedby=\"caption-attachment-40749\" class=\"size-full wp-image-1876\" src=\"https:\/\/www.saopaulo.sp.leg.br\/wp-content\/uploads\/2025\/02\/luana_2025.jpg\" alt=\"\" width=\"200\" height=\"200\" \/><p id=\"caption-attachment-40749\" class=\"wp-caption-text\">PSOL<\/p><\/div>\n<p><a href=\"http:\/\/www.saopaulo.sp.leg.br\/vereador\/luana-alves\/\" target=\"_blank\" rel=\"noopener\"><strong><span class=\"titulo-perfil\">Luana Alves<\/span><br \/>\n<\/strong><\/a><\/td>\n<td class=\"color2\">\n<div id=\"attachment_40752\" style=\"width: 210px\" class=\"wp-caption alignnone\"><img loading=\"lazy\" decoding=\"async\" aria-describedby=\"caption-attachment-40752\" class=\"size-full wp-image-1876\" src=\"https:\/\/www.saopaulo.sp.leg.br\/wp-content\/uploads\/2025\/02\/luna_2025.jpg\" alt=\"\" width=\"200\" height=\"200\" \/><p id=\"caption-attachment-40752\" class=\"wp-caption-text\">PT<\/p><\/div>\n<p><a href=\"http:\/\/www.saopaulo.sp.leg.br\/vereador\/luna-zarattini\/\" target=\"_blank\" rel=\"noopener\"><strong><span class=\"titulo-perfil\">Luna Zarattini<\/span><br \/>\n<\/strong><\/a><\/td>\n<td>\n<div id=\"attachment_40761\" style=\"width: 210px\" class=\"wp-caption alignnone\"><img loading=\"lazy\" decoding=\"async\" aria-describedby=\"caption-attachment-40761\" class=\"size-full wp-image-1876\" src=\"https:\/\/www.saopaulo.sp.leg.br\/wp-content\/uploads\/2025\/02\/marina_2025.jpg\" alt=\"\" width=\"200\" height=\"200\" \/><p id=\"caption-attachment-40761\" class=\"wp-caption-text\">REDE<\/p><\/div>\n<p><a href=\"https:\/\/www.saopaulo.sp.leg.br\/vereador\/marina-bragante\/\" target=\"_blank\" rel=\"noopener\"><strong><span class=\"titulo-perfil\">Marina Bragante<\/span><br \/>\n<\/strong><\/a><\/td>\n<\/tr>\n<\/tbody>\n<tbody>\n<tr valign=\"top\">\n<td>\n<div id=\"attachment_2689\" style=\"width: 209px\" class=\"wp-caption alignnone\"><img loading=\"lazy\" decoding=\"async\" aria-describedby=\"caption-attachment-2689\" class=\"wp-image-2689 \" src=\"http:\/\/www.saopaulo.sp.leg.br\/mulheres\/wp-content\/uploads\/sites\/35\/2025\/05\/pastora-sandra-alves-2025.jpg\" alt=\"\" width=\"199\" height=\"199\" srcset=\"https:\/\/www.saopaulo.sp.leg.br\/mulheres\/wp-content\/uploads\/sites\/35\/2025\/05\/pastora-sandra-alves-2025.jpg 260w, https:\/\/www.saopaulo.sp.leg.br\/mulheres\/wp-content\/uploads\/sites\/35\/2025\/05\/pastora-sandra-alves-2025-150x150.jpg 150w, https:\/\/www.saopaulo.sp.leg.br\/mulheres\/wp-content\/uploads\/sites\/35\/2025\/05\/pastora-sandra-alves-2025-125x125.jpg 125w\" sizes=\"auto, (max-width: 199px) 100vw, 199px\" \/><p id=\"caption-attachment-2689\" class=\"wp-caption-text\">UNI\u00c3O<\/p><\/div>\n<p><a href=\"https:\/\/www.saopaulo.sp.leg.br\/vereador\/pastora-sandra-alves\/\" target=\"_blank\" rel=\"noopener\"><strong><span class=\"titulo-perfil\">Pastora Sandra Alves<\/span><br \/>\n<\/strong><\/a><\/td>\n<td class=\"color2\">\n<div id=\"attachment_40752\" style=\"width: 210px\" class=\"wp-caption alignnone\"><img loading=\"lazy\" decoding=\"async\" aria-describedby=\"caption-attachment-40752\" class=\"size-full wp-image-1876\" src=\"https:\/\/www.saopaulo.sp.leg.br\/wp-content\/uploads\/2025\/02\/renata_2025.jpg\" alt=\"\" width=\"200\" height=\"200\" \/><p id=\"caption-attachment-40752\" class=\"wp-caption-text\">PSB<\/p><\/div>\n<p><a href=\"https:\/\/www.saopaulo.sp.leg.br\/vereador\/renata-falzoni\/\" target=\"_blank\" rel=\"noopener\"><strong><span class=\"titulo-perfil\">Renata Falzoni<\/span><br \/>\n<\/strong><\/a><\/td>\n<td>\n<div id=\"attachment_40752\" style=\"width: 210px\" class=\"wp-caption alignnone\"><img loading=\"lazy\" decoding=\"async\" aria-describedby=\"caption-attachment-40752\" class=\"size-full wp-image-1876\" src=\"https:\/\/www.saopaulo.sp.leg.br\/wp-content\/uploads\/2017\/01\/rute-costa.jpg\" alt=\"\" width=\"200\" height=\"200\" \/><p id=\"caption-attachment-40752\" class=\"wp-caption-text\">PL<\/p><\/div>\n<p><a href=\"http:\/\/www.saopaulo.sp.leg.br\/vereador\/rute-costa\/\" target=\"_blank\" rel=\"noopener\"><strong><span class=\"titulo-perfil\">Rute Costa<\/span><br \/>\n<\/strong><\/a><\/td>\n<td class=\"color2\">\n<div id=\"attachment_40752\" style=\"width: 210px\" class=\"wp-caption alignnone\"><img loading=\"lazy\" decoding=\"async\" aria-describedby=\"caption-attachment-40752\" class=\"size-full wp-image-1876\" src=\"https:\/\/www.saopaulo.sp.leg.br\/wp-content\/uploads\/2025\/02\/sandra_santana_2025.jpg\" alt=\"\" width=\"200\" height=\"200\" \/><p id=\"caption-attachment-40752\" class=\"wp-caption-text\">MDB<\/p><\/div>\n<p><a href=\"https:\/\/www.saopaulo.sp.leg.br\/vereador\/sandra-santana\/\" target=\"_blank\" rel=\"noopener\"><strong><span class=\"titulo-perfil\">Sandra Santana<\/span><br \/>\n<\/strong><\/a><\/td>\n<\/tr>\n<tr valign=\"top\">\n<td class=\"color2\">\n<div id=\"attachment_40752\" style=\"width: 210px\" class=\"wp-caption alignnone\"><img loading=\"lazy\" decoding=\"async\" aria-describedby=\"caption-attachment-40752\" class=\"size-full wp-image-1876\" src=\"https:\/\/www.saopaulo.sp.leg.br\/wp-content\/uploads\/2020\/12\/silvia_2025.jpg\" alt=\"\" width=\"200\" height=\"200\" \/><p id=\"caption-attachment-40752\" class=\"wp-caption-text\">PSOL<\/p><\/div>\n<p><a href=\"https:\/\/www.saopaulo.sp.leg.br\/vereador\/silvia-da-bancada-feminista\/\" target=\"_blank\" rel=\"noopener\"><strong><span class=\"titulo-perfil\">Silvia da Bancada Feminista<\/span><br \/>\n<\/strong><\/a><\/td>\n<td>\n<div id=\"attachment_40752\" style=\"width: 210px\" class=\"wp-caption alignnone\"><img loading=\"lazy\" decoding=\"async\" aria-describedby=\"caption-attachment-40752\" class=\"size-full wp-image-1876\" src=\"https:\/\/www.saopaulo.sp.leg.br\/wp-content\/uploads\/2025\/02\/simone_2025.jpg\" alt=\"\" width=\"200\" height=\"200\" \/><p id=\"caption-attachment-40752\" class=\"wp-caption-text\">PODE<\/p><\/div>\n<p><a href=\"https:\/\/www.saopaulo.sp.leg.br\/vereador\/simone-ganem\/\" target=\"_blank\" rel=\"noopener\"><strong><span class=\"titulo-perfil\">Simone Ganem<\/span><br \/>\n<\/strong><\/a><\/td>\n<td class=\"color2\">\n<div id=\"attachment_40752\" style=\"width: 210px\" class=\"wp-caption alignnone\"><img loading=\"lazy\" decoding=\"async\" aria-describedby=\"caption-attachment-40752\" class=\"size-full wp-image-1876\" src=\"https:\/\/www.saopaulo.sp.leg.br\/wp-content\/uploads\/2021\/01\/sonaira2025.jpg\" alt=\"\" width=\"200\" height=\"200\" \/><p id=\"caption-attachment-40752\" class=\"wp-caption-text\">PL<\/p><\/div>\n<p><a href=\"https:\/\/www.saopaulo.sp.leg.br\/vereador\/sonaira-fernandes\/\" target=\"_blank\" rel=\"noopener\"><strong><span class=\"titulo-perfil\">Sonaira Fernandes<\/span><br \/>\n<\/strong><\/a><\/td>\n<td>\n<div id=\"attachment_40752\" style=\"width: 210px\" class=\"wp-caption alignnone\"><img loading=\"lazy\" decoding=\"async\" aria-describedby=\"caption-attachment-40752\" class=\"size-full wp-image-1876\" src=\"https:\/\/www.saopaulo.sp.leg.br\/wp-content\/uploads\/2025\/02\/zoe_2025.jpg\" alt=\"\" width=\"200\" height=\"200\" \/><p id=\"caption-attachment-40752\" class=\"wp-caption-text\">PL<\/p><\/div>\n<p><a href=\"https:\/\/www.saopaulo.sp.leg.br\/vereador\/zoe-martinez\/\" target=\"_blank\" rel=\"noopener\"><strong><span class=\"titulo-perfil\">Zoe Mart\u00ednez<\/span><br \/>\n<\/strong><\/a><\/td>\n<\/tr>\n<\/tbody>\n<\/table>\n<p><strong>Acompanhe:<\/strong><\/p>\n<table class=\"topo\" style=\"margin: 40px 0 0\" width=\"100%\">\n<tbody>\n<tr>\n<td>\n<h2><span class=\"titulo\"><strong>LINHA DO TEMPO<\/strong><\/span><\/h2>\n<\/td>\n<\/tr>\n<\/tbody>\n<\/table>\n\n<!-- iframe plugin v.6.0 wordpress.org\/plugins\/iframe\/ -->\n<iframe loading=\"lazy\" src=\"https:\/\/cdn.knightlab.com\/libs\/timeline3\/latest\/embed\/index.html?source=v2:2PACX-1vRz31rCtMbwSQz_BbRzdex_C-MwqGGCbJVNgcrHnmNzQeX0s6TDscjFtwZ_bYQFpU-w5rhbngSvI2nk&#038;font=Default&#038;lang=pt-br&#038;initial_zoom=2&#038;height=650\" width=\"100%\" height=\"650\" 0=\"webkitallowfullscreen\" 1=\"mozallowfullscreen\" 2=\"allowfullscreen\" frameborder=\"0\" scrolling=\"yes\" class=\"iframe-class\"><\/iframe>\n\n","protected":false},"excerpt":{"rendered":"<p>Conhe\u00e7a as vereadoras da C\u00e2mara Municipal de S\u00e3o Paulo: Amanda Paschoal Amanda Vettorazzo Ana Carolina Oliveira Cris Monteiro Dra. Sandra Tadeu Edir Sales Ely Teruel Janaina Paschoal Keit Lima Luana Alves Luna Zarattini Marina Bragante Pastora Sandra Alves Renata Falzoni Rute Costa Sandra Santana Silvia da Bancada Feminista Simone Ganem Sonaira Fernandes Zoe Mart\u00ednez Acompanhe:&#8230;  <a class=\"excerpt-read-more\" href=\"https:\/\/www.saopaulo.sp.leg.br\/mulheres\/vereadoras\/\" title=\"Leia Vereadoras\">Leia Mais &raquo;<\/a><\/p>\n","protected":false},"author":733,"featured_media":0,"parent":0,"menu_order":0,"comment_status":"closed","ping_status":"closed","template":"","meta":{"_acf_changed":false,"footnotes":""},"class_list":["post-1669","page","type-page","status-publish","hentry"],"acf":[],"yoast_head":"<!-- This site is optimized with the Yoast SEO plugin v27.5 - https:\/\/yoast.com\/product\/yoast-seo-wordpress\/ -->\n<title>Vereadoras - Mulheres<\/title>\n<meta name=\"robots\" content=\"index, follow, max-snippet:-1, max-image-preview:large, max-video-preview:-1\" \/>\n<link rel=\"canonical\" href=\"https:\/\/www.saopaulo.sp.leg.br\/mulheres\/vereadoras\/\" \/>\n<meta property=\"og:locale\" content=\"pt_BR\" \/>\n<meta property=\"og:type\" content=\"article\" \/>\n<meta property=\"og:title\" content=\"Vereadoras - Mulheres\" \/>\n<meta property=\"og:description\" content=\"Conhe\u00e7a as vereadoras da C\u00e2mara Municipal de S\u00e3o Paulo: Amanda Paschoal Amanda Vettorazzo Ana Carolina Oliveira Cris Monteiro Dra. Sandra Tadeu Edir Sales Ely Teruel Janaina Paschoal Keit Lima Luana Alves Luna Zarattini Marina Bragante Pastora Sandra Alves Renata Falzoni Rute Costa Sandra Santana Silvia da Bancada Feminista Simone Ganem Sonaira Fernandes Zoe Mart\u00ednez Acompanhe:... Leia Mais &raquo;\" \/>\n<meta property=\"og:url\" content=\"https:\/\/www.saopaulo.sp.leg.br\/mulheres\/vereadoras\/\" \/>\n<meta property=\"og:site_name\" content=\"Mulheres\" \/>\n<meta property=\"article:modified_time\" content=\"2025-05-06T19:58:37+00:00\" \/>\n<meta property=\"og:image\" content=\"https:\/\/www.saopaulo.sp.leg.br\/mulheres\/wp-content\/uploads\/sites\/35\/2021\/05\/material.png\" \/>\n\t<meta property=\"og:image:width\" content=\"300\" \/>\n\t<meta property=\"og:image:height\" content=\"300\" \/>\n\t<meta property=\"og:image:type\" content=\"image\/png\" \/>\n<meta name=\"twitter:card\" content=\"summary_large_image\" \/>\n<meta name=\"twitter:label1\" content=\"Est. tempo de leitura\" \/>\n\t<meta name=\"twitter:data1\" content=\"5 minutos\" \/>\n<script type=\"application\/ld+json\" class=\"yoast-schema-graph\">{\"@context\":\"https:\\\/\\\/schema.org\",\"@graph\":[{\"@type\":\"WebPage\",\"@id\":\"https:\\\/\\\/www.saopaulo.sp.leg.br\\\/mulheres\\\/vereadoras\\\/\",\"url\":\"https:\\\/\\\/www.saopaulo.sp.leg.br\\\/mulheres\\\/vereadoras\\\/\",\"name\":\"Vereadoras - Mulheres\",\"isPartOf\":{\"@id\":\"https:\\\/\\\/www.saopaulo.sp.leg.br\\\/mulheres\\\/#website\"},\"primaryImageOfPage\":{\"@id\":\"https:\\\/\\\/www.saopaulo.sp.leg.br\\\/mulheres\\\/vereadoras\\\/#primaryimage\"},\"image\":{\"@id\":\"https:\\\/\\\/www.saopaulo.sp.leg.br\\\/mulheres\\\/vereadoras\\\/#primaryimage\"},\"thumbnailUrl\":\"https:\\\/\\\/www.saopaulo.sp.leg.br\\\/wp-content\\\/uploads\\\/2024\\\/11\\\/amanda_paschoal_2025.jpg\",\"datePublished\":\"2021-05-06T13:43:52+00:00\",\"dateModified\":\"2025-05-06T19:58:37+00:00\",\"breadcrumb\":{\"@id\":\"https:\\\/\\\/www.saopaulo.sp.leg.br\\\/mulheres\\\/vereadoras\\\/#breadcrumb\"},\"inLanguage\":\"pt-BR\",\"potentialAction\":[{\"@type\":\"ReadAction\",\"target\":[\"https:\\\/\\\/www.saopaulo.sp.leg.br\\\/mulheres\\\/vereadoras\\\/\"]}]},{\"@type\":\"ImageObject\",\"inLanguage\":\"pt-BR\",\"@id\":\"https:\\\/\\\/www.saopaulo.sp.leg.br\\\/mulheres\\\/vereadoras\\\/#primaryimage\",\"url\":\"https:\\\/\\\/www.saopaulo.sp.leg.br\\\/wp-content\\\/uploads\\\/2024\\\/11\\\/amanda_paschoal_2025.jpg\",\"contentUrl\":\"https:\\\/\\\/www.saopaulo.sp.leg.br\\\/wp-content\\\/uploads\\\/2024\\\/11\\\/amanda_paschoal_2025.jpg\"},{\"@type\":\"BreadcrumbList\",\"@id\":\"https:\\\/\\\/www.saopaulo.sp.leg.br\\\/mulheres\\\/vereadoras\\\/#breadcrumb\",\"itemListElement\":[{\"@type\":\"ListItem\",\"position\":1,\"name\":\"In\u00edcio\",\"item\":\"https:\\\/\\\/www.saopaulo.sp.leg.br\\\/mulheres\\\/\"},{\"@type\":\"ListItem\",\"position\":2,\"name\":\"Vereadoras\"}]},{\"@type\":\"WebSite\",\"@id\":\"https:\\\/\\\/www.saopaulo.sp.leg.br\\\/mulheres\\\/#website\",\"url\":\"https:\\\/\\\/www.saopaulo.sp.leg.br\\\/mulheres\\\/\",\"name\":\"Mulheres\",\"description\":\"Mulheres\",\"potentialAction\":[{\"@type\":\"SearchAction\",\"target\":{\"@type\":\"EntryPoint\",\"urlTemplate\":\"https:\\\/\\\/www.saopaulo.sp.leg.br\\\/mulheres\\\/?s={search_term_string}\"},\"query-input\":{\"@type\":\"PropertyValueSpecification\",\"valueRequired\":true,\"valueName\":\"search_term_string\"}}],\"inLanguage\":\"pt-BR\"}]}<\/script>\n<!-- \/ Yoast SEO plugin. -->","yoast_head_json":{"title":"Vereadoras - Mulheres","robots":{"index":"index","follow":"follow","max-snippet":"max-snippet:-1","max-image-preview":"max-image-preview:large","max-video-preview":"max-video-preview:-1"},"canonical":"https:\/\/www.saopaulo.sp.leg.br\/mulheres\/vereadoras\/","og_locale":"pt_BR","og_type":"article","og_title":"Vereadoras - Mulheres","og_description":"Conhe\u00e7a as vereadoras da C\u00e2mara Municipal de S\u00e3o Paulo: Amanda Paschoal Amanda Vettorazzo Ana Carolina Oliveira Cris Monteiro Dra. Sandra Tadeu Edir Sales Ely Teruel Janaina Paschoal Keit Lima Luana Alves Luna Zarattini Marina Bragante Pastora Sandra Alves Renata Falzoni Rute Costa Sandra Santana Silvia da Bancada Feminista Simone Ganem Sonaira Fernandes Zoe Mart\u00ednez Acompanhe:... Leia Mais &raquo;","og_url":"https:\/\/www.saopaulo.sp.leg.br\/mulheres\/vereadoras\/","og_site_name":"Mulheres","article_modified_time":"2025-05-06T19:58:37+00:00","og_image":[{"width":300,"height":300,"url":"https:\/\/www.saopaulo.sp.leg.br\/mulheres\/wp-content\/uploads\/sites\/35\/2021\/05\/material.png","type":"image\/png"}],"twitter_card":"summary_large_image","twitter_misc":{"Est. tempo de leitura":"5 minutos"},"schema":{"@context":"https:\/\/schema.org","@graph":[{"@type":"WebPage","@id":"https:\/\/www.saopaulo.sp.leg.br\/mulheres\/vereadoras\/","url":"https:\/\/www.saopaulo.sp.leg.br\/mulheres\/vereadoras\/","name":"Vereadoras - Mulheres","isPartOf":{"@id":"https:\/\/www.saopaulo.sp.leg.br\/mulheres\/#website"},"primaryImageOfPage":{"@id":"https:\/\/www.saopaulo.sp.leg.br\/mulheres\/vereadoras\/#primaryimage"},"image":{"@id":"https:\/\/www.saopaulo.sp.leg.br\/mulheres\/vereadoras\/#primaryimage"},"thumbnailUrl":"https:\/\/www.saopaulo.sp.leg.br\/wp-content\/uploads\/2024\/11\/amanda_paschoal_2025.jpg","datePublished":"2021-05-06T13:43:52+00:00","dateModified":"2025-05-06T19:58:37+00:00","breadcrumb":{"@id":"https:\/\/www.saopaulo.sp.leg.br\/mulheres\/vereadoras\/#breadcrumb"},"inLanguage":"pt-BR","potentialAction":[{"@type":"ReadAction","target":["https:\/\/www.saopaulo.sp.leg.br\/mulheres\/vereadoras\/"]}]},{"@type":"ImageObject","inLanguage":"pt-BR","@id":"https:\/\/www.saopaulo.sp.leg.br\/mulheres\/vereadoras\/#primaryimage","url":"https:\/\/www.saopaulo.sp.leg.br\/wp-content\/uploads\/2024\/11\/amanda_paschoal_2025.jpg","contentUrl":"https:\/\/www.saopaulo.sp.leg.br\/wp-content\/uploads\/2024\/11\/amanda_paschoal_2025.jpg"},{"@type":"BreadcrumbList","@id":"https:\/\/www.saopaulo.sp.leg.br\/mulheres\/vereadoras\/#breadcrumb","itemListElement":[{"@type":"ListItem","position":1,"name":"In\u00edcio","item":"https:\/\/www.saopaulo.sp.leg.br\/mulheres\/"},{"@type":"ListItem","position":2,"name":"Vereadoras"}]},{"@type":"WebSite","@id":"https:\/\/www.saopaulo.sp.leg.br\/mulheres\/#website","url":"https:\/\/www.saopaulo.sp.leg.br\/mulheres\/","name":"Mulheres","description":"Mulheres","potentialAction":[{"@type":"SearchAction","target":{"@type":"EntryPoint","urlTemplate":"https:\/\/www.saopaulo.sp.leg.br\/mulheres\/?s={search_term_string}"},"query-input":{"@type":"PropertyValueSpecification","valueRequired":true,"valueName":"search_term_string"}}],"inLanguage":"pt-BR"}]}},"_links":{"self":[{"href":"https:\/\/www.saopaulo.sp.leg.br\/mulheres\/wp-json\/wp\/v2\/pages\/1669","targetHints":{"allow":["GET"]}}],"collection":[{"href":"https:\/\/www.saopaulo.sp.leg.br\/mulheres\/wp-json\/wp\/v2\/pages"}],"about":[{"href":"https:\/\/www.saopaulo.sp.leg.br\/mulheres\/wp-json\/wp\/v2\/types\/page"}],"author":[{"embeddable":true,"href":"https:\/\/www.saopaulo.sp.leg.br\/mulheres\/wp-json\/wp\/v2\/users\/733"}],"replies":[{"embeddable":true,"href":"https:\/\/www.saopaulo.sp.leg.br\/mulheres\/wp-json\/wp\/v2\/comments?post=1669"}],"version-history":[{"count":1,"href":"https:\/\/www.saopaulo.sp.leg.br\/mulheres\/wp-json\/wp\/v2\/pages\/1669\/revisions"}],"predecessor-version":[{"id":2758,"href":"https:\/\/www.saopaulo.sp.leg.br\/mulheres\/wp-json\/wp\/v2\/pages\/1669\/revisions\/2758"}],"wp:attachment":[{"href":"https:\/\/www.saopaulo.sp.leg.br\/mulheres\/wp-json\/wp\/v2\/media?parent=1669"}],"curies":[{"name":"wp","href":"https:\/\/api.w.org\/{rel}","templated":true}]}}