{"id":1279,"date":"2020-07-22T16:44:54","date_gmt":"2020-07-22T19:44:54","guid":{"rendered":"http:\/\/www.saopaulo.sp.leg.br\/mulheres\/?page_id=1279"},"modified":"2023-03-07T13:21:45","modified_gmt":"2023-03-07T16:21:45","slug":"lei-do-feminicidio","status":"publish","type":"page","link":"https:\/\/www.saopaulo.sp.leg.br\/mulheres\/legislacao\/lei-do-feminicidio\/","title":{"rendered":"Lei do Feminic\u00eddio"},"content":{"rendered":"<h3 class=\"titDuvidas\">O que \u00e9 feminic\u00eddio?<\/h3>\n<p>Feminic\u00eddio \u00e9 a palavra usada para definir o homic\u00eddio de mulheres cometido em raz\u00e3o do g\u00eanero, ou seja, quando a v\u00edtima \u00e9 morta por ser mulher, e est\u00e1 diretamente relacionada \u00e0 viol\u00eancia dom\u00e9stica e familiar.<\/p>\n<h3 class=\"titDuvidas\">Mas precisa de uma palavra para isso?<\/h3>\n<p>De acordo com o <a href=\"http:\/\/flacso.org.br\/files\/2015\/11\/MapaViolencia_2015_mulheres.pdf\" target=\"_blank\" rel=\"noopener noreferrer\">Mapa da Viol\u00eancia de 2015<\/a>*, 33,2% dos homic\u00eddios de mulheres no mundo s\u00e3o cometidos pelos parceiros. O que antigamente no Brasil seria chamado de crime passional ou crime em nome da \u201chonra\u201d, por se tratar de uma viol\u00eancia \u201cgerada\u201d por problemas conjugais, hoje percebe-se estar na verdade relacionado \u00e0 quest\u00f5es culturais e ao papel da mulher na sociedade. A cria\u00e7\u00e3o de um termo pr\u00f3prio evidencia a exist\u00eancia do problema e ajuda a sociedade a encontrar uma solu\u00e7\u00e3o em conjunto.<\/p>\n<p>O Mapa aponta ainda que o Brasil tem a quinta maior taxa de feminic\u00eddios no mundo: 4,8 homic\u00eddios para cada 100 mil mulheres. N\u00e3o s\u00f3 a palavra \u00e9 necess\u00e1ria como tamb\u00e9m a lei criada em 2015.<\/p>\n<h3 class=\"titDuvidas\">O que \u00e9 a Lei do Feminic\u00eddio?<\/h3>\n<p>A <a href=\"https:\/\/www.saopaulo.sp.leg.br\/mulheres\/wp-content\/uploads\/sites\/35\/2020\/07\/LEI-N\u00ba-13.104-DE-9-DE-MAR\u00c7O-DE-2015.pdf\" target=\"_blank\" rel=\"noopener noreferrer\">Lei n\u00ba 13.104\/2015<\/a> torna o feminic\u00eddio um homic\u00eddio qualificado e o coloca na lista de crimes hediondos, com penas mais altas, de 12 a 30 anos.<\/p>\n<p>\u00c9 considerado feminic\u00eddio quando o assassinato envolve viol\u00eancia dom\u00e9stica e familiar, menosprezo ou discrimina\u00e7\u00e3o \u00e0 condi\u00e7\u00e3o de mulher da v\u00edtima.<\/p>\n<p>Baixe o texto da lei na \u00edntegra<\/p>\n<a href=\"https:\/\/www.saopaulo.sp.leg.br\/mulheres\/wp-content\/uploads\/sites\/35\/2020\/07\/lei-11340-2006-lei-maria-da-penha.pdf\" target=\"_blank\" rel=\"noopener noreferrer\"><img loading=\"lazy\" decoding=\"async\" class=\"alignnone size-full wp-image-1298\" src=\"https:\/\/www.saopaulo.sp.leg.br\/mulheres\/wp-content\/uploads\/sites\/35\/2020\/07\/btn_download_cpi.png\" alt=\"Download do arquivo\" width=\"210\" height=\"55\" \/><\/a>\n","protected":false},"excerpt":{"rendered":"<p>O que \u00e9 feminic\u00eddio? Feminic\u00eddio \u00e9 a palavra usada para definir o homic\u00eddio de mulheres cometido em raz\u00e3o do g\u00eanero, ou seja, quando a v\u00edtima \u00e9 morta por ser mulher, e est\u00e1 diretamente relacionada \u00e0 viol\u00eancia dom\u00e9stica e familiar. Mas precisa de uma palavra para isso? De acordo com o Mapa da Viol\u00eancia de 2015*,&#8230;  <a class=\"excerpt-read-more\" href=\"https:\/\/www.saopaulo.sp.leg.br\/mulheres\/legislacao\/lei-do-feminicidio\/\" title=\"Leia Lei do Feminic\u00eddio\">Leia Mais &raquo;<\/a><\/p>\n","protected":false},"author":544,"featured_media":0,"parent":1266,"menu_order":0,"comment_status":"closed","ping_status":"closed","template":"page-lei.php","meta":{"_acf_changed":false,"footnotes":""},"class_list":["post-1279","page","type-page","status-publish","hentry"],"acf":[],"yoast_head":"<!-- This site is optimized with the Yoast SEO plugin v27.5 - https:\/\/yoast.com\/product\/yoast-seo-wordpress\/ -->\n<title>Lei do Feminic\u00eddio - Mulheres<\/title>\n<meta name=\"robots\" content=\"index, follow, max-snippet:-1, max-image-preview:large, max-video-preview:-1\" \/>\n<link rel=\"canonical\" href=\"https:\/\/www.saopaulo.sp.leg.br\/mulheres\/legislacao\/lei-do-feminicidio\/\" \/>\n<meta property=\"og:locale\" content=\"pt_BR\" \/>\n<meta property=\"og:type\" content=\"article\" \/>\n<meta property=\"og:title\" content=\"Lei do Feminic\u00eddio - Mulheres\" \/>\n<meta property=\"og:description\" content=\"O que \u00e9 feminic\u00eddio? Feminic\u00eddio \u00e9 a palavra usada para definir o homic\u00eddio de mulheres cometido em raz\u00e3o do g\u00eanero, ou seja, quando a v\u00edtima \u00e9 morta por ser mulher, e est\u00e1 diretamente relacionada \u00e0 viol\u00eancia dom\u00e9stica e familiar. Mas precisa de uma palavra para isso? De acordo com o Mapa da Viol\u00eancia de 2015*,... Leia Mais &raquo;\" \/>\n<meta property=\"og:url\" content=\"https:\/\/www.saopaulo.sp.leg.br\/mulheres\/legislacao\/lei-do-feminicidio\/\" \/>\n<meta property=\"og:site_name\" content=\"Mulheres\" \/>\n<meta property=\"article:modified_time\" content=\"2023-03-07T16:21:45+00:00\" \/>\n<meta property=\"og:image\" content=\"https:\/\/www.saopaulo.sp.leg.br\/mulheres\/wp-content\/uploads\/sites\/35\/2020\/07\/btn_download_cpi.png\" \/>\n<meta name=\"twitter:card\" content=\"summary_large_image\" \/>\n<meta name=\"twitter:label1\" content=\"Est. tempo de leitura\" \/>\n\t<meta name=\"twitter:data1\" content=\"2 minutos\" \/>\n<script type=\"application\/ld+json\" class=\"yoast-schema-graph\">{\"@context\":\"https:\\\/\\\/schema.org\",\"@graph\":[{\"@type\":\"WebPage\",\"@id\":\"https:\\\/\\\/www.saopaulo.sp.leg.br\\\/mulheres\\\/legislacao\\\/lei-do-feminicidio\\\/\",\"url\":\"https:\\\/\\\/www.saopaulo.sp.leg.br\\\/mulheres\\\/legislacao\\\/lei-do-feminicidio\\\/\",\"name\":\"Lei do Feminic\u00eddio - Mulheres\",\"isPartOf\":{\"@id\":\"https:\\\/\\\/www.saopaulo.sp.leg.br\\\/mulheres\\\/#website\"},\"primaryImageOfPage\":{\"@id\":\"https:\\\/\\\/www.saopaulo.sp.leg.br\\\/mulheres\\\/legislacao\\\/lei-do-feminicidio\\\/#primaryimage\"},\"image\":{\"@id\":\"https:\\\/\\\/www.saopaulo.sp.leg.br\\\/mulheres\\\/legislacao\\\/lei-do-feminicidio\\\/#primaryimage\"},\"thumbnailUrl\":\"https:\\\/\\\/www.saopaulo.sp.leg.br\\\/mulheres\\\/wp-content\\\/uploads\\\/sites\\\/35\\\/2020\\\/07\\\/btn_download_cpi.png\",\"datePublished\":\"2020-07-22T19:44:54+00:00\",\"dateModified\":\"2023-03-07T16:21:45+00:00\",\"breadcrumb\":{\"@id\":\"https:\\\/\\\/www.saopaulo.sp.leg.br\\\/mulheres\\\/legislacao\\\/lei-do-feminicidio\\\/#breadcrumb\"},\"inLanguage\":\"pt-BR\",\"potentialAction\":[{\"@type\":\"ReadAction\",\"target\":[\"https:\\\/\\\/www.saopaulo.sp.leg.br\\\/mulheres\\\/legislacao\\\/lei-do-feminicidio\\\/\"]}]},{\"@type\":\"ImageObject\",\"inLanguage\":\"pt-BR\",\"@id\":\"https:\\\/\\\/www.saopaulo.sp.leg.br\\\/mulheres\\\/legislacao\\\/lei-do-feminicidio\\\/#primaryimage\",\"url\":\"https:\\\/\\\/www.saopaulo.sp.leg.br\\\/mulheres\\\/wp-content\\\/uploads\\\/sites\\\/35\\\/2020\\\/07\\\/btn_download_cpi.png\",\"contentUrl\":\"https:\\\/\\\/www.saopaulo.sp.leg.br\\\/mulheres\\\/wp-content\\\/uploads\\\/sites\\\/35\\\/2020\\\/07\\\/btn_download_cpi.png\",\"width\":210,\"height\":55,\"caption\":\"Download do arquivo\"},{\"@type\":\"BreadcrumbList\",\"@id\":\"https:\\\/\\\/www.saopaulo.sp.leg.br\\\/mulheres\\\/legislacao\\\/lei-do-feminicidio\\\/#breadcrumb\",\"itemListElement\":[{\"@type\":\"ListItem\",\"position\":1,\"name\":\"In\u00edcio\",\"item\":\"https:\\\/\\\/www.saopaulo.sp.leg.br\\\/mulheres\\\/\"},{\"@type\":\"ListItem\",\"position\":2,\"name\":\"Legisla\u00e7\u00e3o\",\"item\":\"https:\\\/\\\/www.saopaulo.sp.leg.br\\\/mulheres\\\/legislacao\\\/\"},{\"@type\":\"ListItem\",\"position\":3,\"name\":\"Lei do Feminic\u00eddio\"}]},{\"@type\":\"WebSite\",\"@id\":\"https:\\\/\\\/www.saopaulo.sp.leg.br\\\/mulheres\\\/#website\",\"url\":\"https:\\\/\\\/www.saopaulo.sp.leg.br\\\/mulheres\\\/\",\"name\":\"Mulheres\",\"description\":\"Mulheres\",\"potentialAction\":[{\"@type\":\"SearchAction\",\"target\":{\"@type\":\"EntryPoint\",\"urlTemplate\":\"https:\\\/\\\/www.saopaulo.sp.leg.br\\\/mulheres\\\/?s={search_term_string}\"},\"query-input\":{\"@type\":\"PropertyValueSpecification\",\"valueRequired\":true,\"valueName\":\"search_term_string\"}}],\"inLanguage\":\"pt-BR\"}]}<\/script>\n<!-- \/ Yoast SEO plugin. -->","yoast_head_json":{"title":"Lei do Feminic\u00eddio - Mulheres","robots":{"index":"index","follow":"follow","max-snippet":"max-snippet:-1","max-image-preview":"max-image-preview:large","max-video-preview":"max-video-preview:-1"},"canonical":"https:\/\/www.saopaulo.sp.leg.br\/mulheres\/legislacao\/lei-do-feminicidio\/","og_locale":"pt_BR","og_type":"article","og_title":"Lei do Feminic\u00eddio - Mulheres","og_description":"O que \u00e9 feminic\u00eddio? Feminic\u00eddio \u00e9 a palavra usada para definir o homic\u00eddio de mulheres cometido em raz\u00e3o do g\u00eanero, ou seja, quando a v\u00edtima \u00e9 morta por ser mulher, e est\u00e1 diretamente relacionada \u00e0 viol\u00eancia dom\u00e9stica e familiar. Mas precisa de uma palavra para isso? De acordo com o Mapa da Viol\u00eancia de 2015*,... Leia Mais &raquo;","og_url":"https:\/\/www.saopaulo.sp.leg.br\/mulheres\/legislacao\/lei-do-feminicidio\/","og_site_name":"Mulheres","article_modified_time":"2023-03-07T16:21:45+00:00","og_image":[{"url":"https:\/\/www.saopaulo.sp.leg.br\/mulheres\/wp-content\/uploads\/sites\/35\/2020\/07\/btn_download_cpi.png","type":"","width":"","height":""}],"twitter_card":"summary_large_image","twitter_misc":{"Est. tempo de leitura":"2 minutos"},"schema":{"@context":"https:\/\/schema.org","@graph":[{"@type":"WebPage","@id":"https:\/\/www.saopaulo.sp.leg.br\/mulheres\/legislacao\/lei-do-feminicidio\/","url":"https:\/\/www.saopaulo.sp.leg.br\/mulheres\/legislacao\/lei-do-feminicidio\/","name":"Lei do Feminic\u00eddio - Mulheres","isPartOf":{"@id":"https:\/\/www.saopaulo.sp.leg.br\/mulheres\/#website"},"primaryImageOfPage":{"@id":"https:\/\/www.saopaulo.sp.leg.br\/mulheres\/legislacao\/lei-do-feminicidio\/#primaryimage"},"image":{"@id":"https:\/\/www.saopaulo.sp.leg.br\/mulheres\/legislacao\/lei-do-feminicidio\/#primaryimage"},"thumbnailUrl":"https:\/\/www.saopaulo.sp.leg.br\/mulheres\/wp-content\/uploads\/sites\/35\/2020\/07\/btn_download_cpi.png","datePublished":"2020-07-22T19:44:54+00:00","dateModified":"2023-03-07T16:21:45+00:00","breadcrumb":{"@id":"https:\/\/www.saopaulo.sp.leg.br\/mulheres\/legislacao\/lei-do-feminicidio\/#breadcrumb"},"inLanguage":"pt-BR","potentialAction":[{"@type":"ReadAction","target":["https:\/\/www.saopaulo.sp.leg.br\/mulheres\/legislacao\/lei-do-feminicidio\/"]}]},{"@type":"ImageObject","inLanguage":"pt-BR","@id":"https:\/\/www.saopaulo.sp.leg.br\/mulheres\/legislacao\/lei-do-feminicidio\/#primaryimage","url":"https:\/\/www.saopaulo.sp.leg.br\/mulheres\/wp-content\/uploads\/sites\/35\/2020\/07\/btn_download_cpi.png","contentUrl":"https:\/\/www.saopaulo.sp.leg.br\/mulheres\/wp-content\/uploads\/sites\/35\/2020\/07\/btn_download_cpi.png","width":210,"height":55,"caption":"Download do arquivo"},{"@type":"BreadcrumbList","@id":"https:\/\/www.saopaulo.sp.leg.br\/mulheres\/legislacao\/lei-do-feminicidio\/#breadcrumb","itemListElement":[{"@type":"ListItem","position":1,"name":"In\u00edcio","item":"https:\/\/www.saopaulo.sp.leg.br\/mulheres\/"},{"@type":"ListItem","position":2,"name":"Legisla\u00e7\u00e3o","item":"https:\/\/www.saopaulo.sp.leg.br\/mulheres\/legislacao\/"},{"@type":"ListItem","position":3,"name":"Lei do Feminic\u00eddio"}]},{"@type":"WebSite","@id":"https:\/\/www.saopaulo.sp.leg.br\/mulheres\/#website","url":"https:\/\/www.saopaulo.sp.leg.br\/mulheres\/","name":"Mulheres","description":"Mulheres","potentialAction":[{"@type":"SearchAction","target":{"@type":"EntryPoint","urlTemplate":"https:\/\/www.saopaulo.sp.leg.br\/mulheres\/?s={search_term_string}"},"query-input":{"@type":"PropertyValueSpecification","valueRequired":true,"valueName":"search_term_string"}}],"inLanguage":"pt-BR"}]}},"_links":{"self":[{"href":"https:\/\/www.saopaulo.sp.leg.br\/mulheres\/wp-json\/wp\/v2\/pages\/1279","targetHints":{"allow":["GET"]}}],"collection":[{"href":"https:\/\/www.saopaulo.sp.leg.br\/mulheres\/wp-json\/wp\/v2\/pages"}],"about":[{"href":"https:\/\/www.saopaulo.sp.leg.br\/mulheres\/wp-json\/wp\/v2\/types\/page"}],"author":[{"embeddable":true,"href":"https:\/\/www.saopaulo.sp.leg.br\/mulheres\/wp-json\/wp\/v2\/users\/544"}],"replies":[{"embeddable":true,"href":"https:\/\/www.saopaulo.sp.leg.br\/mulheres\/wp-json\/wp\/v2\/comments?post=1279"}],"version-history":[{"count":0,"href":"https:\/\/www.saopaulo.sp.leg.br\/mulheres\/wp-json\/wp\/v2\/pages\/1279\/revisions"}],"up":[{"embeddable":true,"href":"https:\/\/www.saopaulo.sp.leg.br\/mulheres\/wp-json\/wp\/v2\/pages\/1266"}],"wp:attachment":[{"href":"https:\/\/www.saopaulo.sp.leg.br\/mulheres\/wp-json\/wp\/v2\/media?parent=1279"}],"curies":[{"name":"wp","href":"https:\/\/api.w.org\/{rel}","templated":true}]}}