{"id":1266,"date":"2020-07-22T16:31:27","date_gmt":"2020-07-22T19:31:27","guid":{"rendered":"http:\/\/www.saopaulo.sp.leg.br\/mulheres\/?page_id=1266"},"modified":"2026-03-14T10:58:15","modified_gmt":"2026-03-14T13:58:15","slug":"legislacao","status":"publish","type":"page","link":"https:\/\/www.saopaulo.sp.leg.br\/mulheres\/legislacao\/","title":{"rendered":"Legisla\u00e7\u00e3o"},"content":{"rendered":"<h4 class=\"lista-leis\"><a href=\"https:\/\/www.saopaulo.sp.leg.br\/mulheres\/lei-maria-da-penha\/\" rel=\"noopener noreferrer\">Lei Maria da Penha<\/a><\/h4>\n<p>A Lei Maria da Penha foi sancionada em 7 de agosto de 2006 e possui 46 artigos distribu\u00eddos em sete t\u00edtulos. \u00c9 considerada pela ONU (Organiza\u00e7\u00e3o das Na\u00e7\u00f5es Unidas) uma das tr\u00eas mais avan\u00e7adas do mundo. <a href=\"https:\/\/www.saopaulo.sp.leg.br\/mulheres\/lei-maria-da-penha\/\" rel=\"noopener noreferrer\">Saiba mais<\/a>.<\/p>\n<h4 class=\"lista-leis\"><a href=\"https:\/\/www.saopaulo.sp.leg.br\/mulheres\/lei-do-feminicidio\/\" rel=\"noopener noreferrer\">Lei do Feminic\u00eddio<\/a><\/h4>\n<p>Feminic\u00eddio \u00e9 a palavra usada para definir o homic\u00eddio de mulheres cometido em raz\u00e3o do g\u00eanero, ou seja, quando a v\u00edtima \u00e9 morta por ser mulher, e est\u00e1 diretamente relacionada \u00e0 viol\u00eancia dom\u00e9stica e familiar. <a href=\"https:\/\/www.saopaulo.sp.leg.br\/mulheres\/lei-do-feminicidio\/\" rel=\"noopener noreferrer\">Saiba mais<\/a>.<\/p>\n","protected":false},"excerpt":{"rendered":"<p>Lei Maria da Penha A Lei Maria da Penha foi sancionada em 7 de agosto de 2006 e possui 46 artigos distribu\u00eddos em sete t\u00edtulos. \u00c9 considerada pela ONU (Organiza\u00e7\u00e3o das Na\u00e7\u00f5es Unidas) uma das tr\u00eas mais avan\u00e7adas do mundo. Saiba mais. Lei do Feminic\u00eddio Feminic\u00eddio \u00e9 a palavra usada para definir o homic\u00eddio de&#8230;  <a class=\"excerpt-read-more\" href=\"https:\/\/www.saopaulo.sp.leg.br\/mulheres\/legislacao\/\" title=\"Leia Legisla\u00e7\u00e3o\">Leia Mais &raquo;<\/a><\/p>\n","protected":false},"author":544,"featured_media":0,"parent":0,"menu_order":0,"comment_status":"closed","ping_status":"closed","template":"page-lei.php","meta":{"_acf_changed":false,"footnotes":""},"class_list":["post-1266","page","type-page","status-publish","hentry"],"acf":[],"yoast_head":"<!-- This site is optimized with the Yoast SEO plugin v27.5 - https:\/\/yoast.com\/product\/yoast-seo-wordpress\/ -->\n<title>Legisla\u00e7\u00e3o - Mulheres<\/title>\n<meta name=\"robots\" content=\"index, follow, max-snippet:-1, max-image-preview:large, max-video-preview:-1\" \/>\n<link rel=\"canonical\" href=\"https:\/\/www.saopaulo.sp.leg.br\/mulheres\/legislacao\/\" \/>\n<meta property=\"og:locale\" content=\"pt_BR\" \/>\n<meta property=\"og:type\" content=\"article\" \/>\n<meta property=\"og:title\" content=\"Legisla\u00e7\u00e3o - Mulheres\" \/>\n<meta property=\"og:description\" content=\"Lei Maria da Penha A Lei Maria da Penha foi sancionada em 7 de agosto de 2006 e possui 46 artigos distribu\u00eddos em sete t\u00edtulos. \u00c9 considerada pela ONU (Organiza\u00e7\u00e3o das Na\u00e7\u00f5es Unidas) uma das tr\u00eas mais avan\u00e7adas do mundo. Saiba mais. Lei do Feminic\u00eddio Feminic\u00eddio \u00e9 a palavra usada para definir o homic\u00eddio de... Leia Mais &raquo;\" \/>\n<meta property=\"og:url\" content=\"https:\/\/www.saopaulo.sp.leg.br\/mulheres\/legislacao\/\" \/>\n<meta property=\"og:site_name\" content=\"Mulheres\" \/>\n<meta property=\"article:modified_time\" content=\"2026-03-14T13:58:15+00:00\" \/>\n<meta name=\"twitter:card\" content=\"summary_large_image\" \/>\n<meta name=\"twitter:label1\" content=\"Est. tempo de leitura\" \/>\n\t<meta name=\"twitter:data1\" content=\"1 minuto\" \/>\n<script type=\"application\/ld+json\" class=\"yoast-schema-graph\">{\"@context\":\"https:\\\/\\\/schema.org\",\"@graph\":[{\"@type\":\"WebPage\",\"@id\":\"https:\\\/\\\/www.saopaulo.sp.leg.br\\\/mulheres\\\/legislacao\\\/\",\"url\":\"https:\\\/\\\/www.saopaulo.sp.leg.br\\\/mulheres\\\/legislacao\\\/\",\"name\":\"Legisla\u00e7\u00e3o - Mulheres\",\"isPartOf\":{\"@id\":\"https:\\\/\\\/www.saopaulo.sp.leg.br\\\/mulheres\\\/#website\"},\"datePublished\":\"2020-07-22T19:31:27+00:00\",\"dateModified\":\"2026-03-14T13:58:15+00:00\",\"breadcrumb\":{\"@id\":\"https:\\\/\\\/www.saopaulo.sp.leg.br\\\/mulheres\\\/legislacao\\\/#breadcrumb\"},\"inLanguage\":\"pt-BR\",\"potentialAction\":[{\"@type\":\"ReadAction\",\"target\":[\"https:\\\/\\\/www.saopaulo.sp.leg.br\\\/mulheres\\\/legislacao\\\/\"]}]},{\"@type\":\"BreadcrumbList\",\"@id\":\"https:\\\/\\\/www.saopaulo.sp.leg.br\\\/mulheres\\\/legislacao\\\/#breadcrumb\",\"itemListElement\":[{\"@type\":\"ListItem\",\"position\":1,\"name\":\"In\u00edcio\",\"item\":\"https:\\\/\\\/www.saopaulo.sp.leg.br\\\/mulheres\\\/\"},{\"@type\":\"ListItem\",\"position\":2,\"name\":\"Legisla\u00e7\u00e3o\"}]},{\"@type\":\"WebSite\",\"@id\":\"https:\\\/\\\/www.saopaulo.sp.leg.br\\\/mulheres\\\/#website\",\"url\":\"https:\\\/\\\/www.saopaulo.sp.leg.br\\\/mulheres\\\/\",\"name\":\"Mulheres\",\"description\":\"Mulheres\",\"potentialAction\":[{\"@type\":\"SearchAction\",\"target\":{\"@type\":\"EntryPoint\",\"urlTemplate\":\"https:\\\/\\\/www.saopaulo.sp.leg.br\\\/mulheres\\\/?s={search_term_string}\"},\"query-input\":{\"@type\":\"PropertyValueSpecification\",\"valueRequired\":true,\"valueName\":\"search_term_string\"}}],\"inLanguage\":\"pt-BR\"}]}<\/script>\n<!-- \/ Yoast SEO plugin. -->","yoast_head_json":{"title":"Legisla\u00e7\u00e3o - Mulheres","robots":{"index":"index","follow":"follow","max-snippet":"max-snippet:-1","max-image-preview":"max-image-preview:large","max-video-preview":"max-video-preview:-1"},"canonical":"https:\/\/www.saopaulo.sp.leg.br\/mulheres\/legislacao\/","og_locale":"pt_BR","og_type":"article","og_title":"Legisla\u00e7\u00e3o - Mulheres","og_description":"Lei Maria da Penha A Lei Maria da Penha foi sancionada em 7 de agosto de 2006 e possui 46 artigos distribu\u00eddos em sete t\u00edtulos. \u00c9 considerada pela ONU (Organiza\u00e7\u00e3o das Na\u00e7\u00f5es Unidas) uma das tr\u00eas mais avan\u00e7adas do mundo. Saiba mais. Lei do Feminic\u00eddio Feminic\u00eddio \u00e9 a palavra usada para definir o homic\u00eddio de... Leia Mais &raquo;","og_url":"https:\/\/www.saopaulo.sp.leg.br\/mulheres\/legislacao\/","og_site_name":"Mulheres","article_modified_time":"2026-03-14T13:58:15+00:00","twitter_card":"summary_large_image","twitter_misc":{"Est. tempo de leitura":"1 minuto"},"schema":{"@context":"https:\/\/schema.org","@graph":[{"@type":"WebPage","@id":"https:\/\/www.saopaulo.sp.leg.br\/mulheres\/legislacao\/","url":"https:\/\/www.saopaulo.sp.leg.br\/mulheres\/legislacao\/","name":"Legisla\u00e7\u00e3o - Mulheres","isPartOf":{"@id":"https:\/\/www.saopaulo.sp.leg.br\/mulheres\/#website"},"datePublished":"2020-07-22T19:31:27+00:00","dateModified":"2026-03-14T13:58:15+00:00","breadcrumb":{"@id":"https:\/\/www.saopaulo.sp.leg.br\/mulheres\/legislacao\/#breadcrumb"},"inLanguage":"pt-BR","potentialAction":[{"@type":"ReadAction","target":["https:\/\/www.saopaulo.sp.leg.br\/mulheres\/legislacao\/"]}]},{"@type":"BreadcrumbList","@id":"https:\/\/www.saopaulo.sp.leg.br\/mulheres\/legislacao\/#breadcrumb","itemListElement":[{"@type":"ListItem","position":1,"name":"In\u00edcio","item":"https:\/\/www.saopaulo.sp.leg.br\/mulheres\/"},{"@type":"ListItem","position":2,"name":"Legisla\u00e7\u00e3o"}]},{"@type":"WebSite","@id":"https:\/\/www.saopaulo.sp.leg.br\/mulheres\/#website","url":"https:\/\/www.saopaulo.sp.leg.br\/mulheres\/","name":"Mulheres","description":"Mulheres","potentialAction":[{"@type":"SearchAction","target":{"@type":"EntryPoint","urlTemplate":"https:\/\/www.saopaulo.sp.leg.br\/mulheres\/?s={search_term_string}"},"query-input":{"@type":"PropertyValueSpecification","valueRequired":true,"valueName":"search_term_string"}}],"inLanguage":"pt-BR"}]}},"_links":{"self":[{"href":"https:\/\/www.saopaulo.sp.leg.br\/mulheres\/wp-json\/wp\/v2\/pages\/1266","targetHints":{"allow":["GET"]}}],"collection":[{"href":"https:\/\/www.saopaulo.sp.leg.br\/mulheres\/wp-json\/wp\/v2\/pages"}],"about":[{"href":"https:\/\/www.saopaulo.sp.leg.br\/mulheres\/wp-json\/wp\/v2\/types\/page"}],"author":[{"embeddable":true,"href":"https:\/\/www.saopaulo.sp.leg.br\/mulheres\/wp-json\/wp\/v2\/users\/544"}],"replies":[{"embeddable":true,"href":"https:\/\/www.saopaulo.sp.leg.br\/mulheres\/wp-json\/wp\/v2\/comments?post=1266"}],"version-history":[{"count":1,"href":"https:\/\/www.saopaulo.sp.leg.br\/mulheres\/wp-json\/wp\/v2\/pages\/1266\/revisions"}],"predecessor-version":[{"id":2735,"href":"https:\/\/www.saopaulo.sp.leg.br\/mulheres\/wp-json\/wp\/v2\/pages\/1266\/revisions\/2735"}],"wp:attachment":[{"href":"https:\/\/www.saopaulo.sp.leg.br\/mulheres\/wp-json\/wp\/v2\/media?parent=1266"}],"curies":[{"name":"wp","href":"https:\/\/api.w.org\/{rel}","templated":true}]}}