{"id":1182,"date":"2020-07-07T12:01:49","date_gmt":"2020-07-07T15:01:49","guid":{"rendered":"http:\/\/www.saopaulo.sp.leg.br\/mulheres\/?page_id=1182"},"modified":"2026-03-17T13:24:08","modified_gmt":"2026-03-17T16:24:08","slug":"multimidia","status":"publish","type":"page","link":"https:\/\/www.saopaulo.sp.leg.br\/mulheres\/multimidia\/","title":{"rendered":"Multim\u00eddia"},"content":{"rendered":"<div style=\"margin-bottom:30px\">\n<p>Nesta p\u00e1gina, voc\u00ea encontra conte\u00fados especiais foram produzidos durante o isolamento social ocorrido no per\u00edodo inicial da pandemia de Covid-19, como os materiais que tiveram origem no trabalho da CPI da Viol\u00eancia contra a Mulher, e outros especiais produzidos pela Rede C\u00e2mara SP.<\/p>\n<\/div>\n<table class=\"topo\" width=\"100%\">\n<tbody>\n<tr>\n<td>\n<h2 style=\"text-align: center\"><span class=\"titulo\"><strong>\u00c1lbuns de fotos<\/strong><\/span><\/h2>\n<\/td>\n<\/tr>\n<\/tbody>\n<\/table>\n<p><strong>Sess\u00e3o Solene em Comemora\u00e7\u00e3o ao Dia Internacional da Mulher<br \/>\nC\u00e2mara Municipal de S\u00e3o Paulo \u2013 12 03 2026<\/strong><\/p>\n<a title=\"Sess\u00e3o Solene em Comemora\u00e7\u00e3o ao Dia Internacional da Mulher - C\u00e2mara Municipal de S\u00e3o Paulo - 12 03 2026.\" href=\"https:\/\/www.flickr.com\/photos\/camarasaopaulo\/albums\/72177720332523839\" data-flickr-embed=\"true\"><img loading=\"lazy\" decoding=\"async\" src=\"https:\/\/live.staticflickr.com\/65535\/55144544838_3bbaf02c7f_h.jpg\" alt=\"Sess\u00e3o Solene em Comemora\u00e7\u00e3o ao Dia Internacional da Mulher - C\u00e2mara Municipal de S\u00e3o Paulo - 12 03 2026.\" width=\"1600\" height=\"1200\" \/><\/a>\n<p><strong>Dilig\u00eancia CPI da Viol\u00eancia e Ass\u00e9dio Sexual Contra Mulheres<br \/>\nC\u00e2mara Municipal de S\u00e3o Paulo &#8211; 05 03 2024<\/strong><\/p>\n<p><a data-flickr-embed='true' href='https:\/\/www.flickr.com\/photos\/131078419@N07\/albums\/72177720315265809\/' title='Dilig\u00eancia CPI da Viol\u00eancia e Ass\u00e9dio Sexual Contra Mulheres - C\u00e2mara Municipal de S\u00e3o Paulo - 05 03 2024 by C\u00e2mara S\u00e3o Paulo, on Flickr'><img src='https:\/\/live.staticflickr.com\/65535\/53569838029_0657490831_z.jpg' width='800' height='600' alt='Dilig\u00eancia CPI da Viol\u00eancia e Ass\u00e9dio Sexual Contra Mulheres - C\u00e2mara Municipal de S\u00e3o Paulo - Foto: Lucas Bassi'><\/a><script async src='https:\/\/embedr.flickr.com\/assets\/client-code.js' charset='utf-8'><\/script><\/p>\n<table class=\"topo\" width=\"100%\">\n<tbody>\n<tr>\n<td>\n<h2 style=\"text-align: center\"><span class=\"titulo\"><strong>Conte\u00fados e Reportagens Especiais<\/strong><\/span><\/h2>\n<\/td>\n<\/tr>\n<\/tbody>\n<\/table>\n<div class=\"youtube\" style=\"margin-bottom:30px\">\n<div class=\"grade\" style=\"margin-bottom:30px\"> <strong>C\u00e2mara Reportagem \u2013 Mulheres<\/strong>\u00a0 <\/p>\n\n<!-- iframe plugin v.6.0 wordpress.org\/plugins\/iframe\/ -->\n<iframe loading=\"lazy\" width=\"100%\" height=\"520\" src=\"https:\/\/www.youtube.com\/embed\/uvM8jUbA93U?si=0EabpR_tmcagx87Z\" title=\"YouTube video player\" frameborder=\"0\" allow=\"accelerometer; autoplay; clipboard-write; encrypted-media; gyroscope; picture-in-picture; web-share\" referrerpolicy=\"strict-origin-when-cross-origin\" 0=\"allowfullscreen\" scrolling=\"yes\" class=\"iframe-class\"><\/iframe>\n<\/div>\n<div class=\"grade\" style=\"margin-bottom:30px\"> <strong>Instala\u00e7\u00e3o da Procuradoria da Mulher<\/strong> <\/p>\n\n<!-- iframe plugin v.6.0 wordpress.org\/plugins\/iframe\/ -->\n<iframe loading=\"lazy\" width=\"100%\" height=\"520\" src=\"https:\/\/www.youtube.com\/embed\/Mqgs9UA_YJk?si=CcVEdNzA_FBWioky\" title=\"YouTube video player\" frameborder=\"0\" allow=\"accelerometer; autoplay; clipboard-write; encrypted-media; gyroscope; picture-in-picture; web-share\" referrerpolicy=\"strict-origin-when-cross-origin\" 0=\"allowfullscreen\" scrolling=\"yes\" class=\"iframe-class\"><\/iframe>\n<\/div>\n<div class=\"grade\"> <strong>Entrevistas \u2013 CPI da Viol\u00eancia e Ass\u00e9dio Sexual<\/strong> <\/p>\n\n<!-- iframe plugin v.6.0 wordpress.org\/plugins\/iframe\/ -->\n<iframe loading=\"lazy\" width=\"100%\" height=\"520\" src=\"https:\/\/www.youtube.com\/embed\/35oeoVEb8E8?si=AiHl21sPAL8x9IUh\" title=\"YouTube video player\" frameborder=\"0\" allow=\"accelerometer; autoplay; clipboard-write; encrypted-media; gyroscope; picture-in-picture; web-share\" referrerpolicy=\"strict-origin-when-cross-origin\" 0=\"allowfullscreen\" scrolling=\"yes\" class=\"iframe-class\"><\/iframe>\n<\/div>\n<\/div>\n<table class=\"topo\" width=\"100%\">\n<tbody>\n<tr>\n<td>\n<h2 style=\"text-align: center\"><span class=\"titulo\"><strong>E-books, audiobooks e outros materiais<\/strong><\/span><\/h2>\n<\/td>\n<\/tr>\n<\/tbody>\n<\/table>\n<p>Conhe\u00e7a materiais produzidos no \u00e2mbito da CPI da Viol\u00eancia contra a Mulher. O colegiado realizou seus trabalhos de investiga\u00e7\u00e3o em 2020, durante a pandemia de Covid-19.<\/p>\n<table class=\"perfil\" width=\"100%\" align=\"center\">\n<tbody>\n<tr valign=\"top\">\n<td>\n<div id=\"attachment_40752\" style=\"width: 210px\" class=\"wp-caption alignnone\"><img loading=\"lazy\" decoding=\"async\" aria-describedby=\"caption-attachment-40752\" class=\"size-full wp-image-1876\" src=\"https:\/\/www.saopaulo.sp.leg.br\/mulheres\/wp-content\/uploads\/sites\/35\/2021\/05\/material.png\" alt=\"\" width=\"200\" height=\"200\" srcset=\"https:\/\/www.saopaulo.sp.leg.br\/mulheres\/wp-content\/uploads\/sites\/35\/2021\/05\/material.png 300w, https:\/\/www.saopaulo.sp.leg.br\/mulheres\/wp-content\/uploads\/sites\/35\/2021\/05\/material-150x150.png 150w, https:\/\/www.saopaulo.sp.leg.br\/mulheres\/wp-content\/uploads\/sites\/35\/2021\/05\/material-125x125.png 125w\" sizes=\"auto, (max-width: 200px) 100vw, 200px\" \/><p id=\"caption-attachment-40752\" class=\"wp-caption-text\">Viralize Informa\u00e7\u00e3o<\/p><\/div>\n<p><a href=\"https:\/\/drive.google.com\/drive\/folders\/1-edk6Y17eAMYNWCxiLG0Ue7UmNuiVJEn?usp=sharing\" target=\"_blank\" rel=\"noopener\"><strong><span class=\"titulo-perfil\">Abrir no Google Drive<\/span><br \/>\n<span class=\"texto-perfil\">Fa\u00e7a a informa\u00e7\u00e3o circular e compartilhe os materiais da CPI da Mulher.<br \/>\n<\/span><\/strong><\/a><\/p>\n<p>&nbsp;<\/td>\n<td class=\"color2\">\n<div id=\"attachment_40749\" style=\"width: 210px\" class=\"wp-caption aligncenter\"><img loading=\"lazy\" decoding=\"async\" aria-describedby=\"caption-attachment-40749\" class=\"size-full wp-image-1876\" src=\"https:\/\/www.saopaulo.sp.leg.br\/mulheres\/wp-content\/uploads\/sites\/35\/2021\/05\/audio.png\" alt=\"\" width=\"200\" height=\"200\" \/><p id=\"caption-attachment-40749\" class=\"wp-caption-text\">Ou\u00e7a o audiobook<\/p><\/div>\n<p><a href=\"https:\/\/soundcloud.com\/webradiocamarasaopaulo\/audiobook-da-cpi-mulher-um-guia-passo-a-passo-para-se-libertar\" target=\"_blank\" rel=\"noopener\"><strong><span class=\"titulo-perfil\">Visitar CMSP no Soundcloud<\/span><br \/>\n<span class=\"texto-perfil\">Ou\u00e7a na vers\u00e3o audiobook &#8211; Um guia passo a passo para se libertar.<\/span><\/strong><\/a><\/td>\n<td>\n<div id=\"attachment_40761\" style=\"width: 210px\" class=\"wp-caption aligncenter\"><img loading=\"lazy\" decoding=\"async\" aria-describedby=\"caption-attachment-40761\" class=\"size-full wp-image-1876\" src=\"https:\/\/www.saopaulo.sp.leg.br\/mulheres\/wp-content\/uploads\/sites\/35\/2021\/05\/ebook.png\" alt=\"\" width=\"200\" height=\"200\" \/><p id=\"caption-attachment-40761\" class=\"wp-caption-text\">Leia o guia<\/p><\/div>\n<p><a href=\"https:\/\/www.saopaulo.sp.leg.br\/wp-content\/uploads\/2020\/03\/Ebook_Guia_CPI-da-Violencia-Contra-a-Mulher.pdf\" target=\"_blank\" rel=\"noopener\"><strong><span class=\"titulo-perfil\">Um guia passo a passo para se libertar <\/span><br \/>\n<span class=\"texto-perfil\">Baixe o e-book &#8211; Um guia passo a passo para se libertar.<\/span><\/strong><\/a><\/td>\n<\/tr>\n<\/tbody>\n<\/table>\n","protected":false},"excerpt":{"rendered":"<p>Nesta p\u00e1gina, voc\u00ea encontra conte\u00fados especiais foram produzidos durante o isolamento social ocorrido no per\u00edodo inicial da pandemia de Covid-19, como os materiais que tiveram origem no trabalho da CPI da Viol\u00eancia contra a Mulher, e outros especiais produzidos pela Rede C\u00e2mara SP. \u00c1lbuns de fotos Sess\u00e3o Solene em Comemora\u00e7\u00e3o ao Dia Internacional da Mulher&#8230;  <a class=\"excerpt-read-more\" href=\"https:\/\/www.saopaulo.sp.leg.br\/mulheres\/multimidia\/\" title=\"Leia Multim\u00eddia\">Leia Mais &raquo;<\/a><\/p>\n","protected":false},"author":544,"featured_media":0,"parent":0,"menu_order":0,"comment_status":"closed","ping_status":"closed","template":"","meta":{"_acf_changed":false,"footnotes":""},"class_list":["post-1182","page","type-page","status-publish","hentry"],"acf":[],"yoast_head":"<!-- This site is optimized with the Yoast SEO plugin v27.3 - https:\/\/yoast.com\/product\/yoast-seo-wordpress\/ -->\n<title>Multim\u00eddia - Mulheres<\/title>\n<meta name=\"robots\" content=\"index, follow, max-snippet:-1, max-image-preview:large, max-video-preview:-1\" \/>\n<link rel=\"canonical\" href=\"https:\/\/www.saopaulo.sp.leg.br\/mulheres\/multimidia\/\" \/>\n<meta property=\"og:locale\" content=\"pt_BR\" \/>\n<meta property=\"og:type\" content=\"article\" \/>\n<meta property=\"og:title\" content=\"Multim\u00eddia - Mulheres\" \/>\n<meta property=\"og:description\" content=\"Nesta p\u00e1gina, voc\u00ea encontra conte\u00fados especiais foram produzidos durante o isolamento social ocorrido no per\u00edodo inicial da pandemia de Covid-19, como os materiais que tiveram origem no trabalho da CPI da Viol\u00eancia contra a Mulher, e outros especiais produzidos pela Rede C\u00e2mara SP. \u00c1lbuns de fotos Sess\u00e3o Solene em Comemora\u00e7\u00e3o ao Dia Internacional da Mulher... Leia Mais &raquo;\" \/>\n<meta property=\"og:url\" content=\"https:\/\/www.saopaulo.sp.leg.br\/mulheres\/multimidia\/\" \/>\n<meta property=\"og:site_name\" content=\"Mulheres\" \/>\n<meta property=\"article:modified_time\" content=\"2026-03-17T16:24:08+00:00\" \/>\n<meta property=\"og:image\" content=\"https:\/\/live.staticflickr.com\/65535\/55144544838_3bbaf02c7f_h.jpg\" \/>\n<meta name=\"twitter:card\" content=\"summary_large_image\" \/>\n<meta name=\"twitter:label1\" content=\"Est. tempo de leitura\" \/>\n\t<meta name=\"twitter:data1\" content=\"3 minutos\" \/>\n<script type=\"application\/ld+json\" class=\"yoast-schema-graph\">{\"@context\":\"https:\\\/\\\/schema.org\",\"@graph\":[{\"@type\":\"WebPage\",\"@id\":\"https:\\\/\\\/www.saopaulo.sp.leg.br\\\/mulheres\\\/multimidia\\\/\",\"url\":\"https:\\\/\\\/www.saopaulo.sp.leg.br\\\/mulheres\\\/multimidia\\\/\",\"name\":\"Multim\u00eddia - Mulheres\",\"isPartOf\":{\"@id\":\"https:\\\/\\\/www.saopaulo.sp.leg.br\\\/mulheres\\\/#website\"},\"primaryImageOfPage\":{\"@id\":\"https:\\\/\\\/www.saopaulo.sp.leg.br\\\/mulheres\\\/multimidia\\\/#primaryimage\"},\"image\":{\"@id\":\"https:\\\/\\\/www.saopaulo.sp.leg.br\\\/mulheres\\\/multimidia\\\/#primaryimage\"},\"thumbnailUrl\":\"https:\\\/\\\/live.staticflickr.com\\\/65535\\\/55144544838_3bbaf02c7f_h.jpg\",\"datePublished\":\"2020-07-07T15:01:49+00:00\",\"dateModified\":\"2026-03-17T16:24:08+00:00\",\"breadcrumb\":{\"@id\":\"https:\\\/\\\/www.saopaulo.sp.leg.br\\\/mulheres\\\/multimidia\\\/#breadcrumb\"},\"inLanguage\":\"pt-BR\",\"potentialAction\":[{\"@type\":\"ReadAction\",\"target\":[\"https:\\\/\\\/www.saopaulo.sp.leg.br\\\/mulheres\\\/multimidia\\\/\"]}]},{\"@type\":\"ImageObject\",\"inLanguage\":\"pt-BR\",\"@id\":\"https:\\\/\\\/www.saopaulo.sp.leg.br\\\/mulheres\\\/multimidia\\\/#primaryimage\",\"url\":\"https:\\\/\\\/live.staticflickr.com\\\/65535\\\/55144544838_3bbaf02c7f_h.jpg\",\"contentUrl\":\"https:\\\/\\\/live.staticflickr.com\\\/65535\\\/55144544838_3bbaf02c7f_h.jpg\"},{\"@type\":\"BreadcrumbList\",\"@id\":\"https:\\\/\\\/www.saopaulo.sp.leg.br\\\/mulheres\\\/multimidia\\\/#breadcrumb\",\"itemListElement\":[{\"@type\":\"ListItem\",\"position\":1,\"name\":\"In\u00edcio\",\"item\":\"https:\\\/\\\/www.saopaulo.sp.leg.br\\\/mulheres\\\/\"},{\"@type\":\"ListItem\",\"position\":2,\"name\":\"Multim\u00eddia\"}]},{\"@type\":\"WebSite\",\"@id\":\"https:\\\/\\\/www.saopaulo.sp.leg.br\\\/mulheres\\\/#website\",\"url\":\"https:\\\/\\\/www.saopaulo.sp.leg.br\\\/mulheres\\\/\",\"name\":\"Mulheres\",\"description\":\"Mulheres\",\"potentialAction\":[{\"@type\":\"SearchAction\",\"target\":{\"@type\":\"EntryPoint\",\"urlTemplate\":\"https:\\\/\\\/www.saopaulo.sp.leg.br\\\/mulheres\\\/?s={search_term_string}\"},\"query-input\":{\"@type\":\"PropertyValueSpecification\",\"valueRequired\":true,\"valueName\":\"search_term_string\"}}],\"inLanguage\":\"pt-BR\"}]}<\/script>\n<!-- \/ Yoast SEO plugin. -->","yoast_head_json":{"title":"Multim\u00eddia - Mulheres","robots":{"index":"index","follow":"follow","max-snippet":"max-snippet:-1","max-image-preview":"max-image-preview:large","max-video-preview":"max-video-preview:-1"},"canonical":"https:\/\/www.saopaulo.sp.leg.br\/mulheres\/multimidia\/","og_locale":"pt_BR","og_type":"article","og_title":"Multim\u00eddia - Mulheres","og_description":"Nesta p\u00e1gina, voc\u00ea encontra conte\u00fados especiais foram produzidos durante o isolamento social ocorrido no per\u00edodo inicial da pandemia de Covid-19, como os materiais que tiveram origem no trabalho da CPI da Viol\u00eancia contra a Mulher, e outros especiais produzidos pela Rede C\u00e2mara SP. \u00c1lbuns de fotos Sess\u00e3o Solene em Comemora\u00e7\u00e3o ao Dia Internacional da Mulher... Leia Mais &raquo;","og_url":"https:\/\/www.saopaulo.sp.leg.br\/mulheres\/multimidia\/","og_site_name":"Mulheres","article_modified_time":"2026-03-17T16:24:08+00:00","og_image":[{"url":"https:\/\/live.staticflickr.com\/65535\/55144544838_3bbaf02c7f_h.jpg","type":"","width":"","height":""}],"twitter_card":"summary_large_image","twitter_misc":{"Est. tempo de leitura":"3 minutos"},"schema":{"@context":"https:\/\/schema.org","@graph":[{"@type":"WebPage","@id":"https:\/\/www.saopaulo.sp.leg.br\/mulheres\/multimidia\/","url":"https:\/\/www.saopaulo.sp.leg.br\/mulheres\/multimidia\/","name":"Multim\u00eddia - Mulheres","isPartOf":{"@id":"https:\/\/www.saopaulo.sp.leg.br\/mulheres\/#website"},"primaryImageOfPage":{"@id":"https:\/\/www.saopaulo.sp.leg.br\/mulheres\/multimidia\/#primaryimage"},"image":{"@id":"https:\/\/www.saopaulo.sp.leg.br\/mulheres\/multimidia\/#primaryimage"},"thumbnailUrl":"https:\/\/live.staticflickr.com\/65535\/55144544838_3bbaf02c7f_h.jpg","datePublished":"2020-07-07T15:01:49+00:00","dateModified":"2026-03-17T16:24:08+00:00","breadcrumb":{"@id":"https:\/\/www.saopaulo.sp.leg.br\/mulheres\/multimidia\/#breadcrumb"},"inLanguage":"pt-BR","potentialAction":[{"@type":"ReadAction","target":["https:\/\/www.saopaulo.sp.leg.br\/mulheres\/multimidia\/"]}]},{"@type":"ImageObject","inLanguage":"pt-BR","@id":"https:\/\/www.saopaulo.sp.leg.br\/mulheres\/multimidia\/#primaryimage","url":"https:\/\/live.staticflickr.com\/65535\/55144544838_3bbaf02c7f_h.jpg","contentUrl":"https:\/\/live.staticflickr.com\/65535\/55144544838_3bbaf02c7f_h.jpg"},{"@type":"BreadcrumbList","@id":"https:\/\/www.saopaulo.sp.leg.br\/mulheres\/multimidia\/#breadcrumb","itemListElement":[{"@type":"ListItem","position":1,"name":"In\u00edcio","item":"https:\/\/www.saopaulo.sp.leg.br\/mulheres\/"},{"@type":"ListItem","position":2,"name":"Multim\u00eddia"}]},{"@type":"WebSite","@id":"https:\/\/www.saopaulo.sp.leg.br\/mulheres\/#website","url":"https:\/\/www.saopaulo.sp.leg.br\/mulheres\/","name":"Mulheres","description":"Mulheres","potentialAction":[{"@type":"SearchAction","target":{"@type":"EntryPoint","urlTemplate":"https:\/\/www.saopaulo.sp.leg.br\/mulheres\/?s={search_term_string}"},"query-input":{"@type":"PropertyValueSpecification","valueRequired":true,"valueName":"search_term_string"}}],"inLanguage":"pt-BR"}]}},"_links":{"self":[{"href":"https:\/\/www.saopaulo.sp.leg.br\/mulheres\/wp-json\/wp\/v2\/pages\/1182","targetHints":{"allow":["GET"]}}],"collection":[{"href":"https:\/\/www.saopaulo.sp.leg.br\/mulheres\/wp-json\/wp\/v2\/pages"}],"about":[{"href":"https:\/\/www.saopaulo.sp.leg.br\/mulheres\/wp-json\/wp\/v2\/types\/page"}],"author":[{"embeddable":true,"href":"https:\/\/www.saopaulo.sp.leg.br\/mulheres\/wp-json\/wp\/v2\/users\/544"}],"replies":[{"embeddable":true,"href":"https:\/\/www.saopaulo.sp.leg.br\/mulheres\/wp-json\/wp\/v2\/comments?post=1182"}],"version-history":[{"count":6,"href":"https:\/\/www.saopaulo.sp.leg.br\/mulheres\/wp-json\/wp\/v2\/pages\/1182\/revisions"}],"predecessor-version":[{"id":2749,"href":"https:\/\/www.saopaulo.sp.leg.br\/mulheres\/wp-json\/wp\/v2\/pages\/1182\/revisions\/2749"}],"wp:attachment":[{"href":"https:\/\/www.saopaulo.sp.leg.br\/mulheres\/wp-json\/wp\/v2\/media?parent=1182"}],"curies":[{"name":"wp","href":"https:\/\/api.w.org\/{rel}","templated":true}]}}