{"id":789,"date":"2016-03-30T18:47:30","date_gmt":"2016-03-30T18:47:30","guid":{"rendered":"http:\/\/toborino.com\/cmsp\/memoria\/?page_id=789"},"modified":"2023-10-10T21:17:25","modified_gmt":"2023-10-10T21:17:25","slug":"sobre-o-centro-de-memoria-da-cmsp","status":"publish","type":"page","link":"https:\/\/www.saopaulo.sp.leg.br\/memoria\/sobre-o-centro-de-memoria-da-cmsp\/","title":{"rendered":"Sobre o Centro de Mem\u00f3ria da CMSP"},"content":{"rendered":"<p>O Centro de Mem\u00f3ria da CMSP foi criado pelos Atos <a href=\"http:\/\/www.saopaulo.sp.leg.br\/iah\/fulltext\/atoscmsp\/AC133016.pdf\">1330<\/a> e <a href=\"http:\/\/www.saopaulo.sp.leg.br\/iah\/fulltext\/atoscmsp\/AC133316.pdf\">1333<\/a> de 2016, e tem como principal objetivo a organiza\u00e7\u00e3o, preserva\u00e7\u00e3o e difus\u00e3o dos materiais hist\u00f3ricos produzidos pela institui\u00e7\u00e3o.<\/p>\n<p>A CMSP possui uma longa e bem documentada Hist\u00f3ria, conforme indicam os v\u00e1rios volumes de atas e anais, livros e documentos que se encontram na Secretaria de Documenta\u00e7\u00e3o da institui\u00e7\u00e3o, fotos e materiais audiovisuais no Centro de Comunica\u00e7\u00e3o Institucional, e obras de arte espalhadas pelo Pal\u00e1cio Anchieta.<\/p>\n<p>Trata-se de um exerc\u00edcio de cidadania refletir sobre a organiza\u00e7\u00e3o do poder pol\u00edtico local e sua atua\u00e7\u00e3o ao longo do tempo, com destaque para as especificidades de cada fase. Desse modo, \u00e9 poss\u00edvel analisar com mais seguran\u00e7a e cr\u00edtica a condi\u00e7\u00e3o atual de nossa cidade, com perspectivas para a\u00e7\u00f5es no presente e no futuro.<\/p>\n","protected":false},"excerpt":{"rendered":"<p>O Centro de Mem\u00f3ria da CMSP foi criado pelos Atos 1330 e 1333 de 2016, e tem como principal objetivo a organiza\u00e7\u00e3o, preserva\u00e7\u00e3o e difus\u00e3o dos materiais hist\u00f3ricos produzidos pela institui\u00e7\u00e3o. A CMSP possui uma longa e bem documentada Hist\u00f3ria, conforme indicam os v\u00e1rios volumes de atas e anais, livros e documentos que se encontram [&hellip;]<\/p>\n","protected":false},"author":31,"featured_media":0,"parent":0,"menu_order":0,"comment_status":"closed","ping_status":"closed","template":"","meta":{"_acf_changed":false},"class_list":["post-789","page","type-page","status-publish","hentry"],"acf":[],"_links":{"self":[{"href":"https:\/\/www.saopaulo.sp.leg.br\/memoria\/wp-json\/wp\/v2\/pages\/789","targetHints":{"allow":["GET"]}}],"collection":[{"href":"https:\/\/www.saopaulo.sp.leg.br\/memoria\/wp-json\/wp\/v2\/pages"}],"about":[{"href":"https:\/\/www.saopaulo.sp.leg.br\/memoria\/wp-json\/wp\/v2\/types\/page"}],"author":[{"embeddable":true,"href":"https:\/\/www.saopaulo.sp.leg.br\/memoria\/wp-json\/wp\/v2\/users\/31"}],"replies":[{"embeddable":true,"href":"https:\/\/www.saopaulo.sp.leg.br\/memoria\/wp-json\/wp\/v2\/comments?post=789"}],"version-history":[{"count":0,"href":"https:\/\/www.saopaulo.sp.leg.br\/memoria\/wp-json\/wp\/v2\/pages\/789\/revisions"}],"wp:attachment":[{"href":"https:\/\/www.saopaulo.sp.leg.br\/memoria\/wp-json\/wp\/v2\/media?parent=789"}],"curies":[{"name":"wp","href":"https:\/\/api.w.org\/{rel}","templated":true}]}}