{"id":108,"date":"2016-03-04T04:04:18","date_gmt":"2016-03-04T04:04:18","guid":{"rendered":"http:\/\/toborino.com\/cmsp\/memoria\/?page_id=108"},"modified":"2017-06-14T20:13:55","modified_gmt":"2017-06-14T20:13:55","slug":"vereadores","status":"publish","type":"page","link":"https:\/\/www.saopaulo.sp.leg.br\/memoria\/vereadores\/","title":{"rendered":"Vereadores"},"content":{"rendered":"<p>A Biblioteca da C\u00e2mara Municipal de S\u00e3o Paulo oferece informa\u00e7\u00f5es acerca dos vereadores da cidade desde o ano de 1892. Por meio\u00a0desta base de dados, usu\u00e1rios podem encontrar as composi\u00e7\u00f5es de Legislaturas, de Mesas Diretoras ao longo da hist\u00f3ria contempor\u00e2nea da Casa, bem como dados eleitorais, per\u00edodos de verean\u00e7as e participa\u00e7\u00f5es em Comiss\u00f5es Permanentes.<\/p>\n<p>&nbsp;<\/p>\n","protected":false},"excerpt":{"rendered":"<p>A Biblioteca da C\u00e2mara Municipal de S\u00e3o Paulo oferece informa\u00e7\u00f5es acerca dos vereadores da cidade desde o ano de 1892. Por meio\u00a0desta base de dados, usu\u00e1rios podem encontrar as composi\u00e7\u00f5es de Legislaturas, de Mesas Diretoras ao longo da hist\u00f3ria contempor\u00e2nea da Casa, bem como dados eleitorais, per\u00edodos de verean\u00e7as e participa\u00e7\u00f5es em Comiss\u00f5es Permanentes. &nbsp;<\/p>\n","protected":false},"author":31,"featured_media":0,"parent":0,"menu_order":0,"comment_status":"closed","ping_status":"closed","template":"page-biblioteca.php","meta":{"_acf_changed":false},"class_list":["post-108","page","type-page","status-publish","hentry"],"acf":[],"_links":{"self":[{"href":"https:\/\/www.saopaulo.sp.leg.br\/memoria\/wp-json\/wp\/v2\/pages\/108","targetHints":{"allow":["GET"]}}],"collection":[{"href":"https:\/\/www.saopaulo.sp.leg.br\/memoria\/wp-json\/wp\/v2\/pages"}],"about":[{"href":"https:\/\/www.saopaulo.sp.leg.br\/memoria\/wp-json\/wp\/v2\/types\/page"}],"author":[{"embeddable":true,"href":"https:\/\/www.saopaulo.sp.leg.br\/memoria\/wp-json\/wp\/v2\/users\/31"}],"replies":[{"embeddable":true,"href":"https:\/\/www.saopaulo.sp.leg.br\/memoria\/wp-json\/wp\/v2\/comments?post=108"}],"version-history":[{"count":0,"href":"https:\/\/www.saopaulo.sp.leg.br\/memoria\/wp-json\/wp\/v2\/pages\/108\/revisions"}],"wp:attachment":[{"href":"https:\/\/www.saopaulo.sp.leg.br\/memoria\/wp-json\/wp\/v2\/media?parent=108"}],"curies":[{"name":"wp","href":"https:\/\/api.w.org\/{rel}","templated":true}]}}