{"id":21,"date":"2021-04-19T14:47:55","date_gmt":"2021-04-19T17:47:55","guid":{"rendered":"https:\/\/www.saopaulo.sp.leg.br\/contraafome\/?page_id=21"},"modified":"2025-06-05T13:20:02","modified_gmt":"2025-06-05T16:20:02","slug":"contato","status":"publish","type":"page","link":"https:\/\/www.saopaulo.sp.leg.br\/frentecontrafome\/contato\/","title":{"rendered":"Contato"},"content":{"rendered":"<h2>Quer receber mais not\u00edcias da C\u00e2mara Municipal de S\u00e3o Paulo? Tem alguma d\u00favida que esse hotsite n\u00e3o esclareceu? Quer receber alguma informa\u00e7\u00e3o da Frente Parlamentar da C\u00e2mara Municipal? N\u00e3o tem problema! Nos escreva que respondemos para voc\u00ea.<\/h2>\n\n<div class=\"wpcf7 no-js\" id=\"wpcf7-f32-o1\" lang=\"pt-BR\" dir=\"ltr\" data-wpcf7-id=\"32\">\n<div class=\"screen-reader-response\"><p role=\"status\" aria-live=\"polite\" aria-atomic=\"true\"><\/p> <ul><\/ul><\/div>\n<form action=\"\/frentecontrafome\/wp-json\/wp\/v2\/pages\/21#wpcf7-f32-o1\" method=\"post\" class=\"wpcf7-form init\" aria-label=\"Formul\u00e1rios de contato\" novalidate=\"novalidate\" data-status=\"init\">\n<fieldset class=\"hidden-fields-container\"><input type=\"hidden\" name=\"_wpcf7\" value=\"32\" \/><input type=\"hidden\" name=\"_wpcf7_version\" value=\"6.1.5\" \/><input type=\"hidden\" name=\"_wpcf7_locale\" value=\"pt_BR\" \/><input type=\"hidden\" name=\"_wpcf7_unit_tag\" value=\"wpcf7-f32-o1\" \/><input type=\"hidden\" name=\"_wpcf7_container_post\" value=\"0\" \/><input type=\"hidden\" name=\"_wpcf7_posted_data_hash\" value=\"\" \/>\n<\/fieldset>\n<p><label> Seu nome (obrigat\u00f3rio)<br \/>\n<span class=\"wpcf7-form-control-wrap\" data-name=\"your-name\"><input size=\"40\" maxlength=\"400\" class=\"wpcf7-form-control wpcf7-text wpcf7-validates-as-required\" aria-required=\"true\" aria-invalid=\"false\" value=\"\" type=\"text\" name=\"your-name\" \/><\/span> <\/label>\n<\/p>\n<p><label> Seu e-mail (obrigat\u00f3rio)<br \/>\n<span class=\"wpcf7-form-control-wrap\" data-name=\"your-email\"><input size=\"40\" maxlength=\"400\" class=\"wpcf7-form-control wpcf7-email wpcf7-validates-as-required wpcf7-text wpcf7-validates-as-email\" aria-required=\"true\" aria-invalid=\"false\" value=\"\" type=\"email\" name=\"your-email\" \/><\/span> <\/label>\n<\/p>\n<p><label> Assunto<br \/>\n<span class=\"wpcf7-form-control-wrap\" data-name=\"your-subject\"><input size=\"40\" maxlength=\"400\" class=\"wpcf7-form-control wpcf7-text\" aria-invalid=\"false\" value=\"\" type=\"text\" name=\"your-subject\" \/><\/span> <\/label>\n<\/p>\n<p><label> Sua mensagem<br \/>\n<span class=\"wpcf7-form-control-wrap\" data-name=\"your-message\"><textarea cols=\"40\" rows=\"10\" maxlength=\"2000\" class=\"wpcf7-form-control wpcf7-textarea\" aria-invalid=\"false\" name=\"your-message\"><\/textarea><\/span> <\/label>\n<\/p>\n<p><span class=\"wpcf7-form-control-wrap\" data-name=\"checkbox-receber-info\"><span class=\"wpcf7-form-control wpcf7-checkbox\"><span class=\"wpcf7-list-item first last\"><label><input type=\"checkbox\" name=\"checkbox-receber-info[]\" value=\"Receber informa\u00e7\u00f5es da C\u00e2mara\" \/><span class=\"wpcf7-list-item-label\">Receber informa\u00e7\u00f5es da C\u00e2mara<\/span><\/label><\/span><\/span><\/span>\n<\/p>\n<p><label>Termo de Consentimento<\/label>\n<\/p>\n<p style=\"text-align:justify\">Nos termos da <b>Lei Geral de Prote\u00e7\u00e3o de Dados (lei 13.709, de 2018)<\/b> e da Pol\u00edtica de Privacidade deste s\u00edtio (<a href=\"https:\/\/www.saopaulo.sp.leg.br\/lgpd\/\" target=\"_blank\">link<\/a>), para registro de sua mensagem \u00e9 necess\u00e1rio que o titular consinta que a C\u00e2mara Municipal de S\u00e3o Paulo colha seu nome, e-mail, telefone e CPF\/CNPJ, com as seguintes finalidades:\n<\/p>\n<ul>\n\t<li>\n\t\t<p><b>Nome:<\/b> permitir a identifica\u00e7\u00e3o do usu\u00e1rio;\n\t\t<\/p>\n\t<\/li>\n\t<li>\n\t\t<p><b>E-mail:<\/b> permitir o envio de resposta \u00e0 mensagem;\n\t\t<\/p>\n\t<\/li>\n\t<li>\n\t\t<p><b>Telefone:<\/b> permitir o envio de resposta \u00e0 mensagem;\n\t\t<\/p>\n\t<\/li>\n\t<li>\n\t\t<p><b>CPF\/CNPJ:<\/b> permitir a identifica\u00e7\u00e3o do usu\u00e1rio.\n\t\t<\/p>\n\t<\/li>\n<\/ul>\n<p>Os dados ficar\u00e3o retidos, salvo pedido expresso em contr\u00e1rio.\n<\/p>\n<p><span class=\"wpcf7-form-control-wrap\" data-name=\"consentimento-lgpd\"><span class=\"wpcf7-form-control wpcf7-acceptance\"><span class=\"wpcf7-list-item\"><label><input type=\"checkbox\" name=\"consentimento-lgpd\" value=\"1\" aria-invalid=\"false\" \/><span class=\"wpcf7-list-item-label\"><span><b>Eu concordo.<\/b> <small>A concord\u00e2ncia \u00e9 indispens\u00e1vel \u00e0 continuidade do atendimento.<\/small><\/span><\/span><\/label><\/span><\/span><\/span>\n<\/p>\n<p><label>C\u00f3digo captcha: <\/label><br \/>\n<input type=\"hidden\" name=\"_wpcf7_captcha_challenge_your-captcha\" value=\"3498523742\" \/><img loading=\"lazy\" decoding=\"async\" class=\"wpcf7-form-control wpcf7-captchac wpcf7-captcha-your-captcha\" width=\"72\" height=\"24\" alt=\"captcha\" src=\"https:\/\/www.saopaulo.sp.leg.br\/frentecontrafome\/wp-content\/uploads\/sites\/44\/wpcf7_captcha\/3498523742.png\" \/><br \/>\n<label>Digite o c\u00f3digo acima: <\/label><br \/>\n<span class=\"wpcf7-form-control-wrap\" data-name=\"your-captcha\"><input size=\"40\" class=\"wpcf7-form-control wpcf7-captchar\" autocomplete=\"off\" aria-invalid=\"false\" value=\"\" type=\"text\" name=\"your-captcha\" \/><\/span>\n<\/p>\n<p><input class=\"wpcf7-form-control wpcf7-submit has-spinner\" type=\"submit\" value=\"Enviar\" \/>\n<\/p><div class=\"wpcf7-response-output\" aria-hidden=\"true\"><\/div>\n<\/form>\n<\/div>\n\n","protected":false},"excerpt":{"rendered":"<p>Quer receber mais not\u00edcias da C\u00e2mara Municipal de S\u00e3o Paulo? Tem alguma d\u00favida que esse hotsite n\u00e3o esclareceu? Quer receber alguma informa\u00e7\u00e3o da Frente Parlamentar da C\u00e2mara Municipal? N\u00e3o tem problema! Nos escreva que respondemos para voc\u00ea.<\/p>\n","protected":false},"author":733,"featured_media":0,"parent":0,"menu_order":0,"comment_status":"closed","ping_status":"closed","template":"","meta":{"_acf_changed":false,"footnotes":""},"class_list":["post-21","page","type-page","status-publish","hentry"],"acf":[],"_links":{"self":[{"href":"https:\/\/www.saopaulo.sp.leg.br\/frentecontrafome\/wp-json\/wp\/v2\/pages\/21","targetHints":{"allow":["GET"]}}],"collection":[{"href":"https:\/\/www.saopaulo.sp.leg.br\/frentecontrafome\/wp-json\/wp\/v2\/pages"}],"about":[{"href":"https:\/\/www.saopaulo.sp.leg.br\/frentecontrafome\/wp-json\/wp\/v2\/types\/page"}],"author":[{"embeddable":true,"href":"https:\/\/www.saopaulo.sp.leg.br\/frentecontrafome\/wp-json\/wp\/v2\/users\/733"}],"replies":[{"embeddable":true,"href":"https:\/\/www.saopaulo.sp.leg.br\/frentecontrafome\/wp-json\/wp\/v2\/comments?post=21"}],"version-history":[{"count":1,"href":"https:\/\/www.saopaulo.sp.leg.br\/frentecontrafome\/wp-json\/wp\/v2\/pages\/21\/revisions"}],"predecessor-version":[{"id":295,"href":"https:\/\/www.saopaulo.sp.leg.br\/frentecontrafome\/wp-json\/wp\/v2\/pages\/21\/revisions\/295"}],"wp:attachment":[{"href":"https:\/\/www.saopaulo.sp.leg.br\/frentecontrafome\/wp-json\/wp\/v2\/media?parent=21"}],"curies":[{"name":"wp","href":"https:\/\/api.w.org\/{rel}","templated":true}]}}