{"id":9982,"date":"2018-07-03T16:25:37","date_gmt":"2018-07-03T19:25:37","guid":{"rendered":"http:\/\/www.saopaulo.sp.leg.br\/escoladoparlamento\/?page_id=9982"},"modified":"2018-09-03T15:34:42","modified_gmt":"2018-09-03T18:34:42","slug":"politica-e-educacao","status":"publish","type":"page","link":"https:\/\/www.saopaulo.sp.leg.br\/escoladoparlamento\/cursos\/cursos-anteriores\/cursos-realizados-2018\/politica-e-educacao\/","title":{"rendered":"Pol\u00edtica e Educa\u00e7\u00e3o: pr\u00e1ticas l\u00fadicas no cotidiano da escola"},"content":{"rendered":"<h2><span style=\"color: #ff0000\"><strong>EXCLUSIVO PARA GESTORES EDUCACIONAIS E PROFESSORES DA REDE MUNICIPAL DE EDUCA\u00c7\u00c3O DE S\u00c3O PAULO<\/strong><\/span><\/h2>\n<p><strong>Diretores Respons\u00e1veis:<\/strong> Humberto Dantas\/Ilza Val\u00e9ria Moreira Jorge<\/p>\n<p><strong>Coordenadores:<\/strong> Silvia Aparecida Santos de Carvalho\/ Elio Araujo da Silva<\/p>\n<p>Curso na \u00e1rea da Educa\u00e7\u00e3o inserido no Programa de Capacita\u00e7\u00e3o de Agentes Pol\u00edticos e Comunit\u00e1rios e de Forma\u00e7\u00e3o para Cidadania da Escola do Parlamento da CMSP em parceria com SME.<\/p>\n<p><strong>Objetivos: <\/strong><\/p>\n<ul>\n<li>Refletir sobre o afastamento que se configura atualmente entre o cidad\u00e3o e a pol\u00edtica, n\u00e3o apenas na realidade brasileira como tamb\u00e9m em outros pa\u00edses;<\/li>\n<li>Discutir os motivos que levam os cidad\u00e3os a afastarem-se da pol\u00edtica em nossa sociedade;<\/li>\n<li>Apresentar de forma criativa como tornar a Democracia e a Pol\u00edtica mais atraentes em face de nossa crise pol\u00edtica atual que se estende ao mundo e n\u00e3o apenas \u00e0 realidade brasileira;<\/li>\n<li>Elaborar projetos de a\u00e7\u00e3o na unidade escolar que promovam a aproxima\u00e7\u00e3o entre os educandos e a pol\u00edtica;<\/li>\n<\/ul>\n<p><strong>Metodologia: <\/strong>Din\u00e2micas de Grupo; Jogos interativos; exposi\u00e7\u00f5es dialogadas; elabora\u00e7\u00e3o de projetos;<\/p>\n<p><strong>P\u00fablico alvo:<\/strong> Gestores Educacionais, Professores da Rede Municipal de S\u00e3o Paulo<\/p>\n<p><strong>Vagas:<\/strong> 100<\/p>\n<p><strong>Carga Hor\u00e1ria:\u00a0<\/strong>20h \u2013 5 encontros de 4h presenciais<\/p>\n<p><strong>Crit\u00e9rio para Certifica\u00e7\u00e3o:<\/strong> 100% de presen\u00e7a<\/p>\n<h2><strong>Inscri\u00e7\u00f5es: encerradas<\/strong><\/h2>\n<p>&nbsp;<\/p>\n<table>\n<tbody>\n<tr>\n<td><strong>03\/08<\/strong><\/p>\n<p>14h-18h<\/td>\n<td><a href=\"http:\/\/www.saopaulo.sp.leg.br\/transparencia\/auditorios-online\/plenario-1o-de-maio\/\">Plen\u00e1rio 1\u00ba de Maio<\/a><\/td>\n<td><strong>Humberto Dantas<\/strong> (a confirmar) &#8211; <em>A Educa\u00e7\u00e3o Pol\u00edtica na Escola<\/em><\/td>\n<\/tr>\n<tr>\n<td><strong>10\/08<\/strong><\/p>\n<p>14h-18h<\/td>\n<td><a href=\"http:\/\/www.saopaulo.sp.leg.br\/transparencia\/auditorios-online\/plenario-1o-de-maio\/\">Plen\u00e1rio 1\u00ba de Maio<\/a><\/td>\n<td><strong>O Jogo da Pol\u00edtica<\/strong><\/td>\n<\/tr>\n<tr>\n<td><strong>17\/08<\/strong><\/p>\n<p>14h-18h<\/td>\n<td><a href=\"http:\/\/www.saopaulo.sp.leg.br\/transparencia\/auditorios-online\/plenario-1o-de-maio\/\">Plen\u00e1rio 1\u00ba de Maio<\/a><\/td>\n<td><strong>B\u00ea-a-B\u00e1 do Cidad\u00e3o<\/strong><\/td>\n<\/tr>\n<tr>\n<td><strong>24\/08<\/strong><\/p>\n<p>14h-18h<\/td>\n<td><a href=\"http:\/\/www.saopaulo.sp.leg.br\/transparencia\/auditorios-online\/auditorio-prestes-maia\/\">Audit\u00f3rio Prestes Maia<\/a><\/td>\n<td><strong>B\u00ea-a-B\u00e1 do Cidad\u00e3o<\/strong><\/td>\n<\/tr>\n<tr>\n<td><strong>31\/08<\/strong><\/p>\n<p>14h-18h<\/td>\n<td><a href=\"http:\/\/www.saopaulo.sp.leg.br\/transparencia\/auditorios-online\/plenario-1o-de-maio\/\">Plen\u00e1rio 1\u00ba de Maio<\/a><\/td>\n<td><strong>Fast Food da Pol\u00edtica<\/strong><\/td>\n<\/tr>\n<\/tbody>\n<\/table>\n<p>&nbsp;<\/p>\n","protected":false},"excerpt":{"rendered":"<p>EXCLUSIVO PARA GESTORES EDUCACIONAIS E PROFESSORES DA REDE MUNICIPAL DE EDUCA\u00c7\u00c3O DE S\u00c3O PAULO Diretores Respons\u00e1veis: Humberto Dantas\/Ilza Val\u00e9ria Moreira Jorge Coordenadores: Silvia Aparecida Santos de Carvalho\/ Elio Araujo da Silva Curso na \u00e1rea da Educa\u00e7\u00e3o inserido no Programa de Capacita\u00e7\u00e3o de Agentes Pol\u00edticos e Comunit\u00e1rios e de Forma\u00e7\u00e3o para Cidadania da Escola do Parlamento [&hellip;]<\/p>\n","protected":false},"author":522,"featured_media":0,"parent":8438,"menu_order":352,"comment_status":"closed","ping_status":"closed","template":"","meta":{"_acf_changed":false,"footnotes":""},"class_list":["post-9982","page","type-page","status-publish","hentry"],"acf":[],"_links":{"self":[{"href":"https:\/\/www.saopaulo.sp.leg.br\/escoladoparlamento\/wp-json\/wp\/v2\/pages\/9982","targetHints":{"allow":["GET"]}}],"collection":[{"href":"https:\/\/www.saopaulo.sp.leg.br\/escoladoparlamento\/wp-json\/wp\/v2\/pages"}],"about":[{"href":"https:\/\/www.saopaulo.sp.leg.br\/escoladoparlamento\/wp-json\/wp\/v2\/types\/page"}],"author":[{"embeddable":true,"href":"https:\/\/www.saopaulo.sp.leg.br\/escoladoparlamento\/wp-json\/wp\/v2\/users\/522"}],"replies":[{"embeddable":true,"href":"https:\/\/www.saopaulo.sp.leg.br\/escoladoparlamento\/wp-json\/wp\/v2\/comments?post=9982"}],"version-history":[{"count":0,"href":"https:\/\/www.saopaulo.sp.leg.br\/escoladoparlamento\/wp-json\/wp\/v2\/pages\/9982\/revisions"}],"up":[{"embeddable":true,"href":"https:\/\/www.saopaulo.sp.leg.br\/escoladoparlamento\/wp-json\/wp\/v2\/pages\/8438"}],"wp:attachment":[{"href":"https:\/\/www.saopaulo.sp.leg.br\/escoladoparlamento\/wp-json\/wp\/v2\/media?parent=9982"}],"curies":[{"name":"wp","href":"https:\/\/api.w.org\/{rel}","templated":true}]}}