{"id":9757,"date":"2018-06-04T18:03:04","date_gmt":"2018-06-04T21:03:04","guid":{"rendered":"http:\/\/www.saopaulo.sp.leg.br\/escoladoparlamento\/?page_id=9757"},"modified":"2018-06-21T17:30:48","modified_gmt":"2018-06-21T20:30:48","slug":"indice-de-democracia-local-curitiba","status":"publish","type":"page","link":"https:\/\/www.saopaulo.sp.leg.br\/escoladoparlamento\/cursos\/cursos-anteriores\/cursos-realizados-2018\/indice-de-democracia-local-curitiba\/","title":{"rendered":"\u00cdndice de Democracia Local &#8211; Curitiba"},"content":{"rendered":"<p><strong>Diretor respons\u00e1vel e coordenador:<\/strong> Humberto Dantas<\/p>\n<p>\u00c9 poss\u00edvel mensurar a Democracia? Seria vi\u00e1vel estabelecer um conjunto de vari\u00e1veis e indicadores que nos mostrassem se uma CIDADE \u00e9 mais ou menos democr\u00e1tica?<\/p>\n<p>O tema \u00e9 pol\u00eamico e tem ocupado relevante espa\u00e7o na academia. Nesse contexto, a Escola do Parlamento contar\u00e1 com a presen\u00e7a de dirigentes do Instituto ATUA\u00c7\u00c3O que lan\u00e7a a primeira edi\u00e7\u00e3o do \u00cdndice de Democracia Local de Curitiba. A\u00a0capital do Paran\u00e1 \u00e9 reconhecida pela inova\u00e7\u00e3o e vanguarda, status conquistado gra\u00e7as aos esfor\u00e7os de d\u00e9cadas em torno do planejamento e da mobilidade urbanos.\u00a0Debater resultados e compreender a possibilidade de replicar esfor\u00e7os para outras realidades \u00e9 algo essencial.<\/p>\n<p><strong>Objetivos:<\/strong> Discutir os resultados do \u00cdndice de Democracia Local de Curitiba, compreender os desafios para a aferi\u00e7\u00e3o de algo dessa natureza e a possibilidade de replicar tal a\u00e7\u00e3o em S\u00e3o Paulo.<\/p>\n<p><strong>P\u00fablico alvo:<\/strong> cidad\u00e3os em geral, gestores p\u00fablicos, pol\u00edticos, estudantes e jornalistas.<\/p>\n<h3><a href=\"http:\/\/www.saopaulo.sp.leg.br\/transparencia\/auditorios-online\/sala-sergio-vieira-de-mello-sala\/\">Sala S\u00e9rgio Vieira de Mello<\/a><\/h3>\n<table>\n<tbody>\n<tr>\n<td>Data e Hor\u00e1rio<\/td>\n<td>Palestrante<\/td>\n<td>Tema<\/td>\n<\/tr>\n<tr>\n<td rowspan=\"2\"><strong>20 de junho 19h-21h<\/strong><\/td>\n<td>Henrique Raskin &#8211; <em>gestor de pesquisas do Instituto Atua\u00e7\u00e3o e doutorando em Filosofia pela PUC\/RS<\/em><\/td>\n<td>o \u00ecndice de Democracia Local de Curitiba<\/td>\n<\/tr>\n<tr>\n<td colspan=\"2\">MEDIA\u00c7\u00c3O: Humberto Dantas &#8211; <em>presidente da Escola do Parlamento<\/em><\/td>\n<\/tr>\n<\/tbody>\n<\/table>\n<h2>Inscri\u00e7\u00f5es: encerradas<\/h2>\n","protected":false},"excerpt":{"rendered":"<p>Diretor respons\u00e1vel e coordenador: Humberto Dantas \u00c9 poss\u00edvel mensurar a Democracia? Seria vi\u00e1vel estabelecer um conjunto de vari\u00e1veis e indicadores que nos mostrassem se uma CIDADE \u00e9 mais ou menos democr\u00e1tica? O tema \u00e9 pol\u00eamico e tem ocupado relevante espa\u00e7o na academia. Nesse contexto, a Escola do Parlamento contar\u00e1 com a presen\u00e7a de dirigentes do [&hellip;]<\/p>\n","protected":false},"author":522,"featured_media":0,"parent":8438,"menu_order":361,"comment_status":"closed","ping_status":"closed","template":"","meta":{"_acf_changed":false,"footnotes":""},"class_list":["post-9757","page","type-page","status-publish","hentry"],"acf":[],"_links":{"self":[{"href":"https:\/\/www.saopaulo.sp.leg.br\/escoladoparlamento\/wp-json\/wp\/v2\/pages\/9757","targetHints":{"allow":["GET"]}}],"collection":[{"href":"https:\/\/www.saopaulo.sp.leg.br\/escoladoparlamento\/wp-json\/wp\/v2\/pages"}],"about":[{"href":"https:\/\/www.saopaulo.sp.leg.br\/escoladoparlamento\/wp-json\/wp\/v2\/types\/page"}],"author":[{"embeddable":true,"href":"https:\/\/www.saopaulo.sp.leg.br\/escoladoparlamento\/wp-json\/wp\/v2\/users\/522"}],"replies":[{"embeddable":true,"href":"https:\/\/www.saopaulo.sp.leg.br\/escoladoparlamento\/wp-json\/wp\/v2\/comments?post=9757"}],"version-history":[{"count":0,"href":"https:\/\/www.saopaulo.sp.leg.br\/escoladoparlamento\/wp-json\/wp\/v2\/pages\/9757\/revisions"}],"up":[{"embeddable":true,"href":"https:\/\/www.saopaulo.sp.leg.br\/escoladoparlamento\/wp-json\/wp\/v2\/pages\/8438"}],"wp:attachment":[{"href":"https:\/\/www.saopaulo.sp.leg.br\/escoladoparlamento\/wp-json\/wp\/v2\/media?parent=9757"}],"curies":[{"name":"wp","href":"https:\/\/api.w.org\/{rel}","templated":true}]}}