{"id":9366,"date":"2018-05-09T20:20:10","date_gmt":"2018-05-09T23:20:10","guid":{"rendered":"http:\/\/www.saopaulo.sp.leg.br\/escoladoparlamento\/?page_id=9366"},"modified":"2018-05-22T16:35:49","modified_gmt":"2018-05-22T19:35:49","slug":"estudantes-comunidades-e-escola-do-parlamento-o-desafio-da-educacao-politica","status":"publish","type":"page","link":"https:\/\/www.saopaulo.sp.leg.br\/escoladoparlamento\/cursos\/cursos-anteriores\/cursos-realizados-2018\/estudantes-comunidades-e-escola-do-parlamento-o-desafio-da-educacao-politica\/","title":{"rendered":"Estudantes, comunidades e Escola do Parlamento \u2013 o desafio da Educa\u00e7\u00e3o Pol\u00edtica"},"content":{"rendered":"<p><strong>Diretor Respons\u00e1vel:<\/strong> Humberto Dantas<\/p>\n<p><strong>Objetivos: <\/strong>Debater os resultados e o formato da parceria entre Funda\u00e7\u00e3o Get\u00falio Vargas (FGV), Movimento dos Sem-Teto do Ipiranga (MSTI) e Escola do Parlamento, que resultou na forma\u00e7\u00e3o de cerca de 30 universit\u00e1rios que foram \u00e0 comunidade debater pol\u00edtica com aproximadamente 200 cidad\u00e3os; conhecer\u00a0o desafio extensionista da universidade, o desafio formador da Escola do Parlamento e o desafio social do terceiro setor.<\/p>\n<p><strong>P\u00fablico alvo:<\/strong> educadores, estudantes, cidad\u00e3os em geral<\/p>\n<p><strong>Carga Hor\u00e1ria: <\/strong>2h<\/p>\n<p><strong>Programa\u00e7\u00e3o:<\/strong> 17 de maio, 19h \u00e0s 21h <a href=\"http:\/\/www.saopaulo.sp.leg.br\/transparencia\/auditorios-online\/sala-oscar-pedroso-horta-sala-b\/\">Sala Oscar Pedroso Horta<\/a><\/p>\n<p>Maksuel Jos\u00e9 Costa &#8211; fundador<em> do MSTI<\/em><\/p>\n<p>Humberto Dantas &#8211; <em>diretor-presidente da Escola do Parlamento<\/em><\/p>\n<p>graduandos da FGV &#8211; <em>professores da atividade em Heli\u00f3polis<\/em><\/p>\n<p>&nbsp;<\/p>\n<h2><strong>Inscri\u00e7\u00f5es: <span style=\"color: #ff0000\">encerradas<\/span><\/strong><\/h2>\n","protected":false},"excerpt":{"rendered":"<p>Diretor Respons\u00e1vel: Humberto Dantas Objetivos: Debater os resultados e o formato da parceria entre Funda\u00e7\u00e3o Get\u00falio Vargas (FGV), Movimento dos Sem-Teto do Ipiranga (MSTI) e Escola do Parlamento, que resultou na forma\u00e7\u00e3o de cerca de 30 universit\u00e1rios que foram \u00e0 comunidade debater pol\u00edtica com aproximadamente 200 cidad\u00e3os; conhecer\u00a0o desafio extensionista da universidade, o desafio formador [&hellip;]<\/p>\n","protected":false},"author":522,"featured_media":0,"parent":8438,"menu_order":365,"comment_status":"closed","ping_status":"closed","template":"","meta":{"_acf_changed":false,"footnotes":""},"class_list":["post-9366","page","type-page","status-publish","hentry"],"acf":[],"_links":{"self":[{"href":"https:\/\/www.saopaulo.sp.leg.br\/escoladoparlamento\/wp-json\/wp\/v2\/pages\/9366","targetHints":{"allow":["GET"]}}],"collection":[{"href":"https:\/\/www.saopaulo.sp.leg.br\/escoladoparlamento\/wp-json\/wp\/v2\/pages"}],"about":[{"href":"https:\/\/www.saopaulo.sp.leg.br\/escoladoparlamento\/wp-json\/wp\/v2\/types\/page"}],"author":[{"embeddable":true,"href":"https:\/\/www.saopaulo.sp.leg.br\/escoladoparlamento\/wp-json\/wp\/v2\/users\/522"}],"replies":[{"embeddable":true,"href":"https:\/\/www.saopaulo.sp.leg.br\/escoladoparlamento\/wp-json\/wp\/v2\/comments?post=9366"}],"version-history":[{"count":0,"href":"https:\/\/www.saopaulo.sp.leg.br\/escoladoparlamento\/wp-json\/wp\/v2\/pages\/9366\/revisions"}],"up":[{"embeddable":true,"href":"https:\/\/www.saopaulo.sp.leg.br\/escoladoparlamento\/wp-json\/wp\/v2\/pages\/8438"}],"wp:attachment":[{"href":"https:\/\/www.saopaulo.sp.leg.br\/escoladoparlamento\/wp-json\/wp\/v2\/media?parent=9366"}],"curies":[{"name":"wp","href":"https:\/\/api.w.org\/{rel}","templated":true}]}}