{"id":9336,"date":"2018-05-07T17:53:22","date_gmt":"2018-05-07T20:53:22","guid":{"rendered":"http:\/\/www.saopaulo.sp.leg.br\/escoladoparlamento\/?page_id=9336"},"modified":"2018-10-17T13:33:40","modified_gmt":"2018-10-17T16:33:40","slug":"fundamentos-da-educacao-integral-para-uma-cidade-educadora","status":"publish","type":"page","link":"https:\/\/www.saopaulo.sp.leg.br\/escoladoparlamento\/cursos\/cursos-anteriores\/cursos-realizados-2018\/fundamentos-da-educacao-integral-para-uma-cidade-educadora\/","title":{"rendered":"Fundamentos da Educa\u00e7\u00e3o Integral para uma Cidade Educadora"},"content":{"rendered":"<p><strong>Diretores Respons\u00e1veis: <\/strong>Humberto Dantas\/Ilza Val\u00e9ria Moreira Jorge<\/p>\n<p><strong>Coordenadores: <\/strong>Silvia Aparecida Santos de Carvalho\/ Elio Araujo da Silva<\/p>\n<p>Curso na \u00e1rea da Educa\u00e7\u00e3o inserido no Programa de Capacita\u00e7\u00e3o de Agentes Pol\u00edticos e Comunit\u00e1rios e de Forma\u00e7\u00e3o para Cidadania da Escola do Parlamento da CMSP em parceria com SME e outras Secretarias.<\/p>\n<p><strong>Objetivos:<\/strong> Contribuir para o estabelecimento de fundamentos te\u00f3ricos sobre Educa\u00e7\u00e3o Integral no munic\u00edpio de S\u00e3o Paulo, por meio da apresenta\u00e7\u00e3o e debate de pesquisas j\u00e1 realizadas e da sistematiza\u00e7\u00e3o dos resultados deste ciclo formativo.<\/p>\n<p><strong>P\u00fablico Alvo:<\/strong> professores da Educa\u00e7\u00e3o Infantil e do Ensino Fundamental I, Coordenadores Pedag\u00f3gicos, Diretores de Escola, Supervisores de Ensino.<\/p>\n<p><strong>Vagas:\u00a0<\/strong>150 vagas<\/p>\n<p><strong>Carga Hor\u00e1ria:\u00a0<\/strong>20 horas<\/p>\n<h3><strong>Inscri\u00e7\u00f5es:<\/strong> <span style=\"color: #ff0000\">Encerradas<\/span><\/h3>\n<p><strong>Programa\u00e7\u00e3o: <\/strong>18 \u00e0s 22h &#8211; C\u00e2mara Municipal de S\u00e3o Paulo<u><br \/>\n<\/u><\/p>\n<p><strong>Encontro 1 \u2013 22 de maio &#8211; Estudos sobre educa\u00e7\u00e3o integral e inova\u00e7\u00e3o educacional<\/strong><\/p>\n<p>Coordena\u00e7\u00e3o: Jo\u00e3o Kleber de Santana Souza<\/p>\n<p>Palestrantes: Jamir Nogueira e M\u00e1rcia Cal\u00e7ada Kohatsu<\/p>\n<p><strong>Encontro 2 \u2013 26 de junho: Desigualdades territoriais e possibilidades da educa\u00e7\u00e3o integral<\/strong><\/p>\n<p>Coordena\u00e7\u00e3o: Fabiana A. A. Jardim<\/p>\n<p>Palestrantes: Hamilton Harley de Carvalho Silva e Maria Gilv\u00e2nia Valdivino Silva<\/p>\n<p><strong>Encontro 3 \u2013 21 de agosto: Educa\u00e7\u00e3o integral nas inf\u00e2ncias<\/strong><\/p>\n<p>Coordena\u00e7\u00e3o: Miriam Marcolino dos Santos<\/p>\n<p>Palestrantes: Agda Sardenberg e Sonia Larrubia<\/p>\n<p><strong>Encontro 4 \u2013 18 de setembro: Nexos entre educa\u00e7\u00e3o integral e diversidade<\/strong><\/p>\n<p>Coordena\u00e7\u00e3o: Carlos Eduardo Fernandes J\u00fanior<\/p>\n<p>Palestrantes: Cl\u00e1udio Marques da Silva Neto e Daniele Kowalewski<\/p>\n<p><strong>Encontro 5 \u2013 16 de outubro: O papel da gest\u00e3o democr\u00e1tica na educa\u00e7\u00e3o integral<\/strong><\/p>\n<p>Coordena\u00e7\u00e3o: Fatima Antonio<\/p>\n<p>Palestrantes: Alexandre Gilsogano Gomes de Oliveira e Jos\u00e9 S. Silveira<\/p>\n<p>&nbsp;<\/p>\n","protected":false},"excerpt":{"rendered":"<p>Diretores Respons\u00e1veis: Humberto Dantas\/Ilza Val\u00e9ria Moreira Jorge Coordenadores: Silvia Aparecida Santos de Carvalho\/ Elio Araujo da Silva Curso na \u00e1rea da Educa\u00e7\u00e3o inserido no Programa de Capacita\u00e7\u00e3o de Agentes Pol\u00edticos e Comunit\u00e1rios e de Forma\u00e7\u00e3o para Cidadania da Escola do Parlamento da CMSP em parceria com SME e outras Secretarias. Objetivos: Contribuir para o estabelecimento [&hellip;]<\/p>\n","protected":false},"author":522,"featured_media":0,"parent":8438,"menu_order":369,"comment_status":"closed","ping_status":"closed","template":"","meta":{"_acf_changed":false,"footnotes":""},"class_list":["post-9336","page","type-page","status-publish","hentry"],"acf":[],"_links":{"self":[{"href":"https:\/\/www.saopaulo.sp.leg.br\/escoladoparlamento\/wp-json\/wp\/v2\/pages\/9336","targetHints":{"allow":["GET"]}}],"collection":[{"href":"https:\/\/www.saopaulo.sp.leg.br\/escoladoparlamento\/wp-json\/wp\/v2\/pages"}],"about":[{"href":"https:\/\/www.saopaulo.sp.leg.br\/escoladoparlamento\/wp-json\/wp\/v2\/types\/page"}],"author":[{"embeddable":true,"href":"https:\/\/www.saopaulo.sp.leg.br\/escoladoparlamento\/wp-json\/wp\/v2\/users\/522"}],"replies":[{"embeddable":true,"href":"https:\/\/www.saopaulo.sp.leg.br\/escoladoparlamento\/wp-json\/wp\/v2\/comments?post=9336"}],"version-history":[{"count":0,"href":"https:\/\/www.saopaulo.sp.leg.br\/escoladoparlamento\/wp-json\/wp\/v2\/pages\/9336\/revisions"}],"up":[{"embeddable":true,"href":"https:\/\/www.saopaulo.sp.leg.br\/escoladoparlamento\/wp-json\/wp\/v2\/pages\/8438"}],"wp:attachment":[{"href":"https:\/\/www.saopaulo.sp.leg.br\/escoladoparlamento\/wp-json\/wp\/v2\/media?parent=9336"}],"curies":[{"name":"wp","href":"https:\/\/api.w.org\/{rel}","templated":true}]}}