{"id":9323,"date":"2018-05-04T18:43:57","date_gmt":"2018-05-04T21:43:57","guid":{"rendered":"http:\/\/www.saopaulo.sp.leg.br\/escoladoparlamento\/?page_id=9323"},"modified":"2018-05-25T14:23:01","modified_gmt":"2018-05-25T17:23:01","slug":"a-influencia-das-fake-news-no-processo-eleitoral","status":"publish","type":"page","link":"https:\/\/www.saopaulo.sp.leg.br\/escoladoparlamento\/cursos\/cursos-anteriores\/cursos-realizados-2018\/a-influencia-das-fake-news-no-processo-eleitoral\/","title":{"rendered":"A Influ\u00eancia das &#8220;fake news&#8221; no processo eleitoral"},"content":{"rendered":"<p><strong>Diretora Respons\u00e1vel:<\/strong> Mateus Novaes Dias<\/p>\n<p>Em ano eleitoral, aumenta-se o desafio de saber o que pensam e como se comportam os candidatos. A dificuldade \u00e9 saber o que \u00e9, ou n\u00e3o, verdade sobre o que disseram ou sobre quem s\u00e3o, principalmente neste momento de forte polariza\u00e7\u00e3o ideol\u00f3gica, em que grupos e pessoas aproveitam-se da quase nula checagem da veracidade de not\u00edcias para justificar seus posicionamentos. Entendendo que n\u00e3o s\u00f3 o acesso \u00e0 informa\u00e7\u00e3o, mas tamb\u00e9m ferramentas de verifica\u00e7\u00e3o das informa\u00e7\u00f5es selecionadas, s\u00e3o primordiais para um julgamento correto, a Escola do Parlamento prop\u00f5e o debate.<\/p>\n<p><strong>Objetivos:<\/strong> debater com os palestrantes e participantes como as falsas not\u00edcias atingem e influenciam o eleitor, se a sociedade em geral est\u00e1 preparada para lidar com <em>fake news<\/em>, <em>bots<\/em>, perfis falsos e como se faz o combate no cotidiano.<\/p>\n<p><strong>P\u00fablico alvo:<\/strong> jornalistas, estudantes de Jornalismo e cidad\u00e3os em geral que tenham interesse pelo tema.<\/p>\n<p><strong>Carga hor\u00e1ria:<\/strong> 6 horas<\/p>\n<h3><strong>Inscri\u00e7\u00f5es: Encerradas<\/strong><\/h3>\n<p><strong>Programa\u00e7\u00e3o:<\/strong> <a href=\"http:\/\/www.saopaulo.sp.leg.br\/transparencia\/auditorios-online\/sala-sergio-vieira-de-mello-sala\/\">Sala S\u00e9rgio Vieira de Mello<\/a> <strong>&#8211; 19h \u00e0s 22h<\/strong><\/p>\n<table>\n<tbody>\n<tr>\n<td><strong>Data<\/strong><\/td>\n<td><strong>Palestrante<\/strong><\/td>\n<td><strong>Tema<\/strong><\/td>\n<\/tr>\n<tr>\n<td><strong>21 de maio<\/strong><\/td>\n<td>Lu\u00eds Nassif \u2013 Jornalista, fundador do Portal GGN<\/p>\n<p>Fernando Abrucio \u2013 Cientista Pol\u00edtico, professor da FGV\/SP<\/td>\n<td>A amea\u00e7a das fake news nas elei\u00e7\u00f5es 2018<\/td>\n<\/tr>\n<tr>\n<td><strong>23 de maio<\/strong><\/td>\n<td>Marcelo Moura &#8211; Editor da Revista \u00c9poca Neg\u00f3cios<\/p>\n<p>Ivan Paganotti \u2013 Professor de Jornalismo da FIAM-FAAM<\/td>\n<td>O cotidiano no combate \u00e0s fake news<\/td>\n<\/tr>\n<\/tbody>\n<\/table>\n<p>&nbsp;<\/p>\n","protected":false},"excerpt":{"rendered":"<p>Diretora Respons\u00e1vel: Mateus Novaes Dias Em ano eleitoral, aumenta-se o desafio de saber o que pensam e como se comportam os candidatos. A dificuldade \u00e9 saber o que \u00e9, ou n\u00e3o, verdade sobre o que disseram ou sobre quem s\u00e3o, principalmente neste momento de forte polariza\u00e7\u00e3o ideol\u00f3gica, em que grupos e pessoas aproveitam-se da quase [&hellip;]<\/p>\n","protected":false},"author":522,"featured_media":0,"parent":8438,"menu_order":371,"comment_status":"closed","ping_status":"closed","template":"","meta":{"_acf_changed":false,"footnotes":""},"class_list":["post-9323","page","type-page","status-publish","hentry"],"acf":[],"_links":{"self":[{"href":"https:\/\/www.saopaulo.sp.leg.br\/escoladoparlamento\/wp-json\/wp\/v2\/pages\/9323","targetHints":{"allow":["GET"]}}],"collection":[{"href":"https:\/\/www.saopaulo.sp.leg.br\/escoladoparlamento\/wp-json\/wp\/v2\/pages"}],"about":[{"href":"https:\/\/www.saopaulo.sp.leg.br\/escoladoparlamento\/wp-json\/wp\/v2\/types\/page"}],"author":[{"embeddable":true,"href":"https:\/\/www.saopaulo.sp.leg.br\/escoladoparlamento\/wp-json\/wp\/v2\/users\/522"}],"replies":[{"embeddable":true,"href":"https:\/\/www.saopaulo.sp.leg.br\/escoladoparlamento\/wp-json\/wp\/v2\/comments?post=9323"}],"version-history":[{"count":0,"href":"https:\/\/www.saopaulo.sp.leg.br\/escoladoparlamento\/wp-json\/wp\/v2\/pages\/9323\/revisions"}],"up":[{"embeddable":true,"href":"https:\/\/www.saopaulo.sp.leg.br\/escoladoparlamento\/wp-json\/wp\/v2\/pages\/8438"}],"wp:attachment":[{"href":"https:\/\/www.saopaulo.sp.leg.br\/escoladoparlamento\/wp-json\/wp\/v2\/media?parent=9323"}],"curies":[{"name":"wp","href":"https:\/\/api.w.org\/{rel}","templated":true}]}}