{"id":9267,"date":"2018-04-25T16:33:23","date_gmt":"2018-04-25T19:33:23","guid":{"rendered":"http:\/\/www.saopaulo.sp.leg.br\/escoladoparlamento\/?page_id=9267"},"modified":"2018-05-30T14:01:46","modified_gmt":"2018-05-30T17:01:46","slug":"o-que-muda-quando-muda-o-zoneamento","status":"publish","type":"page","link":"https:\/\/www.saopaulo.sp.leg.br\/escoladoparlamento\/cursos\/cursos-anteriores\/cursos-realizados-2018\/o-que-muda-quando-muda-o-zoneamento\/","title":{"rendered":"O que muda quando muda o zoneamento"},"content":{"rendered":"<p style=\"padding-left: 30px\"><strong>Diretora Respons\u00e1vel:<\/strong> Lara Elena Ramos Simielli<\/p>\n<p>Curso sobre zoneamento, com foco nas dis(fun\u00e7\u00f5es) do mercado imobili\u00e1rio e no impacto sobre as pol\u00edticas habitacionais, de patrim\u00f4nio e de infraestrutura. Parceria da <strong>Escola do Parlamento<\/strong> com o <strong><em>Lincoln Institute of Land Policy<\/em> <\/strong>e apoio do <strong>Esquina<\/strong> (Estad\u00e3o).<\/p>\n<p><strong>P\u00fablico Alvo: <\/strong>Vereadores, assessores de gabinete, gestores p\u00fablicos, estudantes e p\u00fablico em geral<\/p>\n<p><strong>Vagas <\/strong>150 vagas<\/p>\n<h2>28 de maio, das 10h \u00e0s 18h30<\/h2>\n<h2><a href=\"http:\/\/www.saopaulo.sp.leg.br\/transparencia\/auditorios-online\/auditorio-prestes-maia\/\">Audit\u00f3rio Prestes Maia<\/a><\/h2>\n<h2>Inscri\u00e7\u00f5es: Encerradas.<\/h2>\n<p>&nbsp;<\/p>\n<p><strong>10h-11h &#8211; Mesa de Abertura<\/strong><\/p>\n<p>Escola do Parlamento (Humberto Dantas)<\/p>\n<p><em>Lincoln Institute of Land Policy<\/em> (Martim Smolka)<\/p>\n<p>C\u00e2mara Municipal de S\u00e3o Paulo (Vereador Jos\u00e9 Police Neto)<\/p>\n<p>Secretaria Municipal de Urbanismo e Licenciamento (Helo\u00edsa M. S. Penteado Proen\u00e7a)<\/p>\n<p><strong>11h-12h30 &#8211; Zoneamento e dis(fun\u00e7\u00f5es) do mercado imobili\u00e1rio<\/strong><\/p>\n<p>Martim Smolka &#8211; <a href=\"http:\/\/www.saopaulo.sp.leg.br\/escoladoparlamento\/wp-content\/uploads\/sites\/5\/2018\/05\/Martim-O.-Smolka_-ReZone-EP-SP-Maio-2018-5-27.pdf\">Slide<\/a><\/p>\n<p><strong>14h30-16h &#8211; Zoneamento e seu impacto nas pol\u00edticas habitacionais, de patrim\u00f4nio e de infraestrutura<\/strong><\/p>\n<p>Sonia Rabello &#8211; <a href=\"http:\/\/www.saopaulo.sp.leg.br\/escoladoparlamento\/wp-content\/uploads\/sites\/5\/2018\/05\/Profa.-Sonia-Rabello_S\u00e3o-Paulo-C\u00e2mara-Municipal-PL-zoneamento.pdf\">Slide<\/a><\/p>\n<p><strong>16h-16h30 &#8211; Intervalo<\/strong><\/p>\n<p><strong>16h30-18h30 &#8211; Novos Instrumentos de Gest\u00e3o Urbana<\/strong><\/p>\n<p><em>Lincoln Institute of Land Policy<\/em> (Martim Smolka e Sonia Rabello)<\/p>\n<p>C\u00e2mara Municipal de S\u00e3o Paulo (Vereador Jos\u00e9 Police Neto) &#8211; <a href=\"http:\/\/www.saopaulo.sp.leg.br\/escoladoparlamento\/wp-content\/uploads\/sites\/5\/2018\/05\/Vereador-Police-Neto_apresentac\u0327a\u0303o-zoneamento.pdf\">Slide<\/a><\/p>\n<p>SP Urbanismo (Jos\u00e9 Ant\u00f4nio Apparecido J\u00fanior) &#8211; <a href=\"http:\/\/www.saopaulo.sp.leg.br\/escoladoparlamento\/wp-content\/uploads\/sites\/5\/2018\/05\/Jose-Antonio-Apparecido-Junior_O-que-muda-quando-muda-o-zoneamento.pdf\">Slide<\/a><\/p>\n<p><strong>media\u00e7\u00e3o:<\/strong> Blog Caminhadas Urbanas\/Estad\u00e3o (Mauro Calliari)<\/p>\n<p>&nbsp;<\/p>\n<hr \/>\n<h3><strong>Materiais de apoio<\/strong><\/h3>\n<p>As pessoas que quiserem participar das discuss\u00f5es podem se preparar com o seguinte material de apoio:<\/p>\n<ul>\n<li>Policy Focus Report: Recupera\u00e7\u00e3o de Mais-Valias Fundi\u00e1rias na Am\u00e9rica Latina: <a href=\"https:\/\/www.lincolninst.edu\/node\/21776\">https:\/\/www.lincolninst.edu\/node\/21776<\/a><\/li>\n<li>Propriedade Urbana: dos Direitos de Construir e da sua Outorga Onerosa (v\u00eddeo): <a href=\"https:\/\/www.lincolninst.edu\/publications\/multimedia\/propriedade-urbana\">https:\/\/www.lincolninst.edu\/publications\/multimedia\/propriedade-urbana<\/a><\/li>\n<li>Caderno T\u00e9cnico de Regulamenta\u00e7\u00e3o e Implementa\u00e7ao da Outorga Onerosa do Direito de Construir (pdf anexo)<\/li>\n<li>Instrumentos Notables de Pol\u00edticas de Suelo en America Latina (aqui h\u00e1 alguns textos em portugu\u00eas): <a href=\"https:\/\/www.lincolninst.edu\/publications\/books\/instrumentos-notables-politicas-suelo-en-america-latina\">https:\/\/www.lincolninst.edu\/publications\/books\/instrumentos-notables-politicas-suelo-en-america-latina<\/a><\/li>\n<li>S\u00e9rie Instrumentos de Pol\u00edtica Urbana (v\u00eddeos): <a href=\"https:\/\/www.youtube.com\/watch?v=ua49aKdz-pQ&amp;list=PL9LNk8SU8LHsf3JQF_HJ-C6A0iz-vrx1j\">https:\/\/www.youtube.com\/watch?v=ua49aKdz-pQ&amp;list=PL9LNk8SU8LHsf3JQF_HJ-C6A0iz-vrx1j<\/a><\/li>\n<li>S\u00e9rie Desafios Urbanos (v\u00eddeos): <a href=\"https:\/\/www.youtube.com\/watch?v=YV6QxZWNv5g&amp;list=PL9LNk8SU8LHsPFbBFD0IllMTNmvHAws_E\">https:\/\/www.youtube.com\/watch?v=YV6QxZWNv5g&amp;list=PL9LNk8SU8LHsPFbBFD0IllMTNmvHAws_E<\/a><\/li>\n<li>S\u00e9rie Tutoriais sobre Pol\u00edticas de Solo Urbano (v\u00eddeos): <a href=\"https:\/\/www.youtube.com\/watch?v=2zyrcxWEEgw&amp;list=PL9LNk8SU8LHt9qBGaLfBO5tsjs-fVALz3\">https:\/\/www.youtube.com\/watch?v=2zyrcxWEEgw&amp;list=PL9LNk8SU8LHt9qBGaLfBO5tsjs-fVALz3<\/a><\/li>\n<\/ul>\n<p>&nbsp;<\/p>\n","protected":false},"excerpt":{"rendered":"<p>Diretora Respons\u00e1vel: Lara Elena Ramos Simielli Curso sobre zoneamento, com foco nas dis(fun\u00e7\u00f5es) do mercado imobili\u00e1rio e no impacto sobre as pol\u00edticas habitacionais, de patrim\u00f4nio e de infraestrutura. Parceria da Escola do Parlamento com o Lincoln Institute of Land Policy e apoio do Esquina (Estad\u00e3o). P\u00fablico Alvo: Vereadores, assessores de gabinete, gestores p\u00fablicos, estudantes e [&hellip;]<\/p>\n","protected":false},"author":522,"featured_media":0,"parent":8438,"menu_order":372,"comment_status":"closed","ping_status":"closed","template":"","meta":{"_acf_changed":false,"footnotes":""},"class_list":["post-9267","page","type-page","status-publish","hentry"],"acf":[],"_links":{"self":[{"href":"https:\/\/www.saopaulo.sp.leg.br\/escoladoparlamento\/wp-json\/wp\/v2\/pages\/9267","targetHints":{"allow":["GET"]}}],"collection":[{"href":"https:\/\/www.saopaulo.sp.leg.br\/escoladoparlamento\/wp-json\/wp\/v2\/pages"}],"about":[{"href":"https:\/\/www.saopaulo.sp.leg.br\/escoladoparlamento\/wp-json\/wp\/v2\/types\/page"}],"author":[{"embeddable":true,"href":"https:\/\/www.saopaulo.sp.leg.br\/escoladoparlamento\/wp-json\/wp\/v2\/users\/522"}],"replies":[{"embeddable":true,"href":"https:\/\/www.saopaulo.sp.leg.br\/escoladoparlamento\/wp-json\/wp\/v2\/comments?post=9267"}],"version-history":[{"count":0,"href":"https:\/\/www.saopaulo.sp.leg.br\/escoladoparlamento\/wp-json\/wp\/v2\/pages\/9267\/revisions"}],"up":[{"embeddable":true,"href":"https:\/\/www.saopaulo.sp.leg.br\/escoladoparlamento\/wp-json\/wp\/v2\/pages\/8438"}],"wp:attachment":[{"href":"https:\/\/www.saopaulo.sp.leg.br\/escoladoparlamento\/wp-json\/wp\/v2\/media?parent=9267"}],"curies":[{"name":"wp","href":"https:\/\/api.w.org\/{rel}","templated":true}]}}