{"id":9187,"date":"2018-04-18T15:03:24","date_gmt":"2018-04-18T18:03:24","guid":{"rendered":"http:\/\/www.saopaulo.sp.leg.br\/escoladoparlamento\/?page_id=9187"},"modified":"2018-05-15T17:16:24","modified_gmt":"2018-05-15T20:16:24","slug":"iv-jornada-paulista-de-cerimonial","status":"publish","type":"page","link":"https:\/\/www.saopaulo.sp.leg.br\/escoladoparlamento\/cursos\/cursos-anteriores\/cursos-realizados-2018\/iv-jornada-paulista-de-cerimonial\/","title":{"rendered":"IV Jornada Paulista de Cerimonial"},"content":{"rendered":"<p><strong>Objetivos:<\/strong> aglutinar e difundir\u00a0 a profiss\u00e3o de Cerimonialista e Mestre de Cerim\u00f4nias por todo o Brasil.<\/p>\n<p><strong>P\u00fablico-alvo:<\/strong> Servidores p\u00fablicos, estudantes de Rela\u00e7\u00f5es P\u00fablicas, universit\u00e1rios e cidad\u00e3os em geral.<\/p>\n<h3><strong>14 de maio &#8211; <a href=\"http:\/\/www.saopaulo.sp.leg.br\/transparencia\/auditorios-online\/salao-nobre-presidente-joao-brasil-vita\/\">Sal\u00e3o Nobre<\/a> &#8211; das 13h \u00e0s 18h<\/strong><\/h3>\n<p><strong>Programa\u00e7\u00e3o:<\/strong><\/p>\n<p><strong>13h<\/strong> &#8211; CNCP Nova Gest\u00e3o, Nova Vis\u00e3o<br \/>\nProf. Dr. Silvio Lobo &#8211; Diretor do CNCP<br \/>\nLizete Ricci &#8211; Cerimonialista da Assembleia Legislativa do Estado de SP e Diretora de Representa\u00e7\u00e3o CNCP<br \/>\nS\u00f4nia Rodrigues &#8211; Coordenadora Regional do Sudeste do CNCP<\/p>\n<p><strong>13h30<\/strong>\u00a0<strong>Painel \u2013<\/strong> Cerimonial como ferramenta de comunica\u00e7\u00e3o<br \/>\n<em>Gilda Fleury<\/em><br \/>\n<em> Eliane Ubill\u00fas<\/em><br \/>\n<em> Anderson Amaury Silva<\/em> (Moderador)<\/p>\n<p><strong>14h30<\/strong> <strong>Palestra<\/strong> \u2013 O Poder da Fala<br \/>\n<em>Anderson Amaury Silva<\/em><\/p>\n<p><strong>15h<\/strong>\u00a0<strong>Palestra<\/strong> \u2013 Diferen\u00e7as entre Mestre de Cerim\u00f4nias e Celebrante Social Casamentos<br \/>\n<em>Luciano Toledo<\/em><\/p>\n<p><strong>15h30<\/strong> &#8211; <strong>INTERVALO<\/strong><\/p>\n<p><strong>16h<\/strong> &#8211; O cerimonial Social<br \/>\n<em>Talita Uoya<\/em><\/p>\n<p><strong>17h<\/strong>\u00a0 <strong>Mesa Redonda<\/strong> \u2013 Visitas Oficiais, Governamentais e Empresariais<br \/>\n<em>Rita Mamede<\/em><br \/>\n<em> Lizete Ricci<\/em><br \/>\n<em> Bras\u00edlia de Arruda Botelho<\/em> (Moderadora)<\/p>\n<h2>Inscri\u00e7\u00f5es: <span style=\"color: #ff0000\">Encerradas<\/span><\/h2>\n","protected":false},"excerpt":{"rendered":"<p>Objetivos: aglutinar e difundir\u00a0 a profiss\u00e3o de Cerimonialista e Mestre de Cerim\u00f4nias por todo o Brasil. P\u00fablico-alvo: Servidores p\u00fablicos, estudantes de Rela\u00e7\u00f5es P\u00fablicas, universit\u00e1rios e cidad\u00e3os em geral. 14 de maio &#8211; Sal\u00e3o Nobre &#8211; das 13h \u00e0s 18h Programa\u00e7\u00e3o: 13h &#8211; CNCP Nova Gest\u00e3o, Nova Vis\u00e3o Prof. Dr. Silvio Lobo &#8211; Diretor do CNCP [&hellip;]<\/p>\n","protected":false},"author":522,"featured_media":0,"parent":8438,"menu_order":376,"comment_status":"closed","ping_status":"closed","template":"","meta":{"_acf_changed":false,"footnotes":""},"class_list":["post-9187","page","type-page","status-publish","hentry"],"acf":[],"_links":{"self":[{"href":"https:\/\/www.saopaulo.sp.leg.br\/escoladoparlamento\/wp-json\/wp\/v2\/pages\/9187","targetHints":{"allow":["GET"]}}],"collection":[{"href":"https:\/\/www.saopaulo.sp.leg.br\/escoladoparlamento\/wp-json\/wp\/v2\/pages"}],"about":[{"href":"https:\/\/www.saopaulo.sp.leg.br\/escoladoparlamento\/wp-json\/wp\/v2\/types\/page"}],"author":[{"embeddable":true,"href":"https:\/\/www.saopaulo.sp.leg.br\/escoladoparlamento\/wp-json\/wp\/v2\/users\/522"}],"replies":[{"embeddable":true,"href":"https:\/\/www.saopaulo.sp.leg.br\/escoladoparlamento\/wp-json\/wp\/v2\/comments?post=9187"}],"version-history":[{"count":0,"href":"https:\/\/www.saopaulo.sp.leg.br\/escoladoparlamento\/wp-json\/wp\/v2\/pages\/9187\/revisions"}],"up":[{"embeddable":true,"href":"https:\/\/www.saopaulo.sp.leg.br\/escoladoparlamento\/wp-json\/wp\/v2\/pages\/8438"}],"wp:attachment":[{"href":"https:\/\/www.saopaulo.sp.leg.br\/escoladoparlamento\/wp-json\/wp\/v2\/media?parent=9187"}],"curies":[{"name":"wp","href":"https:\/\/api.w.org\/{rel}","templated":true}]}}