{"id":9121,"date":"2018-04-12T16:43:32","date_gmt":"2018-04-12T19:43:32","guid":{"rendered":"http:\/\/www.saopaulo.sp.leg.br\/escoladoparlamento\/?page_id=9121"},"modified":"2018-05-10T17:16:02","modified_gmt":"2018-05-10T20:16:02","slug":"democracia-e-criatividade-como-inovar-e-tornar-a-politica-mais-atraente-2a-edicao","status":"publish","type":"page","link":"https:\/\/www.saopaulo.sp.leg.br\/escoladoparlamento\/cursos\/cursos-anteriores\/cursos-realizados-2018\/democracia-e-criatividade-como-inovar-e-tornar-a-politica-mais-atraente-2a-edicao\/","title":{"rendered":"Democracia e Criatividade \u2013 como inovar e tornar a pol\u00edtica mais atraente \u2013 2\u00aa edi\u00e7\u00e3o"},"content":{"rendered":"<p>Como tornar a democracia mais atraente? Como desafiar a crise de representatividade aproximando o cidad\u00e3o da pol\u00edtica? Por meio de um desenho hist\u00f3rico\u00a0e da apresenta\u00e7\u00e3o de tr\u00eas formas de transformar a democracia em algo mais atraente o curso busca enfrentar tais desafios. N\u00e3o se trata apenas de demonstrativos, mas de a\u00e7\u00f5es realizadas em sala de aula. O curso debate, mas tamb\u00e9m coloca seus participantes para jogar, criar e inovar.<\/p>\n<p><strong>Objetivos:\u00a0<\/strong>Debater de forma clara como tornar a democracia e a pol\u00edtica mais atraentes em face de nossa crise pol\u00edtica atual \u2013 que se estende ao mundo e n\u00e3o apenas \u00e0 realidade brasileira.<\/p>\n<p><strong>P\u00fablico-alvo: <\/strong>destaque para educadores do ensino m\u00e9dio, mas aberto para\u00a0cidad\u00e3os em geral<\/p>\n<p><strong>Vagas: <\/strong>60<\/p>\n<p><strong>Carga Hor\u00e1ria: <\/strong>12h<\/p>\n<h2><strong>Inscri\u00e7\u00f5es: <span style=\"color: #ff0000\">Encerradas<\/span><\/strong><\/h2>\n<p><strong>Programa\u00e7\u00e3o: <\/strong><\/p>\n<p>dias 23 e 25 de abril e 02 de maio <a href=\"http:\/\/www.saopaulo.sp.leg.br\/transparencia\/auditorios-online\/sala-oscar-pedroso-horta-sala-b\/\">Sala Oscar Pedroso Horta<\/a> &#8211; 19h\/22h<\/p>\n<p>dia 09 de maio <a href=\"http:\/\/www.saopaulo.sp.leg.br\/transparencia\/auditorios-online\/sala-sergio-vieira-de-mello-sala\/\">Sala S\u00e9rgio Vieira de Mello<\/a> &#8211; 19h\/22h<\/p>\n<table border=\"0\" width=\"192\" cellspacing=\"0\" cellpadding=\"0\">\n<colgroup>\n<col span=\"3\" width=\"64\" \/><\/colgroup>\n<tbody>\n<tr>\n<td width=\"64\" height=\"20\"><span style=\"color: #000000;font-family: Calibri\">Data<\/span><\/td>\n<td width=\"64\"><span style=\"color: #000000;font-family: Calibri\">Palestrante<\/span><\/td>\n<td width=\"64\"><span style=\"color: #000000;font-family: Calibri\">Tema<\/span><\/td>\n<\/tr>\n<tr>\n<td style=\"text-align: left\" align=\"right\" height=\"20\"><span style=\"color: #000000;font-family: Calibri\">23\/04<\/span><\/td>\n<td><span style=\"color: #000000;font-family: Calibri\">Jogo da Pol\u00edtica<\/span><\/td>\n<td><span style=\"color: #000000;font-family: Calibri\">Jogo da Pol\u00edtica<\/span><\/td>\n<\/tr>\n<tr>\n<td style=\"text-align: left\" align=\"right\" height=\"20\"><span style=\"color: #000000;font-family: Calibri\">25\/04<\/span><\/td>\n<td><span style=\"color: #000000;font-family: Calibri\">Fast Food da Pol\u00edtica<\/span><\/td>\n<td><span style=\"color: #000000;font-family: Calibri\">Jogo<\/span><\/td>\n<\/tr>\n<tr>\n<td style=\"text-align: left\" align=\"right\" height=\"20\"><span style=\"color: #000000;font-family: Calibri\">02\/05<\/span><\/td>\n<td><span style=\"color: #000000;font-family: Calibri\">B\u00ea-a-B\u00e1 do Cidad\u00e3o<\/span><\/td>\n<td><span style=\"color: #000000;font-family: Calibri\">Din\u00e2micas<\/span><\/td>\n<\/tr>\n<tr>\n<td style=\"text-align: left\" align=\"right\" height=\"20\"><span style=\"color: #000000;font-family: Calibri\">09\/05<\/span><\/td>\n<td><span style=\"color: #000000;font-family: Calibri\">Humberto Dantas<\/span><\/td>\n<td><span style=\"color: #000000;font-family: Calibri\">Os desafios da democracia: do s\u00e9culo XIX ao s\u00e9culo XXI, incluir e inovar<\/span><\/td>\n<\/tr>\n<\/tbody>\n<\/table>\n<p>&nbsp;<\/p>\n","protected":false},"excerpt":{"rendered":"<p>Como tornar a democracia mais atraente? Como desafiar a crise de representatividade aproximando o cidad\u00e3o da pol\u00edtica? Por meio de um desenho hist\u00f3rico\u00a0e da apresenta\u00e7\u00e3o de tr\u00eas formas de transformar a democracia em algo mais atraente o curso busca enfrentar tais desafios. N\u00e3o se trata apenas de demonstrativos, mas de a\u00e7\u00f5es realizadas em sala de [&hellip;]<\/p>\n","protected":false},"author":522,"featured_media":0,"parent":8438,"menu_order":376,"comment_status":"closed","ping_status":"closed","template":"","meta":{"_acf_changed":false,"footnotes":""},"class_list":["post-9121","page","type-page","status-publish","hentry"],"acf":[],"_links":{"self":[{"href":"https:\/\/www.saopaulo.sp.leg.br\/escoladoparlamento\/wp-json\/wp\/v2\/pages\/9121","targetHints":{"allow":["GET"]}}],"collection":[{"href":"https:\/\/www.saopaulo.sp.leg.br\/escoladoparlamento\/wp-json\/wp\/v2\/pages"}],"about":[{"href":"https:\/\/www.saopaulo.sp.leg.br\/escoladoparlamento\/wp-json\/wp\/v2\/types\/page"}],"author":[{"embeddable":true,"href":"https:\/\/www.saopaulo.sp.leg.br\/escoladoparlamento\/wp-json\/wp\/v2\/users\/522"}],"replies":[{"embeddable":true,"href":"https:\/\/www.saopaulo.sp.leg.br\/escoladoparlamento\/wp-json\/wp\/v2\/comments?post=9121"}],"version-history":[{"count":0,"href":"https:\/\/www.saopaulo.sp.leg.br\/escoladoparlamento\/wp-json\/wp\/v2\/pages\/9121\/revisions"}],"up":[{"embeddable":true,"href":"https:\/\/www.saopaulo.sp.leg.br\/escoladoparlamento\/wp-json\/wp\/v2\/pages\/8438"}],"wp:attachment":[{"href":"https:\/\/www.saopaulo.sp.leg.br\/escoladoparlamento\/wp-json\/wp\/v2\/media?parent=9121"}],"curies":[{"name":"wp","href":"https:\/\/api.w.org\/{rel}","templated":true}]}}