{"id":9111,"date":"2018-04-11T17:39:22","date_gmt":"2018-04-11T20:39:22","guid":{"rendered":"http:\/\/www.saopaulo.sp.leg.br\/escoladoparlamento\/?page_id=9111"},"modified":"2018-07-24T14:17:40","modified_gmt":"2018-07-24T17:17:40","slug":"legislativos-e-tribunais-de-contas-funcionamento-e-atuacao","status":"publish","type":"page","link":"https:\/\/www.saopaulo.sp.leg.br\/escoladoparlamento\/cursos\/cursos-anteriores\/cursos-realizados-2018\/legislativos-e-tribunais-de-contas-funcionamento-e-atuacao\/","title":{"rendered":"Legislativos e Tribunais de Contas: funcionamento e atua\u00e7\u00e3o"},"content":{"rendered":"<p><strong>Diretor Respons\u00e1vel:<\/strong> Humberto Dantas<\/p>\n<p><strong>Coordena\u00e7\u00e3o:<\/strong> Alexsandro Santos<\/p>\n<p>A amplia\u00e7\u00e3o do letramento pol\u00edtico, compromisso fundamental para o fortalecimento da democracia, demanda que os cidad\u00e3os sejam, cada vez mais, conhecedores da estrutura e do funcionamento do Estado em suas m\u00faltiplas express\u00f5es. Considerando essa perspectiva propomos a realiza\u00e7\u00e3o do curso\u00a0<em>Legislativos e Tribunais de Contas: Funcionamento e Atua\u00e7\u00e3o.<\/em><\/p>\n<p><strong>Objetivos:<\/strong> reconhecer a miss\u00e3o, estrutura de funcionamento e atua\u00e7\u00e3o do Poder Legislativo (municipal e estadual) e dos \u00f3rg\u00e3os de controle externo (Tribunal de Contas do Munic\u00edpio e Tribunal de Contas do Estado; fortalecer e ampliar os canais de di\u00e1logo da Escola do Parlamento, do Instituto do Legislativo Paulista, da Escola Superior de Gest\u00e3o e Contas P\u00fablicas Eur\u00edpedes Sales e da Escola de Contas P\u00fablicas do TCE, com a popula\u00e7\u00e3o.<\/p>\n<p><strong>P\u00fablico-alvo:<\/strong> Estudantes de cursos de gradua\u00e7\u00e3o e p\u00f3s-gradua\u00e7\u00e3o nas \u00e1reas de Administra\u00e7\u00e3o P\u00fablica, Pol\u00edticas P\u00fablicas, Ci\u00eancias Sociais (Sociologia, Antropologia e Ci\u00eancia Pol\u00edtica), Direito e\u00a0outras \u00e1reas afins.<\/p>\n<p><strong>Vagas:<\/strong> 70<\/p>\n<p><strong>Carga Hor\u00e1ria:<\/strong> 20h (12h aula +8h trabalho)<\/p>\n<h2><strong>Inscri\u00e7\u00f5es: encerradas.<\/strong><\/h2>\n<p><strong>Programa\u00e7\u00e3o:<\/strong> O curso est\u00e1 organizado em um Semin\u00e1rio de Abertura seguido de quatro encontros tem\u00e1ticos. Ap\u00f3s a realiza\u00e7\u00e3o dos\u00a0encontros presenciais, os alunos ser\u00e3o convidados a elaborar um artigo cient\u00edfico com tem\u00e1tica relacionada \u00e0s aprendizagens do curso, o que\u00a0corresponder\u00e1 a 8h adicionais. Aqueles que submeterem o artigo e receberem avalia\u00e7\u00e3o satisfat\u00f3ria receber\u00e3o certificado com men\u00e7\u00e3o expl\u00edcita \u00e0 atividade;\u00a0os que n\u00e3o submeterem o artigo ou que receberem avalia\u00e7\u00e3o insatisfat\u00f3ria, receber\u00e3o certificado referente apenas \u00e0s 12h presenciais do curso.<\/p>\n<table>\n<tbody>\n<tr>\n<td><strong>DATA E HOR\u00c1RIO<\/strong><\/td>\n<td><strong>ATIVIDADE<\/strong><\/td>\n<td><strong>LOCAL<\/strong><\/td>\n<\/tr>\n<tr>\n<td>08\/5\/2018 14h \u00e0s 15h<\/td>\n<td>Semin\u00e1rio de Abertura Casas Legislativas e Tribunais de Contas em S\u00e3o Paulo<\/td>\n<td>C\u00e2mara Municipal de S\u00e3o Paulo<\/td>\n<\/tr>\n<tr>\n<td>08\/5\/2018 15h-17h<\/td>\n<td>Hist\u00f3ria, fun\u00e7\u00e3o social, estrutura e funcionamento da C\u00e2mara Municipal de S\u00e3o Paulo<\/td>\n<td>C\u00e2mara Municipal de S\u00e3o Paulo<\/td>\n<\/tr>\n<tr>\n<td>15\/5\/2018<\/p>\n<p>14h-17h<\/td>\n<td>Hist\u00f3ria, Fun\u00e7\u00e3o Social, Estrutura e Funcionamento da Assembleia Legislativa de S\u00e3o Paulo<\/td>\n<td>Instituto Legislativo Paulista (Assembleia Legislativa de S\u00e3o Paulo) &#8211; <a href=\"https:\/\/www.google.com.br\/maps\/place\/Av.+Srg.+Mario+Kozel+Filho,+165+-+Para%C3%ADso,+S%C3%A3o+Paulo+-+SP\/@-23.5795565,-46.6598459,17z\/data=!3m1!4b1!4m5!3m4!1s0x94ce59eeb37ad6e7:0xf9374a3e9443dcb5!8m2!3d-23.5795565!4d-46.6576572?hl=pt-BR\">Av. Sgt. Mario Kozel Filho, 165\u00a0&#8211;\u00a0Para\u00edso<\/a><\/td>\n<\/tr>\n<tr>\n<td>22\/5\/2018<\/p>\n<p>14h-17h<\/td>\n<td>Hist\u00f3ria, Fun\u00e7\u00e3o Social, Estrutura e Funcionamento do Tribunal de Contas do Munic\u00edpio de S\u00e3o Paulo<\/td>\n<td>Escola Superior de Gest\u00e3o e Contas P\u00fablicas Eur\u00edpedes Sales (Tribunal de Contas do Munic\u00edpio) &#8211; <a href=\"https:\/\/www.google.com.br\/maps\/place\/Av.+Professor+Ascendino+Reis,+1130+-+Vila+Clementino,+S%C3%A3o+Paulo+-+SP\/@-23.6001058,-46.6547025,17z\/data=!3m1!4b1!4m5!3m4!1s0x94ce5a185dc50551:0x41c50d2521470e47!8m2!3d-23.6001058!4d-46.6525138?hl=pt-BR\">Av. Professor Ascendino Reis, 1130 &#8211; Vila Clementino<\/a><\/td>\n<\/tr>\n<tr>\n<td>29\/5\/2018<\/p>\n<p>14h-17h<\/td>\n<td>Hist\u00f3ria, Fun\u00e7\u00e3o social, Estrutura e Funcionamento do Tribunal de Contas do Estado de S\u00e3o Paulo<\/td>\n<td>Escola de Contas P\u00fablicas (Tribunal de Contas do Estado) &#8211; <a href=\"https:\/\/www.google.com.br\/maps\/place\/Av.+Rangel+Pestana,+315+-+Centro,+S%C3%A3o+Paulo+-+SP,+01015-010\/@-23.5494504,-46.6328352,17z\/data=!3m1!4b1!4m5!3m4!1s0x94ce5900f380a677:0x2fded638330da258!8m2!3d-23.5494504!4d-46.6306465?hl=pt-BR\">Av. Rangel Pestana, 315 &#8211; Centro<\/a><\/td>\n<\/tr>\n<tr>\n<td>entrega em 19\/7\/2018<\/td>\n<td>Escrita de artigo cient\u00edfico &#8211; atividade n\u00e3o obrigat\u00f3ria<\/td>\n<td>Atividade \u00e0 dist\u00e2ncia <strong>somente para alunos que participaram de no m\u00ednimo 3 encontros e assinaram a lista de presen\u00e7a<\/strong><\/p>\n<p><a href=\"http:\/\/www.saopaulo.sp.leg.br\/escoladoparlamento\/wp-content\/uploads\/sites\/5\/2018\/06\/Orientacao-para-Artigos-Legislativos-e-Tribunais.pdf\">Orienta\u00e7\u00f5es Gerais para a escrita do Artigo<\/a><\/td>\n<\/tr>\n<\/tbody>\n<\/table>\n","protected":false},"excerpt":{"rendered":"<p>Diretor Respons\u00e1vel: Humberto Dantas Coordena\u00e7\u00e3o: Alexsandro Santos A amplia\u00e7\u00e3o do letramento pol\u00edtico, compromisso fundamental para o fortalecimento da democracia, demanda que os cidad\u00e3os sejam, cada vez mais, conhecedores da estrutura e do funcionamento do Estado em suas m\u00faltiplas express\u00f5es. Considerando essa perspectiva propomos a realiza\u00e7\u00e3o do curso\u00a0Legislativos e Tribunais de Contas: Funcionamento e Atua\u00e7\u00e3o. Objetivos: [&hellip;]<\/p>\n","protected":false},"author":522,"featured_media":0,"parent":8438,"menu_order":378,"comment_status":"closed","ping_status":"closed","template":"","meta":{"_acf_changed":false,"footnotes":""},"class_list":["post-9111","page","type-page","status-publish","hentry"],"acf":[],"_links":{"self":[{"href":"https:\/\/www.saopaulo.sp.leg.br\/escoladoparlamento\/wp-json\/wp\/v2\/pages\/9111","targetHints":{"allow":["GET"]}}],"collection":[{"href":"https:\/\/www.saopaulo.sp.leg.br\/escoladoparlamento\/wp-json\/wp\/v2\/pages"}],"about":[{"href":"https:\/\/www.saopaulo.sp.leg.br\/escoladoparlamento\/wp-json\/wp\/v2\/types\/page"}],"author":[{"embeddable":true,"href":"https:\/\/www.saopaulo.sp.leg.br\/escoladoparlamento\/wp-json\/wp\/v2\/users\/522"}],"replies":[{"embeddable":true,"href":"https:\/\/www.saopaulo.sp.leg.br\/escoladoparlamento\/wp-json\/wp\/v2\/comments?post=9111"}],"version-history":[{"count":0,"href":"https:\/\/www.saopaulo.sp.leg.br\/escoladoparlamento\/wp-json\/wp\/v2\/pages\/9111\/revisions"}],"up":[{"embeddable":true,"href":"https:\/\/www.saopaulo.sp.leg.br\/escoladoparlamento\/wp-json\/wp\/v2\/pages\/8438"}],"wp:attachment":[{"href":"https:\/\/www.saopaulo.sp.leg.br\/escoladoparlamento\/wp-json\/wp\/v2\/media?parent=9111"}],"curies":[{"name":"wp","href":"https:\/\/api.w.org\/{rel}","templated":true}]}}