{"id":9072,"date":"2018-04-09T13:56:45","date_gmt":"2018-04-09T16:56:45","guid":{"rendered":"http:\/\/www.saopaulo.sp.leg.br\/escoladoparlamento\/?page_id=9072"},"modified":"2018-04-20T16:41:31","modified_gmt":"2018-04-20T19:41:31","slug":"prestacao-de-contas-eleitorais","status":"publish","type":"page","link":"https:\/\/www.saopaulo.sp.leg.br\/escoladoparlamento\/cursos\/cursos-anteriores\/cursos-realizados-2018\/prestacao-de-contas-eleitorais\/","title":{"rendered":"Presta\u00e7\u00e3o de Contas Eleitorais"},"content":{"rendered":"<h2><strong><span style=\"color: #ff0000\">EVENTO EXCLUSIVO PARA SERVIDORES DA CMSP E ALUNOS DA P\u00d3S-GRADUA\u00c7\u00c3O DA ESCOLA DO PARLAMENTO<\/span><\/strong><\/h2>\n<p>Recentemente, com a reforma eleitoral, muitas mudan\u00e7as ocorreram na legisla\u00e7\u00e3o das elei\u00e7\u00f5es e das campanhas, o que tem despertado muito interesse em\u00a0temas como arrecada\u00e7\u00e3o, limites para gastos e\u00a0doa\u00e7\u00f5es, entre outros que sofreram altera\u00e7\u00f5es e implicam diretamente na pr\u00f3xima campanha eleitoral deste ano. Tendo em vista o grande impacto que isto trar\u00e1 ao cen\u00e1rio pol\u00edtico, a Escola do Parlamento promove uma palestra para demonstra\u00e7\u00e3o das altera\u00e7\u00f5es na \u00e1rea das finan\u00e7as eleitorais.<\/p>\n<p>A palestrante \u00e9 a professora <strong>Rita Gon\u00e7alves,<\/strong> <em>Analista Judici\u00e1rio, Chefe de Cart\u00f3rio, Servidora da Justi\u00e7a Eleitoral h\u00e1 30 anos, Especialista em presta\u00e7\u00e3o de contas eleitorais, com vasta experi\u00eancia em ministrar palestras sobre o tema.<\/em><\/p>\n<p><strong>Objetivo<\/strong>: Demonstrar aos participantes as altera\u00e7\u00f5es que o processo de presta\u00e7\u00e3o de contas pol\u00edtico-partid\u00e1rio sofrer\u00e1 a partir da reforma eleitoral, que entra em vigor nas elei\u00e7\u00f5es deste ano.<\/p>\n<h3>20 de abril &#8211; 10h-12h30<\/h3>\n<h3><a href=\"http:\/\/www.saopaulo.sp.leg.br\/transparencia\/auditorios-online\/sala-tiradentes\/\">Sala Tiradentes<\/a><\/h3>\n<h2>Inscri\u00e7\u00f5es: <span style=\"color: #ff0000\">Encerradas<\/span><\/h2>\n","protected":false},"excerpt":{"rendered":"<p>EVENTO EXCLUSIVO PARA SERVIDORES DA CMSP E ALUNOS DA P\u00d3S-GRADUA\u00c7\u00c3O DA ESCOLA DO PARLAMENTO Recentemente, com a reforma eleitoral, muitas mudan\u00e7as ocorreram na legisla\u00e7\u00e3o das elei\u00e7\u00f5es e das campanhas, o que tem despertado muito interesse em\u00a0temas como arrecada\u00e7\u00e3o, limites para gastos e\u00a0doa\u00e7\u00f5es, entre outros que sofreram altera\u00e7\u00f5es e implicam diretamente na pr\u00f3xima campanha eleitoral deste [&hellip;]<\/p>\n","protected":false},"author":522,"featured_media":0,"parent":8438,"menu_order":379,"comment_status":"closed","ping_status":"closed","template":"","meta":{"_acf_changed":false,"footnotes":""},"class_list":["post-9072","page","type-page","status-publish","hentry"],"acf":[],"_links":{"self":[{"href":"https:\/\/www.saopaulo.sp.leg.br\/escoladoparlamento\/wp-json\/wp\/v2\/pages\/9072","targetHints":{"allow":["GET"]}}],"collection":[{"href":"https:\/\/www.saopaulo.sp.leg.br\/escoladoparlamento\/wp-json\/wp\/v2\/pages"}],"about":[{"href":"https:\/\/www.saopaulo.sp.leg.br\/escoladoparlamento\/wp-json\/wp\/v2\/types\/page"}],"author":[{"embeddable":true,"href":"https:\/\/www.saopaulo.sp.leg.br\/escoladoparlamento\/wp-json\/wp\/v2\/users\/522"}],"replies":[{"embeddable":true,"href":"https:\/\/www.saopaulo.sp.leg.br\/escoladoparlamento\/wp-json\/wp\/v2\/comments?post=9072"}],"version-history":[{"count":0,"href":"https:\/\/www.saopaulo.sp.leg.br\/escoladoparlamento\/wp-json\/wp\/v2\/pages\/9072\/revisions"}],"up":[{"embeddable":true,"href":"https:\/\/www.saopaulo.sp.leg.br\/escoladoparlamento\/wp-json\/wp\/v2\/pages\/8438"}],"wp:attachment":[{"href":"https:\/\/www.saopaulo.sp.leg.br\/escoladoparlamento\/wp-json\/wp\/v2\/media?parent=9072"}],"curies":[{"name":"wp","href":"https:\/\/api.w.org\/{rel}","templated":true}]}}