{"id":9068,"date":"2018-04-06T15:48:36","date_gmt":"2018-04-06T18:48:36","guid":{"rendered":"http:\/\/www.saopaulo.sp.leg.br\/escoladoparlamento\/?page_id=9068"},"modified":"2018-06-15T16:09:48","modified_gmt":"2018-06-15T19:09:48","slug":"experiencias-em-educacao-integral-e-formacao-para-a-cidadania","status":"publish","type":"page","link":"https:\/\/www.saopaulo.sp.leg.br\/escoladoparlamento\/cursos\/cursos-anteriores\/cursos-realizados-2018\/experiencias-em-educacao-integral-e-formacao-para-a-cidadania\/","title":{"rendered":"Experi\u00eancias em Educa\u00e7\u00e3o Integral e Forma\u00e7\u00e3o para a Cidadania"},"content":{"rendered":"<p><strong>Diretores Respons\u00e1veis: <\/strong>Humberto Dantas\/Ilza Val\u00e9ria Moreira Jorge<\/p>\n<p><strong>Coordenadores: <\/strong>Silvia Aparecida Santos de Carvalho\/ Elio Araujo da Silva<\/p>\n<p>Semin\u00e1rio na \u00e1rea da Educa\u00e7\u00e3o inserido no Programa de Capacita\u00e7\u00e3o de Agentes Pol\u00edticos e Comunit\u00e1rios e de Forma\u00e7\u00e3o para Cidadania da Escola do Parlamento da CMSP em parceria com SME e outras Secretarias.<\/p>\n<p><strong>Objetivos:<\/strong> possibilitar um espa\u00e7o de apresenta\u00e7\u00e3o e troca de experi\u00eancias exitosas de Educa\u00e7\u00e3o Integral e sua import\u00e2ncia para a forma\u00e7\u00e3o para a Cidadania;\u00a0discutir a respeito das dificuldades encontradas no processo dessa constru\u00e7\u00e3o pedag\u00f3gica; refletir sobre os desafios implicados na constru\u00e7\u00e3o de uma proposta de Educa\u00e7\u00e3o Integral na cidade de S\u00e3o Paulo.<\/p>\n<p><strong>P\u00fablico-alvo: <\/strong>Diretor de Escola, Coordenador Pedag\u00f3gico, Assistente de Dire\u00e7\u00e3o, Professor de Educa\u00e7\u00e3o Infantil, Professor de Educa\u00e7\u00e3o Infantil e de Ensino Fundamental I, Professor de Ensino Fundamental II e M\u00e9dio, Professor Orientador de Sala de Leitura, Professor Orientador de Inform\u00e1tica Educativa, Assistente T\u00e9cnico Educacional<\/p>\n<p><strong>Vagas:<\/strong> 160<\/p>\n<p><strong>Carga hor\u00e1ria: <\/strong>8 horas<\/p>\n<p><strong>Crit\u00e9rio para certifica\u00e7\u00e3o:<\/strong> 100% de presen\u00e7a<\/p>\n<h2><strong>Inscri\u00e7\u00f5es: Encerradas.<\/strong><\/h2>\n<h3><span style=\"color: #ff0000\"><strong>Quem se inscreveu anteriormente ser\u00e1 avisado por email sobre as novas datas\u00a0e N\u00c3O PRECISA\u00a0realizar novamente a inscri\u00e7\u00e3o.<\/strong><\/span><\/h3>\n<h2>Dias 12 e 14 de junho &#8211; das 18h \u00e0s 22h<\/h2>\n<p><strong>M\u00e1rcia Covelo Harmbach \u2013 <\/strong><em>Formada em Letras \u2013 licenciada em Portugu\u00eas\u00a0 e Pedagogia pela PUC &#8211;\u00a0 Psicopedagogia pela PUC-SP. Iniciou a doc\u00eancia com Educa\u00e7\u00e3o de Adultos, Fundamental I e II, mas seu encantamento deu-se pela Educa\u00e7\u00e3o Infantil. Atualmente \u00e9 diretora da EMEI\u00a0 Dona Leopoldina e nesses 6 anos compartilhou\u00a0 com a equipe as seguintes premia\u00e7\u00f5es: &#8220;Escola: Lugar de Brincadeira, cultura e diversidade&#8221;, &#8220;2\u00ba Pr\u00eamio Nacional de projetos com Participa\u00e7\u00e3o Infantil&#8221;, &#8220;Pr\u00eamio Desafio 2030 &#8211; Escolas transformando o mundo&#8221;, &#8220;Pr\u00eamio Territ\u00f3rios Educativos 2016 e 2017&#8221;, &#8220;7\u00ba Pr\u00eamio de Educa\u00e7\u00e3o para o tr\u00e2nsito&#8221;, &#8220;10\u00ba Pr\u00eamio Paulo Freire&#8221;, &#8220;11\u00ba Pr\u00eamio Paulo Freire&#8221; (Men\u00e7\u00e3o Honrosa) e em 2018 &#8220;Nosso projeto: Casa na \u00e1rvore&#8221; ser\u00e1 exposto na &#8220;Bienal da Espanha: Constru\u00e7\u00f5es Infantis&#8221;. Coordena grupos de forma\u00e7\u00e3o de conselheiros mirins e pais.<\/em><\/p>\n<p><strong>Beatriz Garcia Costa &#8211; <\/strong><em>Formada em Letras \u2013 bacharel em Lingu\u00edstica e licenciada em Portugu\u00eas \u2013 pela FFLCH-USP, e em Pedagogia pela Uninove al\u00e9m da Habilita\u00e7\u00e3o Espec\u00edfica de Segundo Grau para o Magist\u00e9rio, onde nasceu sua paix\u00e3o pela Educa\u00e7\u00e3o Infantil. Professora na Prefeitura Municipal de S\u00e3o Paulo desde 2002, sempre optou pela Educa\u00e7\u00e3o Infantil, atuando tamb\u00e9m como Coordenadora Pedag\u00f3gica nos anos de 2014, 2016 e 2017.<\/em><\/p>\n<p><strong>\u00a0<\/strong><strong>Simone Cavalcante Silva Oliveira &#8211; <\/strong><em>Formada em Pedagogia\u00a0pelas Faculdades Integradas Campos Salles e p\u00f3s-graduada em Educa\u00e7\u00e3o Especial pela UNESP, al\u00e9m da Habilita\u00e7\u00e3o Espec\u00edfica de Segundo Grau para o Magist\u00e9rio. Ingressou na rede p\u00fablica municipal em 2002, atuando como professora de Educa\u00e7\u00e3o Infantil, sua grande paix\u00e3o. Desde 2012, em parceria com a Diretora Marcia Covelo Harmback, desenvolve o Projeto Viveiros de Inf\u00e2ncia, atuando como Assistente de Diretor.<\/em><\/p>\n<p><strong>Franciele Busico Lima &#8211; <\/strong><em>Mestra em Est\u00e9tica e Hist\u00f3ria da Arte no Programa Interunidades da FFLCH\/ECA\/FAU\/MAC da Universidade de S\u00e3o Paulo. Possui bacharelado em Hist\u00f3ria pela Universidade de S\u00e3o Paulo (1992), licenciatura em Hist\u00f3ria pela Universidade de S\u00e3o Paulo (1995), gradua\u00e7\u00e3o em Pedagogia pela Universidade de Guarulhos (1998) e gradua\u00e7\u00e3o em Comunica\u00e7\u00e3o Social\/ R\u00e1dio e Televis\u00e3o pela FAAP (1992). \u00c9 professora do curso de Pedagogia do Instituto Singularidades desde 2002. \u00a0\u00c9 coordenadora pedag\u00f3gica efetiva da rede municipal de ensino de S\u00e3o Paulo,\u00a0no Centro de Educa\u00e7\u00e3o Infantil do CEU Vila Atl\u00e2ntica. Atualmente est\u00e1 designada como\u00a0Diretora do Centro Integrado de Educa\u00e7\u00e3o de Jovens e Adultos &#8211; CIEJA Perus I .\u00a0Foi diretora da Divis\u00e3o de Orienta\u00e7\u00e3o T\u00e9cnico-Pedag\u00f3gica da Diretoria Regional de Educa\u00e7\u00e3o de Pirituba\/Jaragu\u00e1.<\/em><\/p>\n<p><strong>Cristiane Maria Coutinho Fialho &#8211; <\/strong><em>Licenciada em L\u00edngua Portuguesa, trabalha com EJA desde 2005, professora de L\u00edngua Portuguesa do Cieja Perus I,\u00a0atuou como Coordenadora de Ensino fundamental I e II por tr\u00eas anos na rede estadual de ensino.<\/em><\/p>\n<p><strong>Anna Cecilia Koebcke de Magalh\u00e3es Couto Sim\u00f5es \u2013 <\/strong><em>Mestre em Educa\u00e7\u00e3o, Pol\u00edtica e Administra\u00e7\u00e3o Educacional \u2013 UERJ. Formada em Direito e Pedagogia. Membro do Grupo de Pesquisa em Avalia\u00e7\u00e3o Institucional- Faculdade de Educa\u00e7\u00e3o USP. Professora da EMEF Desembargador Amorim Lima. Supervisora Escolar da Diretoria Regional de Educa\u00e7\u00e3o do Butant\u00e3. Membro do F\u00f3rum\u00a0 Municipal de Educa\u00e7\u00e3o. Membro do F\u00f3rum Municipal de Educa\u00e7\u00e3o Integral. Membro da Executiva do CRECE Municipal. Membro da EMASP- Formadora de Educa\u00e7\u00e3o em Direitos Humanos. Defensora P\u00fablica Popular dos Direitos das Crian\u00e7as e Adolescentes- Defensoria P\u00fablica do Estado de S\u00e3o Paulo.<\/em><\/p>\n<p><strong>Mariana Fernandes Pinto &#8211; <\/strong><em>Professora na EMEI Gabriel Prestes desde 2003. Habilitada ao Magist\u00e9rio em curso t\u00e9cnico, licenciada e bacharel em Geografia pela FFLCH-USP, licenciada em Pedagogia pela FEUSP.<\/em><\/p>\n<p><strong>Vanessa de Oliveira Santos &#8211; <\/strong><em>Professora da EMEI Gabriel Prestes desde 2010. Habilitada ao Magisterio pelo Cefam, licenciada em Pedagogia pela FEUSP, p\u00f3s graduada em Gest\u00e3o Escolar pelo Senac.<\/em><\/p>\n<p><strong>Edna Concei\u00e7\u00e3o Monteiro &#8211; <\/strong><em>Pedagoga pela UNG-Universidade de Guarulhos, p\u00f3s-graduada em Administra\u00e7\u00e3o de Empresas pela FAAP-Faculdade Armando \u00c1lvares Penteado \u2013 SP\u00a0 e p\u00f3s-graduada em Educa\u00e7\u00e3o EAD pela PUC\/SP-Pont\u00edfice Universidade Cat\u00f3lica de S\u00e3o Paulo. Discente do curso \u201cDoc\u00eancia para o Ensino Superior\u201d pela Faculdade Est\u00e1cio de S\u00e1 \u2013 SP. \u00c9 Professora de Educa\u00e7\u00e3o Infantil na rede p\u00fablica de Ensino Municipal de S\u00e3o Paulo desde 2008, tendo lecionado na Educa\u00e7\u00e3o B\u00e1sica modalidades CEI, EJA, Ensino Fundamental I e Educa\u00e7\u00e3o Infantil.\u00a0\u00a0Professora efetiva na EMEI GABRIEL PRESTES h\u00e1 6 anos, onde conduz o projeto \u201cExploradores da Cidade\u201d com fundamentos nos princ\u00edpios da Cidade Educadora. No \u00faltimo ano implantou a experi\u00eancia na EMEI DOM PEDRO I, onde coletou excelentes evid\u00eancias sobre a efic\u00e1cia do trabalho no territ\u00f3rio da Cidade de S\u00e3o Paulo com o apoio da comunidade e coletivos culturais.<\/em><\/p>\n<p><strong>Valquiria Lima de Souza &#8211; <\/strong><em>Professora de Educa\u00e7\u00e3o Infantil e Fundamental I desde 1998. Pedagoga formada pela Faculdade Paulista S\u00e3o Jos\u00e9. Advogada formada pela Universidade Presbiteriana Mackenzie. Leciona na EMEI Gabriel Prestes desde 2010, \u00e9 uma das professoras pioneiras na implanta\u00e7\u00e3o do projeto dos cantos brincantes na sala,\u00a0 participando atualmente do experimento de acompanhar a mesma turma nos dois anos que passam pela escola. Empenhada na proposta de desenvolver a educa\u00e7\u00e3o integral da crian\u00e7a,\u00a0mesmo que em tempo parcial na unidade<\/em>.<\/p>\n<p><strong>Agda Sardemberg &#8211; <\/strong><em>Psic\u00f3loga formada e licenciada pela USP- SP, \u00e9 articuladora institucional da Associa\u00e7\u00e3o Cidade Escola Aprendiz, j\u00e1 tendo coordenado a \u00e1rea de programas da organiza\u00e7\u00e3o. Especialista em psicologia escolar, atua h\u00e1 mais de dezoito anos na \u00e1rea da educa\u00e7\u00e3o. Coordenou a implanta\u00e7\u00e3o de projetos de assessoria a secretarias de Educa\u00e7\u00e3o em Recife, S\u00e3o Paulo, Rio de Janeiro e Sorocaba, na perspectiva da Educa\u00e7\u00e3o Integral e do Bairro-escola. Coordenou a recente publica\u00e7\u00e3o \u201cEduca\u00e7\u00e3o Integral nas Inf\u00e2ncias &#8211; <\/em><em>Pressupostos e pr\u00e1ticas para o desenvolvimento e a aprendizagem de crian\u00e7as de 0 a 12 anos\u201d e \u00e9 uma das organizadoras do livro \u201cTrilhas da Cidadania, Educa\u00e7\u00e3o e Ref\u00fagio na Cidade&#8221;. \u00c9 autora de diversos artigos relacionados a metodologias de ensino-aprendizagem na perspectiva da Educa\u00e7\u00e3o Integral. Foi respons\u00e1vel pela sistematiza\u00e7\u00e3o das tecnologias sociais: \u201cTrilhas Educativas\u201d e \u201cAvalia\u00e7\u00e3o Cont\u00ednua da Aprendizagem\u201d, reconhecidas pelo MEC como \u201cpotenciais para a promo\u00e7\u00e3o da qualidade da educa\u00e7\u00e3o e consolida\u00e7\u00e3o do direito de aprender na perspectiva da Educa\u00e7\u00e3o Integral e da articula\u00e7\u00e3o da escola com seu territ\u00f3rio\u201d. <\/em><\/p>\n<p><strong>Val\u00e9ria Marques Mendes &#8211; <\/strong><em>Pedagoga, p\u00f3s-graduada em Gest\u00e3o de Pol\u00edticas P\u00fablicas em G\u00eanero e Ra\u00e7a pela Universidade Federal de Vi\u00e7osa. Professora de Educa\u00e7\u00e3o Infantil h\u00e1 15 anos na rede municipal. Formadora de professores e professoras.<\/em><\/p>\n<h2><\/h2>\n","protected":false},"excerpt":{"rendered":"<p>Diretores Respons\u00e1veis: Humberto Dantas\/Ilza Val\u00e9ria Moreira Jorge Coordenadores: Silvia Aparecida Santos de Carvalho\/ Elio Araujo da Silva Semin\u00e1rio na \u00e1rea da Educa\u00e7\u00e3o inserido no Programa de Capacita\u00e7\u00e3o de Agentes Pol\u00edticos e Comunit\u00e1rios e de Forma\u00e7\u00e3o para Cidadania da Escola do Parlamento da CMSP em parceria com SME e outras Secretarias. Objetivos: possibilitar um espa\u00e7o de [&hellip;]<\/p>\n","protected":false},"author":522,"featured_media":0,"parent":8438,"menu_order":380,"comment_status":"closed","ping_status":"closed","template":"","meta":{"_acf_changed":false,"footnotes":""},"class_list":["post-9068","page","type-page","status-publish","hentry"],"acf":[],"_links":{"self":[{"href":"https:\/\/www.saopaulo.sp.leg.br\/escoladoparlamento\/wp-json\/wp\/v2\/pages\/9068","targetHints":{"allow":["GET"]}}],"collection":[{"href":"https:\/\/www.saopaulo.sp.leg.br\/escoladoparlamento\/wp-json\/wp\/v2\/pages"}],"about":[{"href":"https:\/\/www.saopaulo.sp.leg.br\/escoladoparlamento\/wp-json\/wp\/v2\/types\/page"}],"author":[{"embeddable":true,"href":"https:\/\/www.saopaulo.sp.leg.br\/escoladoparlamento\/wp-json\/wp\/v2\/users\/522"}],"replies":[{"embeddable":true,"href":"https:\/\/www.saopaulo.sp.leg.br\/escoladoparlamento\/wp-json\/wp\/v2\/comments?post=9068"}],"version-history":[{"count":0,"href":"https:\/\/www.saopaulo.sp.leg.br\/escoladoparlamento\/wp-json\/wp\/v2\/pages\/9068\/revisions"}],"up":[{"embeddable":true,"href":"https:\/\/www.saopaulo.sp.leg.br\/escoladoparlamento\/wp-json\/wp\/v2\/pages\/8438"}],"wp:attachment":[{"href":"https:\/\/www.saopaulo.sp.leg.br\/escoladoparlamento\/wp-json\/wp\/v2\/media?parent=9068"}],"curies":[{"name":"wp","href":"https:\/\/api.w.org\/{rel}","templated":true}]}}