{"id":8824,"date":"2018-03-15T18:37:40","date_gmt":"2018-03-15T21:37:40","guid":{"rendered":"http:\/\/www.saopaulo.sp.leg.br\/escoladoparlamento\/?page_id=8824"},"modified":"2018-03-15T18:40:18","modified_gmt":"2018-03-15T21:40:18","slug":"tendencias-contemporaneas-na-gestao-do-orcamento-publico-2013","status":"publish","type":"page","link":"https:\/\/www.saopaulo.sp.leg.br\/escoladoparlamento\/cursos\/cursos-anteriores\/cursos-realizados-em-2013\/tendencias-contemporaneas-na-gestao-do-orcamento-publico-2013\/","title":{"rendered":"Tend\u00eancias Contempor\u00e2neas na Gest\u00e3o do Or\u00e7amento P\u00fablico &#8211; 2013"},"content":{"rendered":"<h2>M\u00f3dulo B\u00e1sico:\u00a09\/5\/2013 a 4\/7\/2013<\/h2>\n<p>3as e 5as<\/p>\n<h2>M\u00f3dulo Avan\u00e7ado:\u00a04\/6\/2013 a 4\/7\/2103<\/h2>\n<p>&nbsp;<\/p>\n","protected":false},"excerpt":{"rendered":"<p>M\u00f3dulo B\u00e1sico:\u00a09\/5\/2013 a 4\/7\/2013 3as e 5as M\u00f3dulo Avan\u00e7ado:\u00a04\/6\/2013 a 4\/7\/2103 &nbsp;<\/p>\n","protected":false},"author":127,"featured_media":0,"parent":1336,"menu_order":390,"comment_status":"closed","ping_status":"closed","template":"","meta":{"_acf_changed":false,"footnotes":""},"class_list":["post-8824","page","type-page","status-publish","hentry"],"acf":[],"_links":{"self":[{"href":"https:\/\/www.saopaulo.sp.leg.br\/escoladoparlamento\/wp-json\/wp\/v2\/pages\/8824","targetHints":{"allow":["GET"]}}],"collection":[{"href":"https:\/\/www.saopaulo.sp.leg.br\/escoladoparlamento\/wp-json\/wp\/v2\/pages"}],"about":[{"href":"https:\/\/www.saopaulo.sp.leg.br\/escoladoparlamento\/wp-json\/wp\/v2\/types\/page"}],"author":[{"embeddable":true,"href":"https:\/\/www.saopaulo.sp.leg.br\/escoladoparlamento\/wp-json\/wp\/v2\/users\/127"}],"replies":[{"embeddable":true,"href":"https:\/\/www.saopaulo.sp.leg.br\/escoladoparlamento\/wp-json\/wp\/v2\/comments?post=8824"}],"version-history":[{"count":0,"href":"https:\/\/www.saopaulo.sp.leg.br\/escoladoparlamento\/wp-json\/wp\/v2\/pages\/8824\/revisions"}],"up":[{"embeddable":true,"href":"https:\/\/www.saopaulo.sp.leg.br\/escoladoparlamento\/wp-json\/wp\/v2\/pages\/1336"}],"wp:attachment":[{"href":"https:\/\/www.saopaulo.sp.leg.br\/escoladoparlamento\/wp-json\/wp\/v2\/media?parent=8824"}],"curies":[{"name":"wp","href":"https:\/\/api.w.org\/{rel}","templated":true}]}}