{"id":8688,"date":"2018-03-08T13:44:15","date_gmt":"2018-03-08T16:44:15","guid":{"rendered":"http:\/\/www.saopaulo.sp.leg.br\/escoladoparlamento\/?page_id=8688"},"modified":"2018-03-08T13:44:29","modified_gmt":"2018-03-08T16:44:29","slug":"igualdade-de-genero-lgbt","status":"publish","type":"page","link":"https:\/\/www.saopaulo.sp.leg.br\/escoladoparlamento\/cursos\/cursos-anteriores\/cursos-realizados-em-2013\/igualdade-de-genero-lgbt\/","title":{"rendered":"Igualdade de G\u00eanero (LGBT) 2013"},"content":{"rendered":"<p>&nbsp;<\/p>\n<p><strong>Carga hor\u00e1ria:<\/strong> 10 aulas (10 encontros de 2,5h)<\/p>\n<p><strong>Programa\u00e7\u00e3o:<\/strong><\/p>\n<table>\n<tbody>\n<tr>\n<td><strong>Data<\/strong><\/td>\n<td><strong>Tema<\/strong><\/td>\n<td><strong>Palestrante<\/strong><\/td>\n<\/tr>\n<tr>\n<td>&nbsp;<\/p>\n<p><strong>5\/11<\/strong><\/p>\n<p>(19h \u00e0s 21h30)<\/p>\n<p>Sala Tiradentes<\/p>\n<p>&nbsp;<\/td>\n<td><strong>O que \u00e9 perspectiva de g\u00eanero?<\/strong><\/p>\n<p><em>Conceitos de constru\u00e7\u00e3o social dos pap\u00e9is de g\u00eanero, identidade de g\u00eanero, orienta\u00e7\u00e3o sexual e diversidade sexual humana<\/em><\/td>\n<td><strong>Dario Neto<\/strong><\/td>\n<\/tr>\n<tr>\n<td><strong>07\/11<\/strong><\/p>\n<p>(19h \u00e0s 21h30)<\/p>\n<p>Sala B<\/td>\n<td><strong>\u00a0<\/strong><\/p>\n<p><strong>Movimento LGBT e a homossexualidade atrav\u00e9s dos s\u00e9culos<\/strong><\/p>\n<p><em>A elabora\u00e7\u00e3o da homossexualidade ao longo da trajet\u00f3ria da civiliza\u00e7\u00e3o humana. Hist\u00f3rico do movimento LGBT no mundo e no Brasil.<\/em><\/td>\n<td><strong>Mar\u00edlia Pacios<\/strong><\/td>\n<\/tr>\n<tr>\n<td>&nbsp;<\/p>\n<p><strong>12\/11<\/strong><\/p>\n<p>(19h \u00e0s 21h30)<\/p>\n<p>Sala Tiradentes<\/p>\n<p>&nbsp;<\/td>\n<td><strong>A Constru\u00e7\u00e3o do Estado Laico<\/strong><\/p>\n<p><em>A liberdade de cren\u00e7a em rela\u00e7\u00e3o \u00e0s outras liberdades individuais<\/em><\/td>\n<td><strong>Joana Zylbersztajn<\/strong><\/td>\n<\/tr>\n<tr>\n<td>&nbsp;<\/p>\n<p>&nbsp;<\/p>\n<p><strong>14\/11<\/strong><\/p>\n<p>(19h \u00e0s 21h30)<\/p>\n<p>Sala B<\/p>\n<p>&nbsp;<\/td>\n<td><strong>\u00a0<\/strong><\/p>\n<p><strong>Participa\u00e7\u00e3o e Representa\u00e7\u00e3o Pol\u00edtica LGBT<\/strong><\/p>\n<p>&nbsp;<\/td>\n<td><strong>Rute Alonso da Silva<\/strong><\/td>\n<\/tr>\n<tr>\n<td>&nbsp;<\/p>\n<p><strong>19\/11<\/strong><\/p>\n<p>(19h \u00e0s 21h30)<\/p>\n<p>Sala Tiradentes<\/p>\n<p>&nbsp;<\/td>\n<td><strong>A Constitui\u00e7\u00e3o e os direitos LGBT<em>;<\/em><\/strong><\/p>\n<p><em>A Constitui\u00e7\u00e3o de 1988 e o respeito \u00e0 diversidade; marcos internacionais de defesa dos direitos LGBT.<\/em><\/td>\n<td><strong>Paulo Iotti<\/strong><\/td>\n<\/tr>\n<tr>\n<td>&nbsp;<\/p>\n<p><strong>21\/11<\/strong><\/p>\n<p>(19h \u00e0s 21h30)<\/p>\n<p>Sala B<\/p>\n<p>&nbsp;<\/td>\n<td><strong>Intersec\u00e7\u00f5es entre o debate feminista e LGBT: combate ao machismo e atua\u00e7\u00e3o do Movimento L\u00e9sbico<\/strong><\/td>\n<td><strong>Rita Quadros<\/strong><\/td>\n<\/tr>\n<tr>\n<td>&nbsp;<\/p>\n<p><strong>26\/11<\/strong><\/p>\n<p>(19h \u00e0s 21h30)<\/p>\n<p>Sala Tiradentes<\/p>\n<p>&nbsp;<\/td>\n<td><strong>M\u00eddia e Diversidade: visibilidade e constru\u00e7\u00f5es das representa\u00e7\u00f5es LGBT<\/strong><\/td>\n<td><strong>Gean Gon\u00e7alves<\/strong><\/td>\n<\/tr>\n<tr>\n<td><strong>28\/11<\/strong><\/p>\n<p>(19h \u00e0s 21h30)<\/p>\n<p>Sala B<\/td>\n<td><strong>\u00a0<\/strong><\/p>\n<p><strong>Transexualidade e Travestilidade: Pol\u00edticas P\u00fablicas de Sa\u00fade e Inser\u00e7\u00e3o Social <\/strong><\/p>\n<p>&nbsp;<\/td>\n<td><strong>Daniela Andrade<\/strong><\/p>\n<p><strong>\u00a0<\/strong><\/p>\n<p><strong>\u00a0<\/strong><\/td>\n<\/tr>\n<tr>\n<td><strong>3\/12<\/strong><\/p>\n<p>(19h \u00e0s 21h30)<\/p>\n<p>Sala B<\/td>\n<td><strong>\u00a0<\/strong><\/p>\n<p><strong>Viol\u00eancia Contra LGBT \u2013 Conceito, Contexto e Pol\u00edticas P\u00fablicas de Combate<\/strong><\/p>\n<p><em>Conceito de homofobia e PLC\/2006. Viol\u00eancia f\u00edsica\/emocional\/institucional\/simb\u00f3lica<\/em><\/td>\n<td><strong>\u00a0<\/strong><\/p>\n<p><strong>Luiz Mott<\/strong><\/td>\n<\/tr>\n<tr>\n<td><strong>5\/12<\/strong><\/p>\n<p>(19h \u00e0s 21h30)<\/p>\n<p>Sala B<\/td>\n<td><strong>\u00a0<\/strong><\/p>\n<p><strong>Pol\u00edticas P\u00fablicas para a Igualdade de G\u00eanero sob a perspectiva LGBT<\/strong><\/p>\n<p><em>Fechamento do curso e apontamentos de propostas de pol\u00edticas p\u00fablicas LGBT<\/em><\/td>\n<td><strong>Gustavo Bernardes<\/strong><\/p>\n<p><strong>\u00a0<\/strong><\/td>\n<\/tr>\n<\/tbody>\n<\/table>\n","protected":false},"excerpt":{"rendered":"<p>&nbsp; Carga hor\u00e1ria: 10 aulas (10 encontros de 2,5h) Programa\u00e7\u00e3o: Data Tema Palestrante &nbsp; 5\/11 (19h \u00e0s 21h30) Sala Tiradentes &nbsp; O que \u00e9 perspectiva de g\u00eanero? Conceitos de constru\u00e7\u00e3o social dos pap\u00e9is de g\u00eanero, identidade de g\u00eanero, orienta\u00e7\u00e3o sexual e diversidade sexual humana Dario Neto 07\/11 (19h \u00e0s 21h30) Sala B \u00a0 Movimento LGBT [&hellip;]<\/p>\n","protected":false},"author":127,"featured_media":0,"parent":1336,"menu_order":399,"comment_status":"closed","ping_status":"closed","template":"","meta":{"_acf_changed":false,"footnotes":""},"class_list":["post-8688","page","type-page","status-publish","hentry"],"acf":[],"_links":{"self":[{"href":"https:\/\/www.saopaulo.sp.leg.br\/escoladoparlamento\/wp-json\/wp\/v2\/pages\/8688","targetHints":{"allow":["GET"]}}],"collection":[{"href":"https:\/\/www.saopaulo.sp.leg.br\/escoladoparlamento\/wp-json\/wp\/v2\/pages"}],"about":[{"href":"https:\/\/www.saopaulo.sp.leg.br\/escoladoparlamento\/wp-json\/wp\/v2\/types\/page"}],"author":[{"embeddable":true,"href":"https:\/\/www.saopaulo.sp.leg.br\/escoladoparlamento\/wp-json\/wp\/v2\/users\/127"}],"replies":[{"embeddable":true,"href":"https:\/\/www.saopaulo.sp.leg.br\/escoladoparlamento\/wp-json\/wp\/v2\/comments?post=8688"}],"version-history":[{"count":0,"href":"https:\/\/www.saopaulo.sp.leg.br\/escoladoparlamento\/wp-json\/wp\/v2\/pages\/8688\/revisions"}],"up":[{"embeddable":true,"href":"https:\/\/www.saopaulo.sp.leg.br\/escoladoparlamento\/wp-json\/wp\/v2\/pages\/1336"}],"wp:attachment":[{"href":"https:\/\/www.saopaulo.sp.leg.br\/escoladoparlamento\/wp-json\/wp\/v2\/media?parent=8688"}],"curies":[{"name":"wp","href":"https:\/\/api.w.org\/{rel}","templated":true}]}}